{"id":498,"date":"2016-03-03T10:12:43","date_gmt":"2016-03-03T09:12:43","guid":{"rendered":"http:\/\/blogs.univ-jfc.fr\/campsdusudouest\/?page_id=498"},"modified":"2016-03-31T08:13:43","modified_gmt":"2016-03-31T07:13:43","slug":"le-personnel-religieux-et-educatif","status":"publish","type":"page","link":"https:\/\/blogs.univ-jfc.fr\/campsdusudouest\/hommes-et-femmes-des-camps\/le-personnel-des-camps\/le-personnel-religieux-et-educatif\/","title":{"rendered":"Le Personnel Religieux et Educatif"},"content":{"rendered":"<p><span style=\"color: #000000\"><span style=\"font-family: Times New Roman,serif\"><span style=\"font-size: medium\">\u00a0<\/span><\/span><\/span><\/p>\n<div id=\"attachment_1167\" style=\"width: 176px\" class=\"wp-caption alignright\"><a href=\"http:\/\/blogs.univ-jfc.fr\/campsdusudouest\/wp-content\/uploads\/sites\/48\/2016\/03\/image-groupe-cfa-4-Samuel-K.png\"><img aria-describedby=\"caption-attachment-1167\" loading=\"lazy\" class=\" wp-image-1167 \" title=\"Ren\u00e9 Kapel (Source : http:\/\/judaisme.sdv.fr\/histoire\/rabbins\/kapel.htm)\" alt=\"Ren\u00e9 Kapel (Source : http:\/\/judaisme.sdv.fr\/histoire\/rabbins\/kapel.htm)\" src=\"http:\/\/blogs.univ-jfc.fr\/campsdusudouest\/wp-content\/uploads\/sites\/48\/2016\/03\/image-groupe-cfa-4-Samuel-K.png\" width=\"166\" height=\"241\" \/><\/a><p id=\"caption-attachment-1167\" class=\"wp-caption-text\">De nombreux rabbins sont pr\u00e9sents dans les camps \u00e0 l&rsquo;image de Ren\u00e9 Kapel qui repr\u00e9sente l&rsquo;engagement de la communaut\u00e9 juive pour les intern\u00e9s.<\/p><\/div>\n<p style=\"text-align: justify\"><span style=\"color: #000000\"><span style=\"font-family: Times New Roman,serif\"><span style=\"font-size: medium\">Nous pouvons noter la pr\u00e9sence de rabbins dans certains camps pour permettre aux juifs, de plus en plus nombreux surtout \u00e0 partir de 1941, de pratiquer leur culte malgr\u00e9 l\u2019enfermement. Au-del\u00e0 d\u2019une mission purement sacerdotale, ces religieux ont aussi une <span style=\"color: #000000\"><a title=\"Les humanitaires\" href=\"http:\/\/blogs.univ-jfc.fr\/campsdusudouest\/les-camps-et-leur-environnement\/les-humanitaires\/\"><span style=\"color: #000000\">mission humanitaire<\/span><\/a><\/span> aupr\u00e8s des intern\u00e9s qui manquent de tout. Nous pouvons ainsi noter des parrainages entre certains intern\u00e9s et des familles juives de Toulouse. Cependant l\u2019int\u00e9r\u00eat de la pr\u00e9sence de rabbins dans les camps repose essentiellement sur le dynamisme de certains \u00e9l\u00e9ments comme <span style=\"color: #000000\">Ren\u00e9 KAPEL<\/span>.<\/span><\/span><\/span><\/p>\n<p style=\"text-align: justify\" align=\"justify\"><span style=\"color: #000000\"><span style=\"font-family: Times New Roman,serif\"><span style=\"font-size: medium\">Nous pouvons \u00e9galement remarquer les actions des pasteurs protestants particuli\u00e8rement actifs dans le Sud-ouest. Leur mission est de permettre la pratique du culte notamment aux r\u00e9fugi\u00e9s d\u2019Alsace. Avec les d\u00e9buts de l\u2019internement, leur action va devenir de plus en plus humanitaire. Nous pouvons noter les actions <span style=\"color: #000000\">de<\/span> la <span style=\"color: #000000\"><span style=\"color: #000000\"><a title=\"Cr\u00e9ation et fonctionnement de la CIMADE.\" href=\"http:\/\/blogs.univ-jfc.fr\/campsdusudouest\/les-camps-et-leur-environnement\/les-humanitaires\/creation-et-fonctionnement-de-la-cimade\/\">CIMADE <\/a><\/span><\/span>(Comit\u00e9 Inter Mouvements Aupr\u00e8s Des \u00c9vacu\u00e9s) qui va fortement <span style=\"color: #000000\">intervenir<\/span> pour les intern\u00e9s, particuli\u00e8rement au camp de <span style=\"color: #2ea6d1\"><a href=\"http:\/\/www.campgurs.com\"><span style=\"color: #2ea6d1\">Gurs<\/span><\/a><\/span> o\u00f9 des actions culturelles (biblioth\u00e8que, concerts) et administratives (pression sur l\u2019administration pour plus d\u2019aide) vont \u00eatre men\u00e9es.<\/span><\/span><\/span><\/p>\n<p>&nbsp;<\/p>\n<div id=\"attachment_1739\" style=\"width: 2154px\" class=\"wp-caption alignnone\"><a href=\"http:\/\/blogs.univ-jfc.fr\/campsdusudouest\/wp-content\/uploads\/sites\/48\/2016\/03\/scouts-encadr\u00e9s-par-la-CIMADE.jpg\"><img aria-describedby=\"caption-attachment-1739\" loading=\"lazy\" class=\" wp-image-1739\" title=\"La CIMADE encadre des scouts dans les camps (Source : site de la CIMADE)\" alt=\"La CIMADE encadre des scouts dans les camps (Source : site de la CIMADE)\" src=\"http:\/\/blogs.univ-jfc.fr\/campsdusudouest\/wp-content\/uploads\/sites\/48\/2016\/03\/scouts-encadr\u00e9s-par-la-CIMADE.jpg\" width=\"2144\" height=\"1458\" srcset=\"https:\/\/blogs.univ-jfc.fr\/campsdusudouest\/wp-content\/uploads\/sites\/48\/2016\/03\/scouts-encadr\u00e9s-par-la-CIMADE.jpg 2144w, https:\/\/blogs.univ-jfc.fr\/campsdusudouest\/wp-content\/uploads\/sites\/48\/2016\/03\/scouts-encadr\u00e9s-par-la-CIMADE-300x204.jpg 300w, https:\/\/blogs.univ-jfc.fr\/campsdusudouest\/wp-content\/uploads\/sites\/48\/2016\/03\/scouts-encadr\u00e9s-par-la-CIMADE-1024x696.jpg 1024w, https:\/\/blogs.univ-jfc.fr\/campsdusudouest\/wp-content\/uploads\/sites\/48\/2016\/03\/scouts-encadr\u00e9s-par-la-CIMADE-441x300.jpg 441w\" sizes=\"(max-width: 2144px) 100vw, 2144px\" \/><\/a><p id=\"caption-attachment-1739\" class=\"wp-caption-text\">Les enfants des r\u00e9fugi\u00e9s espagnols forment des patrouilles scoutes encadr\u00e9es par la CIMADE, comme ci-dessus par le pasteur Jacques Saussine \u00e0 Rivesaltes vers 1942.<\/p><\/div>\n<p style=\"text-align: justify\"><span style=\"color: #000000\"><span style=\"font-family: Times New Roman,serif\"><span style=\"font-size: medium\">Le personnel enseignant est \u00e9galement une composante essentielle de l\u2019encadrement des intern\u00e9s. Si l\u2019\u00e9ducation est encadr\u00e9e par des ma\u00eetres d\u2019\u00e9cole fonctionnaires d\u2019\u00c9tat au d\u00e9but des camps, comme \u00e0 <\/span><\/span><\/span><span style=\"color: #2ea6d1\"><a href=\"http:\/\/www.cheminsdememoire.gouv.fr\/fr\/camp-dinternement-de-septfonds\"><span style=\"color: #2ea6d1\"><span style=\"font-family: Times New Roman,serif\"><span style=\"font-size: medium\">Septfonds<\/span><\/span><\/span><\/a><\/span><span style=\"color: #000000\"><span style=\"font-family: Times New Roman,serif\"><span style=\"font-size: medium\">, l\u2019administration va tr\u00e8s vite s\u2019appuyer sur les intern\u00e9s. Dans d\u2019autres camps, les enseignants sont choisis parmi le personnel, \u00ab\u00a0pourvus soit du brevet sup\u00e9rieur, soit du BAC\u00a0\u00bb . \u00c9tant donn\u00e9 leur image de fonctionnaire d\u2019une administration responsable de leur internement, les jeunes sont peu r\u00e9ceptifs aux enseignements de ces personnels. Les cours sont donc progressivement laiss\u00e9s au soin des intern\u00e9s adultes capables d\u2019enseigner. \u00c0 partir de 1942 et le d\u00e9but des d\u00e9portations vers les camps d\u2019extermination, les intern\u00e9s enseignants vont se succ\u00e9der et se remplacer lorsque certains d\u2019entre eux sont s\u00e9lectionn\u00e9s pour partir dans les camps de la mort. <\/span><\/span><\/span><\/p>\n<p style=\"text-align: justify\" align=\"justify\"><span style=\"color: #000000\"><span style=\"font-family: Times New Roman,serif\"><span style=\"font-size: medium\">Ces cat\u00e9gories de personnel, de par leur nature b\u00e9n\u00e9vole, semblent \u00e9chapper au contr\u00f4le de l\u2019administration officielle et bien que fort souvent brid\u00e9es par les autorit\u00e9s elles restent un apport humanitaire essentiel, de l\u2019aide alimentaire jusqu\u2019aux r\u00e9seaux clandestins.<\/span><\/span><\/span><\/p>\n","protected":false},"excerpt":{"rendered":"<p>\u00a0 Nous pouvons noter la pr\u00e9sence de rabbins dans certains camps pour permettre aux juifs, de plus en plus nombreux surtout \u00e0 partir de 1941, de pratiquer leur culte malgr\u00e9 l\u2019enfermement. Au-del\u00e0 d\u2019une mission purement sacerdotale, ces religieux ont aussi &hellip; <a href=\"https:\/\/blogs.univ-jfc.fr\/campsdusudouest\/hommes-et-femmes-des-camps\/le-personnel-des-camps\/le-personnel-religieux-et-educatif\/\">Lire la suite <span class=\"meta-nav\">&rarr;<\/span><\/a><\/p>\n","protected":false},"author":118,"featured_media":0,"parent":117,"menu_order":0,"comment_status":"closed","ping_status":"open","template":"","meta":[],"_links":{"self":[{"href":"https:\/\/blogs.univ-jfc.fr\/campsdusudouest\/wp-json\/wp\/v2\/pages\/498"}],"collection":[{"href":"https:\/\/blogs.univ-jfc.fr\/campsdusudouest\/wp-json\/wp\/v2\/pages"}],"about":[{"href":"https:\/\/blogs.univ-jfc.fr\/campsdusudouest\/wp-json\/wp\/v2\/types\/page"}],"author":[{"embeddable":true,"href":"https:\/\/blogs.univ-jfc.fr\/campsdusudouest\/wp-json\/wp\/v2\/users\/118"}],"replies":[{"embeddable":true,"href":"https:\/\/blogs.univ-jfc.fr\/campsdusudouest\/wp-json\/wp\/v2\/comments?post=498"}],"version-history":[{"count":13,"href":"https:\/\/blogs.univ-jfc.fr\/campsdusudouest\/wp-json\/wp\/v2\/pages\/498\/revisions"}],"predecessor-version":[{"id":3903,"href":"https:\/\/blogs.univ-jfc.fr\/campsdusudouest\/wp-json\/wp\/v2\/pages\/498\/revisions\/3903"}],"up":[{"embeddable":true,"href":"https:\/\/blogs.univ-jfc.fr\/campsdusudouest\/wp-json\/wp\/v2\/pages\/117"}],"wp:attachment":[{"href":"https:\/\/blogs.univ-jfc.fr\/campsdusudouest\/wp-json\/wp\/v2\/media?parent=498"}],"curies":[{"name":"wp","href":"https:\/\/api.w.org\/{rel}","templated":true}]}}