{"id":508,"date":"2016-03-03T10:16:27","date_gmt":"2016-03-03T09:16:27","guid":{"rendered":"http:\/\/blogs.univ-jfc.fr\/campsdusudouest\/?page_id=508"},"modified":"2016-03-31T08:01:50","modified_gmt":"2016-03-31T07:01:50","slug":"une-archeologie-de-la-legislation-anti-refugies","status":"publish","type":"page","link":"https:\/\/blogs.univ-jfc.fr\/campsdusudouest\/hommes-et-femmes-des-camps\/les-internes\/une-archeologie-de-la-legislation-anti-refugies\/","title":{"rendered":"Une \u00ab\u00a0Arch\u00e9ologie\u00a0\u00bb de la l\u00e9gislation anti-r\u00e9fugi\u00e9s"},"content":{"rendered":"<p><a name=\"p42\"><\/a><a name=\"p4\"><\/a><a name=\"p5\"><\/a><a name=\"26\"><\/a><a name=\"p6\"><\/a><a name=\"p34\"><\/a><a name=\"p8\"><\/a><a name=\"p35\"><\/a><a name=\"p43\"><\/a><a name=\"55\"><\/a><a name=\"p44\"><\/a><a name=\"56\"><\/a><a name=\"p45\"><\/a><a name=\"p46\"><\/a><a name=\"57\"><\/a><a name=\"p47\"><\/a><a name=\"63\"><\/a><a name=\"p49\"><\/a><a name=\"64\"><\/a><a name=\"65\"><\/a><a name=\"p69\"><\/a><a name=\"p51\"><\/a><a name=\"p70\"><\/a><span style=\"color: #000000\">La politique pratiqu\u00e9e dans les ann\u00e9es 1938 \u00e0 1944 est le r\u00e9sultat de longs d\u00e9bats politiques et de conflits entre diff\u00e9rents groupes sociaux qui ont lieu pendant la p\u00e9riode 1933-1938.\u00a0Il est essentiel, pour comprendre la politique du gouvernement Daladier et la politique d&rsquo;internement du r\u00e9gime de Vichy, d&rsquo;\u00e9tudier cette p\u00e9riode.\u00a0Nombreux sont les intern\u00e9s qui sont arriv\u00e9s en France durant celle-ci.\u00a0En effet, selon les diff\u00e9rents gouvernements \u00e9tablis, la l\u00e9gislation concernant ces r\u00e9fugi\u00e9s\u00a0change.<\/span><\/p>\n<div id=\"attachment_1481\" style=\"width: 165px\" class=\"wp-caption alignleft\"><a href=\"http:\/\/blogs.univ-jfc.fr\/campsdusudouest\/wp-content\/uploads\/sites\/48\/2016\/03\/pierre-laval.jpg\"><img aria-describedby=\"caption-attachment-1481\" loading=\"lazy\" class=\"size-full wp-image-1481  \" title=\"http:\/\/www.senat.fr\/senateur-3eme-republique\/laval_pierre1565r3.html\" alt=\"pierre laval\" src=\"http:\/\/blogs.univ-jfc.fr\/campsdusudouest\/wp-content\/uploads\/sites\/48\/2016\/03\/pierre-laval.jpg\" width=\"155\" height=\"225\" \/><\/a><p id=\"caption-attachment-1481\" class=\"wp-caption-text\">Portrait de Pierre Laval<\/p><\/div>\n<p>&nbsp;<\/p>\n<p><span style=\"color: #000000\">\u00a0On distingue alors, trois politiques diff\u00e9rentes :\u00a0la politique d&rsquo;accueil de l&rsquo;ann\u00e9e 1933, la politique r\u00e9pressive du gouvernement de Pierre Laval en 1933-1935, et la politique mitig\u00e9e du Front populaire au cours des ann\u00e9es 1936-1938.<br \/>\nEn 1933, suite \u00e0 l&rsquo;arriv\u00e9e d&rsquo;Hitler au pouvoir, plus de 25 000 personnes, dont 85 % sont de confession juive, fuient en France.\u00a0La r\u00e9action du gouvernement d&rsquo;\u00e9poque est digne de louange :\u00a0ouverture\u00a0des fronti\u00e8res, permis de travail, facilit\u00e9s pour les \u00e9tudiants \u00e9trangers d&rsquo;avoir acc\u00e8s aux universit\u00e9s fran\u00e7aises\u2026<\/span><\/p>\n<p><span style=\"color: #000000\"><br \/>\nPour la France, cette immigration est une aubaine, elle permet de justifier son attitude intransigeante envers l&rsquo;Allemagne et elle retire un prestige international \u00e9norme, on peut citer le Manchester\u00a0Guardian, un quotidien britannique de gauche mod\u00e9r\u00e9e, qui affirmait :\u00a0\u00ab Aucun Fran\u00e7ais, peu importe qu&rsquo;il soit nationaliste, r\u00e9actionnaire ou m\u00eame antis\u00e9mite, aurait l&rsquo;ind\u00e9cence de d\u00e9signer les r\u00e9fugi\u00e9s allemands comme des \u00ab \u00e9trangers ind\u00e9sirables \u00bb \u00bb.\u00a0Cependant, \u00e0 la fin de l&rsquo;ann\u00e9e 1933,\u00a0la\u00a0France fait savoir au monde qu&rsquo;elle ne veut plus \u00eatre le\u00a0\u00abd\u00e9potoir du monde\u00bb <a title=\"Bibliographie G\u00e9n\u00e9rale\" href=\"http:\/\/blogs.univ-jfc.fr\/campsdusudouest\/bibliographie-generale\/\">(Vicky CARON)<\/a><\/span><span style=\"color: #000000\">, elle commence \u00e0 l\u00e9gif\u00e9rer avec un profond sentiment anti-r\u00e9fugi\u00e9s.\u00a0L&rsquo;\u00ab arsenal anti-r\u00e9fugi\u00e9s\u00bb<\/span><sup><span style=\"color: #000000\"><a href=\"#sdfootnote2sym\" name=\"sdfootnote2anc\"><\/a><\/span><\/sup><span style=\"color: #000000\">\u00a0<a title=\"Bibliographie G\u00e9n\u00e9rale\" href=\"http:\/\/blogs.univ-jfc.fr\/campsdusudouest\/bibliographie-generale\/\">(Vicky CARON)<\/a><sup><a href=\"#sdfootnote1sym\" name=\"sdfootnote1anc\"><\/a><\/sup> est mis en place au cours des ann\u00e9es 1933-1936.<\/span><\/p>\n<p style=\"text-align: justify\"><span style=\"color: #000000\">La politique du gouvernement Laval vise \u00e0 transformer la France en un pays de transit et non plus un pays d&rsquo;asile, elle rend la fronti\u00e8re \u00e9tanche\u00a0limitant\u00a0de mani\u00e8re drastique l&rsquo;immigration des r\u00e9fugi\u00e9s, elle limite les permis de travaux, elle refoule et exclue arbitrairement nombre de r\u00e9fugi\u00e9s.\u00a0Toutefois, \u00e0 la fin de leur mandat, l&rsquo;objectif est loin d&rsquo;\u00eatre accompli,\u00a0et\u00a0ce, malgr\u00e9 la r\u00e9pression polici\u00e8re exerc\u00e9e et la x\u00e9nophobie d&rsquo;une frange de la population.\u00a0Les r\u00e9fugi\u00e9s, entre 8 000 et 10 000, demeurent en France et ne peuvent \u00eatre l\u00e9galement expuls\u00e9s.\u00a0Au d\u00e9but de 1936, la politique fran\u00e7aise concernant les r\u00e9fugi\u00e9s est confuse, le Front populaire arrive au pouvoir dans cette situation.\u00a0<\/span><\/p>\n<div id=\"attachment_1715\" style=\"width: 310px\" class=\"wp-caption alignright\"><a href=\"http:\/\/blogs.univ-jfc.fr\/campsdusudouest\/wp-content\/uploads\/sites\/48\/2016\/03\/blum-juin1936.jpg\"><img aria-describedby=\"caption-attachment-1715\" loading=\"lazy\" class=\"size-medium wp-image-1715\" title=\"http:\/\/jss.over-blog.com\/article-32206309.html\" alt=\"L\u00e9on blum au parlement juin 1936\" src=\"http:\/\/blogs.univ-jfc.fr\/campsdusudouest\/wp-content\/uploads\/sites\/48\/2016\/03\/blum-juin1936-300x214.jpg\" width=\"300\" height=\"214\" srcset=\"https:\/\/blogs.univ-jfc.fr\/campsdusudouest\/wp-content\/uploads\/sites\/48\/2016\/03\/blum-juin1936-300x214.jpg 300w, https:\/\/blogs.univ-jfc.fr\/campsdusudouest\/wp-content\/uploads\/sites\/48\/2016\/03\/blum-juin1936.jpg 400w\" sizes=\"(max-width: 300px) 100vw, 300px\" \/><\/a><p id=\"caption-attachment-1715\" class=\"wp-caption-text\">Discourt de L\u00e9on Blum au parlement le 6 juin 1936<\/p><\/div>\n<p style=\"text-align: justify\"><a name=\"p53\"><\/a><a name=\"p54\"><\/a><a name=\"68\"><\/a> <span style=\"color: #000000\"> La politique du Front populaire \u00e0 l&rsquo;\u00e9gard des r\u00e9fugi\u00e9s comprend deux volets :\u00a0une position dure envers les futurs arrivants et une position bienveillante envers les allemands d\u00e9j\u00e0 \u00e9tablis en France.\u00a0Le Front populaire veut essentiellement normaliser le statut des r\u00e9fugi\u00e9s allemands et les int\u00e9grer \u00e0 la communaut\u00e9 fran\u00e7aise, mais sa chute et l&rsquo;apparition d&rsquo;une nouvelle vague d\u2019immigration\u00a0permettent au gouvernement suivant, <a title=\"Le gouvernement Daladier et les \u00e9trangers\" href=\"http:\/\/blogs.univ-jfc.fr\/campsdusudouest\/hommes-et-femmes-des-camps\/les-internes\/le-gouvernement-daladier-et-les-etrangers\/\">le gouvernement Daladier<\/a>, \u00e0 revenir aux dures politiques ant\u00e9rieures.<\/span><\/p>\n","protected":false},"excerpt":{"rendered":"<p>La politique pratiqu\u00e9e dans les ann\u00e9es 1938 \u00e0 1944 est le r\u00e9sultat de longs d\u00e9bats politiques et de conflits entre diff\u00e9rents groupes sociaux qui ont lieu pendant la p\u00e9riode 1933-1938.\u00a0Il est essentiel, pour comprendre la politique du gouvernement Daladier et &hellip; <a href=\"https:\/\/blogs.univ-jfc.fr\/campsdusudouest\/hommes-et-femmes-des-camps\/les-internes\/une-archeologie-de-la-legislation-anti-refugies\/\">Lire la suite <span class=\"meta-nav\">&rarr;<\/span><\/a><\/p>\n","protected":false},"author":202,"featured_media":0,"parent":119,"menu_order":0,"comment_status":"closed","ping_status":"open","template":"","meta":[],"_links":{"self":[{"href":"https:\/\/blogs.univ-jfc.fr\/campsdusudouest\/wp-json\/wp\/v2\/pages\/508"}],"collection":[{"href":"https:\/\/blogs.univ-jfc.fr\/campsdusudouest\/wp-json\/wp\/v2\/pages"}],"about":[{"href":"https:\/\/blogs.univ-jfc.fr\/campsdusudouest\/wp-json\/wp\/v2\/types\/page"}],"author":[{"embeddable":true,"href":"https:\/\/blogs.univ-jfc.fr\/campsdusudouest\/wp-json\/wp\/v2\/users\/202"}],"replies":[{"embeddable":true,"href":"https:\/\/blogs.univ-jfc.fr\/campsdusudouest\/wp-json\/wp\/v2\/comments?post=508"}],"version-history":[{"count":16,"href":"https:\/\/blogs.univ-jfc.fr\/campsdusudouest\/wp-json\/wp\/v2\/pages\/508\/revisions"}],"predecessor-version":[{"id":3839,"href":"https:\/\/blogs.univ-jfc.fr\/campsdusudouest\/wp-json\/wp\/v2\/pages\/508\/revisions\/3839"}],"up":[{"embeddable":true,"href":"https:\/\/blogs.univ-jfc.fr\/campsdusudouest\/wp-json\/wp\/v2\/pages\/119"}],"wp:attachment":[{"href":"https:\/\/blogs.univ-jfc.fr\/campsdusudouest\/wp-json\/wp\/v2\/media?parent=508"}],"curies":[{"name":"wp","href":"https:\/\/api.w.org\/{rel}","templated":true}]}}