{"id":524,"date":"2016-03-03T10:18:18","date_gmt":"2016-03-03T09:18:18","guid":{"rendered":"http:\/\/blogs.univ-jfc.fr\/campsdusudouest\/?page_id=524"},"modified":"2016-03-31T08:30:37","modified_gmt":"2016-03-31T07:30:37","slug":"des-equipiers-clandestins","status":"publish","type":"page","link":"https:\/\/blogs.univ-jfc.fr\/campsdusudouest\/les-camps-et-leur-environnement\/les-humanitaires\/des-equipiers-clandestins\/","title":{"rendered":"Des \u00e9quipiers clandestins"},"content":{"rendered":"<p align=\"justify\">Les diff\u00e9rents trajets que faisaient les \u00e9quipiers de la France \u00e0 la Suisse tenaient d&rsquo;un p\u00e9riple dangereux et ill\u00e9gal. En effet, pour cela, les voyageurs devaient traverser la Zone Occup\u00e9e et passer les diff\u00e9rents contr\u00f4les aux fronti\u00e8res. Ces voyages supposent \u00e9galement que les \u00e9quipiers changent r\u00e9guli\u00e8rement d&rsquo;identit\u00e9 pour ne pas \u00eatre rattrap\u00e9s par les forces de l&rsquo;ordre ce qui tient du fait de r\u00e9sistance. Les actions de <a title=\"Portrait de Laurette Alexis-Monet\" href=\"http:\/\/blogs.univ-jfc.fr\/campsdusudouest\/portrait-de-laurette-alexis-monet\/\">Laurette Monet<\/a> au camp du R\u00e9c\u00e9b\u00e9dou sont \u00e9galement l&rsquo;exemple type de toutes les ill\u00e9galit\u00e9s qu&rsquo;ont pu commettre les \u00e9quipiers de la CIMADE afin de faire entrer un peu de lueur dans les esprits tortur\u00e9s de certains intern\u00e9s. Mettre en relation les familles, d\u00e9fendre les opprim\u00e9s, lib\u00e9rer ceux qui n&rsquo;auraient pu survivre enferm\u00e9s, sont des moyens pour la CIMADE de poursuivre son objectif initial dans une d\u00e9marche chr\u00e9tienne et fraternelle.<\/p>\n<div id=\"attachment_914\" style=\"width: 2058px\" class=\"wp-caption aligncenter\"><a href=\"http:\/\/blogs.univ-jfc.fr\/campsdusudouest\/wp-content\/uploads\/sites\/48\/2016\/03\/12270984_199324050404468_757791154_o.jpg\"><img aria-describedby=\"caption-attachment-914\" loading=\"lazy\" class=\" wp-image-914 \" title=\"Source : http:\/\/www.alsatica.eu\/alsatica\/bnus\/Suzanne-de-Dietrich-a-Bossey-Suisse-entouree-de- D-T-Nilles-H-Henriod-O-Tomkins-H-Kraemer-Session-a-l-Institut-Oecumenique-de-Bossey-5-23- juin-1948-Suzanne-est-directeur-d-etudes-de-cet-institut-1946-1954,1_P_2F190524.html\" alt=\"Suzanne de Dietrish \u00e0 Bossey (Suisse) entour\u00e9e de membres du Conseil Oecum\u00e9nique lors de la session du 5 au 23 juin 1948. Source : http:\/\/www.alsatica.eu\/alsatica\/bnus\/Suzanne-de-Dietrich-a-Bossey-Suisse-entouree-de- D-T-Nilles-H-Henriod-O-Tomkins-H-Kraemer-Session-a-l-Institut-Oecumenique-de-Bossey-5-23- juin-1948-Suzanne-est-directeur-d-etudes-de-cet-institut-1946-1954,1_P_2F190524.html\" src=\"http:\/\/blogs.univ-jfc.fr\/campsdusudouest\/wp-content\/uploads\/sites\/48\/2016\/03\/12270984_199324050404468_757791154_o.jpg\" width=\"2048\" height=\"1373\" srcset=\"https:\/\/blogs.univ-jfc.fr\/campsdusudouest\/wp-content\/uploads\/sites\/48\/2016\/03\/12270984_199324050404468_757791154_o.jpg 2048w, https:\/\/blogs.univ-jfc.fr\/campsdusudouest\/wp-content\/uploads\/sites\/48\/2016\/03\/12270984_199324050404468_757791154_o-300x201.jpg 300w, https:\/\/blogs.univ-jfc.fr\/campsdusudouest\/wp-content\/uploads\/sites\/48\/2016\/03\/12270984_199324050404468_757791154_o-1024x686.jpg 1024w, https:\/\/blogs.univ-jfc.fr\/campsdusudouest\/wp-content\/uploads\/sites\/48\/2016\/03\/12270984_199324050404468_757791154_o-447x300.jpg 447w\" sizes=\"(max-width: 2048px) 100vw, 2048px\" \/><\/a><p id=\"caption-attachment-914\" class=\"wp-caption-text\">Suzanne de Dietrich \u00e0 Bosse (Suisse) entour\u00e9e de membres du Conseil \u0152cum\u00e9nique lors de la session du 5 au 23 juin 1948.<\/p><\/div>\n<p align=\"justify\">La CIMADE ne prend le parti de la <a title=\"Agir et r\u00e9sister dans les camps\" href=\"http:\/\/blogs.univ-jfc.fr\/campsdusudouest\/agir-et-resister-dans-les-camps\/\">R\u00e9sistance<\/a> que lorsque les politiques r\u00e9pressives d\u2019exclusion \u00e0 l\u2019\u00e9gard des <a title=\"Nationalisme, x\u00e9nophobie et antis\u00e9mitisme\" href=\"http:\/\/blogs.univ-jfc.fr\/campsdusudouest\/la-france-de-lentre-deux-guerres-et-de-vichy\/nationalisme-xenophobie-et-antisemitisme\/\">Juifs<\/a> ne lui laissent plus l\u2019amplitude d\u2019agir l\u00e9galement, c&rsquo;est \u00e0 dire \u00e0 partir de 1942. Dans un premier temps, il est urgent pour la CIMADE d\u2019\u00ab agir \u00bb afin d\u2019am\u00e9liorer le sort quotidien des intern\u00e9s, tout en suivant sa ligne confessionnelle. Elle se donne ensuite la \u00ab\u00a0mission\u00a0\u00bb de lib\u00e9rer le plus grand nombre d\u2019entre eux, d&rsquo;abord l\u00e9galement, puis clandestinement avec notamment l&rsquo;aide de l&rsquo;OSE. Elle cr\u00e9\u00e9 \u00e9galement des fili\u00e8res d&rsquo;\u00e9vasion vers la Suisse et diverses maisons dans la campagne fran\u00e7aise. D\u00e8s lors, pour la CIMADE, il est davantage question de sauvetages et de r\u00e9sistance, en particulier envers les Juifs. La reconnaissance de ceux qui ont surv\u00e9cu, et la pr\u00e9servation de la <a title=\"Le devoir de m\u00e9moire, l\u2019\u00e9volution du concept de son \u00e9mergence \u00e0 nos jours\" href=\"http:\/\/blogs.univ-jfc.fr\/campsdusudouest\/1945-et-apres\/devoir-de-memoire\/le-devoir-de-memoire-levolution-du-concept-de-son-emergence-a-nos-jours\/\">m\u00e9moire<\/a> collective face \u00e0 l&rsquo;horreur, restent les meilleurs gages de la port\u00e9e de l&rsquo;action de la CIMADE. \u00c0 travers une vision humaniste, l&rsquo;association a pu intervenir pour promouvoir et\u00a0 assurer la survie, la solidarit\u00e9, et la n\u00e9gation de l&rsquo;intol\u00e9rance.<\/p>\n<p align=\"justify\">\n","protected":false},"excerpt":{"rendered":"<p>Les diff\u00e9rents trajets que faisaient les \u00e9quipiers de la France \u00e0 la Suisse tenaient d&rsquo;un p\u00e9riple dangereux et ill\u00e9gal. En effet, pour cela, les voyageurs devaient traverser la Zone Occup\u00e9e et passer les diff\u00e9rents contr\u00f4les aux fronti\u00e8res. Ces voyages supposent &hellip; <a href=\"https:\/\/blogs.univ-jfc.fr\/campsdusudouest\/les-camps-et-leur-environnement\/les-humanitaires\/des-equipiers-clandestins\/\">Lire la suite <span class=\"meta-nav\">&rarr;<\/span><\/a><\/p>\n","protected":false},"author":189,"featured_media":0,"parent":123,"menu_order":3,"comment_status":"closed","ping_status":"open","template":"","meta":[],"_links":{"self":[{"href":"https:\/\/blogs.univ-jfc.fr\/campsdusudouest\/wp-json\/wp\/v2\/pages\/524"}],"collection":[{"href":"https:\/\/blogs.univ-jfc.fr\/campsdusudouest\/wp-json\/wp\/v2\/pages"}],"about":[{"href":"https:\/\/blogs.univ-jfc.fr\/campsdusudouest\/wp-json\/wp\/v2\/types\/page"}],"author":[{"embeddable":true,"href":"https:\/\/blogs.univ-jfc.fr\/campsdusudouest\/wp-json\/wp\/v2\/users\/189"}],"replies":[{"embeddable":true,"href":"https:\/\/blogs.univ-jfc.fr\/campsdusudouest\/wp-json\/wp\/v2\/comments?post=524"}],"version-history":[{"count":11,"href":"https:\/\/blogs.univ-jfc.fr\/campsdusudouest\/wp-json\/wp\/v2\/pages\/524\/revisions"}],"predecessor-version":[{"id":4013,"href":"https:\/\/blogs.univ-jfc.fr\/campsdusudouest\/wp-json\/wp\/v2\/pages\/524\/revisions\/4013"}],"up":[{"embeddable":true,"href":"https:\/\/blogs.univ-jfc.fr\/campsdusudouest\/wp-json\/wp\/v2\/pages\/123"}],"wp:attachment":[{"href":"https:\/\/blogs.univ-jfc.fr\/campsdusudouest\/wp-json\/wp\/v2\/media?parent=524"}],"curies":[{"name":"wp","href":"https:\/\/api.w.org\/{rel}","templated":true}]}}