{"id":529,"date":"2016-03-03T10:18:38","date_gmt":"2016-03-03T09:18:38","guid":{"rendered":"http:\/\/blogs.univ-jfc.fr\/campsdusudouest\/?page_id=529"},"modified":"2016-03-31T08:50:38","modified_gmt":"2016-03-31T07:50:38","slug":"le-gouvernement-daladier-et-les-etrangers","status":"publish","type":"page","link":"https:\/\/blogs.univ-jfc.fr\/campsdusudouest\/hommes-et-femmes-des-camps\/les-internes\/le-gouvernement-daladier-et-les-etrangers\/","title":{"rendered":"Le gouvernement Daladier et les \u00e9trangers"},"content":{"rendered":"<p style=\"text-align: justify\"><a name=\"p81\"><\/a><a name=\"p82\"><\/a><a name=\"p83\"><\/a><a name=\"110\"><\/a><a name=\"p117\"><\/a><a name=\"p85\"><\/a><a name=\"p118\"><\/a><a name=\"p87\"><\/a><a name=\"p88\"><\/a><a name=\"113\"><\/a><a name=\"p89\"><\/a><a name=\"p91\"><\/a><a name=\"p93\"><\/a><a name=\"p94\"><\/a><a name=\"115\"><\/a><a name=\"p95\"><\/a><a name=\"p92\"><\/a><a name=\"p96\"><\/a><a name=\"p97\"><\/a><a name=\"p98\"><\/a><a name=\"p99\"><\/a><a name=\"p100\"><\/a><a name=\"p101\"><\/a><a name=\"p102\"><\/a><a name=\"107\"><\/a><a name=\"p103\"><\/a><a name=\"p104\"><\/a><a name=\"p105\"><\/a><a name=\"p106\"><\/a> <span style=\"color: #000000\">Le Front populaire, malgr\u00e9 bien des mesures, n&rsquo;arrive pas \u00e0 pallier les probl\u00e8mes que constituent les r\u00e9fugi\u00e9s.\u00a0L&rsquo;ascension du gouvernement Daladier, en 1938, marque la fin de toute politique visant \u00e0 aider l&rsquo;int\u00e9gration des r\u00e9fugi\u00e9s en France.\u00a0La l\u00e9gislation les concernant se durcit, pour arriver au d\u00e9cret-loi du 12 novembre 1938.<\/span><\/p>\n<div id=\"attachment_873\" style=\"width: 310px\" class=\"wp-caption alignright\"><a href=\"http:\/\/blogs.univ-jfc.fr\/campsdusudouest\/wp-content\/uploads\/sites\/48\/2016\/03\/retirada.jpg\"><img aria-describedby=\"caption-attachment-873\" loading=\"lazy\" class=\"size-medium wp-image-873 \" title=\"https:\/\/fr.pinterest.com\/pin\/292593307017026474\/\" alt=\"retirada \u00a9 Bettmann-Corbis\" src=\"http:\/\/blogs.univ-jfc.fr\/campsdusudouest\/wp-content\/uploads\/sites\/48\/2016\/03\/retirada-300x230.jpg\" width=\"300\" height=\"230\" srcset=\"https:\/\/blogs.univ-jfc.fr\/campsdusudouest\/wp-content\/uploads\/sites\/48\/2016\/03\/retirada-300x230.jpg 300w, https:\/\/blogs.univ-jfc.fr\/campsdusudouest\/wp-content\/uploads\/sites\/48\/2016\/03\/retirada-389x300.jpg 389w, https:\/\/blogs.univ-jfc.fr\/campsdusudouest\/wp-content\/uploads\/sites\/48\/2016\/03\/retirada.jpg 573w\" sizes=\"(max-width: 300px) 100vw, 300px\" \/><\/a><p id=\"caption-attachment-873\" class=\"wp-caption-text\">Retirada, 15 f\u00e9vrier 1939. Cerb\u00e8re, fronti\u00e8re franco-espagnole arriv\u00e9e d\u2019un convoi de r\u00e9fugi\u00e9s espagnols.<\/p><\/div>\n<p style=\"text-align: justify\"><span style=\"color: #000000\">L\u2019exemple de la\u00a0Retirade espagnole montre les difficult\u00e9s que subissent les r\u00e9fugi\u00e9s quant \u00e0 l&rsquo;adaptation et l\u2019assimilation de la part des populations d\u00e9j\u00e0 pr\u00e9sentes en France.\u00a0Il met \u00e9galement en lumi\u00e8re les difficult\u00e9s du gouvernement face \u00e0 l&rsquo;arriv\u00e9e massive de ces populations.<\/span><br \/>\nC<span style=\"color: #000000\">et afflux de population cr\u00e9e un sentiment \u00ab d\u2019invasion \u00bb pour une partie de la population, <a title=\"Annexe partie intern\u00e9s n\u00b01\" href=\"http:\/\/blogs.univ-jfc.fr\/campsdusudouest\/hommes-et-femmes-des-camps\/les-internes\/le-gouvernement-daladier-et-les-etrangers\/annexe-1\/\">les journaux locaux et nationaux<\/a> n\u2019h\u00e9sitent pas \u00e0 pol\u00e9miquer, surfant sur la x\u00e9nophobie ambiante de cette \u00e9poque.\u00a0<\/span><\/p>\n<p style=\"text-align: justify\"><span style=\"color: #000000\">Des quotidiens comme l\u2019\u00e9cho de Paris ou le Figaro, orient\u00e9s \u00e0 droite, affichent leur peur des communistes espagnols en parlant \u00ab d\u2019Internationale de la haine \u00bb ou de \u00ab hordes d\u2019envahisseurs rouges \u00bb.<\/span><br \/>\n<span style=\"color: #000000\">Cependant, une autre partie de la population a un discours totalement oppos\u00e9 et compatissant, comme l\u2019Humanit\u00e9, quotidien d&rsquo;orientation communiste, qui incite les habitants des Pyr\u00e9n\u00e9es orientales \u00e0 accueillir \u00e0 bras ouverts toutes les victimes du fascisme.\u00a0Le journal,\u00a0le Populaire d\u00e9nonce quant \u00e0 lui les camps, notamment celui d\u2019Argel\u00e9s\u00a0en parlant de \u00ab spectacle lamentable et \u00e9mouvant \u00bb.<\/span><\/p>\n<div id=\"attachment_793\" style=\"width: 337px\" class=\"wp-caption alignleft\"><a href=\"http:\/\/blogs.univ-jfc.fr\/campsdusudouest\/wp-content\/uploads\/sites\/48\/2016\/03\/image-retirada.jpg\"><img aria-describedby=\"caption-attachment-793\" loading=\"lazy\" class=\" wp-image-793 \" title=\"http:\/\/cmmphotosvideospresses.eklablog.com\/la-retirada-ou-l-exil-republicain-espagnol-d-apres-guerre-a109001710?noajax&amp;mobile=1\" alt=\"L\u2019exode des r\u00e9fugi\u00e9s espagnols\" src=\"http:\/\/blogs.univ-jfc.fr\/campsdusudouest\/wp-content\/uploads\/sites\/48\/2016\/03\/image-retirada-300x233.jpg\" width=\"327\" height=\"253\" \/><\/a><p id=\"caption-attachment-793\" class=\"wp-caption-text\">\u00ab700 enfants, venant de Puigcerda, sont arriv\u00e9s hier par le train en gare de la Tour de Carol. Les petits r\u00e9fugi\u00e9s attendent dans le hall de la gare d\u2019\u00eatre dirig\u00e9s vers un centre d\u2019h\u00e9bergement. \u00bb France Presse n\u00b013, 30\/01\/1939. \u00ab Collection F. Berlic \u00bb<\/p><\/div>\n<p style=\"text-align: justify\"><span style=\"color: #000000\">Lors de leur passage \u00e0 la fronti\u00e8re, les r\u00e9fugi\u00e9s espagnols sont fouill\u00e9s par les autorit\u00e9s.\u00a0<\/span><\/p>\n<p style=\"text-align: justify\"><span style=\"color: #000000\">Les militaires sont d\u00e9sarm\u00e9s.\u00a0Ils sont ensuite identifi\u00e9s par les autorit\u00e9s avant d\u2019\u00eatre envoy\u00e9s dans des centres de r\u00e9tention pour \u00eatre vaccin\u00e9s et rationn\u00e9s.\u00a0Suite \u00e0 l\u2019afflux de r\u00e9fugi\u00e9s les familles sont s\u00e9par\u00e9es.\u00a0Les enfants, femmes et vieillards sont envoy\u00e9s dans les d\u00e9partements \u00ab int\u00e9rieurs \u00bb de la France.\u00a0<\/span><\/p>\n<p style=\"text-align: justify\"><span style=\"color: #000000\">Les hommes sont, quant \u00e0 eux, parqu\u00e9s dans des camps fait \u00e0 la h\u00e2te sur des plages.\u00a0On a des camps \u00e0 Argel\u00e8s-sur-Mer, au\u00a0Barcar\u00e8s\u00a0ou \u00e0 Saint-Cyprien qui sont construits \u00e0 m\u00eame le sable.\u00a0Les conditions de vie sont pr\u00e9caires.<\/span><br \/>\n<span style=\"color: #000000\">Le gouvernement Daladier anticipe le d\u00e9but de ces exodes en promulguant un d\u00e9cret-loi le 12 novembre 1938. Il pr\u00e9voit l\u2019internement administratif des \u00e9trangers \u00ab\u00a0ind\u00e9sirables\u00a0\u00bb.\u00a0Cependant, c\u2019est le d\u00e9cret-loi datant du 18 novembre 1939 qui donne la possibilit\u00e9 aux pr\u00e9fets de d\u00e9cider d\u2019interner arbitrairement les individus pr\u00e9sentant \u00ab un risque \u00bb pour la s\u00e9curit\u00e9 publique et nationale.<\/span><br \/>\n<span style=\"color: #000000\">Le gouvernement Daladier donne comme appellation \u00e0 ces camps, le nom de \u00ab camps de concentration \u00bb, en m\u00eame temps que la promulgation du d\u00e9cret de 1938. N\u00e9anmoins, on constate une certaine instabilit\u00e9 du statut des intern\u00e9s, notamment pendant la p\u00e9riode de la <a title=\"L\u2019instabilit\u00e9 du dispositif d\u2019internement\" href=\"http:\/\/blogs.univ-jfc.fr\/campsdusudouest\/hommes-et-femmes-des-camps\/les-internes\/linstabilite-du-dispositif-dinternement\/\">\u00ab dr\u00f4le de guerre \u00bb<\/a>.<br \/>\n<\/span><\/p>\n","protected":false},"excerpt":{"rendered":"<p>Le Front populaire, malgr\u00e9 bien des mesures, n&rsquo;arrive pas \u00e0 pallier les probl\u00e8mes que constituent les r\u00e9fugi\u00e9s.\u00a0L&rsquo;ascension du gouvernement Daladier, en 1938, marque la fin de toute politique visant \u00e0 aider l&rsquo;int\u00e9gration des r\u00e9fugi\u00e9s en France.\u00a0La l\u00e9gislation les concernant se &hellip; <a href=\"https:\/\/blogs.univ-jfc.fr\/campsdusudouest\/hommes-et-femmes-des-camps\/les-internes\/le-gouvernement-daladier-et-les-etrangers\/\">Lire la suite <span class=\"meta-nav\">&rarr;<\/span><\/a><\/p>\n","protected":false},"author":202,"featured_media":0,"parent":119,"menu_order":0,"comment_status":"closed","ping_status":"open","template":"","meta":[],"_links":{"self":[{"href":"https:\/\/blogs.univ-jfc.fr\/campsdusudouest\/wp-json\/wp\/v2\/pages\/529"}],"collection":[{"href":"https:\/\/blogs.univ-jfc.fr\/campsdusudouest\/wp-json\/wp\/v2\/pages"}],"about":[{"href":"https:\/\/blogs.univ-jfc.fr\/campsdusudouest\/wp-json\/wp\/v2\/types\/page"}],"author":[{"embeddable":true,"href":"https:\/\/blogs.univ-jfc.fr\/campsdusudouest\/wp-json\/wp\/v2\/users\/202"}],"replies":[{"embeddable":true,"href":"https:\/\/blogs.univ-jfc.fr\/campsdusudouest\/wp-json\/wp\/v2\/comments?post=529"}],"version-history":[{"count":20,"href":"https:\/\/blogs.univ-jfc.fr\/campsdusudouest\/wp-json\/wp\/v2\/pages\/529\/revisions"}],"predecessor-version":[{"id":4139,"href":"https:\/\/blogs.univ-jfc.fr\/campsdusudouest\/wp-json\/wp\/v2\/pages\/529\/revisions\/4139"}],"up":[{"embeddable":true,"href":"https:\/\/blogs.univ-jfc.fr\/campsdusudouest\/wp-json\/wp\/v2\/pages\/119"}],"wp:attachment":[{"href":"https:\/\/blogs.univ-jfc.fr\/campsdusudouest\/wp-json\/wp\/v2\/media?parent=529"}],"curies":[{"name":"wp","href":"https:\/\/api.w.org\/{rel}","templated":true}]}}