{"id":538,"date":"2016-03-03T10:19:54","date_gmt":"2016-03-03T09:19:54","guid":{"rendered":"http:\/\/blogs.univ-jfc.fr\/campsdusudouest\/?page_id=538"},"modified":"2016-04-13T12:33:59","modified_gmt":"2016-04-13T11:33:59","slug":"la-construction-des-camps-partie-florian","status":"publish","type":"page","link":"https:\/\/blogs.univ-jfc.fr\/campsdusudouest\/le-role-des-pouvoirs-publics\/le-role-de-letat-et-des-prefectures-dans-la-mise-en-place-des-camps-dinternement-administratif\/la-construction-des-camps-partie-florian\/","title":{"rendered":"L&rsquo;implication de l&rsquo;arm\u00e9e et la construction des premiers camps par les pr\u00e9fectures"},"content":{"rendered":"<p align=\"justify\">D\u00e8s leurs arriv\u00e9s \u00e0 la fronti\u00e8re<a href=\"#sdfootnote1sym\" name=\"sdfootnote1anc\"><sup>1<\/sup><\/a>, les r\u00e9fugi\u00e9s r\u00e9publicains furent pris en charge par l&rsquo;arm\u00e9e fran\u00e7aise. Ils furent tout d&rsquo;abord d\u00e9sarm\u00e9s<a href=\"#sdfootnote2sym\" name=\"sdfootnote2anc\"><sup>2<\/sup><\/a> et conduit vers les camps des plages<a href=\"#sdfootnote3sym\" name=\"sdfootnote3anc\"><sup>3<\/sup><\/a>. Initialement, six r\u00e9giments d&rsquo;infanterie et quatre r\u00e9giments de cavalerie ont \u00e9t\u00e9 mobilis\u00e9s pour g\u00e9rer cette situation et contr\u00f4ler l&rsquo;afflux de r\u00e9fugi\u00e9s. Mais l&rsquo;arm\u00e9e fut aussi utilis\u00e9e pour faire pression sur la construction des camps. Un t\u00e9moignage recueilli par Anne Grynberg dans son ouvrage, <i>Les camps de la honte : les intern\u00e9s juifs des camps fran\u00e7ais, 1939-1944<a href=\"#sdfootnote4sym\" name=\"sdfootnote4anc\"><sup>4<\/sup><\/a><\/i>, illustre l&rsquo;urgence dans laquelle se trouvait l&rsquo;\u00c9tat. En effet, un exploitant forestier de la r\u00e9gion aurait \u00e9t\u00e9 r\u00e9quisitionn\u00e9 par un commandant des gardes mobiles pour superviser une centaine d&rsquo;espagnols, qui n&rsquo;avait aucune exp\u00e9rience dans le m\u00e9tier de charpentier, afin de construire tr\u00e8s rapidement le camp d&rsquo;Argel\u00e8s<a href=\"#sdfootnote5sym\" name=\"sdfootnote5anc\"><sup>5<\/sup><\/a>.<\/p>\n<div id=\"attachment_4001\" style=\"width: 310px\" class=\"wp-caption alignleft\"><a href=\"http:\/\/blogs.univ-jfc.fr\/campsdusudouest\/wp-content\/uploads\/sites\/48\/2016\/03\/66.BARcares-en-construction.jpg\"><img aria-describedby=\"caption-attachment-4001\" loading=\"lazy\" class=\"size-medium wp-image-4001 \" title=\"Intern\u00e9s construisant le camp d'internement d'Argel\u00e8s-sur-Mer en Pyr\u00e9n\u00e9es-Orientales en f\u00e9vrier 1939.\" alt=\"Intern\u00e9e au camp de concentration d'Argel\u00e8s-sur-Mer (Pyr\u00e9n\u00e9es-Orientales).\" src=\"http:\/\/blogs.univ-jfc.fr\/campsdusudouest\/wp-content\/uploads\/sites\/48\/2016\/03\/66.BARcares-en-construction-300x169.jpg\" width=\"300\" height=\"169\" srcset=\"https:\/\/blogs.univ-jfc.fr\/campsdusudouest\/wp-content\/uploads\/sites\/48\/2016\/03\/66.BARcares-en-construction-300x169.jpg 300w, https:\/\/blogs.univ-jfc.fr\/campsdusudouest\/wp-content\/uploads\/sites\/48\/2016\/03\/66.BARcares-en-construction-500x281.jpg 500w, https:\/\/blogs.univ-jfc.fr\/campsdusudouest\/wp-content\/uploads\/sites\/48\/2016\/03\/66.BARcares-en-construction.jpg 850w\" sizes=\"(max-width: 300px) 100vw, 300px\" \/><\/a><p id=\"caption-attachment-4001\" class=\"wp-caption-text\">Intern\u00e9s construisant le camp d&rsquo;internement d&rsquo;Argel\u00e8s-sur-Mer en Pyr\u00e9n\u00e9es-Orientales en f\u00e9vrier 1939.<\/p><\/div>\n<p align=\"justify\">Les baraques ont donc \u00e9t\u00e9 construites de mani\u00e8re rudimentaire et en quantit\u00e9 insuffisante. Les installations manqu\u00e8rent, et toujours dans l&rsquo;optique d&rsquo;ouvrir de nouveaux centres d&rsquo;internement, les pr\u00e9fectures ont d\u00e9cid\u00e9 que certains camps militaires, comme Rivesaltes initialement cr\u00e9\u00e9 en 1935, soient r\u00e9habilit\u00e9s comme camps d&rsquo;internement.<\/p>\n<p align=\"justify\">Les premiers camps qui ont \u00e9t\u00e9 construit ont d&rsquo;abord \u00e9t\u00e9 ceux \u00ab\u00a0des plages\u00a0\u00bb, (Argel\u00e8s, Agde, Barcar\u00e8s, Bram, Rivesaltes et Saint-Cyprien). Cependant, dans la pr\u00e9cipitation de la situation et face \u00e0 la surpopulation des r\u00e9fugi\u00e9s, les ouvriers n&rsquo;ont pu construire que peu de baraques en comparaison des effectifs accueillis. Les baraquements d\u00e9j\u00e0 construit servirent \u00e0 abriter les personnes \u00e2g\u00e9es et les malades. Mais, les autres intern\u00e9s durent se fabriquer leurs propres abris avec des planches et des morceaux de t\u00f4les trouv\u00e9s sur place.<\/p>\n<div id=\"attachment_3923\" style=\"width: 310px\" class=\"wp-caption alignright\"><a href=\"http:\/\/blogs.univ-jfc.fr\/campsdusudouest\/wp-content\/uploads\/sites\/48\/2016\/03\/Capa-Robert-Exiles-republicains-ms099_038.jpg\"><img aria-describedby=\"caption-attachment-3923\" loading=\"lazy\" class=\"size-medium wp-image-3923  \" title=\"Robert Capa, Exil\u00e9s r\u00e9publicains marchant sur la plage vers un camp d'internement, Le Barcar\u00e8s, France, mars 1939 \u00a9 International Center of Photography \/ Magnum Collection International Center of Photography\" alt=\"Robert Capa, Exil\u00e9s r\u00e9publicains marchant sur la plage vers un camp d'internement, Le Barcar\u00e8s, France, mars 1939 \u00a9 International Center of Photography \/ Magnum Collection International Center of Photography\" src=\"http:\/\/blogs.univ-jfc.fr\/campsdusudouest\/wp-content\/uploads\/sites\/48\/2016\/03\/Capa-Robert-Exiles-republicains-ms099_038-300x201.jpg\" width=\"300\" height=\"201\" srcset=\"https:\/\/blogs.univ-jfc.fr\/campsdusudouest\/wp-content\/uploads\/sites\/48\/2016\/03\/Capa-Robert-Exiles-republicains-ms099_038-300x201.jpg 300w, https:\/\/blogs.univ-jfc.fr\/campsdusudouest\/wp-content\/uploads\/sites\/48\/2016\/03\/Capa-Robert-Exiles-republicains-ms099_038-446x300.jpg 446w, https:\/\/blogs.univ-jfc.fr\/campsdusudouest\/wp-content\/uploads\/sites\/48\/2016\/03\/Capa-Robert-Exiles-republicains-ms099_038.jpg 800w\" sizes=\"(max-width: 300px) 100vw, 300px\" \/><\/a><p id=\"caption-attachment-3923\" class=\"wp-caption-text\">Exil\u00e9s r\u00e9publicains marchant sur la plage vers un camp d&rsquo;internement au Barcar\u00e8s en France en mars 1939.<\/p><\/div>\n<p align=\"justify\">La construction du camp de Gurs par exemple, supervis\u00e9e par le g\u00e9n\u00e9ral M\u00e9nard et le pr\u00e9fet des Basses Pyr\u00e9n\u00e9es, Angelo Chiappe, a \u00e9t\u00e9 annonc\u00e9e le 15 mars 1939. Dans la journ\u00e9e, des terrains<a href=\"#sdfootnote6sym\" name=\"sdfootnote6anc\"><sup>6<\/sup><\/a>\u00a0furent r\u00e9quisitionn\u00e9s par le minist\u00e8re de l&rsquo;Int\u00e9rieur et le camp fut construit en 42 jours par 400 ouvriers pour un co\u00fbt total de 12,5 millions de francs.<a href=\"#sdfootnote7sym\" name=\"sdfootnote7anc\"><sup>7<\/sup><\/a>Les ouvriers du chantier furent sous la direction d&rsquo;ing\u00e9nieurs civils des Ponts et Chauss\u00e9es qui d\u00e9pendirent du Minist\u00e8re des travaux publics. Une tr\u00e8s grande majorit\u00e9 des chantiers furent supervis\u00e9e par l&rsquo;administration des Ponts et Chauss\u00e9es jusqu&rsquo;au 4 mars 1939, date \u00e0 partir de laquelle le g\u00e9n\u00e9ral M\u00e9nard, et le Minist\u00e8re des travaux publics se sont mis d&rsquo;accord pour que les am\u00e9nagements et les entretiens des camps d&rsquo;internement soient r\u00e9alis\u00e9s en collaboration avec les \u00e9quipes d&rsquo;ing\u00e9nieurs des Ponts et Chauss\u00e9es et le service de g\u00e9nie militaire.<\/p>\n<div id=\"attachment_1357\" style=\"width: 310px\" class=\"wp-caption alignleft\"><a href=\"http:\/\/blogs.univ-jfc.fr\/campsdusudouest\/wp-content\/uploads\/sites\/48\/2016\/03\/image-cfa-6-partie-1.jpg\"><img aria-describedby=\"caption-attachment-1357\" loading=\"lazy\" class=\"size-medium wp-image-1357 \" title=\"Photographie provenant du Film \u00ab No pasar\u00e1n \u00bb de Henri-Fran\u00e7ois Imbert. Cr\u00e9dit photo : Cartes postales APA\" alt=\"Photographie provenant du Film \u00ab\u00a0No pasar\u00e1n\u00a0\u00bb de Henri-Fran\u00e7ois Imbert. Cr\u00e9dit photo\u00a0: Cartes postales APA\" src=\"http:\/\/blogs.univ-jfc.fr\/campsdusudouest\/wp-content\/uploads\/sites\/48\/2016\/03\/image-cfa-6-partie-1-300x197.jpg\" width=\"300\" height=\"197\" srcset=\"https:\/\/blogs.univ-jfc.fr\/campsdusudouest\/wp-content\/uploads\/sites\/48\/2016\/03\/image-cfa-6-partie-1-300x197.jpg 300w, https:\/\/blogs.univ-jfc.fr\/campsdusudouest\/wp-content\/uploads\/sites\/48\/2016\/03\/image-cfa-6-partie-1-455x300.jpg 455w, https:\/\/blogs.univ-jfc.fr\/campsdusudouest\/wp-content\/uploads\/sites\/48\/2016\/03\/image-cfa-6-partie-1.jpg 544w\" sizes=\"(max-width: 300px) 100vw, 300px\" \/><\/a><p id=\"caption-attachment-1357\" class=\"wp-caption-text\">Carte postale du camp de Gurs dans les Pyr\u00e9n\u00e9es-Atlantiques.<\/p><\/div>\n<p align=\"justify\">Les baraquements qui servirent d&rsquo;habitations, furent tr\u00e8s rudimentaires car ils \u00e9taient r\u00e9alis\u00e9s en bois pour les planchers et en t\u00f4le pour les murs et les toits. Ces choix dans la construction eurent un impact direct sur la vie des intern\u00e9s qui durent lutter contre le froid. Le choix des mat\u00e9riaux s&rsquo;expliqua d&rsquo;abord par son prix peu on\u00e9reux ainsi que par la facilit\u00e9 avec laquelle les baraquements pouvaient \u00eatre install\u00e9s. Aussi, l&rsquo;internement des \u00e9trangers dans les camps \u00e9taient initialement pr\u00e9vus pour ne servir que quelques mois, ils devaient donc \u00eatre possible de les d\u00e9sinstaller rapidement. Le g\u00e9n\u00e9ral M\u00e9nard, participa\u00a0<span style=\"color: #333333;font-style: normal;font-weight: 300;line-height: 24.375px\">en novembre 1939 \u00e0 la cr\u00e9ation<\/span><span style=\"font-weight: 300\">\u00a0du CCR<\/span><a style=\"font-weight: 300\" href=\"#sdfootnote8sym\" name=\"sdfootnote8anc\"><sup>8<\/sup><\/a><span style=\"font-weight: 300\">. Cette commission eu pour but d&rsquo;intervenir aupr\u00e8s des intern\u00e9s pour tenter d&rsquo;am\u00e9liorer leurs conditions de vie. Le CCR d\u00e9pensa plus de 600 000 francs pour leur fournir des v\u00eatements et des produits pharmaceutiques. Mais malgr\u00e9 ces tentatives, les conditions de vie dans les camps ne se sont pas am\u00e9lior\u00e9es.<\/span><\/p>\n<div id=\"sdfootnote1\"><a href=\"#sdfootnote1anc\" name=\"sdfootnote1sym\">1 <\/a>Les premiers r\u00e9fugi\u00e9s arriv\u00e8rent en France lors de l&rsquo;hiver entre 1938 et 1939.<\/div>\n<div id=\"sdfootnote2\"><a href=\"#sdfootnote2anc\" name=\"sdfootnote2sym\">2 <\/a>Les r\u00e9fugi\u00e9s espagnols comptent des soldats r\u00e9publicains dans leur rangs.<\/div>\n<div id=\"sdfootnote3\"><a href=\"#sdfootnote3anc\" name=\"sdfootnote3sym\">3<\/a> Argel\u00e8s, Agde, Barcar\u00e8s, Bram, Rivesalte et Saint-Cyprien<\/div>\n<div id=\"sdfootnote4\"><a href=\"#sdfootnote4anc\" name=\"sdfootnote4sym\">4<\/a> Anne Grynberg, <i>Les camps de la honte\u00a0: les intern\u00e9s juifs des camps fran\u00e7ais,1939-1944,\u00a0<\/i>La D\u00e9couverte Poche \/ Sciences humaines et sociales n\u00b073, 1999<i>, <\/i>p.49.<\/div>\n<div id=\"sdfootnote5\"><a href=\"#sdfootnote5anc\" name=\"sdfootnote5sym\">5 <\/a> Le camp fut ouvert en 1939.<\/div>\n<div id=\"sdfootnote6\"><a href=\"#sdfootnote6anc\" name=\"sdfootnote6sym\">6 <\/a>Environ 80 hectares ont \u00e9t\u00e9 r\u00e9quisitionn\u00e9s ce jour l\u00e0.<\/div>\n<div id=\"sdfootnote7\"><a href=\"#sdfootnote7anc\" name=\"sdfootnote7sym\">7<\/a> Anne Grynberg, <i>Les camps de la honte\u00a0: les intern\u00e9s juifs des camps fran\u00e7ais,1939-1944,\u00a0<\/i>La D\u00e9couverte Poche \/ Sciences humaines et sociales n\u00b073, 1999<i>, <\/i>p.49.<\/div>\n<div id=\"sdfootnote8\"><a href=\"#sdfootnote8anc\" name=\"sdfootnote8sym\">8 <\/a>Commission des Centres de Rassemblement (CCR)<\/div>\n","protected":false},"excerpt":{"rendered":"<p>D\u00e8s leurs arriv\u00e9s \u00e0 la fronti\u00e8re1, les r\u00e9fugi\u00e9s r\u00e9publicains furent pris en charge par l&rsquo;arm\u00e9e fran\u00e7aise. Ils furent tout d&rsquo;abord d\u00e9sarm\u00e9s2 et conduit vers les camps des plages3. Initialement, six r\u00e9giments d&rsquo;infanterie et quatre r\u00e9giments de cavalerie ont \u00e9t\u00e9 mobilis\u00e9s &hellip; <a href=\"https:\/\/blogs.univ-jfc.fr\/campsdusudouest\/le-role-des-pouvoirs-publics\/le-role-de-letat-et-des-prefectures-dans-la-mise-en-place-des-camps-dinternement-administratif\/la-construction-des-camps-partie-florian\/\">Lire la suite <span class=\"meta-nav\">&rarr;<\/span><\/a><\/p>\n","protected":false},"author":197,"featured_media":0,"parent":487,"menu_order":0,"comment_status":"closed","ping_status":"open","template":"","meta":[],"_links":{"self":[{"href":"https:\/\/blogs.univ-jfc.fr\/campsdusudouest\/wp-json\/wp\/v2\/pages\/538"}],"collection":[{"href":"https:\/\/blogs.univ-jfc.fr\/campsdusudouest\/wp-json\/wp\/v2\/pages"}],"about":[{"href":"https:\/\/blogs.univ-jfc.fr\/campsdusudouest\/wp-json\/wp\/v2\/types\/page"}],"author":[{"embeddable":true,"href":"https:\/\/blogs.univ-jfc.fr\/campsdusudouest\/wp-json\/wp\/v2\/users\/197"}],"replies":[{"embeddable":true,"href":"https:\/\/blogs.univ-jfc.fr\/campsdusudouest\/wp-json\/wp\/v2\/comments?post=538"}],"version-history":[{"count":37,"href":"https:\/\/blogs.univ-jfc.fr\/campsdusudouest\/wp-json\/wp\/v2\/pages\/538\/revisions"}],"predecessor-version":[{"id":4518,"href":"https:\/\/blogs.univ-jfc.fr\/campsdusudouest\/wp-json\/wp\/v2\/pages\/538\/revisions\/4518"}],"up":[{"embeddable":true,"href":"https:\/\/blogs.univ-jfc.fr\/campsdusudouest\/wp-json\/wp\/v2\/pages\/487"}],"wp:attachment":[{"href":"https:\/\/blogs.univ-jfc.fr\/campsdusudouest\/wp-json\/wp\/v2\/media?parent=538"}],"curies":[{"name":"wp","href":"https:\/\/api.w.org\/{rel}","templated":true}]}}