{"id":541,"date":"2016-03-03T10:20:20","date_gmt":"2016-03-03T09:20:20","guid":{"rendered":"http:\/\/blogs.univ-jfc.fr\/campsdusudouest\/?page_id=541"},"modified":"2016-03-31T09:18:09","modified_gmt":"2016-03-31T08:18:09","slug":"linstabilite-du-dispositif-dinternement","status":"publish","type":"page","link":"https:\/\/blogs.univ-jfc.fr\/campsdusudouest\/hommes-et-femmes-des-camps\/les-internes\/linstabilite-du-dispositif-dinternement\/","title":{"rendered":"L&rsquo;instabilit\u00e9 du dispositif d&rsquo;internement"},"content":{"rendered":"<p style=\"text-align: justify\"><a name=\"155\"><\/a><a name=\"p129\"><\/a><a name=\"p131\"><\/a><a name=\"p185\"><\/a><a name=\"p133\"><\/a><a name=\"p130\"><\/a><a name=\"157\"><\/a><a name=\"p134\"><\/a><a name=\"p186\"><\/a><a name=\"p136\"><\/a><a name=\"p137\"><\/a><a name=\"p187\"><\/a><a name=\"p188\"><\/a><a name=\"p189\"><\/a><a name=\"p190\"><\/a><a name=\"p142\"><\/a><a name=\"p143\"><\/a><a name=\"p144\"><\/a><a name=\"p145\"><\/a><a name=\"p146\"><\/a><a name=\"p191\"><\/a><a name=\"p148\"><\/a><a name=\"p192\"><\/a><a name=\"p196\"><\/a><a name=\"p194\"><\/a><a name=\"p198\"><\/a><a name=\"p153\"><\/a><a name=\"p199\"><\/a> Apr\u00e8s l&rsquo;\u00e9pisode de la\u00a0Retirada\u00a0et du gouvernement Daladier, la d\u00e9claration de guerre en\u00a0septembre\u00a01939 engendre un changement de la politique d&rsquo;internement et du profil des prisonniers. A partir de la\u00a0 \u00ab dr\u00f4le de guerre \u00bb et jusqu&rsquo;\u00e0 la d\u00e9faite de la France, la politique d&rsquo;internement passe de l&rsquo;instabilit\u00e9 \u00e0 une stabilit\u00e9 qui appara\u00eetra sous Vichy.<\/p>\n<p style=\"text-align: justify\">Juste avant la d\u00e9claration de guerre, les r\u00e9fugi\u00e9s espagnols pr\u00e9sent dans les camps ne sont pas nombreux.\u00a0En effet, le gouvernement fran\u00e7ais, pour tirer un trait sur l&rsquo;\u00e9pisode marquant de l&rsquo;internement, s&rsquo;appuie sur le d\u00e9cret-loi du 2 avril 1939.\u00a0Cela permet aux r\u00e9fugi\u00e9s de devenir des prestataires appartenant \u00e0 des compagnies de travailleurs \u00e9trangers\u00a0(CTE).\u00a0Certains d&rsquo;entre eux s&rsquo;engagent aussi dans l&rsquo;arm\u00e9e.<\/p>\n<div id=\"attachment_2832\" style=\"width: 310px\" class=\"wp-caption alignleft\"><a href=\"http:\/\/blogs.univ-jfc.fr\/campsdusudouest\/wp-content\/uploads\/sites\/48\/2016\/03\/Gowa_Nicolas.jpg\"><img aria-describedby=\"caption-attachment-2832\" loading=\"lazy\" class=\"size-medium wp-image-2832 \" title=\"https:\/\/f.hypotheses.org\/wp-content\/blogs.dir\/8\/files\/2014\/11\/Gowa_Nicolas.jpg\" alt=\"La marche de Saint-Nicolas d\u2019Henry Gowa\" src=\"http:\/\/blogs.univ-jfc.fr\/campsdusudouest\/wp-content\/uploads\/sites\/48\/2016\/03\/Gowa_Nicolas-300x230.jpg\" width=\"300\" height=\"230\" srcset=\"https:\/\/blogs.univ-jfc.fr\/campsdusudouest\/wp-content\/uploads\/sites\/48\/2016\/03\/Gowa_Nicolas-300x230.jpg 300w, https:\/\/blogs.univ-jfc.fr\/campsdusudouest\/wp-content\/uploads\/sites\/48\/2016\/03\/Gowa_Nicolas-391x300.jpg 391w, https:\/\/blogs.univ-jfc.fr\/campsdusudouest\/wp-content\/uploads\/sites\/48\/2016\/03\/Gowa_Nicolas.jpg 626w\" sizes=\"(max-width: 300px) 100vw, 300px\" \/><\/a><p id=\"caption-attachment-2832\" class=\"wp-caption-text\">Peinture d\u2019Henry Gowa repr\u00e9sentant l&rsquo;internement d&rsquo;Autrichiens et d&rsquo;allemands anti-nazis dans le camp de Saint-Nicolas dans le Gard en 1940.<\/p><\/div>\n<p style=\"text-align: justify\">Le 5 septembre 1939, quelques jours apr\u00e8s la d\u00e9claration de guerre, entre en action le d\u00e9cret-loi du 30 ao\u00fbt 1939.\u00a0Ce texte pr\u00e9voit en cas de conflit l&rsquo;internement des \u00e9trangers masculins ressortissants de territoires appartenant \u00e0 l&rsquo;ennemi. Les r\u00e9fugi\u00e9s allemands ayant fui leur pays et le r\u00e9gime nazi sont donc intern\u00e9s.\u00a0Les communistes sont eux aussi concern\u00e9s par ce d\u00e9cret-loi, du fait de la signature du pacte Germano-sovi\u00e9tique, ils sont consid\u00e9r\u00e9s comme des ennemis.\u00a0Leur parti est dissous le 26 septembre 1939. S&rsquo;ajoute \u00e0 ce d\u00e9cret une extension pour interner les \u00ab suspects consid\u00e9r\u00e9s comme dangereux pour la d\u00e9fense nationale et pour la s\u00e9curit\u00e9 publique \u00bb appliqu\u00e9e le 18 octobre de cette m\u00eame ann\u00e9e.<\/p>\n<p style=\"text-align: justify\">La \u00ab dr\u00f4le de guerre \u00bb enclenche alors un m\u00e9canisme d&rsquo;exclusion, d&rsquo;arrestation et d&rsquo;internement des \u00e9trangers et\/ou r\u00e9fugi\u00e9s, ce qui concr\u00e9tise la politique des ann\u00e9es pr\u00e9c\u00e9dentes.\u00a0Cela n&rsquo;est que le d\u00e9but d&rsquo;une situation qui continue et empire avec les \u00e9v\u00e9nements de la d\u00e9faite et de l&rsquo;occupation.<br \/>\nApr\u00e8s la capitulation de la France, le statut des intern\u00e9s change.\u00a0Suite \u00e0 <a title=\"Annexe partie intern\u00e9s n\u00b02\" href=\"http:\/\/blogs.univ-jfc.fr\/campsdusudouest\/hommes-et-femmes-des-camps\/les-internes\/linstabilite-du-dispositif-dinternement\/annexe-partie-internes-n2\/\">l&rsquo;armistice<\/a> qui pr\u00e9voit le rapatriement par les Allemands de leurs ressortissants intern\u00e9s en France.\u00a0Leur gouvernement envoie des officiers pour les r\u00e9cup\u00e9rer.\u00a0Sur leurs commissions figure le nom de leurs propres hommes, qu&rsquo;ils soient des espions allemands ou des exil\u00e9s politiques.<\/p>\n<p style=\"text-align: justify\">P\u00e9tain obtient les pleins pouvoirs le 10 juillet 1940.\u00a0Au mois d&rsquo;ao\u00fbt de cette m\u00eame ann\u00e9e, il d\u00e9cide l&rsquo;internement et l&rsquo;exclusion des \u00abind\u00e9sirables\u00bb avec la dissolution des soci\u00e9t\u00e9s secr\u00e8tes et l&rsquo;arrestation de certains de leurs membres, en particulier les Franc-ma\u00e7ons d\u00e9sign\u00e9s comme potentiel danger.<br \/>\nDurant le mois de septembre 1940, de nombreux d\u00e9crets apparaissent.\u00a0Ils renforcent l&rsquo;internement des <a title=\"Annexes partie intern\u00e9s n\u00b02\" href=\"http:\/\/blogs.univ-jfc.fr\/campsdusudouest\/hommes-et-femmes-des-camps\/les-internes\/linstabilite-du-dispositif-dinternement\/annexe-partie-internes-n2\/\">\u00ab individus dangereux pour la s\u00e9curit\u00e9 nationale \u00bb<\/a>, des personnalit\u00e9s politiques\u00a0(gouvernement Daladier, membres du Front populaire qui sont consid\u00e9r\u00e9s comme responsables de la d\u00e9faite)\u00a0et des ressortissants alli\u00e9s tels que les habitants des pays membres du Commonwealth\u00a0(9 septembre 1940).\u00a0Avec l&rsquo;internement des ressortissants anciennement alli\u00e9s \u00e0 la France et donc ennemis \u00e0 l&rsquo;Allemagne, les communistes, encore li\u00e9s par le pacte Germano-sovi\u00e9tique, sont toujours arr\u00eat\u00e9s par le gouvernement fran\u00e7ais.<\/p>\n<p style=\"text-align: justify\">Par la suite, P\u00e9tain s&rsquo;inspire des innovations de ses pr\u00e9d\u00e9cesseurs pour promouvoir une vaste politique d&rsquo;exclusion et d&rsquo;internement administratif envers les Juifs et les \u00e9trangers.<\/p>\n<p style=\"text-align: justify\">\n","protected":false},"excerpt":{"rendered":"<p>Apr\u00e8s l&rsquo;\u00e9pisode de la\u00a0Retirada\u00a0et du gouvernement Daladier, la d\u00e9claration de guerre en\u00a0septembre\u00a01939 engendre un changement de la politique d&rsquo;internement et du profil des prisonniers. A partir de la\u00a0 \u00ab dr\u00f4le de guerre \u00bb et jusqu&rsquo;\u00e0 la d\u00e9faite de la France, &hellip; <a href=\"https:\/\/blogs.univ-jfc.fr\/campsdusudouest\/hommes-et-femmes-des-camps\/les-internes\/linstabilite-du-dispositif-dinternement\/\">Lire la suite <span class=\"meta-nav\">&rarr;<\/span><\/a><\/p>\n","protected":false},"author":202,"featured_media":0,"parent":119,"menu_order":0,"comment_status":"closed","ping_status":"open","template":"","meta":[],"_links":{"self":[{"href":"https:\/\/blogs.univ-jfc.fr\/campsdusudouest\/wp-json\/wp\/v2\/pages\/541"}],"collection":[{"href":"https:\/\/blogs.univ-jfc.fr\/campsdusudouest\/wp-json\/wp\/v2\/pages"}],"about":[{"href":"https:\/\/blogs.univ-jfc.fr\/campsdusudouest\/wp-json\/wp\/v2\/types\/page"}],"author":[{"embeddable":true,"href":"https:\/\/blogs.univ-jfc.fr\/campsdusudouest\/wp-json\/wp\/v2\/users\/202"}],"replies":[{"embeddable":true,"href":"https:\/\/blogs.univ-jfc.fr\/campsdusudouest\/wp-json\/wp\/v2\/comments?post=541"}],"version-history":[{"count":12,"href":"https:\/\/blogs.univ-jfc.fr\/campsdusudouest\/wp-json\/wp\/v2\/pages\/541\/revisions"}],"predecessor-version":[{"id":2749,"href":"https:\/\/blogs.univ-jfc.fr\/campsdusudouest\/wp-json\/wp\/v2\/pages\/541\/revisions\/2749"}],"up":[{"embeddable":true,"href":"https:\/\/blogs.univ-jfc.fr\/campsdusudouest\/wp-json\/wp\/v2\/pages\/119"}],"wp:attachment":[{"href":"https:\/\/blogs.univ-jfc.fr\/campsdusudouest\/wp-json\/wp\/v2\/media?parent=541"}],"curies":[{"name":"wp","href":"https:\/\/api.w.org\/{rel}","templated":true}]}}