{"id":546,"date":"2016-03-03T10:21:16","date_gmt":"2016-03-03T09:21:16","guid":{"rendered":"http:\/\/blogs.univ-jfc.fr\/campsdusudouest\/?page_id=546"},"modified":"2016-03-31T09:55:09","modified_gmt":"2016-03-31T08:55:09","slug":"appartenances-culturelles-et-religieuses","status":"publish","type":"page","link":"https:\/\/blogs.univ-jfc.fr\/campsdusudouest\/hommes-et-femmes-des-camps\/les-internes\/appartenances-culturelles-et-religieuses\/","title":{"rendered":"Appartenances culturelles et religieuses"},"content":{"rendered":"<p align=\"justify\"><span style=\"font-size: medium\">Les Juifs et les Tziganes sont parmi les premiers \u00e0 faire les frais de la nouvelle politique d&rsquo;exclusion men\u00e9e conjointement par Adolf Hitler et le gouvernement de Vichy.<\/span><\/p>\n<p align=\"justify\"><span style=\"font-size: medium\">\u00c0 la suite de la d\u00e9faite de la France contre l&rsquo;Allemagne, les Juifs sont les plus cibl\u00e9s par la <a title=\"Carte de l\u2019internement en France\" href=\"http:\/\/blogs.univ-jfc.fr\/campsdusudouest\/carte-de-linternement-en-france\/\" target=\"_blank\">politique d&rsquo;internement men\u00e9e par Vichy<\/a>. Dans un premier temps, ils sont mis en marge de la soci\u00e9t\u00e9 fran\u00e7aise au moyen d&rsquo;une pers\u00e9cution r\u00e9currente qui d\u00e9bute avec la parution d&rsquo;un d\u00e9cret-loi de juillet 1940 faisant perdre la nationalit\u00e9 fran\u00e7aise \u00e0 8000 Juifs, les rendant ainsi apatrides.<\/span><\/p>\n<p align=\"justify\"><span style=\"font-size: medium\"> \u00c0 la suite de cette mesure anti-juive, une ordonnance, dat\u00e9e de septembre 1940, \u00e9nonce les crit\u00e8res d&rsquo;appartenance \u00e0 la religion juive, et ordonne le recensement de cette population. Elle s&rsquo;accompagne \u00e9galement d&rsquo;une interdiction de quitter le territoire. Cela a entra\u00een\u00e9 la cr\u00e9ation de la loi du 3 octobre 1940, interdisant aux Juifs fran\u00e7ais d&rsquo;exercer certaines professions comme celles de fonctionnaire, d&rsquo;enseignant, de journaliste, etc. Par la suite, un encha\u00eenement de mesures restrictives \u00e0 leur encontre a particip\u00e9 \u00e0 leur exclusion, avec, par exemple le <a title=\"MEMOIRE JUIVE ET EDUCATION, loi du 2 juin 1941, Journal officiel du 14 juin (1941)\" href=\"http:\/\/d-d.natanson.pagesperso-orange.fr\/statut2.htm\" target=\"_blank\">\u00ab\u00a0Deuxi\u00e8me statut vichyste des Juifs\u00a0\u00bb<\/a><\/span><span style=\"font-size: medium\">. L&rsquo;importance du d\u00e9cret est telle qu&rsquo;elle autorise les pr\u00e9fets \u00e0 appliquer l&rsquo;internement administratif des Juifs de nationalit\u00e9 fran\u00e7aise.<\/span><\/p>\n<p align=\"justify\"><span style=\"font-size: medium\"> Ayant pour motifs leur \u00ab\u00a0culpabilit\u00e9\u00a0\u00bb dans la d\u00e9faite de la France et leur appartenance religieuse diff\u00e9rente, les Juifs fran\u00e7ais sont intern\u00e9s progressivement. Ces intern\u00e9s, au nombre de 40 000, sont r\u00e9partis dans des \u00ab\u00a0centres sp\u00e9ciaux\u00a0\u00bb, appel\u00e9s commun\u00e9ment des camps d&rsquo;internements, tel que celui de Gurs, o\u00f9 ils sont rejoints par les r\u00e9fugi\u00e9s juifs allemands.<\/span><\/p>\n<div id=\"attachment_781\" style=\"width: 310px\" class=\"wp-caption aligncenter\"><a href=\"http:\/\/blogs.univ-jfc.fr\/campsdusudouest\/wp-content\/uploads\/sites\/48\/2016\/03\/Photo-arrestation-dun-tzigane.png\"><img aria-describedby=\"caption-attachment-781\" loading=\"lazy\" class=\"size-medium wp-image-781   \" title=\"Source : http:\/\/www.cheminsdememoire.gouv.fr\/fr\/linternement-destsiganes-0\" alt=\"Fichage administratif d'un tzigane Demetrio au camp du R\u00e9c\u00e9b\u00e9dou datant du 03 juin 1944  Source : http:\/\/www.cheminsdememoire.gouv.fr\/fr\/linternement-destsiganes-0  \" src=\"http:\/\/blogs.univ-jfc.fr\/campsdusudouest\/wp-content\/uploads\/sites\/48\/2016\/03\/Photo-arrestation-dun-tzigane-300x200.png\" width=\"300\" height=\"200\" srcset=\"https:\/\/blogs.univ-jfc.fr\/campsdusudouest\/wp-content\/uploads\/sites\/48\/2016\/03\/Photo-arrestation-dun-tzigane-300x200.png 300w, https:\/\/blogs.univ-jfc.fr\/campsdusudouest\/wp-content\/uploads\/sites\/48\/2016\/03\/Photo-arrestation-dun-tzigane-448x300.png 448w, https:\/\/blogs.univ-jfc.fr\/campsdusudouest\/wp-content\/uploads\/sites\/48\/2016\/03\/Photo-arrestation-dun-tzigane.png 480w\" sizes=\"(max-width: 300px) 100vw, 300px\" \/><\/a><p id=\"caption-attachment-781\" class=\"wp-caption-text\">Fichage administratif d&rsquo;un tzigane Demetrio au camp du R\u00e9c\u00e9b\u00e9dou datant du 03 juin 1944<\/p><\/div>\n<p style=\"text-align: justify\"><span style=\"font-size: medium\">L&rsquo;internement est aussi le sort subi par les Tziganes, d&rsquo;abord per\u00e7us comme dangereux pour la s\u00e9curit\u00e9 nationale de par leur style de vie nomade. Ensuite, ils sont consid\u00e9r\u00e9s par le gouvernement comme des espions ennemis du fait de leurs d\u00e9placements incessants \u00e0 travers le territoire fran\u00e7ais. Le fait qu&rsquo;ils n&rsquo;aient pas de travail stable font d&rsquo;eux des \u00ab\u00a0bouches inutiles\u00a0\u00bb ce qui les rend encore plus \u00ab\u00a0ind\u00e9sirables\u00a0\u00bb pour le gouvernement. Cela constitue les principaux motifs de leur pers\u00e9cution.<\/span><\/p>\n<p style=\"text-align: justify\" align=\"justify\"><span style=\"font-size: medium\"> D\u00e9j\u00e0 en possession d&rsquo;un carnet anthropom\u00e9trique, permettant de les identifier et de les recenser depuis 1912, ils sont, \u00e0 partir d&rsquo;octobre 1939 interdits de circulation. Au d\u00e9part, cette interdiction est effective sur certains d\u00e9partements de l&rsquo;Ouest de la France puis sur l&rsquo;ensemble du territoire fran\u00e7ais \u00e0 partir du <a title=\"Loi du 6 avril 1940 concernant le statut des Tziganes\" href=\"http:\/\/blogs.univ-jfc.fr\/campsdusudouest\/loi-du-6-avril-1940-concernant-le-statut-des-tziganes\/\" target=\"_blank\">6 avril 1940<\/a><a href=\"#sdfootnote2sym\" name=\"sdfootnote2anc\"><\/a> jusqu&rsquo;\u00e0 la fin de la guerre. Cette m\u00eame loi a amen\u00e9 l&rsquo;assignation \u00e0 r\u00e9sidence des Tziganes sous surveillance polici\u00e8re. Chaque \u00ab\u00a0groupe\u00a0\u00bb de nomades \u00e9tant sous la responsabilit\u00e9 d&rsquo;une brigade, ils ont la permission de circuler uniquement dans la zone autoris\u00e9e par celle-ci.<\/span><\/p>\n<div id=\"attachment_986\" style=\"width: 310px\" class=\"wp-caption aligncenter\"><a href=\"http:\/\/blogs.univ-jfc.fr\/campsdusudouest\/wp-content\/uploads\/sites\/48\/2016\/03\/CampDeBeauDesertMerignac.jpg\"><img aria-describedby=\"caption-attachment-986\" loading=\"lazy\" class=\"size-medium wp-image-986  \" title=\"Source : http:\/\/claude.torres1.perso.sfr.fr\/GhettosCamps\/Internement\/France\/CampDeBeauDesertMerignac_Leruste.html\" alt=\"Camp de M\u00e9rignac-Beaud\u00e9sert. Source : http:\/\/claude.torres1.perso.sfr.fr\/GhettosCamps\/Internement\/France\/CampDeBeauDesertMerignac_Leruste.html   \" src=\"http:\/\/blogs.univ-jfc.fr\/campsdusudouest\/wp-content\/uploads\/sites\/48\/2016\/03\/CampDeBeauDesertMerignac-300x224.jpg\" width=\"300\" height=\"224\" srcset=\"https:\/\/blogs.univ-jfc.fr\/campsdusudouest\/wp-content\/uploads\/sites\/48\/2016\/03\/CampDeBeauDesertMerignac-300x224.jpg 300w, https:\/\/blogs.univ-jfc.fr\/campsdusudouest\/wp-content\/uploads\/sites\/48\/2016\/03\/CampDeBeauDesertMerignac-401x300.jpg 401w, https:\/\/blogs.univ-jfc.fr\/campsdusudouest\/wp-content\/uploads\/sites\/48\/2016\/03\/CampDeBeauDesertMerignac.jpg 575w\" sizes=\"(max-width: 300px) 100vw, 300px\" \/><\/a><p id=\"caption-attachment-986\" class=\"wp-caption-text\">Camp de M\u00e9rignac-Beaud\u00e9sert.<\/p><\/div>\n<p style=\"text-align: justify\" align=\"justify\"><span style=\"font-size: medium\"> Les Tziganes ont \u00e9t\u00e9 intern\u00e9s, sur initiative des Allemands qui ont souhait\u00e9 impliquer les Fran\u00e7ais dans leur \u00e9puration. Cependant, l&rsquo;ordonnance rendant l&rsquo;internement des Tziganes obligatoire a \u00e9t\u00e9 volontairement appliqu\u00e9e par le r\u00e9gime de Vichy le 4 octobre 1940. Ils ont \u00e9t\u00e9 intern\u00e9s dans des camps d&rsquo;internement, tel celui de M\u00e9rignac-Beau-Desert, qui a accueilli jusqu&rsquo;\u00e0 320 Tziganes. Ces derniers ont \u00e9t\u00e9 par la suite transf\u00e9r\u00e9s dans des camps d&rsquo;Indre et Loire, tels que la Lande et la Mollerie.<\/span><\/p>\n<p>&nbsp;<\/p>\n","protected":false},"excerpt":{"rendered":"<p>Les Juifs et les Tziganes sont parmi les premiers \u00e0 faire les frais de la nouvelle politique d&rsquo;exclusion men\u00e9e conjointement par Adolf Hitler et le gouvernement de Vichy. \u00c0 la suite de la d\u00e9faite de la France contre l&rsquo;Allemagne, les &hellip; <a href=\"https:\/\/blogs.univ-jfc.fr\/campsdusudouest\/hommes-et-femmes-des-camps\/les-internes\/appartenances-culturelles-et-religieuses\/\">Lire la suite <span class=\"meta-nav\">&rarr;<\/span><\/a><\/p>\n","protected":false},"author":191,"featured_media":0,"parent":119,"menu_order":0,"comment_status":"closed","ping_status":"open","template":"","meta":[],"_links":{"self":[{"href":"https:\/\/blogs.univ-jfc.fr\/campsdusudouest\/wp-json\/wp\/v2\/pages\/546"}],"collection":[{"href":"https:\/\/blogs.univ-jfc.fr\/campsdusudouest\/wp-json\/wp\/v2\/pages"}],"about":[{"href":"https:\/\/blogs.univ-jfc.fr\/campsdusudouest\/wp-json\/wp\/v2\/types\/page"}],"author":[{"embeddable":true,"href":"https:\/\/blogs.univ-jfc.fr\/campsdusudouest\/wp-json\/wp\/v2\/users\/191"}],"replies":[{"embeddable":true,"href":"https:\/\/blogs.univ-jfc.fr\/campsdusudouest\/wp-json\/wp\/v2\/comments?post=546"}],"version-history":[{"count":26,"href":"https:\/\/blogs.univ-jfc.fr\/campsdusudouest\/wp-json\/wp\/v2\/pages\/546\/revisions"}],"predecessor-version":[{"id":1728,"href":"https:\/\/blogs.univ-jfc.fr\/campsdusudouest\/wp-json\/wp\/v2\/pages\/546\/revisions\/1728"}],"up":[{"embeddable":true,"href":"https:\/\/blogs.univ-jfc.fr\/campsdusudouest\/wp-json\/wp\/v2\/pages\/119"}],"wp:attachment":[{"href":"https:\/\/blogs.univ-jfc.fr\/campsdusudouest\/wp-json\/wp\/v2\/media?parent=546"}],"curies":[{"name":"wp","href":"https:\/\/api.w.org\/{rel}","templated":true}]}}