{"id":583,"date":"2016-03-03T10:31:36","date_gmt":"2016-03-03T09:31:36","guid":{"rendered":"http:\/\/blogs.univ-jfc.fr\/campsdusudouest\/?page_id=583"},"modified":"2016-03-31T10:04:33","modified_gmt":"2016-03-31T09:04:33","slug":"les-refugies-et-les-prisonniers-politiques","status":"publish","type":"page","link":"https:\/\/blogs.univ-jfc.fr\/campsdusudouest\/hommes-et-femmes-des-camps\/les-internes\/les-refugies-et-les-prisonniers-politiques\/","title":{"rendered":"Les r\u00e9fugi\u00e9s et les prisonniers politiques"},"content":{"rendered":"<p align=\"justify\">Les camps de la Troisi\u00e8me R\u00e9publique, mis en place par le gouvernement de Daladier, ont pour fonction d&rsquo;accueillir les r\u00e9fugi\u00e9s politiques des pays voisins (Espagne, Allemagne, Italie). En 1938, lors de la <a title=\"Le gouvernement Daladier et les \u00e9trangers\" href=\"http:\/\/blogs.univ-jfc.fr\/campsdusudouest\/hommes-et-femmes-des-camps\/les-internes\/le-gouvernement-daladier-et-les-etrangers\/\" target=\"_blank\">R\u00e9tirade\u00a0<\/a>des milliers de r\u00e9publicains espagnols viennent se r\u00e9fugier en France. N\u00e9anmoins, les r\u00e9fugi\u00e9s \u00e9tant devenus trop nombreux sur le sol fran\u00e7ais, les camps ont pour but de r\u00e9pondre \u00e0 une logique exceptionnelle de guerre. En effet, les fronti\u00e8res fran\u00e7aises sont ouvertes aux r\u00e9publicains espagnols mais la situation \u00e9tant devenue ing\u00e9rable, le gouvernement de Daladier met en place l&rsquo;internement administratif de tout \u00e9tranger devenu \u00ab\u00a0ind\u00e9sirable\u00a0\u00bb. Vichy ne fait que normaliser et g\u00e9n\u00e9raliser cette tendance. C&rsquo;est donc pour ces raisons que les r\u00e9publicains espagnols ont \u00e9t\u00e9 intern\u00e9s dans les camps d&rsquo;internement du Sud-Ouest de la France. Ils passent ainsi du statut de r\u00e9fugi\u00e9s au statut de prisonniers politiques. D&rsquo;autre part, les immigr\u00e9s provenant d&rsquo;autres pays que l&rsquo;Espagne comme les Allemands anti-nazis ont subi le m\u00eame sort et ont \u00e9t\u00e9 intern\u00e9s en tant que r\u00e9fugi\u00e9s politiques.<\/p>\n<div id=\"attachment_3821\" style=\"width: 310px\" class=\"wp-caption aligncenter\"><a href=\"http:\/\/blogs.univ-jfc.fr\/campsdusudouest\/wp-content\/uploads\/sites\/48\/2016\/03\/L-Independant-r\u00e9fugi\u00e9s-espagnol.jpg\"><img aria-describedby=\"caption-attachment-3821\" loading=\"lazy\" class=\"size-medium wp-image-3821 \" title=\"Source : http:\/\/www.le-blog-de-roger-colombier.com\/article-fermez-la-harlem-desir-114762543.html\" alt=\"L-Independant-r\u00e9fugi\u00e9s espagnol\" src=\"http:\/\/blogs.univ-jfc.fr\/campsdusudouest\/wp-content\/uploads\/sites\/48\/2016\/03\/L-Independant-r\u00e9fugi\u00e9s-espagnol-300x225.jpg\" width=\"300\" height=\"225\" srcset=\"https:\/\/blogs.univ-jfc.fr\/campsdusudouest\/wp-content\/uploads\/sites\/48\/2016\/03\/L-Independant-r\u00e9fugi\u00e9s-espagnol-300x225.jpg 300w, https:\/\/blogs.univ-jfc.fr\/campsdusudouest\/wp-content\/uploads\/sites\/48\/2016\/03\/L-Independant-r\u00e9fugi\u00e9s-espagnol-400x300.jpg 400w, https:\/\/blogs.univ-jfc.fr\/campsdusudouest\/wp-content\/uploads\/sites\/48\/2016\/03\/L-Independant-r\u00e9fugi\u00e9s-espagnol.jpg 720w\" sizes=\"(max-width: 300px) 100vw, 300px\" \/><\/a><p id=\"caption-attachment-3821\" class=\"wp-caption-text\">Une de l&rsquo;Ind\u00e9pendant montrant l&rsquo;afflux important de r\u00e9fugi\u00e9s espagnols sur le sol fran\u00e7ais<\/p><\/div>\n<p align=\"justify\">Il est ici important de distinguer r\u00e9fugi\u00e9s politiques et prisonniers politiques. En effet, les r\u00e9fugi\u00e9s politiques qui fuient le r\u00e9gime en place dans leur pays d&rsquo;origine deviennent sous Vichy des \u00ab\u00a0ind\u00e9sirables\u00a0\u00bb. Ainsi, ils deviennent des prisonniers de guerre, comme c&rsquo;est le cas des r\u00e9publicains espagnols. En revanche, les prisonniers politiques sont des individus d\u00e9sign\u00e9s d&rsquo;office par P\u00e9tain comme des opposants au r\u00e9gime ou comme des individus repr\u00e9sentant une menace pour l&rsquo;ordre \u00e9tabli. Les opposants politiques regroupent donc des membres du <a title=\"Internement des membres du gouvernement Daladier\" href=\"http:\/\/blogs.univ-jfc.fr\/campsdusudouest\/internement-des-membres-du-gouvernement-daladier\/\" target=\"_blank\">gouvernement de Daladier, du Front Populaire<\/a>\u00a0et des r\u00e9sistants. En effet, apr\u00e8s la mise en place du r\u00e9gime de Vichy, ces opposants sont d\u00e9sign\u00e9s comme les responsables de la d\u00e9faite et sont intern\u00e9s \u00e0 ce titre dans les camps d&rsquo;internement par le gouvernement p\u00e9tainiste. En effet, l&rsquo;acte constitutionnel du 30 juillet 1940 instaure une \u00ab\u00a0Cour Supr\u00eame de Justice\u00a0\u00bb dont le but est de juger les anciens ministres et leurs collaborateurs ayant \u00ab\u00a0commis des crimes ou des d\u00e9lits dans l&rsquo;exercice ou \u00e0 l&rsquo;occasion de leurs fonctions ou d&rsquo;avoir trahi les devoirs de leurs charges\u00a0\u00bb (<a title=\"Bibliographie G\u00e9n\u00e9rale\" href=\"http:\/\/blogs.univ-jfc.fr\/campsdusudouest\/bibliographie-generale\/\" target=\"_blank\">Elisabeth de R\u00e9au<\/a>)<a href=\"#sdfootnote3sym\" name=\"sdfootnote3anc\"><\/a>.<\/p>\n<p align=\"justify\">D&rsquo;autre part, la mise en place du r\u00e9gime de Vichy a provoqu\u00e9 en France un mouvement (certes minoritaire) de r\u00e9sistance \u00e0 la politique collaboratrice du gouvernement p\u00e9tainiste. Les r\u00e9sistants sont compos\u00e9s de personnes de tous les milieux sociaux et culturels. Les femmes sont \u00e9galement nombreuses \u00e0 participer \u00e0 la R\u00e9sistance comme cela a \u00e9t\u00e9 le cas de <a title=\"Portrait de Laurette Alexis-Monet\" href=\"http:\/\/blogs.univ-jfc.fr\/campsdusudouest\/portrait-de-laurette-alexis-monet\/\" target=\"_blank\">Laurette Alexis-Monet<\/a><a href=\"#sdfootnote4sym\" name=\"sdfootnote4anc\"><\/a>. Toutefois, la R\u00e9sistance est fortement r\u00e9prim\u00e9e par le r\u00e9gime de Vichy, car elle porte atteinte \u00e0 son id\u00e9ologie et sa l\u00e9gitimit\u00e9. En effet, leurs actions allant \u00e0 l&rsquo;encontre du syst\u00e8me collaboratif en ont fait des victimes de la politique d&rsquo;exclusion men\u00e9e par Vichy. Les r\u00e9sistants sont donc s\u00e9v\u00e8rement chass\u00e9s, intern\u00e9s et tortur\u00e9s dans les camps pour motif d&rsquo;opposants au r\u00e9gime.<\/p>\n<div id=\"attachment_1233\" style=\"width: 290px\" class=\"wp-caption aligncenter\"><a href=\"http:\/\/blogs.univ-jfc.fr\/campsdusudouest\/wp-content\/uploads\/sites\/48\/2016\/03\/Camp_de_Gurs_panneau_m\u00e9moriel_1980.jpg\"><img aria-describedby=\"caption-attachment-1233\" loading=\"lazy\" class=\"size-full wp-image-1233\" title=\"Source : https:\/\/fr.wikipedia.org\/wiki\/Camp_de_Gurs#\/media\/File:Camp_de_Gurs_panneau_m%C3%A9moriel_1980.jpg\" alt=\"Camp_de_Gurs_panneau_m\u00e9moriel_1980\" src=\"http:\/\/blogs.univ-jfc.fr\/campsdusudouest\/wp-content\/uploads\/sites\/48\/2016\/03\/Camp_de_Gurs_panneau_m\u00e9moriel_1980.jpg\" width=\"280\" height=\"199\" \/><\/a><p id=\"caption-attachment-1233\" class=\"wp-caption-text\">Panneau m\u00e9moriel du camp de Gurs datant de 1980.<\/p><\/div>\n<p align=\"justify\">Concernant la r\u00e9partition des r\u00e9fugi\u00e9s et prisonniers politiques dans les camps du Sud-Ouest de la France, on note que la plupart du temps ceux-ci sont regroup\u00e9s \u00e0 l&rsquo;int\u00e9rieur de <a title=\"La sp\u00e9cialisation des camps\" href=\"http:\/\/blogs.univ-jfc.fr\/campsdusudouest\/la-specialisation-des-camps\/\" target=\"_blank\">camps dit \u00ab\u00a0mixtes\u00a0\u00bb<\/a><a href=\"#sdfootnote5sym\" name=\"sdfootnote5anc\"><\/a>, c&rsquo;est-\u00e0-dire regroupant des prisonniers de nationalit\u00e9s et d&rsquo;appartenances diff\u00e9rentes. Le camp de Gurs dans les Basses Pyr\u00e9n\u00e9es est un parfait exemple de camp \u00ab\u00a0mixte\u00a0\u00bb car il regroupe quatre groupes d&rsquo;intern\u00e9s\u00a0: des r\u00e9publicains espagnols, des membres des brigades internationales venus en aide aux Espagnols, des Juifs \u00e9trangers ainsi que des militants politiques. Le nombre total de prisonniers d\u00e9tenus dans ce camp s&rsquo;\u00e9l\u00e8ve \u00e0 environ 36350 intern\u00e9s entre avril 1939 et d\u00e9cembre 1945. En revanche, le camp de Septfonds a la fonction plus sp\u00e9cifique de regrouper les r\u00e9publicains espagnols, puis \u00e0 partir de mai 1942 les individus faisant partie du <a title=\"Les compagnies de travailleurs (CTE) et les groupements de travailleurs \u00e9trangers (GTE)\" href=\"http:\/\/blogs.univ-jfc.fr\/campsdusudouest\/les-compagnies-de-travailleurs-cte-et-les-groupements-de-travailleurs-etrangers-gte\/\">302<sup>e<\/sup> groupe de travailleurs \u00e9trangers (GTE)<\/a><a href=\"#sdfootnote6sym\" name=\"sdfootnote6anc\"><\/a>.<\/p>\n<div id=\"sdfootnote1\">\n<p><a href=\"#sdfootnote1anc\" name=\"sdfootnote1sym\"><\/a><a href=\"#sdfootnote2anc\" name=\"sdfootnote2sym\"><\/a><\/p>\n<\/div>\n<div id=\"sdfootnote3\">\n<p><a href=\"#sdfootnote3anc\" name=\"sdfootnote3sym\"><\/a><a href=\"#sdfootnote4anc\" name=\"sdfootnote4sym\"><\/a><\/p>\n<\/div>\n<div id=\"sdfootnote5\">\n<p><a href=\"#sdfootnote5anc\" name=\"sdfootnote5sym\"><\/a><a href=\"#sdfootnote6anc\" name=\"sdfootnote6sym\"><\/a><\/p>\n<\/div>\n","protected":false},"excerpt":{"rendered":"<p>Les camps de la Troisi\u00e8me R\u00e9publique, mis en place par le gouvernement de Daladier, ont pour fonction d&rsquo;accueillir les r\u00e9fugi\u00e9s politiques des pays voisins (Espagne, Allemagne, Italie). En 1938, lors de la R\u00e9tirade\u00a0des milliers de r\u00e9publicains espagnols viennent se r\u00e9fugier &hellip; <a href=\"https:\/\/blogs.univ-jfc.fr\/campsdusudouest\/hommes-et-femmes-des-camps\/les-internes\/les-refugies-et-les-prisonniers-politiques\/\">Lire la suite <span class=\"meta-nav\">&rarr;<\/span><\/a><\/p>\n","protected":false},"author":191,"featured_media":0,"parent":119,"menu_order":0,"comment_status":"closed","ping_status":"open","template":"","meta":[],"_links":{"self":[{"href":"https:\/\/blogs.univ-jfc.fr\/campsdusudouest\/wp-json\/wp\/v2\/pages\/583"}],"collection":[{"href":"https:\/\/blogs.univ-jfc.fr\/campsdusudouest\/wp-json\/wp\/v2\/pages"}],"about":[{"href":"https:\/\/blogs.univ-jfc.fr\/campsdusudouest\/wp-json\/wp\/v2\/types\/page"}],"author":[{"embeddable":true,"href":"https:\/\/blogs.univ-jfc.fr\/campsdusudouest\/wp-json\/wp\/v2\/users\/191"}],"replies":[{"embeddable":true,"href":"https:\/\/blogs.univ-jfc.fr\/campsdusudouest\/wp-json\/wp\/v2\/comments?post=583"}],"version-history":[{"count":17,"href":"https:\/\/blogs.univ-jfc.fr\/campsdusudouest\/wp-json\/wp\/v2\/pages\/583\/revisions"}],"predecessor-version":[{"id":4312,"href":"https:\/\/blogs.univ-jfc.fr\/campsdusudouest\/wp-json\/wp\/v2\/pages\/583\/revisions\/4312"}],"up":[{"embeddable":true,"href":"https:\/\/blogs.univ-jfc.fr\/campsdusudouest\/wp-json\/wp\/v2\/pages\/119"}],"wp:attachment":[{"href":"https:\/\/blogs.univ-jfc.fr\/campsdusudouest\/wp-json\/wp\/v2\/media?parent=583"}],"curies":[{"name":"wp","href":"https:\/\/api.w.org\/{rel}","templated":true}]}}