{"id":586,"date":"2016-03-03T10:29:57","date_gmt":"2016-03-03T09:29:57","guid":{"rendered":"http:\/\/blogs.univ-jfc.fr\/campsdusudouest\/?page_id=586"},"modified":"2016-03-31T07:56:31","modified_gmt":"2016-03-31T06:56:31","slug":"lincompetence-des-gardiens","status":"publish","type":"page","link":"https:\/\/blogs.univ-jfc.fr\/campsdusudouest\/hommes-et-femmes-des-camps\/le-personnel-des-camps\/lincompetence-des-gardiens\/","title":{"rendered":"L&rsquo;incomp\u00e9tence des gardiens"},"content":{"rendered":"<div id=\"attachment_1272\" style=\"width: 310px\" class=\"wp-caption alignleft\"><a href=\"http:\/\/blogs.univ-jfc.fr\/campsdusudouest\/wp-content\/uploads\/sites\/48\/2016\/03\/internement-au-camp-dargel\u00e8s.jpg\"><img aria-describedby=\"caption-attachment-1272\" loading=\"lazy\" class=\"size-medium wp-image-1272   \" title=\"Source: Site Du m\u00e9morial du Camp d'Argel\u00e8s-sur-Mer.\" alt=\"Internement du camp d'Argel\u00e8s-sur-Mer - Gendarmes fran\u00e7ais qui surveillent les intern\u00e9s du Camp d'Argel\u00e8s-sur-Mer.\" src=\"http:\/\/blogs.univ-jfc.fr\/campsdusudouest\/wp-content\/uploads\/sites\/48\/2016\/03\/internement-au-camp-dargel\u00e8s-300x201.jpg\" width=\"300\" height=\"201\" srcset=\"https:\/\/blogs.univ-jfc.fr\/campsdusudouest\/wp-content\/uploads\/sites\/48\/2016\/03\/internement-au-camp-dargel\u00e8s-300x201.jpg 300w, https:\/\/blogs.univ-jfc.fr\/campsdusudouest\/wp-content\/uploads\/sites\/48\/2016\/03\/internement-au-camp-dargel\u00e8s-446x300.jpg 446w, https:\/\/blogs.univ-jfc.fr\/campsdusudouest\/wp-content\/uploads\/sites\/48\/2016\/03\/internement-au-camp-dargel\u00e8s.jpg 800w\" sizes=\"(max-width: 300px) 100vw, 300px\" \/><\/a><p id=\"caption-attachment-1272\" class=\"wp-caption-text\">Internement du camp d&rsquo;Argel\u00e8s-sur-Mer &#8211; Gendarmes fran\u00e7ais qui surveillent les intern\u00e9s du Camp d&rsquo;Argel\u00e8s-sur-Mer.<\/p><\/div>\n<p align=\"justify\">Le recrutement mis en place par Vichy ne permet pas de former un personnel comp\u00e9tent car les populations intern\u00e9es ont aussi pour objectif de s&rsquo;\u00e9vader par tous les moyens possibles.<\/p>\n<p align=\"justify\">M\u00eame si l&rsquo;administration propose \u00e0 chaque camp de mettre en place une formation, celle-ci n&rsquo;est pas organis\u00e9e partout. Nombreux sont les chefs de camps qui n&rsquo;ont pas les moyens ou les capacit\u00e9s d&rsquo;appliquer toutes les volont\u00e9s administratives. Et quand les formations sont mises en place, elles sont insuffisantes et pas forc\u00e9ment en lien avec le travail que doit effectuer le personnel (on y enseigne le fran\u00e7ais ou encore l&rsquo;histoire) car les enseignements pratiques et plus appropri\u00e9s ne sont pas majoritaires. Par cons\u00e9quent le personnel est peu form\u00e9. D&rsquo;ailleurs, la plupart sont de simples civils, ce qui rend la surveillance des camps plus difficile.<\/p>\n<p align=\"justify\">Ainsi, on observe que dans les camps apparaissent des <a title=\"Tableau de la dur\u00e9e d\u2019emploi au camp\" href=\"http:\/\/blogs.univ-jfc.fr\/campsdusudouest\/hommes-et-femmes-des-camps\/le-personnel-des-camps\/un-systeme-de-surveillance-defaillant\/tableau-de-la-duree-demploi-au-camp\/\">actes ill\u00e9gaux<\/a>. Par exemple des \u00e9vasions qui se produisent au cr\u00e9dit du personnel qui n&rsquo;est pas suffisamment pr\u00e9par\u00e9 \u00e0 lutter contre ces ph\u00e9nom\u00e8nes. Plusieurs t\u00e9moignages en attestent, le personnel n&rsquo;arrive pas \u00e0 contrecarrer les march\u00e9s noirs, les \u00e9vasions (cependant peu nombreuses) et les trafics en tout genre. En effet, les populations, pour am\u00e9liorer un quotidien difficile, ach\u00e8tent des biens que le camp ne fournit pas. C&rsquo;est notamment le cas \u00e0 Gurs, camp du B\u00e9arn qui voit fleurir un <a title=\"Le march\u00e9 noir de Gurs\" href=\"http:\/\/blogs.univ-jfc.fr\/campsdusudouest\/le-marche-noir-de-gurs\/\">des march\u00e9s noirs<\/a> les plus prosp\u00e8res et importants du Sud-Ouest. De plus, au fur et \u00e0 mesure que le temps passe, le personnel prend le parti des intern\u00e9s en faisant lui-m\u00eame partie de ces actes ill\u00e9gaux, qu&rsquo;ils soient plus ou moins graves. Dans les camps de femmes, les surveillantes font passer de la laine ou encore des biens pour limiter l&rsquo;ennui. Il faut tout de m\u00eame relativiser, tous les gardiens ne prennent pas part \u00e0 ce genre de pratiques et certains sont irr\u00e9prochables, m\u00eame si une majorit\u00e9 n&rsquo;ont pas choisi d&rsquo;\u00eatre incorpor\u00e9s au personnel des camps et qu&rsquo;ils sont souvent peu impliqu\u00e9s dans leurs t\u00e2ches.<\/p>\n<div id=\"attachment_1080\" style=\"width: 310px\" class=\"wp-caption alignright\"><a href=\"http:\/\/blogs.univ-jfc.fr\/campsdusudouest\/wp-content\/uploads\/sites\/48\/2016\/03\/Un-gendarme-mobile-encadrant-le-de\u0301placement-des-Re\u0301publicains-espagnols-personnel-des-camps.jpg\"><img aria-describedby=\"caption-attachment-1080\" loading=\"lazy\" class=\"size-medium wp-image-1080         \" title=\"Source : http:\/\/www.eclectique.net\/histoires_histoire\/themes5.html\" alt=\"Un gendarme mobile seul pour encadrer le de\u0301placement des Re\u0301publicains espagnols.\" src=\"http:\/\/blogs.univ-jfc.fr\/campsdusudouest\/wp-content\/uploads\/sites\/48\/2016\/03\/Un-gendarme-mobile-encadrant-le-de\u0301placement-des-Re\u0301publicains-espagnols-personnel-des-camps-300x206.jpg\" width=\"300\" height=\"206\" srcset=\"https:\/\/blogs.univ-jfc.fr\/campsdusudouest\/wp-content\/uploads\/sites\/48\/2016\/03\/Un-gendarme-mobile-encadrant-le-de\u0301placement-des-Re\u0301publicains-espagnols-personnel-des-camps-300x206.jpg 300w, https:\/\/blogs.univ-jfc.fr\/campsdusudouest\/wp-content\/uploads\/sites\/48\/2016\/03\/Un-gendarme-mobile-encadrant-le-de\u0301placement-des-Re\u0301publicains-espagnols-personnel-des-camps-436x300.jpg 436w, https:\/\/blogs.univ-jfc.fr\/campsdusudouest\/wp-content\/uploads\/sites\/48\/2016\/03\/Un-gendarme-mobile-encadrant-le-de\u0301placement-des-Re\u0301publicains-espagnols-personnel-des-camps.jpg 500w\" sizes=\"(max-width: 300px) 100vw, 300px\" \/><\/a><p id=\"caption-attachment-1080\" class=\"wp-caption-text\">Un gendarme mobile seul pour encadrer le de\u0301placement des Re\u0301publicains espagnols.<\/p><\/div>\n<p align=\"justify\">Cette incomp\u00e9tence doit aussi \u00eatre compl\u00e9t\u00e9e par un autre facteur, il s&rsquo;agit de la difficult\u00e9 du m\u00e9tier de surveillance des camps. En effet, de par le manque de comp\u00e9tence et des situations de sous-effectif constantes, garder les camps devient une t\u00e2che difficile. Les directives de l&rsquo;administration ne rendent pas ces situations plus faciles, bien au contraire, ainsi les employ\u00e9s doivent respecter un r\u00e8glement drastique sous peine de lourdes sanctions. On peut citer l&rsquo;interdiction de parler entre employ\u00e9s ou bien de s&rsquo;asseoir. La motivation est donc un facteur cl\u00e9 pour r\u00e9ussir, seulement le salaire vers\u00e9 reste tr\u00e8s en dessous des moyennes de l&rsquo;\u00e9poque avec en plus des difficult\u00e9s pour se loger. Tous ces param\u00e8tres font que Vichy ne se donne pas les moyens de garder correctement ses camps et que ses ambitions ne peuvent \u00eatre remplies avec les moyens qu&rsquo;il donne.<\/p>\n<p align=\"justify\">\n","protected":false},"excerpt":{"rendered":"<p>Le recrutement mis en place par Vichy ne permet pas de former un personnel comp\u00e9tent car les populations intern\u00e9es ont aussi pour objectif de s&rsquo;\u00e9vader par tous les moyens possibles. M\u00eame si l&rsquo;administration propose \u00e0 chaque camp de mettre en &hellip; <a href=\"https:\/\/blogs.univ-jfc.fr\/campsdusudouest\/hommes-et-femmes-des-camps\/le-personnel-des-camps\/lincompetence-des-gardiens\/\">Lire la suite <span class=\"meta-nav\">&rarr;<\/span><\/a><\/p>\n","protected":false},"author":122,"featured_media":0,"parent":117,"menu_order":0,"comment_status":"closed","ping_status":"open","template":"","meta":[],"_links":{"self":[{"href":"https:\/\/blogs.univ-jfc.fr\/campsdusudouest\/wp-json\/wp\/v2\/pages\/586"}],"collection":[{"href":"https:\/\/blogs.univ-jfc.fr\/campsdusudouest\/wp-json\/wp\/v2\/pages"}],"about":[{"href":"https:\/\/blogs.univ-jfc.fr\/campsdusudouest\/wp-json\/wp\/v2\/types\/page"}],"author":[{"embeddable":true,"href":"https:\/\/blogs.univ-jfc.fr\/campsdusudouest\/wp-json\/wp\/v2\/users\/122"}],"replies":[{"embeddable":true,"href":"https:\/\/blogs.univ-jfc.fr\/campsdusudouest\/wp-json\/wp\/v2\/comments?post=586"}],"version-history":[{"count":14,"href":"https:\/\/blogs.univ-jfc.fr\/campsdusudouest\/wp-json\/wp\/v2\/pages\/586\/revisions"}],"predecessor-version":[{"id":747,"href":"https:\/\/blogs.univ-jfc.fr\/campsdusudouest\/wp-json\/wp\/v2\/pages\/586\/revisions\/747"}],"up":[{"embeddable":true,"href":"https:\/\/blogs.univ-jfc.fr\/campsdusudouest\/wp-json\/wp\/v2\/pages\/117"}],"wp:attachment":[{"href":"https:\/\/blogs.univ-jfc.fr\/campsdusudouest\/wp-json\/wp\/v2\/media?parent=586"}],"curies":[{"name":"wp","href":"https:\/\/api.w.org\/{rel}","templated":true}]}}