{"id":667,"date":"2016-03-10T09:40:14","date_gmt":"2016-03-10T08:40:14","guid":{"rendered":"http:\/\/blogs.univ-jfc.fr\/campsdusudouest\/?page_id=667"},"modified":"2016-04-01T10:31:45","modified_gmt":"2016-04-01T09:31:45","slug":"introduction-camp-de-noe","status":"publish","type":"page","link":"https:\/\/blogs.univ-jfc.fr\/campsdusudouest\/introduction-camp-de-noe\/","title":{"rendered":"Introduction &#8211; Camp de No\u00e9"},"content":{"rendered":"<div id=\"attachment_715\" style=\"width: 346px\" class=\"wp-caption alignright\"><a href=\"http:\/\/blogs.univ-jfc.fr\/campsdusudouest\/wp-content\/uploads\/sites\/48\/2016\/03\/no\u00e9.png\"><img aria-describedby=\"caption-attachment-715\" loading=\"lazy\" class=\"wp-image-715 \" alt=\"Vue du camp de No\u00e9 depuis l'\u00e9glise\" src=\"http:\/\/blogs.univ-jfc.fr\/campsdusudouest\/wp-content\/uploads\/sites\/48\/2016\/03\/no\u00e9.png\" width=\"336\" height=\"195\" srcset=\"https:\/\/blogs.univ-jfc.fr\/campsdusudouest\/wp-content\/uploads\/sites\/48\/2016\/03\/no\u00e9.png 600w, https:\/\/blogs.univ-jfc.fr\/campsdusudouest\/wp-content\/uploads\/sites\/48\/2016\/03\/no\u00e9-300x174.png 300w, https:\/\/blogs.univ-jfc.fr\/campsdusudouest\/wp-content\/uploads\/sites\/48\/2016\/03\/no\u00e9-500x290.png 500w\" sizes=\"(max-width: 336px) 100vw, 336px\" \/><\/a><p id=\"caption-attachment-715\" class=\"wp-caption-text\">Photographie du camp de No\u00e9 prise depuis l&rsquo;\u00e9glise en 1947<\/p><\/div>\n<p style=\"text-align: justify\"><span style=\"font-family: Times New Roman,serif\"><span style=\"font-size: medium\"><span style=\"font-size: medium\">Pour museler la presse \u00e9trang\u00e8re d\u00e9non\u00e7ant les conditions de vie dans les camps, le minist\u00e8re de la guerre cr\u00e9e \u00ab<\/span><span style=\"color: #000000\"><span style=\"font-size: medium\">\u00a0<a title=\"Am\u00e9nagement du camp de No\u00e9\" href=\"http:\/\/blogs.univ-jfc.fr\/campsdusudouest\/amenagement-du-camp-de-noe\/\">Le camp de s\u00e9jour surveill\u00e9 de No\u00e9<\/a>\u00a0\u00bb<\/span><\/span><span style=\"font-size: medium\">, jumeau de celui du R\u00e9c\u00e9b\u00e9dou, situ\u00e9 \u00e0 Portet-sur-Garonne, exempt de toutes critiques sur l&rsquo;arbitraire des internements et les conditions de vie d\u00e9plorables. <\/span><\/span><\/span><\/p>\n<p style=\"text-align: justify\"><span style=\"font-family: Times New Roman,serif\"><span style=\"font-size: medium\"><span style=\"font-size: medium\">Ce cantonnement avait \u00e9t\u00e9 r\u00e9cup\u00e9r\u00e9 par la Troisi\u00e8me R\u00e9publique en 1937 sur un terrain de 14 hectares au nord de la commune de No\u00e9 et annex\u00e9 \u00e0 la Poudrerie du Fauga. Y sont accueillis des r\u00e9fugi\u00e9s \u00e9trangers et des travailleurs espagnols et belges membres de groupements de travailleurs \u00e9trangers (GTE). <\/span><\/span><\/span><\/p>\n<p>&nbsp;<\/p>\n<div id=\"attachment_833\" style=\"width: 330px\" class=\"wp-caption alignleft\"><a href=\"http:\/\/blogs.univ-jfc.fr\/campsdusudouest\/wp-content\/uploads\/sites\/48\/2016\/01\/no\u00e92.jpg\"><img aria-describedby=\"caption-attachment-833\" loading=\"lazy\" class=\" wp-image-833 \" alt=\"St\u00e8le fun\u00e9raire dans la commune de No\u00e9\" src=\"http:\/\/blogs.univ-jfc.fr\/campsdusudouest\/wp-content\/uploads\/sites\/48\/2016\/01\/no\u00e92.jpg\" width=\"320\" height=\"206\" srcset=\"https:\/\/blogs.univ-jfc.fr\/campsdusudouest\/wp-content\/uploads\/sites\/48\/2016\/01\/no\u00e92.jpg 400w, https:\/\/blogs.univ-jfc.fr\/campsdusudouest\/wp-content\/uploads\/sites\/48\/2016\/01\/no\u00e92-300x193.jpg 300w\" sizes=\"(max-width: 320px) 100vw, 320px\" \/><\/a><p id=\"caption-attachment-833\" class=\"wp-caption-text\">Monument aux morts dans la commune de No\u00e9<\/p><\/div>\n<p align=\"justify\"><span style=\"font-family: Times New Roman,serif\"><span style=\"font-size: medium\">Le camp est rest\u00e9 actif de nombreuses ann\u00e9es, <a title=\"Camp de No\u00e9 \u2013 De la fin de la guerre \u00e0 la Lib\u00e9ration\" href=\"http:\/\/blogs.univ-jfc.fr\/campsdusudouest\/camp-de-noe-de-la-fin-de-la-guerre-a-la-liberation\/\">jusqu&rsquo;\u00e0 sa fermeture<\/a> au moment de la Lib\u00e9ration. En effet, le<span style=\"color: #000000\"> contexte global en 1944 est celui des d\u00e9barquements en Normandie et en Provence qui entra\u00eenent la fin de la guerre. M\u00eame si l&rsquo;histoire du camp de No\u00e9 en temps que camp d&rsquo;internement ne s&rsquo;ach\u00e8ve pas imm\u00e9diatement, sa fermeture pose un certain nombre de question. Le devenir du lieu, mais \u00e9galement<\/span> la pol\u00e9mique sur le devoir de m\u00e9moire se pose. <\/span><\/span><\/p>\n<p>\u00a0<a title=\"Bibliographie G\u00e9n\u00e9rale\" href=\"http:\/\/blogs.univ-jfc.fr\/campsdusudouest\/bibliographie-generale\/\"><em>Pour aller plus loin<\/em><\/a><\/p>\n","protected":false},"excerpt":{"rendered":"<p>Pour museler la presse \u00e9trang\u00e8re d\u00e9non\u00e7ant les conditions de vie dans les camps, le minist\u00e8re de la guerre cr\u00e9e \u00ab\u00a0Le camp de s\u00e9jour surveill\u00e9 de No\u00e9\u00a0\u00bb, jumeau de celui du R\u00e9c\u00e9b\u00e9dou, situ\u00e9 \u00e0 Portet-sur-Garonne, exempt de toutes critiques sur l&rsquo;arbitraire &hellip; <a href=\"https:\/\/blogs.univ-jfc.fr\/campsdusudouest\/introduction-camp-de-noe\/\">Lire la suite <span class=\"meta-nav\">&rarr;<\/span><\/a><\/p>\n","protected":false},"author":158,"featured_media":4343,"parent":0,"menu_order":0,"comment_status":"closed","ping_status":"open","template":"","meta":[],"_links":{"self":[{"href":"https:\/\/blogs.univ-jfc.fr\/campsdusudouest\/wp-json\/wp\/v2\/pages\/667"}],"collection":[{"href":"https:\/\/blogs.univ-jfc.fr\/campsdusudouest\/wp-json\/wp\/v2\/pages"}],"about":[{"href":"https:\/\/blogs.univ-jfc.fr\/campsdusudouest\/wp-json\/wp\/v2\/types\/page"}],"author":[{"embeddable":true,"href":"https:\/\/blogs.univ-jfc.fr\/campsdusudouest\/wp-json\/wp\/v2\/users\/158"}],"replies":[{"embeddable":true,"href":"https:\/\/blogs.univ-jfc.fr\/campsdusudouest\/wp-json\/wp\/v2\/comments?post=667"}],"version-history":[{"count":18,"href":"https:\/\/blogs.univ-jfc.fr\/campsdusudouest\/wp-json\/wp\/v2\/pages\/667\/revisions"}],"predecessor-version":[{"id":3734,"href":"https:\/\/blogs.univ-jfc.fr\/campsdusudouest\/wp-json\/wp\/v2\/pages\/667\/revisions\/3734"}],"wp:featuredmedia":[{"embeddable":true,"href":"https:\/\/blogs.univ-jfc.fr\/campsdusudouest\/wp-json\/wp\/v2\/media\/4343"}],"wp:attachment":[{"href":"https:\/\/blogs.univ-jfc.fr\/campsdusudouest\/wp-json\/wp\/v2\/media?parent=667"}],"curies":[{"name":"wp","href":"https:\/\/api.w.org\/{rel}","templated":true}]}}