{"id":694,"date":"2016-03-10T08:56:30","date_gmt":"2016-03-10T07:56:30","guid":{"rendered":"http:\/\/blogs.univ-jfc.fr\/campsdusudouest\/?page_id=694"},"modified":"2016-03-31T08:12:38","modified_gmt":"2016-03-31T07:12:38","slug":"les-acteurs-de-la-surveillance","status":"publish","type":"page","link":"https:\/\/blogs.univ-jfc.fr\/campsdusudouest\/hommes-et-femmes-des-camps\/le-personnel-des-camps\/les-acteurs-de-la-surveillance\/","title":{"rendered":"Les acteurs de la surveillance"},"content":{"rendered":"<div id=\"attachment_1082\" style=\"width: 310px\" class=\"wp-caption alignleft\"><a href=\"http:\/\/blogs.univ-jfc.fr\/campsdusudouest\/wp-content\/uploads\/sites\/48\/2016\/03\/Des-re\u0301publicains-espagnols-en-de\u0301placement-derrie\u0300re-un-gendarme-personnel-des-camps.jpg\"><img aria-describedby=\"caption-attachment-1082\" loading=\"lazy\" class=\"size-medium wp-image-1082     \" title=\"Source : http:\/\/www.lindependant.fr\/2013\/01\/24\/debut-de-polemique-suite-aux-propos-d-harlem-desir-sur-les-republicains-espagnols,1721074.php\" alt=\"Des re\u0301publicains espagnols en de\u0301placement derrie\u0300re un gendarme qui semble \u00eatre seul en t\u00eate de convoi. \" src=\"http:\/\/blogs.univ-jfc.fr\/campsdusudouest\/wp-content\/uploads\/sites\/48\/2016\/03\/Des-re\u0301publicains-espagnols-en-de\u0301placement-derrie\u0300re-un-gendarme-personnel-des-camps-300x201.jpg\" width=\"300\" height=\"201\" srcset=\"https:\/\/blogs.univ-jfc.fr\/campsdusudouest\/wp-content\/uploads\/sites\/48\/2016\/03\/Des-re\u0301publicains-espagnols-en-de\u0301placement-derrie\u0300re-un-gendarme-personnel-des-camps-300x201.jpg 300w, https:\/\/blogs.univ-jfc.fr\/campsdusudouest\/wp-content\/uploads\/sites\/48\/2016\/03\/Des-re\u0301publicains-espagnols-en-de\u0301placement-derrie\u0300re-un-gendarme-personnel-des-camps-446x300.jpg 446w, https:\/\/blogs.univ-jfc.fr\/campsdusudouest\/wp-content\/uploads\/sites\/48\/2016\/03\/Des-re\u0301publicains-espagnols-en-de\u0301placement-derrie\u0300re-un-gendarme-personnel-des-camps.jpg 800w\" sizes=\"(max-width: 300px) 100vw, 300px\" \/><\/a><p id=\"caption-attachment-1082\" class=\"wp-caption-text\">Des re\u0301publicains espagnols en de\u0301placement derrie\u0300re un gendarme qui semble \u00eatre seul en t\u00eate de convoi.<\/p><\/div>\n<p align=\"justify\">A la suite des mouvements de r\u00e9fugi\u00e9s \u00e9trangers les gouvernements successifs (III\u00b0 R\u00e9publique puis le r\u00e9gime de Vichy) doivent les interner, ils emploient donc diff\u00e9rents types de surveillants.<\/p>\n<p align=\"justify\">En effet, les premiers mobilis\u00e9s sont ponctuellement les gendarmes, ce qui est le cas dans les camps des plages en 1938 devant l&rsquo;afflux massif de r\u00e9fugi\u00e9s espagnols lors de la Retirada (environ 300 000 r\u00e9fugi\u00e9s). Quelques mois plus tard, la surveillance s&rsquo;organise, ce sont alors des militaires de carri\u00e8re qui sont privil\u00e9gi\u00e9s. Arrive juin 1940 et le gouvernement de Vichy, qui compense le manque de militaires en \u00e9largissant ses crit\u00e8res de recrutement \u00e0 un plus large \u00e9chantillon. Par exemple aux civils qui peuvent certifier sur l&rsquo;honneur ne pas \u00eatre juif (en fournissant le livret de famille), ne pas \u00eatre membre des \u00ab\u00a0soci\u00e9t\u00e9s secr\u00e8tes\u00a0\u00bb, ne pas avoir de dettes et \u00eatre \u00e9videmment dans la m\u00eame conviction politique que le gouvernement.<\/p>\n<div id=\"attachment_935\" style=\"width: 310px\" class=\"wp-caption alignright\"><a href=\"http:\/\/blogs.univ-jfc.fr\/campsdusudouest\/wp-content\/uploads\/sites\/48\/2016\/03\/Un-gendarme-au-camp-de-St-cyprien-personnel.jpg\"><img aria-describedby=\"caption-attachment-935\" loading=\"lazy\" class=\"size-medium wp-image-935    \" title=\"Source : Conf\u00e9rence de Guillaume Agullo\" alt=\"Un gendarme au camp de St Cyprien, surveillant les premiers r\u00e9fugi\u00e9s espagnols regroup\u00e9s sur les plages.\" src=\"http:\/\/blogs.univ-jfc.fr\/campsdusudouest\/wp-content\/uploads\/sites\/48\/2016\/03\/Un-gendarme-au-camp-de-St-cyprien-personnel-300x220.jpg\" width=\"300\" height=\"220\" srcset=\"https:\/\/blogs.univ-jfc.fr\/campsdusudouest\/wp-content\/uploads\/sites\/48\/2016\/03\/Un-gendarme-au-camp-de-St-cyprien-personnel-300x220.jpg 300w, https:\/\/blogs.univ-jfc.fr\/campsdusudouest\/wp-content\/uploads\/sites\/48\/2016\/03\/Un-gendarme-au-camp-de-St-cyprien-personnel-407x300.jpg 407w, https:\/\/blogs.univ-jfc.fr\/campsdusudouest\/wp-content\/uploads\/sites\/48\/2016\/03\/Un-gendarme-au-camp-de-St-cyprien-personnel.jpg 839w\" sizes=\"(max-width: 300px) 100vw, 300px\" \/><\/a><p id=\"caption-attachment-935\" class=\"wp-caption-text\">Un gendarme au camp de St Cyprien, surveillant les premiers r\u00e9fugi\u00e9s espagnols regroup\u00e9s sur les plages.<\/p><\/div>\n<p align=\"justify\">Malgr\u00e9 cet effort gouvernemental de recrutement, il doit tout de m\u00eame s&rsquo;appuyer comme par le pass\u00e9 sur ses colonies, notamment en Afrique Subsaharienne. C&rsquo;est le cas du S\u00e9n\u00e9gal. En effet, <a title=\"Les bataillons s\u00e9n\u00e9galais\" href=\"http:\/\/blogs.univ-jfc.fr\/campsdusudouest\/hommes-et-femmes-des-camps\/le-personnel-des-camps\/les-acteurs-de-la-surveillance\/les-bataillons-senegalais\/\">tout un bataillon est ainsi mobilis\u00e9<\/a> pour gonfler les effectifs de surveillance du camp de Septfonds dans le Tarn-et-Garonne.<\/p>\n<p align=\"justify\">Parall\u00e8lement, les \u00ab\u00a0centres d&rsquo;h\u00e9bergement administratifs surveill\u00e9s\u00a0\u00bb sont aussi diversifi\u00e9s selon les caract\u00e9ristiques des intern\u00e9s. Ainsi, certains camps peuvent \u00eatre amen\u00e9s \u00e0 \u00eatre encadr\u00e9s par un personnel sp\u00e9cifique. C&rsquo;est par exemple le cas dans les camps de femmes o\u00f9 le personnel est exclusivement f\u00e9minin. Dans les camps de r\u00e9fugi\u00e9s espagnols, des d\u00e9l\u00e9gu\u00e9s ou anciens militaires r\u00e9publicains sont presque naturellement incorpor\u00e9s \u00e0 la surveillance des baraques espagnoles, et les corv\u00e9es d&rsquo;entretien ou de cuisines sont laiss\u00e9es aux intern\u00e9s eux-m\u00eames qui se les partages.<\/p>\n<p align=\"justify\">Pour le bon fonctionnement des camps, se met en place une hi\u00e9rarchie pr\u00e9cise. Elle consiste \u00e0 placer les mieux form\u00e9s aux postes sup\u00e9rieurs tels que les brigadiers-chefs, puis les autres postes sont occup\u00e9s par des surveillants moins comp\u00e9tents. Il s&rsquo;agit des postes de brigadiers et de gardiens.<\/p>\n","protected":false},"excerpt":{"rendered":"<p>A la suite des mouvements de r\u00e9fugi\u00e9s \u00e9trangers les gouvernements successifs (III\u00b0 R\u00e9publique puis le r\u00e9gime de Vichy) doivent les interner, ils emploient donc diff\u00e9rents types de surveillants. En effet, les premiers mobilis\u00e9s sont ponctuellement les gendarmes, ce qui est &hellip; <a href=\"https:\/\/blogs.univ-jfc.fr\/campsdusudouest\/hommes-et-femmes-des-camps\/le-personnel-des-camps\/les-acteurs-de-la-surveillance\/\">Lire la suite <span class=\"meta-nav\">&rarr;<\/span><\/a><\/p>\n","protected":false},"author":122,"featured_media":0,"parent":117,"menu_order":0,"comment_status":"closed","ping_status":"open","template":"","meta":[],"_links":{"self":[{"href":"https:\/\/blogs.univ-jfc.fr\/campsdusudouest\/wp-json\/wp\/v2\/pages\/694"}],"collection":[{"href":"https:\/\/blogs.univ-jfc.fr\/campsdusudouest\/wp-json\/wp\/v2\/pages"}],"about":[{"href":"https:\/\/blogs.univ-jfc.fr\/campsdusudouest\/wp-json\/wp\/v2\/types\/page"}],"author":[{"embeddable":true,"href":"https:\/\/blogs.univ-jfc.fr\/campsdusudouest\/wp-json\/wp\/v2\/users\/122"}],"replies":[{"embeddable":true,"href":"https:\/\/blogs.univ-jfc.fr\/campsdusudouest\/wp-json\/wp\/v2\/comments?post=694"}],"version-history":[{"count":15,"href":"https:\/\/blogs.univ-jfc.fr\/campsdusudouest\/wp-json\/wp\/v2\/pages\/694\/revisions"}],"predecessor-version":[{"id":3898,"href":"https:\/\/blogs.univ-jfc.fr\/campsdusudouest\/wp-json\/wp\/v2\/pages\/694\/revisions\/3898"}],"up":[{"embeddable":true,"href":"https:\/\/blogs.univ-jfc.fr\/campsdusudouest\/wp-json\/wp\/v2\/pages\/117"}],"wp:attachment":[{"href":"https:\/\/blogs.univ-jfc.fr\/campsdusudouest\/wp-json\/wp\/v2\/media?parent=694"}],"curies":[{"name":"wp","href":"https:\/\/api.w.org\/{rel}","templated":true}]}}