{"id":697,"date":"2016-03-10T08:54:19","date_gmt":"2016-03-10T07:54:19","guid":{"rendered":"http:\/\/blogs.univ-jfc.fr\/campsdusudouest\/?page_id=697"},"modified":"2016-04-07T10:06:54","modified_gmt":"2016-04-07T09:06:54","slug":"lillustration-des-politiques-memorielles-a-travers-les-lieux-de-memoire","status":"publish","type":"page","link":"https:\/\/blogs.univ-jfc.fr\/campsdusudouest\/1945-et-apres\/devoir-de-memoire\/lillustration-des-politiques-memorielles-a-travers-les-lieux-de-memoire\/","title":{"rendered":"L&rsquo;illustration des politiques m\u00e9morielles \u00e0 travers les lieux de m\u00e9moire"},"content":{"rendered":"<p align=\"JUSTIFY\"><span style=\"font-family: Arial, sans-serif\">La notion de <a title=\"Lexique\" href=\"http:\/\/blogs.univ-jfc.fr\/campsdusudouest\/1945-et-apres\/devoir-de-memoire\/lexique\/\">lieux de m\u00e9moire<\/a> est apparue dans les ann\u00e9es 1980 avec <a title=\"Lexique\" href=\"http:\/\/blogs.univ-jfc.fr\/campsdusudouest\/1945-et-apres\/devoir-de-memoire\/lexique\/\">Pierre Nora<\/a>.\u00a0Au lendemain de la Seconde Guerre mondiale, ces derniers sont valoris\u00e9s par une population qui est encore vivement touch\u00e9e par le conflit. Ces lieux de m\u00e9moire sont repr\u00e9sent\u00e9s par des infrastructures diversifi\u00e9es\u00a0: des m\u00e9moriaux, des mus\u00e9es, des sites historiques ou encore des n\u00e9cropoles nationales. La politique m\u00e9morielle gaullienne a accord\u00e9 une place importante \u00e0 l&rsquo;illustration de la m\u00e9moire. Le premier lieu de m\u00e9moire inaugur\u00e9 dans le cadre de la politique m\u00e9morielle gaullienne est le M\u00e9morial de la France combattante, en 1960, au Mont Val\u00e9rien. Il illustre la m\u00e9moire d&rsquo;une France combattante durant le conflit, appuyant le <a title=\"Lexique\" href=\"http:\/\/blogs.univ-jfc.fr\/campsdusudouest\/1945-et-apres\/devoir-de-memoire\/lexique\/\">mythe r\u00e9sistancialiste<\/a>.<br \/>\n<\/span><\/p>\n<div id=\"attachment_3241\" style=\"width: 310px\" class=\"wp-caption aligncenter\"><a href=\"http:\/\/images.google.fr\/imgres?imgurl=http%3A%2F%2Fwww.mont-valerien.fr%2Fuploads%2Fpics%2FDSC_0053_01.JPG&amp;imgrefurl=http%3A%2F%2Fwww.mont-valerien.fr%2Fvisiter%2Fle-memorial-de-la-france-combattante%2F&amp;h=581&amp;w=886&amp;tbnid=v8AAtla-qsBCCM%3A&amp;docid=ags0DeM7VL_ogM&amp;ei=buj8Vt7IOsKbsAGe2ZeYBQ&amp;tbm=isch&amp;iact=rc&amp;uact=3&amp;dur=1112&amp;page=1&amp;start=0&amp;ndsp=17&amp;ved=0ahUKEwjet5yNyerLAhXCDSwKHZ7sBVMQMwgjKAMwAw\"><img aria-describedby=\"caption-attachment-3241\" loading=\"lazy\" class=\"size-medium wp-image-3241 \" title=\"Le M\u00e9morial de la France combattante\" alt=\"DSC_0053_01\" src=\"http:\/\/blogs.univ-jfc.fr\/campsdusudouest\/wp-content\/uploads\/sites\/48\/2016\/03\/DSC_0053_01-300x196.jpg\" width=\"300\" height=\"196\" srcset=\"https:\/\/blogs.univ-jfc.fr\/campsdusudouest\/wp-content\/uploads\/sites\/48\/2016\/03\/DSC_0053_01-300x196.jpg 300w, https:\/\/blogs.univ-jfc.fr\/campsdusudouest\/wp-content\/uploads\/sites\/48\/2016\/03\/DSC_0053_01-457x300.jpg 457w, https:\/\/blogs.univ-jfc.fr\/campsdusudouest\/wp-content\/uploads\/sites\/48\/2016\/03\/DSC_0053_01.jpg 886w\" sizes=\"(max-width: 300px) 100vw, 300px\" \/><\/a><p id=\"caption-attachment-3241\" class=\"wp-caption-text\">Un des premiers lieux de m\u00e9moire inaugur\u00e9 le 18 juin 1960 par Charles de Gaulle sur le Mont Val\u00e9rien (Hauts-de-Seine)<\/p><\/div>\n<p align=\"JUSTIFY\"><span style=\"font-family: Arial, sans-serif\">Les ann\u00e9es soixante sont marqu\u00e9es par la prise d&rsquo;initiative du monde associatif pour la m\u00e9moire. C&rsquo;est ainsi, que les mus\u00e9es de la R\u00e9sistance et de la d\u00e9portation sont cr\u00e9\u00e9s. Ces lieux m\u00e9moriaux sont fond\u00e9s dans le but de transmettre aux nouvelles g\u00e9n\u00e9rations, des valeurs communes li\u00e9es \u00e0 la R\u00e9sistance. En lien avec cet essor m\u00e9moriel, Charles de Gaulle cr\u00e9e le concours de la R\u00e9sistance et de la D\u00e9portation en 1962.<\/span><\/p>\n<p align=\"JUSTIFY\"><span style=\"font-family: Arial, sans-serif\">D&rsquo;autres formes viennent \u00e9galement symboliser et illustrer les politiques m\u00e9morielles, comme par exemple des \u0153uvres cin\u00e9matographiques ou litt\u00e9raires. Ainsi en 1963, la publication <i>d&rsquo;Ast\u00e9rix chez les Goths<\/i> met en avant une France unie, solidaire et combattante contre l&rsquo;ennemi. En 1946, la B<i>ataille du rail<\/i> de Ren\u00e9 Cl\u00e9ment montre \u00e0 la nation fran\u00e7aise une forme de r\u00e9sistancialisme autour des cheminots de France qui r\u00e9sistent \u00e0 l&rsquo;Allemagne nazie. <\/span><\/p>\n<div id=\"attachment_3243\" style=\"width: 231px\" class=\"wp-caption aligncenter\"><a href=\"http:\/\/images.google.fr\/imgres?imgurl=http%3A%2F%2Fwww.avoir-alire.com%2FIMG%2Fjpg%2FLa_bataille_du_rail_grande_cine.jpg&amp;imgrefurl=http%3A%2F%2Fwww.avoir-alire.com%2Fla-bataille-du-rail-la-critique-le-test-blu-ray&amp;h=949&amp;w=700&amp;tbnid=fnLHQKdmU7BM5M%3A&amp;docid=af8jVGF7Xa13fM&amp;ei=Aen8VrqzCsiWsAHLyaHIDA&amp;tbm=isch&amp;iact=rc&amp;uact=3&amp;dur=1017&amp;page=1&amp;start=0&amp;ndsp=19&amp;ved=0ahUKEwj6t_jSyerLAhVICywKHctkCMkQMwgdKAAwAA\"><img aria-describedby=\"caption-attachment-3243\" loading=\"lazy\" class=\"size-medium wp-image-3243 \" title=\"La bataille du rail de Ren\u00e9 Cl\u00e9ment (1946)\" alt=\"La_bataille_du_rail_grande_cine\" src=\"http:\/\/blogs.univ-jfc.fr\/campsdusudouest\/wp-content\/uploads\/sites\/48\/2016\/03\/La_bataille_du_rail_grande_cine-221x300.jpg\" width=\"221\" height=\"300\" srcset=\"https:\/\/blogs.univ-jfc.fr\/campsdusudouest\/wp-content\/uploads\/sites\/48\/2016\/03\/La_bataille_du_rail_grande_cine-221x300.jpg 221w, https:\/\/blogs.univ-jfc.fr\/campsdusudouest\/wp-content\/uploads\/sites\/48\/2016\/03\/La_bataille_du_rail_grande_cine.jpg 700w\" sizes=\"(max-width: 221px) 100vw, 221px\" \/><\/a><p id=\"caption-attachment-3243\" class=\"wp-caption-text\">Une oeuvre cin\u00e9matographique qui appuie le mythe r\u00e9sistancialiste<\/p><\/div>\n<p align=\"JUSTIFY\"><span style=\"font-family: Arial, sans-serif\">Par le biais des arts, nous retrouvons donc une volont\u00e9 de promouvoir le mythe r\u00e9sistancialiste. Dans une m\u00eame logique, De Gaulle met en place des actions avec un fort impact symbolique. Ainsi, la destruction du v\u00e9lodrome d&rsquo;Hiver en 1959 montre que la politique m\u00e9morielle laisse de c\u00f4t\u00e9 les m\u00e9moires de la Shoah.\u00a0<\/span><span style=\"font-family: Arial, sans-serif\">Lors du retour au pouvoir de Charles de Gaulle (1958), le mythe r\u00e9sistancialiste s&rsquo;essouffle avec le d\u00e9veloppement de la m\u00e9moire de Vichy.<\/span><\/p>\n<blockquote>\n<p style=\"text-align: center\" align=\"JUSTIFY\">\u00ab Le mythe \u00e0 vrai dire, jetait d\u00e9j\u00e0 ses derniers feux\u00a0\u00bb.<\/p>\n<\/blockquote>\n<p align=\"JUSTIFY\"><span style=\"font-family: Arial, sans-serif\">Ce d\u00e9but de transition m\u00e9morielle se traduit en 1962 par la mise en place d&rsquo;une st\u00e8le de r\u00e9conciliation (franco-allemande) \u00e0 Stonne dans les Ardennes :\u00a0une \u00ab simple croix en b\u00e9ton portant sculpt\u00e9es deux mains qui se serrent, celles des ennemis d&rsquo;hier\u00a0\u00bb<\/span><span style=\"font-family: Arial, sans-serif\">.\u00a0<\/span><\/p>\n<p align=\"JUSTIFY\"><span style=\"font-family: Arial, sans-serif\">Dans les ann\u00e9es 1970, des \u0153uvres cin\u00e9matographiques ou encore litt\u00e9raires jouent un r\u00f4le important dans la transition m\u00e9morielle. Ainsi, de nouveaux lieux de m\u00e9moire apparaissent.\u00a0<\/span><span style=\"font-family: Arial, sans-serif\">Ces \u0153uvres\u00a0<\/span><span style=\"font-family: Arial, sans-serif\">ont fait \u00e9voluer, au travers de leurs contenus, une m\u00e9moire qui avait \u00e9t\u00e9, jusqu&rsquo;alors, volontairement oubli\u00e9e par la soci\u00e9t\u00e9, tout comme par les politiques. Elles ont \u00e9galement permis une\u00a0<\/span><span style=\"font-family: Arial, sans-serif\">\u00ab\u00a0prise de conscience\u00a0\u00bb<\/span>\u00a0<span style=\"font-family: Arial, sans-serif\">au sein de la soci\u00e9t\u00e9. Nous pouvons ainsi penser \u00e0 l&rsquo;ouvrage de Robert O.Paxton, <em>La France de Vichy, <\/em>publi\u00e9 en 1972.<\/span><\/p>\n<div id=\"attachment_3543\" style=\"width: 216px\" class=\"wp-caption aligncenter\"><a href=\"http:\/\/images.google.fr\/imgres?imgurl=http%3A%2F%2Fecx.images-amazon.com%2Fimages%2FI%2F41Q5X1SG8TL._SX324_BO1%2C204%2C203%2C200_.jpg&amp;imgrefurl=http%3A%2F%2Fwww.amazon.fr%2FFrance-Vichy-1940-1944-Robert-Paxton%2Fdp%2F2020323052&amp;h=474&amp;w=326&amp;tbnid=cIv0T1Po1oEArM%3A&amp;docid=jMuORz8AjCWwqM&amp;ei=jun8VuDYMIG8sgGp4ZvQAw&amp;tbm=isch&amp;iact=rc&amp;uact=3&amp;dur=402&amp;page=1&amp;start=0&amp;ndsp=25&amp;ved=0ahUKEwjg17yWyurLAhUBniwKHanwBjoQMwgjKAMwAw\"><img aria-describedby=\"caption-attachment-3543\" loading=\"lazy\" class=\"size-medium wp-image-3543  \" title=\"La France de Vichy de l'historien am\u00e9ricain Robert O.Paxton\" alt=\"41Q5X1SG8TL._SX324_BO1,204,203,200_\" src=\"http:\/\/blogs.univ-jfc.fr\/campsdusudouest\/wp-content\/uploads\/sites\/48\/2016\/03\/41Q5X1SG8TL._SX324_BO1204203200_-206x300.jpg\" width=\"206\" height=\"300\" srcset=\"https:\/\/blogs.univ-jfc.fr\/campsdusudouest\/wp-content\/uploads\/sites\/48\/2016\/03\/41Q5X1SG8TL._SX324_BO1204203200_-206x300.jpg 206w, https:\/\/blogs.univ-jfc.fr\/campsdusudouest\/wp-content\/uploads\/sites\/48\/2016\/03\/41Q5X1SG8TL._SX324_BO1204203200_.jpg 326w\" sizes=\"(max-width: 206px) 100vw, 206px\" \/><\/a><p id=\"caption-attachment-3543\" class=\"wp-caption-text\">Un ouvrage qui a contribu\u00e9 au \u00ab\u00a0r\u00e9veil m\u00e9moriel\u00a0\u00bb<\/p><\/div>\n<p align=\"JUSTIFY\"><span style=\"font-family: Arial, sans-serif\">Dans une m\u00eame mesure, l&rsquo;\u00e9cole appara\u00eet comme un facteur important dans la promulgation de la m\u00e9moire mais l&rsquo;\u00e9tude des ann\u00e9es sombres en France ou encore l&rsquo;histoire de la Shoah ne s&rsquo;ajoute dans les programmes scolaires que tardivement, dans les ann\u00e9es 1980.<\/span><\/p>\n<p align=\"JUSTIFY\"><span style=\"font-family: Arial, sans-serif\">Entre 1970 et 1990, de nouvelles m\u00e9moires \u00e9mergent et se traduisent par la cr\u00e9ation de nouveaux lieux de m\u00e9moire. Ainsi, de multiples mus\u00e9es voient le jour. Ils r\u00e9sultent d&rsquo;initiatives locales permises par la d\u00e9centralisation du\u00a0<\/span><span style=\"font-family: Arial, sans-serif\">pouvoir m\u00e9moriel de l\u2019\u00c9tat.\u00a0<\/span><span style=\"font-family: Arial, sans-serif\">De nombreux m\u00e9moriaux et st\u00e8les sont alors cr\u00e9\u00e9s sous l&rsquo;impulsion de groupes m\u00e9moriaux. Ces lieux de m\u00e9moire se multiplient \u00e0 l&rsquo;\u00e9gard des m\u00e9moires juives, des anciens du STO, ou encore en faveur de celles des prisonniers de guerre.<\/span><\/p>\n<p><span style=\"font-family: Arial, sans-serif\">Durant la p\u00e9riode de 1990 \u00e0 nos jours, les lieux de m\u00e9moires se sont consid\u00e9rablement multipli\u00e9s tout comme les moyens financiers\u00a0: entre 1988 et 1998, 250 millions de francs ont \u00e9t\u00e9 mobilis\u00e9s par la France et l&rsquo;Europe pour la m\u00e9moire des conflits contemporains.\u00a0<\/span><span style=\"font-family: Arial, sans-serif\">La p\u00e9riode a vu l&rsquo;\u00e9mergence d&rsquo;\u0153uvres cin\u00e9matographiques qui ont contribu\u00e9 \u00e0 faire \u00e9voluer la m\u00e9moire comme par exemple <i>Un h\u00e9ros tr\u00e8s discret<\/i> de Jacques Audiard ou encore <i>Lucie Aubrac <\/i>de Claude Berri. Ces deux films ont permis de d\u00e9noncer les fausses gloires attribu\u00e9es bien souvent dans le pass\u00e9, \u00e0 l&rsquo;histoire r\u00e9sistante, tout comme ils ont prouv\u00e9 que la m\u00e9moire ne co\u00efncidait pas forc\u00e9ment avec l&rsquo;histoire.<\/span><\/p>\n<div id=\"attachment_3246\" style=\"width: 235px\" class=\"wp-caption aligncenter\"><a href=\"http:\/\/images.google.fr\/imgres?imgurl=http%3A%2F%2Ffr.web.img2.acsta.net%2Fmedias%2Fnmedia%2F18%2F63%2F95%2F15%2F18928813.jpg&amp;imgrefurl=http%3A%2F%2Fwww.allocine.fr%2Ffilm%2Ffichefilm_gen_cfilm%3D14666.html&amp;h=800&amp;w=600&amp;tbnid=EugwB5R2FZCiCM%3A&amp;docid=nPB95miJG6qTNM&amp;ei=tun8VvWYBIiyswHvoLqoDA&amp;tbm=isch&amp;iact=rc&amp;uact=3&amp;dur=345&amp;page=1&amp;start=0&amp;ndsp=18&amp;ved=0ahUKEwj1y5mpyurLAhUI2SwKHW-QDsUQMwgfKAEwAQ\"><img aria-describedby=\"caption-attachment-3246\" loading=\"lazy\" class=\"size-medium wp-image-3246 \" title=\"Un h\u00e9ros tr\u00e8s discret de Jacques Audiard (1996)\" alt=\"18928813\" src=\"http:\/\/blogs.univ-jfc.fr\/campsdusudouest\/wp-content\/uploads\/sites\/48\/2016\/03\/18928813-225x300.jpg\" width=\"225\" height=\"300\" srcset=\"https:\/\/blogs.univ-jfc.fr\/campsdusudouest\/wp-content\/uploads\/sites\/48\/2016\/03\/18928813-225x300.jpg 225w, https:\/\/blogs.univ-jfc.fr\/campsdusudouest\/wp-content\/uploads\/sites\/48\/2016\/03\/18928813.jpg 600w\" sizes=\"(max-width: 225px) 100vw, 225px\" \/><\/a><p id=\"caption-attachment-3246\" class=\"wp-caption-text\">Une d\u00e9nonciation du mythe r\u00e9sistancialiste et de ses h\u00e9ros<\/p><\/div>\n<p align=\"JUSTIFY\"><span style=\"font-family: Arial, sans-serif\">De plus, Jacques Chirac a entrepris durant ses ann\u00e9es au pouvoir un r\u00e9el travail m\u00e9moriel, multipliant les mus\u00e9es, les aides et les c\u00e9r\u00e9monies. N\u00e9anmoins, cette prise en main de l\u2019\u00c9tat a eu, parfois, des cons\u00e9quences n\u00e9gatives. En effet, la prise en compte des revendications des diff\u00e9rents groupes, les Juifs et les r\u00e9sistants notamment, a conduit \u00e0 une fragmentation de la m\u00e9moire collective. Cette <b>\u00ab\u00a0<\/b><a title=\"Lexique\" href=\"http:\/\/blogs.univ-jfc.fr\/campsdusudouest\/1945-et-apres\/devoir-de-memoire\/lexique\/\">balkanisation de la m\u00e9moire nationale<\/a><b>\u00a0\u00bb<\/b> a fait r\u00e9agir les historiens, ce qui a amen\u00e9 le pr\u00e9sident, Jacques Chirac \u00e0 revenir sur sa politique m\u00e9morielle, d\u00e9clarant ainsi en 2006, que\u00a0<\/span>\u00ab\u00a0l&rsquo;\u00e9criture de l&rsquo;histoire n&rsquo;\u00e9tait pas du ressort du Parlement \u00bb.<\/p>\n<p align=\"JUSTIFY\"><span style=\"font-family: Arial, sans-serif\">La multiplication des lieux de m\u00e9moire sous la pr\u00e9sidence de Jacques Chirac t\u00e9moigne d&rsquo;une r\u00e9elle volont\u00e9 d&rsquo;entretenir le souvenir des ann\u00e9es sombres. Pour autant, cette politique m\u00e9morielle bas\u00e9e sur les lieux de m\u00e9moire ne semble pas avoir port\u00e9 ses fruits. En effet, selon une \u00e9tude \u00e9voqu\u00e9e par Olivier Wieviorka dans <a href=\"http:\/\/archipel.univ-toulouse.fr\/ipac20\/ipac.jsp?session=1460S1LN33299.15771&amp;profile=sicd&amp;source=~!biut&amp;view=subscriptionsummary&amp;uri=full=3100001~!1698977~!0&amp;ri=1&amp;aspect=subtab675&amp;menu=search&amp;ipp=20&amp;spp=20&amp;staffonly=&amp;term=la+m%C3%A9moire+d%C3%A9sunie&amp;index=.GK&amp;uindex=&amp;aspect=subtab675&amp;menu=search&amp;ri=1\"><em>La<\/em>\u00a0<em>m<\/em><\/a><em><a href=\"http:\/\/archipel.univ-toulouse.fr\/ipac20\/ipac.jsp?session=1460S1LN33299.15771&amp;profile=sicd&amp;source=~!biut&amp;view=subscriptionsummary&amp;uri=full=3100001~!1698977~!0&amp;ri=1&amp;aspect=subtab675&amp;menu=search&amp;ipp=20&amp;spp=20&amp;staffonly=&amp;term=la+m%C3%A9moire+d%C3%A9sunie&amp;index=.GK&amp;uindex=&amp;aspect=subtab675&amp;menu=search&amp;ri=1\">\u00e9moire d\u00e9sunie<\/a>\u00a0<\/em>:<\/span><\/p>\n<blockquote>\n<p style=\"text-align: center\" align=\"JUSTIFY\">\u00a0<span style=\"font-family: Arial, sans-serif\">\u00ab A la fin de l&rsquo;ann\u00e9e 1998, seulement 50% des 110 000 jeunes ayant pass\u00e9 les tests de la Journ\u00e9e d&rsquo;appel de pr\u00e9paration \u00e0 la D\u00e9fense (JAPD) surent donner sans erreur la signification de ces quatre dates d&rsquo;anniversaire\u00a0: 14 juillet, 11 novembre, 8 mai, 6 juin\u00a0\u00bb. <\/span><\/p>\n<\/blockquote>\n<p align=\"JUSTIFY\"><span style=\"font-family: Arial, sans-serif\">Ce r\u00e9sultat montre ainsi les limites de la port\u00e9e des lieux de m\u00e9moire. Il serait donc int\u00e9ressant de repenser la promulgation de la m\u00e9moire et indirectement, celle des lieux de m\u00e9moire.<\/span><\/p>\n<p align=\"JUSTIFY\"><a title=\"Bibliographie G\u00e9n\u00e9rale\" href=\"http:\/\/blogs.univ-jfc.fr\/campsdusudouest\/bibliographie-generale\/\">Pour aller plus loin&#8230;<\/a><\/p>\n<p style=\"text-align: center\" align=\"JUSTIFY\"><strong><span style=\"font-size: large\">\u00a0<\/span><\/strong><\/p>\n","protected":false},"excerpt":{"rendered":"<p>La notion de lieux de m\u00e9moire est apparue dans les ann\u00e9es 1980 avec Pierre Nora.\u00a0Au lendemain de la Seconde Guerre mondiale, ces derniers sont valoris\u00e9s par une population qui est encore vivement touch\u00e9e par le conflit. Ces lieux de m\u00e9moire &hellip; <a href=\"https:\/\/blogs.univ-jfc.fr\/campsdusudouest\/1945-et-apres\/devoir-de-memoire\/lillustration-des-politiques-memorielles-a-travers-les-lieux-de-memoire\/\">Lire la suite <span class=\"meta-nav\">&rarr;<\/span><\/a><\/p>\n","protected":false},"author":123,"featured_media":0,"parent":106,"menu_order":0,"comment_status":"closed","ping_status":"open","template":"","meta":[],"_links":{"self":[{"href":"https:\/\/blogs.univ-jfc.fr\/campsdusudouest\/wp-json\/wp\/v2\/pages\/697"}],"collection":[{"href":"https:\/\/blogs.univ-jfc.fr\/campsdusudouest\/wp-json\/wp\/v2\/pages"}],"about":[{"href":"https:\/\/blogs.univ-jfc.fr\/campsdusudouest\/wp-json\/wp\/v2\/types\/page"}],"author":[{"embeddable":true,"href":"https:\/\/blogs.univ-jfc.fr\/campsdusudouest\/wp-json\/wp\/v2\/users\/123"}],"replies":[{"embeddable":true,"href":"https:\/\/blogs.univ-jfc.fr\/campsdusudouest\/wp-json\/wp\/v2\/comments?post=697"}],"version-history":[{"count":39,"href":"https:\/\/blogs.univ-jfc.fr\/campsdusudouest\/wp-json\/wp\/v2\/pages\/697\/revisions"}],"predecessor-version":[{"id":4428,"href":"https:\/\/blogs.univ-jfc.fr\/campsdusudouest\/wp-json\/wp\/v2\/pages\/697\/revisions\/4428"}],"up":[{"embeddable":true,"href":"https:\/\/blogs.univ-jfc.fr\/campsdusudouest\/wp-json\/wp\/v2\/pages\/106"}],"wp:attachment":[{"href":"https:\/\/blogs.univ-jfc.fr\/campsdusudouest\/wp-json\/wp\/v2\/media?parent=697"}],"curies":[{"name":"wp","href":"https:\/\/api.w.org\/{rel}","templated":true}]}}