{"id":70,"date":"2016-01-30T08:26:51","date_gmt":"2016-01-30T07:26:51","guid":{"rendered":"http:\/\/blogs.univ-jfc.fr\/campsdusudouest\/?page_id=70"},"modified":"2016-04-06T05:53:17","modified_gmt":"2016-04-06T04:53:17","slug":"larchitecture-des-camps","status":"publish","type":"page","link":"https:\/\/blogs.univ-jfc.fr\/campsdusudouest\/vivre-dans-les-camps\/larchitecture-des-camps\/","title":{"rendered":"L&rsquo;architecture des camps"},"content":{"rendered":"<p>&nbsp;<\/p>\n<div id=\"attachment_1115\" style=\"width: 310px\" class=\"wp-caption alignright\"><a href=\"http:\/\/blogs.univ-jfc.fr\/campsdusudouest\/wp-content\/uploads\/sites\/48\/2016\/01\/Argeles.png\"><img aria-describedby=\"caption-attachment-1115\" loading=\"lazy\" class=\"size-medium wp-image-1115 \" title=\"Carte postale envoy\u00e9e par un intern\u00e9 depuis le camp d\u2019Argel\u00e8s-sur-Mer.  Collection Mus\u00e9e d\u00e9partemental de la R\u00e9sistance  et de la D\u00e9portation de HauteGaronne  \" alt=\"Carte postale envoy\u00e9e par un intern\u00e9 depuis le camp d\u2019Argel\u00e8s-sur-Mer.  Collection Mus\u00e9e d\u00e9partemental de la R\u00e9sistance  et de la D\u00e9portation de HauteGaronne  \" src=\"http:\/\/blogs.univ-jfc.fr\/campsdusudouest\/wp-content\/uploads\/sites\/48\/2016\/01\/Argeles-300x202.png\" width=\"300\" height=\"202\" srcset=\"https:\/\/blogs.univ-jfc.fr\/campsdusudouest\/wp-content\/uploads\/sites\/48\/2016\/01\/Argeles-300x202.png 300w, https:\/\/blogs.univ-jfc.fr\/campsdusudouest\/wp-content\/uploads\/sites\/48\/2016\/01\/Argeles-444x300.png 444w, https:\/\/blogs.univ-jfc.fr\/campsdusudouest\/wp-content\/uploads\/sites\/48\/2016\/01\/Argeles.png 654w\" sizes=\"(max-width: 300px) 100vw, 300px\" \/><\/a><p id=\"caption-attachment-1115\" class=\"wp-caption-text\">Camp d&rsquo;Argel\u00e8s-sur-Mer<\/p><\/div>\n<p style=\"text-align: justify\"><span style=\"color: #333333\"><a href=\"http:\/\/blogs.univ-jfc.fr\/campsdusudouest\/vivre-dans-les-camps\/larchitecture-des-camps\/les-camps-du-sud-ouest-de-la-france-ont-ete-construits-sur-demande-de-letat\/\" target=\"_blank\"><span style=\"color: #333333\">Les camps du sud-ouest de la France ont \u00e9t\u00e9 construits sur demande de l\u2019Etat <\/span><\/a><\/span>afin d\u2019interner les populations consid\u00e9r\u00e9es comme \u00ab ind\u00e9sirables \u00bb, d\u2019abord par le gouvernement de Daladier puis par le r\u00e9gime de Vichy. Plusieurs lois d\u2019exception ont \u00e9t\u00e9 promulgu\u00e9es afin d\u2019encadrer les intern\u00e9s. Cependant, les premiers camps se sont construits dans l&rsquo;improvisation.<\/p>\n<div id=\"attachment_1765\" style=\"width: 310px\" class=\"wp-caption alignleft\"><a href=\"http:\/\/blogs.univ-jfc.fr\/campsdusudouest\/wp-content\/uploads\/sites\/48\/2016\/03\/Vue-gene2.gif\"><img aria-describedby=\"caption-attachment-1765\" loading=\"lazy\" class=\"size-medium wp-image-1765 \" title=\"Vue du camp de Gurs tel que photographi\u00e9 \u00e0 partir d\u2019un ch\u00e2teau d\u2019eau. Gurs, France, vers 1941. source photo : United States Holocaust Memorial Museum cr\u00e9dit photo : USHMM\" alt=\"Vue du camp de Gurs tel que photographi\u00e9 \u00e0 partir d\u2019un ch\u00e2teau d\u2019eau. Gurs, France, vers 1941. source photo : United States Holocaust Memorial Museum cr\u00e9dit photo : USHMM\" src=\"http:\/\/blogs.univ-jfc.fr\/campsdusudouest\/wp-content\/uploads\/sites\/48\/2016\/03\/Vue-gene2-300x201.gif\" width=\"300\" height=\"201\" srcset=\"https:\/\/blogs.univ-jfc.fr\/campsdusudouest\/wp-content\/uploads\/sites\/48\/2016\/03\/Vue-gene2-300x201.gif 300w, https:\/\/blogs.univ-jfc.fr\/campsdusudouest\/wp-content\/uploads\/sites\/48\/2016\/03\/Vue-gene2-447x300.gif 447w\" sizes=\"(max-width: 300px) 100vw, 300px\" \/><\/a><p id=\"caption-attachment-1765\" class=\"wp-caption-text\">Camp de Gurs<\/p><\/div>\n<p style=\"text-align: justify\">Au fil de la p\u00e9riode, une architecture sp\u00e9cifique a fini par prendre forme et \u00e0 \u00eatre mise en place. Les diff\u00e9rentes structures ont \u00e9t\u00e9 con\u00e7ues par les responsables du gouvernement et\u00a0 par des ing\u00e9nieurs.<span style=\"color: #333333\">\u00a0<a href=\"http:\/\/blogs.univ-jfc.fr\/campsdusudouest\/vivre-dans-les-camps\/larchitecture-des-camps\/page-x\/\"><span style=\"color: #333333\">A l&rsquo;\u00e9chelle locale, diff\u00e9rents acteurs interviennent \u00e9galement dans le processus.<\/span><\/a><\/span><\/p>\n<h1><span style=\"color: #333333\">\u00a0<\/span><\/h1>\n<p>&nbsp;<\/p>\n<p>&nbsp;<\/p>\n<p>&nbsp;<\/p>\n<p>&nbsp;<\/p>\n<p><strong>Etudiants<\/strong> : Alex LEPORTIER, Emeline VIALA, Jonathan MASSON, Nittim PEDRERO, Solenne TEULIER.<\/p>\n","protected":false},"excerpt":{"rendered":"<p>&nbsp; Les camps du sud-ouest de la France ont \u00e9t\u00e9 construits sur demande de l\u2019Etat afin d\u2019interner les populations consid\u00e9r\u00e9es comme \u00ab ind\u00e9sirables \u00bb, d\u2019abord par le gouvernement de Daladier puis par le r\u00e9gime de Vichy. Plusieurs lois d\u2019exception ont &hellip; <a href=\"https:\/\/blogs.univ-jfc.fr\/campsdusudouest\/vivre-dans-les-camps\/larchitecture-des-camps\/\">Lire la suite <span class=\"meta-nav\">&rarr;<\/span><\/a><\/p>\n","protected":false},"author":15,"featured_media":0,"parent":68,"menu_order":0,"comment_status":"closed","ping_status":"open","template":"","meta":[],"_links":{"self":[{"href":"https:\/\/blogs.univ-jfc.fr\/campsdusudouest\/wp-json\/wp\/v2\/pages\/70"}],"collection":[{"href":"https:\/\/blogs.univ-jfc.fr\/campsdusudouest\/wp-json\/wp\/v2\/pages"}],"about":[{"href":"https:\/\/blogs.univ-jfc.fr\/campsdusudouest\/wp-json\/wp\/v2\/types\/page"}],"author":[{"embeddable":true,"href":"https:\/\/blogs.univ-jfc.fr\/campsdusudouest\/wp-json\/wp\/v2\/users\/15"}],"replies":[{"embeddable":true,"href":"https:\/\/blogs.univ-jfc.fr\/campsdusudouest\/wp-json\/wp\/v2\/comments?post=70"}],"version-history":[{"count":40,"href":"https:\/\/blogs.univ-jfc.fr\/campsdusudouest\/wp-json\/wp\/v2\/pages\/70\/revisions"}],"predecessor-version":[{"id":4378,"href":"https:\/\/blogs.univ-jfc.fr\/campsdusudouest\/wp-json\/wp\/v2\/pages\/70\/revisions\/4378"}],"up":[{"embeddable":true,"href":"https:\/\/blogs.univ-jfc.fr\/campsdusudouest\/wp-json\/wp\/v2\/pages\/68"}],"wp:attachment":[{"href":"https:\/\/blogs.univ-jfc.fr\/campsdusudouest\/wp-json\/wp\/v2\/media?parent=70"}],"curies":[{"name":"wp","href":"https:\/\/api.w.org\/{rel}","templated":true}]}}