{"id":711,"date":"2016-03-10T08:59:03","date_gmt":"2016-03-10T07:59:03","guid":{"rendered":"http:\/\/blogs.univ-jfc.fr\/campsdusudouest\/?page_id=711"},"modified":"2016-04-13T16:43:16","modified_gmt":"2016-04-13T15:43:16","slug":"appartenances-sociales-et-ethniques","status":"publish","type":"page","link":"https:\/\/blogs.univ-jfc.fr\/campsdusudouest\/hommes-et-femmes-des-camps\/les-internes\/appartenances-sociales-et-ethniques\/","title":{"rendered":"Appartenances sociales et ethniques"},"content":{"rendered":"<div id=\"attachment_789\" style=\"width: 310px\" class=\"wp-caption aligncenter\"><a href=\"http:\/\/blogs.univ-jfc.fr\/campsdusudouest\/wp-content\/uploads\/sites\/48\/2016\/03\/uniforme_triangle_rose.jpg\"><img aria-describedby=\"caption-attachment-789\" loading=\"lazy\" class=\"size-medium wp-image-789 \" title=\"Source : http:\/\/www.citizen-nantes.com\/article-le-souvenir-des-deportes-pour-homosexualite-en-question-104438221.html\" alt=\"Uniforme d'un d\u00e9tenu homosexuel sous Vichy.  Source : http:\/\/www.citizen-nantes.com\/article-le-souvenir-des-deportes-pour-homosexualite-en-question-104438221.html \" src=\"http:\/\/blogs.univ-jfc.fr\/campsdusudouest\/wp-content\/uploads\/sites\/48\/2016\/03\/uniforme_triangle_rose-300x226.jpg\" width=\"300\" height=\"226\" srcset=\"https:\/\/blogs.univ-jfc.fr\/campsdusudouest\/wp-content\/uploads\/sites\/48\/2016\/03\/uniforme_triangle_rose-300x226.jpg 300w, https:\/\/blogs.univ-jfc.fr\/campsdusudouest\/wp-content\/uploads\/sites\/48\/2016\/03\/uniforme_triangle_rose-397x300.jpg 397w, https:\/\/blogs.univ-jfc.fr\/campsdusudouest\/wp-content\/uploads\/sites\/48\/2016\/03\/uniforme_triangle_rose.jpg 400w\" sizes=\"(max-width: 300px) 100vw, 300px\" \/><\/a><p id=\"caption-attachment-789\" class=\"wp-caption-text\">Uniforme d&rsquo;un d\u00e9tenu homosexuel sous Vichy.<\/p><\/div>\n<p align=\"justify\">Le r\u00e9gime dirig\u00e9 par P\u00e9tain, \u00e9tant traditionaliste, s&rsquo;appuie sur la devise \u00ab\u00a0Travail, Famille, Patrie\u00a0\u00bb. La famille est donc plac\u00e9e au c\u0153ur de son programme politique et pour beaucoup de monde, elle repose sur un mod\u00e8le h\u00e9t\u00e9ronorm\u00e9 (compos\u00e9 d&rsquo;un homme, d&rsquo;une femme et des enfants). C&rsquo;est dans cette optique qu&rsquo;ont \u00e9t\u00e9 exclues les prostitu\u00e9es accus\u00e9es de d\u00e9chirer les familles et de \u00ab\u00a0dangers pour la sant\u00e9 publique\u00a0\u00bb. Elles ont donc \u00e9t\u00e9 intern\u00e9es dans des camps de femmes comme celui de <a title=\"Le Camp de Brens\" href=\"http:\/\/blogs.univ-jfc.fr\/campsdusudouest\/le-camp-de-brens\/\">Brens<\/a>.<\/p>\n<p align=\"justify\">Les homosexuels ont \u00e9t\u00e9 victimes de la r\u00e9pression de Vichy et enferm\u00e9s. L&rsquo;homosexualit\u00e9 est consid\u00e9r\u00e9e comme \u00ab\u00a0contre-nature\u00a0\u00bb par les dirigeants de ce gouvernement et ne rentre donc pas dans la revalorisation des valeurs familiales conservatrices d\u00e9fendues par P\u00e9tain.<\/p>\n<div id=\"attachment_839\" style=\"width: 310px\" class=\"wp-caption aligncenter\"><a href=\"http:\/\/blogs.univ-jfc.fr\/campsdusudouest\/wp-content\/uploads\/sites\/48\/2016\/03\/Illustration-camp-de-No\u00e9.png\"><img aria-describedby=\"caption-attachment-839\" loading=\"lazy\" class=\"size-medium wp-image-839 \" title=\"Source : http:\/\/www.ajpn.org\/internement-camp-de-Noe-161.html\" alt=\"Camp-h\u00f4pital de No\u00e9 en 1947.  Source : http:\/\/www.ajpn.org\/internement-camp-de-Noe-161.html  \" src=\"http:\/\/blogs.univ-jfc.fr\/campsdusudouest\/wp-content\/uploads\/sites\/48\/2016\/03\/Illustration-camp-de-No\u00e9-300x174.png\" width=\"300\" height=\"174\" srcset=\"https:\/\/blogs.univ-jfc.fr\/campsdusudouest\/wp-content\/uploads\/sites\/48\/2016\/03\/Illustration-camp-de-No\u00e9-300x174.png 300w, https:\/\/blogs.univ-jfc.fr\/campsdusudouest\/wp-content\/uploads\/sites\/48\/2016\/03\/Illustration-camp-de-No\u00e9-500x290.png 500w, https:\/\/blogs.univ-jfc.fr\/campsdusudouest\/wp-content\/uploads\/sites\/48\/2016\/03\/Illustration-camp-de-No\u00e9.png 600w\" sizes=\"(max-width: 300px) 100vw, 300px\" \/><\/a><p id=\"caption-attachment-839\" class=\"wp-caption-text\">Camp-h\u00f4pital de No\u00e9 en 1947.<\/p><\/div>\n<p align=\"justify\">Les handicap\u00e9s mentaux sont \u00e9galement marginalis\u00e9s par la politique mise en place en 1940. On compte 40 000 handicap\u00e9s mentaux dans les camps. La plupart du temps, ils sont intern\u00e9s dans des camps-h\u00f4pitaux, avec des vieillards et des malades. En effet, ces camps-h\u00f4pitaux regroupent les intern\u00e9s les plus faibles qui, \u00e0 cause des mauvaises conditions de d\u00e9tention, peuvent d\u00e9velopper des maladies mentales. Par exemple, le camp-h\u00f4pital du R\u00e9c\u00e9b\u00e9dou, g\u00e9r\u00e9 par la pr\u00e9fecture de la Haute-Garonne, a accueilli des personnes \u00e2g\u00e9es et les d\u00e9tenus les plus faibles, mais un manque de mat\u00e9riels et de soins a entra\u00een\u00e9 la mort de 314 personnes entre 1941 et 1942. D&rsquo;autres \u00ab\u00a0camps-h\u00f4pitaux\u00a0\u00bb ont ouvert leurs portes dans le Sud-Ouest de la France comme celui de Les-Eaux-Bonnes ou encore celui de No\u00e9.<\/p>\n<p align=\"justify\">Les prisonniers coloniaux, soldats qui ont \u00e9t\u00e9 appel\u00e9s pour d\u00e9fendre la France lors de la Seconde Guerre Mondiale, sont intern\u00e9s \u00e0 partir de novembre 1940. Ils sont enferm\u00e9s en masse, 80 000 environ, dans des camps annexes qui ont d\u00fb \u00eatre cr\u00e9\u00e9s pour d\u00e9sengorger les autres camps. Certains de ces soldats coloniaux, venus en renfort pour stopper l&rsquo;avanc\u00e9e nazie en mai 1940, ont aussi particip\u00e9 aux GTE.<\/p>\n<div id=\"sdfootnote1\">\n<p align=\"justify\"><a href=\"#sdfootnote1anc\" name=\"sdfootnote1sym\"><\/a><\/p>\n<\/div>\n","protected":false},"excerpt":{"rendered":"<p>Le r\u00e9gime dirig\u00e9 par P\u00e9tain, \u00e9tant traditionaliste, s&rsquo;appuie sur la devise \u00ab\u00a0Travail, Famille, Patrie\u00a0\u00bb. La famille est donc plac\u00e9e au c\u0153ur de son programme politique et pour beaucoup de monde, elle repose sur un mod\u00e8le h\u00e9t\u00e9ronorm\u00e9 (compos\u00e9 d&rsquo;un homme, d&rsquo;une &hellip; <a href=\"https:\/\/blogs.univ-jfc.fr\/campsdusudouest\/hommes-et-femmes-des-camps\/les-internes\/appartenances-sociales-et-ethniques\/\">Lire la suite <span class=\"meta-nav\">&rarr;<\/span><\/a><\/p>\n","protected":false},"author":191,"featured_media":0,"parent":119,"menu_order":0,"comment_status":"closed","ping_status":"open","template":"","meta":[],"_links":{"self":[{"href":"https:\/\/blogs.univ-jfc.fr\/campsdusudouest\/wp-json\/wp\/v2\/pages\/711"}],"collection":[{"href":"https:\/\/blogs.univ-jfc.fr\/campsdusudouest\/wp-json\/wp\/v2\/pages"}],"about":[{"href":"https:\/\/blogs.univ-jfc.fr\/campsdusudouest\/wp-json\/wp\/v2\/types\/page"}],"author":[{"embeddable":true,"href":"https:\/\/blogs.univ-jfc.fr\/campsdusudouest\/wp-json\/wp\/v2\/users\/191"}],"replies":[{"embeddable":true,"href":"https:\/\/blogs.univ-jfc.fr\/campsdusudouest\/wp-json\/wp\/v2\/comments?post=711"}],"version-history":[{"count":10,"href":"https:\/\/blogs.univ-jfc.fr\/campsdusudouest\/wp-json\/wp\/v2\/pages\/711\/revisions"}],"predecessor-version":[{"id":4530,"href":"https:\/\/blogs.univ-jfc.fr\/campsdusudouest\/wp-json\/wp\/v2\/pages\/711\/revisions\/4530"}],"up":[{"embeddable":true,"href":"https:\/\/blogs.univ-jfc.fr\/campsdusudouest\/wp-json\/wp\/v2\/pages\/119"}],"wp:attachment":[{"href":"https:\/\/blogs.univ-jfc.fr\/campsdusudouest\/wp-json\/wp\/v2\/media?parent=711"}],"curies":[{"name":"wp","href":"https:\/\/api.w.org\/{rel}","templated":true}]}}