{"id":72,"date":"2016-01-30T08:27:57","date_gmt":"2016-01-30T07:27:57","guid":{"rendered":"http:\/\/blogs.univ-jfc.fr\/campsdusudouest\/?page_id=72"},"modified":"2016-03-31T08:22:05","modified_gmt":"2016-03-31T07:22:05","slug":"la-vie-quotidienne-dans-les-camps-du-sud-ouest","status":"publish","type":"page","link":"https:\/\/blogs.univ-jfc.fr\/campsdusudouest\/vivre-dans-les-camps\/la-vie-quotidienne-dans-les-camps-du-sud-ouest\/","title":{"rendered":"La vie quotidienne dans les camps du Sud-Ouest"},"content":{"rendered":"<div id=\"attachment_1572\" style=\"width: 230px\" class=\"wp-caption alignleft\"><a href=\"http:\/\/blogs.univ-jfc.fr\/campsdusudouest\/wp-content\/uploads\/sites\/48\/2016\/03\/camps-espagnol-min1.jpg\"><img aria-describedby=\"caption-attachment-1572\" loading=\"lazy\" class=\" wp-image-1572    \" title=\" \u00a9 Collection Ren\u00e9 Grando\" alt=\"\" src=\"http:\/\/blogs.univ-jfc.fr\/campsdusudouest\/wp-content\/uploads\/sites\/48\/2016\/03\/camps-espagnol-min1-300x213.jpg\" width=\"220\" height=\"220\" \/><\/a><p id=\"caption-attachment-1572\" class=\"wp-caption-text\">Camp de r\u00e9fugi\u00e9s Espagnols dans le Roussillon en 1939.<\/p><\/div>\n<p style=\"text-align: justify\">A partir de 1938, les diff\u00e9rents gouvernements fran\u00e7ais assistent \u00e0 une grande vague d&rsquo;immigration non d\u00e9sir\u00e9e. Ces nouveaux arrivants sont des r\u00e9fugi\u00e9s politiques. Les gouvernements d\u00e9cident de promulguer des lois portant sur la mise en place de camps, afin d&rsquo;y interner les r\u00e9fugi\u00e9s. Ces camps plus ou <span style=\"color: #000000\">moins<\/span> r\u00e9pressifs enferment ces exil\u00e9s venus trouver une forme de paix, mais qui, contre leur gr\u00e9, d\u00e9couvrent <a title=\"Une vie priv\u00e9e de libert\u00e9\" href=\"http:\/\/blogs.univ-jfc.fr\/campsdusudouest\/vivre-dans-les-camps\/la-vie-quotidienne-dans-les-camps-du-sud-ouest\/une-vie-privee-de-liberte\/\" target=\"_blank\">une vie priv\u00e9e de libert\u00e9<\/a>. Afin de fuir l&rsquo;isolement, le travail s&rsquo;av\u00e8re \u00eatre une solution.<\/p>\n<p style=\"text-align: justify\" align=\"justify\"><span style=\"color: #ffffff\">m<\/span><\/p>\n<div id=\"attachment_940\" style=\"width: 210px\" class=\"wp-caption alignright\"><a href=\"http:\/\/blogs.univ-jfc.fr\/campsdusudouest\/wp-content\/uploads\/sites\/48\/2016\/03\/fgh1.png\"><img aria-describedby=\"caption-attachment-940\" loading=\"lazy\" class=\" wp-image-940    \" title=\"Dessin. \u00a9 Dora Schaul\" alt=\"\" src=\"http:\/\/blogs.univ-jfc.fr\/campsdusudouest\/wp-content\/uploads\/sites\/48\/2016\/03\/fgh1-150x150.png\" width=\"200\" height=\"200\" \/><\/a><p id=\"caption-attachment-940\" class=\"wp-caption-text\">Le dortoir de Rieucros<\/p><\/div>\n<p style=\"text-align: justify\">D\u00e8s l&rsquo;arriv\u00e9e des r\u00e9fugi\u00e9s dans les camps, leur vie quotidienne se r\u00e9v\u00e8le \u00eatre tr\u00e8s rude et les intern\u00e9s sont quasiment livr\u00e9s \u00e0 eux m\u00eames. Le manque de nourriture provoque des carences alimentaires, sans compter les conditions de vie sanitaires et m\u00e9dicales d\u00e9sastreuses. De surcro\u00eet, les baraques dans lesquelles ils s&rsquo;entassent ne leur offrent pas la possibilit\u00e9 d&rsquo;avoir une vie priv\u00e9e. Ce sont donc <a title=\"Les besoins \u00e9lementaires\" href=\"http:\/\/blogs.univ-jfc.fr\/campsdusudouest\/vivre-dans-les-camps\/la-vie-quotidienne-dans-les-camps-du-sud-ouest\/les-besoins-elementaires\/\" target=\"_blank\">les besoins \u00e9l\u00e9mentaires<\/a> des r\u00e9fugi\u00e9s qui sont mis \u00e0 mal, dans un contexte g\u00e9n\u00e9ral qui ne se pr\u00e9occupe pas de leur venir en aide.<\/p>\n<p style=\"text-align: justify\" align=\"justify\"><span style=\"font-family: Liberation Serif,serif\"><b>\u00a0<\/b><\/span><\/p>\n<div id=\"attachment_1698\" style=\"width: 230px\" class=\"wp-caption alignleft\"><a href=\"http:\/\/blogs.univ-jfc.fr\/campsdusudouest\/wp-content\/uploads\/sites\/48\/2016\/03\/LETTRE-CENSURE-RIVESALTES.jpg\"><img aria-describedby=\"caption-attachment-1698\" loading=\"lazy\" class=\" wp-image-1698  \" title=\"Lettre censur\u00e9e d'un intern\u00e9 du camp de Rivesaltes pour l'Indre avec timbre-\u00e0-date du 21\/9\/1942, censure du &quot;Minist\u00e8re de l'Int\u00e9rieur \/ Direction de la s\u00fbret\u00e9 nationale \/ Direction du Camp de Rivesaltes&quot;\" alt=\"\" src=\"http:\/\/blogs.univ-jfc.fr\/campsdusudouest\/wp-content\/uploads\/sites\/48\/2016\/03\/LETTRE-CENSURE-RIVESALTES-300x242.jpg\" width=\"220\" height=\"220\" \/><\/a><p id=\"caption-attachment-1698\" class=\"wp-caption-text\">Lettre censur\u00e9e d&rsquo;un intern\u00e9 de Rivesaltes en 1940<\/p><\/div>\n<p style=\"text-align: justify\">Un autre aspect vital de la vie d&rsquo;un homme ou d&rsquo;une femme est mis \u00e0 mal dans les camps\u00a0: <a title=\"Vie sociale\" href=\"http:\/\/blogs.univ-jfc.fr\/campsdusudouest\/vivre-dans-les-camps\/la-vie-quotidienne-dans-les-camps-du-sud-ouest\/vie-sociale\/\" target=\"_blank\">la vie sociale<\/a>. Entretenir des contacts avec le monde ext\u00e9rieur est possible mais tr\u00e8s compliqu\u00e9 pour les intern\u00e9s qui doivent faire face \u00e0 des mesures de plus en plus restrictives. A cela s&rsquo;ajoute l&rsquo;obligation de cohabiter avec les autres intern\u00e9s, tous diff\u00e9rents. La solidarit\u00e9 et l&rsquo;exclusion ont donc une place majeure dans la vie des d\u00e9tenus.<\/p>\n<p>&nbsp;<\/p>\n<p><span style=\"color: #ffffff\">u<\/span><\/p>\n<p>Etudiants : Romain MOULARAT, Charline PERES, Walid MIARA, Victor VIANO.<\/p>\n","protected":false},"excerpt":{"rendered":"<p>A partir de 1938, les diff\u00e9rents gouvernements fran\u00e7ais assistent \u00e0 une grande vague d&rsquo;immigration non d\u00e9sir\u00e9e. Ces nouveaux arrivants sont des r\u00e9fugi\u00e9s politiques. Les gouvernements d\u00e9cident de promulguer des lois portant sur la mise en place de camps, afin d&rsquo;y &hellip; <a href=\"https:\/\/blogs.univ-jfc.fr\/campsdusudouest\/vivre-dans-les-camps\/la-vie-quotidienne-dans-les-camps-du-sud-ouest\/\">Lire la suite <span class=\"meta-nav\">&rarr;<\/span><\/a><\/p>\n","protected":false},"author":15,"featured_media":0,"parent":68,"menu_order":0,"comment_status":"closed","ping_status":"open","template":"","meta":[],"_links":{"self":[{"href":"https:\/\/blogs.univ-jfc.fr\/campsdusudouest\/wp-json\/wp\/v2\/pages\/72"}],"collection":[{"href":"https:\/\/blogs.univ-jfc.fr\/campsdusudouest\/wp-json\/wp\/v2\/pages"}],"about":[{"href":"https:\/\/blogs.univ-jfc.fr\/campsdusudouest\/wp-json\/wp\/v2\/types\/page"}],"author":[{"embeddable":true,"href":"https:\/\/blogs.univ-jfc.fr\/campsdusudouest\/wp-json\/wp\/v2\/users\/15"}],"replies":[{"embeddable":true,"href":"https:\/\/blogs.univ-jfc.fr\/campsdusudouest\/wp-json\/wp\/v2\/comments?post=72"}],"version-history":[{"count":25,"href":"https:\/\/blogs.univ-jfc.fr\/campsdusudouest\/wp-json\/wp\/v2\/pages\/72\/revisions"}],"predecessor-version":[{"id":3954,"href":"https:\/\/blogs.univ-jfc.fr\/campsdusudouest\/wp-json\/wp\/v2\/pages\/72\/revisions\/3954"}],"up":[{"embeddable":true,"href":"https:\/\/blogs.univ-jfc.fr\/campsdusudouest\/wp-json\/wp\/v2\/pages\/68"}],"wp:attachment":[{"href":"https:\/\/blogs.univ-jfc.fr\/campsdusudouest\/wp-json\/wp\/v2\/media?parent=72"}],"curies":[{"name":"wp","href":"https:\/\/api.w.org\/{rel}","templated":true}]}}