{"id":721,"date":"2016-03-10T09:00:35","date_gmt":"2016-03-10T08:00:35","guid":{"rendered":"http:\/\/blogs.univ-jfc.fr\/campsdusudouest\/?page_id=721"},"modified":"2016-03-31T08:04:59","modified_gmt":"2016-03-31T07:04:59","slug":"un-systeme-de-surveillance-defaillant","status":"publish","type":"page","link":"https:\/\/blogs.univ-jfc.fr\/campsdusudouest\/hommes-et-femmes-des-camps\/le-personnel-des-camps\/un-systeme-de-surveillance-defaillant\/","title":{"rendered":"Un syst\u00e8me de surveillance d\u00e9faillant"},"content":{"rendered":"<p align=\"justify\">Tous les facteurs que nous avons vus pr\u00e9c\u00e9demment aboutissent \u00e0 un m\u00eame r\u00e9sultat dans tous les camps\u00a0: un syst\u00e8me de surveillance d\u00e9faillant.<\/p>\n<p align=\"justify\">L&rsquo;exemple le plus concret est celui du r\u00e9seau de march\u00e9 noir de Gurs, sachant que ce n&rsquo;est pas un cas isol\u00e9. Ces ph\u00e9nom\u00e8nes sont li\u00e9s \u00e0 l&rsquo;incomp\u00e9tence des gardiens et au fait qu&rsquo;ils ne sont pas concern\u00e9s.<\/p>\n<div id=\"attachment_937\" style=\"width: 310px\" class=\"wp-caption aligncenter\"><a href=\"http:\/\/blogs.univ-jfc.fr\/campsdusudouest\/wp-content\/uploads\/sites\/48\/2016\/03\/Entr\u00e9e-du-camp-du-Vernet-personnel.jpg\"><img aria-describedby=\"caption-attachment-937\" loading=\"lazy\" class=\"size-medium wp-image-937   \" title=\"Source : http:\/\/www.cheminsdememoire.gouv.fr\/fr\/camp-dinternement-du-vernet-dariege\" alt=\"Une sentinelle \u00e0 l'entr\u00e9e du camp du Vernet d'Ari\u00e8ge charg\u00e9 des entr\u00e9es et sorties du camp.\" src=\"http:\/\/blogs.univ-jfc.fr\/campsdusudouest\/wp-content\/uploads\/sites\/48\/2016\/03\/Entr\u00e9e-du-camp-du-Vernet-personnel-300x212.jpg\" width=\"300\" height=\"212\" srcset=\"https:\/\/blogs.univ-jfc.fr\/campsdusudouest\/wp-content\/uploads\/sites\/48\/2016\/03\/Entr\u00e9e-du-camp-du-Vernet-personnel-300x212.jpg 300w, https:\/\/blogs.univ-jfc.fr\/campsdusudouest\/wp-content\/uploads\/sites\/48\/2016\/03\/Entr\u00e9e-du-camp-du-Vernet-personnel.jpg 322w\" sizes=\"(max-width: 300px) 100vw, 300px\" \/><\/a><p id=\"caption-attachment-937\" class=\"wp-caption-text\">Une sentinelle \u00e0 l&rsquo;entr\u00e9e du camp du Vernet d&rsquo;Ari\u00e8ge charg\u00e9 des entr\u00e9es et sorties du camp.<\/p><\/div>\n<p align=\"justify\">Il est vrai que les conditions difficiles de travail des gardiens et les bas salaires sont pour certains la raison d&rsquo;une forme de d\u00e9sob\u00e9issance. D&rsquo;autant plus que les <a title=\"Les conditions de logement des gardiens\" href=\"http:\/\/blogs.univ-jfc.fr\/campsdusudouest\/hommes-et-femmes-des-camps\/le-personnel-des-camps\/un-systeme-de-surveillance-defaillant\/les-conditions-de-logement-des-gardiens\/\">conditions difficiles<\/a> peuvent mener certains membres du personnel <a title=\"La brutalit\u00e9 des gardiens\" href=\"http:\/\/blogs.univ-jfc.fr\/campsdusudouest\/la-brutalite-des-gardiens\/\">\u00e0 \u00eatre violents<\/a> envers les intern\u00e9s. Le Vernet qui a la r\u00e9putation d&rsquo;\u00eatre le camp le plus dur du Sud-Ouest a connu ce genre de dysfonctionnement.<\/p>\n<div id=\"attachment_1628\" style=\"width: 240px\" class=\"wp-caption alignright\"><a href=\"http:\/\/blogs.univ-jfc.fr\/campsdusudouest\/wp-content\/uploads\/sites\/48\/2016\/03\/scan-3.jpg\"><img aria-describedby=\"caption-attachment-1628\" loading=\"lazy\" class=\"size-medium wp-image-1628  \" title=\"Source : Archives d\u00e9partementales du Tarn-et-Garonne, 37 W 29\" alt=\"Centre Pomponne refuge de femmes et d'enfants de travailleurs espagnols : organisation, budget, personnel.\" src=\"http:\/\/blogs.univ-jfc.fr\/campsdusudouest\/wp-content\/uploads\/sites\/48\/2016\/03\/scan-3-230x300.jpg\" width=\"230\" height=\"300\" srcset=\"https:\/\/blogs.univ-jfc.fr\/campsdusudouest\/wp-content\/uploads\/sites\/48\/2016\/03\/scan-3-230x300.jpg 230w, https:\/\/blogs.univ-jfc.fr\/campsdusudouest\/wp-content\/uploads\/sites\/48\/2016\/03\/scan-3-785x1024.jpg 785w\" sizes=\"(max-width: 230px) 100vw, 230px\" \/><\/a><p id=\"caption-attachment-1628\" class=\"wp-caption-text\">Centre Pomponne refuge de femmes et d&rsquo;enfants de travailleurs espagnols : organisation, budget, personnel.<\/p><\/div>\n<p align=\"justify\">Mais il est important de noter que la d\u00e9faillance de la surveillance provient de plusieurs aspects d\u00e9faillants\u00a0: un ravitaillement insuffisant, un personnel incomp\u00e9tent et en <a title=\"Tableau des sous-effectifs du personnel\" href=\"http:\/\/blogs.univ-jfc.fr\/campsdusudouest\/hommes-et-femmes-des-camps\/le-personnel-des-camps\/un-systeme-de-surveillance-defaillant\/tableau-des-sous-effectifs-du-personnel\/\">sous-effectif<\/a> \u00e0 tous les niveaux et un manque de moyens criant.<\/p>\n<p align=\"justify\">Bien entendu, le gouvernement se pr\u00e9occupe de ces probl\u00e8mes. D\u00e8s 1942, Vichy met en place un proc\u00e9d\u00e9 dissuasif pour lutter contre la d\u00e9sob\u00e9issance de certains gardiens. Il s&rsquo;agit de la pr\u00e9sence d&rsquo;Inspecteurs. Ces hommes sont \u00ab\u00a0d&rsquo;anciens policiers de carri\u00e8re \u00e0 la retraite recrut\u00e9s apr\u00e8s une \u00e9tude approfondie de leurs dossiers\u00a0\u00bb. Ces inspecteurs sont tout simplement charg\u00e9s d&rsquo;enqu\u00eater sur tous les r\u00e9seaux ill\u00e9gaux pr\u00e9sents dans les camps (avec les possibles implications du personnel). Le premier camp \u00e0 \u00eatre victime de ces inspections est le camp du R\u00e9c\u00e9b\u00e9dou ou \u00e0 quatre reprises le chef de camp est remplac\u00e9.<\/p>\n<p align=\"justify\">Tout cet environnement du camp nuit profond\u00e9ment aux s\u00e9jours des intern\u00e9s qui en sont les premi\u00e8res victimes en plus d&rsquo;\u00eatre enferm\u00e9s.<\/p>\n<p align=\"justify\">\n","protected":false},"excerpt":{"rendered":"<p>Tous les facteurs que nous avons vus pr\u00e9c\u00e9demment aboutissent \u00e0 un m\u00eame r\u00e9sultat dans tous les camps\u00a0: un syst\u00e8me de surveillance d\u00e9faillant. L&rsquo;exemple le plus concret est celui du r\u00e9seau de march\u00e9 noir de Gurs, sachant que ce n&rsquo;est pas &hellip; <a href=\"https:\/\/blogs.univ-jfc.fr\/campsdusudouest\/hommes-et-femmes-des-camps\/le-personnel-des-camps\/un-systeme-de-surveillance-defaillant\/\">Lire la suite <span class=\"meta-nav\">&rarr;<\/span><\/a><\/p>\n","protected":false},"author":122,"featured_media":0,"parent":117,"menu_order":0,"comment_status":"closed","ping_status":"open","template":"","meta":[],"_links":{"self":[{"href":"https:\/\/blogs.univ-jfc.fr\/campsdusudouest\/wp-json\/wp\/v2\/pages\/721"}],"collection":[{"href":"https:\/\/blogs.univ-jfc.fr\/campsdusudouest\/wp-json\/wp\/v2\/pages"}],"about":[{"href":"https:\/\/blogs.univ-jfc.fr\/campsdusudouest\/wp-json\/wp\/v2\/types\/page"}],"author":[{"embeddable":true,"href":"https:\/\/blogs.univ-jfc.fr\/campsdusudouest\/wp-json\/wp\/v2\/users\/122"}],"replies":[{"embeddable":true,"href":"https:\/\/blogs.univ-jfc.fr\/campsdusudouest\/wp-json\/wp\/v2\/comments?post=721"}],"version-history":[{"count":17,"href":"https:\/\/blogs.univ-jfc.fr\/campsdusudouest\/wp-json\/wp\/v2\/pages\/721\/revisions"}],"predecessor-version":[{"id":3853,"href":"https:\/\/blogs.univ-jfc.fr\/campsdusudouest\/wp-json\/wp\/v2\/pages\/721\/revisions\/3853"}],"up":[{"embeddable":true,"href":"https:\/\/blogs.univ-jfc.fr\/campsdusudouest\/wp-json\/wp\/v2\/pages\/117"}],"wp:attachment":[{"href":"https:\/\/blogs.univ-jfc.fr\/campsdusudouest\/wp-json\/wp\/v2\/media?parent=721"}],"curies":[{"name":"wp","href":"https:\/\/api.w.org\/{rel}","templated":true}]}}