{"id":748,"date":"2016-03-10T09:04:20","date_gmt":"2016-03-10T08:04:20","guid":{"rendered":"http:\/\/blogs.univ-jfc.fr\/campsdusudouest\/?page_id=748"},"modified":"2016-04-06T11:00:38","modified_gmt":"2016-04-06T10:00:38","slug":"etudes-de-cas-le-devoir-de-memoire-a-travers-les-exemples-des-camps-de-rivesaltes-et-de-brens","status":"publish","type":"page","link":"https:\/\/blogs.univ-jfc.fr\/campsdusudouest\/1945-et-apres\/devoir-de-memoire\/etudes-de-cas-le-devoir-de-memoire-a-travers-les-exemples-des-camps-de-rivesaltes-et-de-brens\/","title":{"rendered":"\u00c9tudes de cas : le devoir de m\u00e9moire \u00e0 travers les exemples des camps de Rivesaltes et de Brens"},"content":{"rendered":"<p align=\"JUSTIFY\"><span style=\"font-family: Arial, sans-serif\">L&rsquo;opinion publique a amplement contribu\u00e9 \u00e0 l&rsquo;apparition d&rsquo;un devoir de m\u00e9moire pour le <a title=\"Rivesaltes\" href=\"http:\/\/blogs.univ-jfc.fr\/campsdusudouest\/mongraphies-de-camps\/rivesaltes\/\">camp de Rivesaltes<\/a>, qui a \u00e9t\u00e9 ensuite, soutenu par des politiques. Le m\u00e9morial de Rivesaltes inaugur\u00e9 le 16 octobre 2015, constitue l&rsquo;une des principales actions en vue de promouvoir la m\u00e9moire de ce camp. <a title=\"L\u2019architecture du m\u00e9morial de Rivesaltes au service de la promulgation du devoir de m\u00e9moire\" href=\"http:\/\/blogs.univ-jfc.fr\/campsdusudouest\/1945-et-apres\/devoir-de-memoire\/le-devoir-de-memoire-levolution-du-concept-de-son-emergence-a-nos-jours\/larchitecture-du-memorial-de-rivesaltes-au-service-de-la-promulgation-du-devoir-de-memoire\/\">L&rsquo;architecture<\/a>,\u00a0l&#8217;emplacement du m\u00e9morial ou encore les expositions ont \u00e9t\u00e9 pens\u00e9s pour dispenser au mieux la m\u00e9moire de Rivesaltes et plus largement, celle des camps d&rsquo;internement du Sud-Ouest de la France.<br \/>\n<\/span><\/p>\n<div id=\"attachment_3248\" style=\"width: 289px\" class=\"wp-caption alignleft\"><a href=\"http:\/\/images.google.fr\/imgres?imgurl=http%3A%2F%2Fimages.lindependant.fr%2Fimages%2F2015%2F10%2F14%2Fmemorial-de-rivesaltes-ouverture-officielle-au-grand-public_631775_516x343.jpg%253Fv%253D1&amp;imgrefurl=http%3A%2F%2Fwww.lindependant.fr%2F2015%2F10%2F14%2Fmemorial-de-rivesaltes-ouverture-officielle-au-grand-public-le-mercredi-21-octobre%2C2098363.php&amp;h=343&amp;w=516&amp;tbnid=Fb-Y5LxI8vrC6M%3A&amp;docid=SWNGfjoVlPug8M&amp;ei=A-r8Vu7jKoS9sQG0nbto&amp;tbm=isch&amp;iact=rc&amp;uact=3&amp;dur=323&amp;page=1&amp;start=0&amp;ndsp=15&amp;ved=0ahUKEwiu8ZvOyurLAhWEXiwKHbTODg0QMwgdKAAwAA\"><img aria-describedby=\"caption-attachment-3248\" loading=\"lazy\" class=\"size-full wp-image-3248   \" title=\"Le M\u00e9morial du camp de Rivesaltes\" alt=\"M\u00e9morial_du_camp_de_Rivesaltes\" src=\"http:\/\/blogs.univ-jfc.fr\/campsdusudouest\/wp-content\/uploads\/sites\/48\/2016\/03\/M\u00e9morial_du_camp_de_Rivesaltes.jpg\" width=\"279\" height=\"181\" \/><\/a><p id=\"caption-attachment-3248\" class=\"wp-caption-text\">Le parall\u00e9l\u00e9pip\u00e8de de Rudy Riccioti symbolisant le devoir de m\u00e9moire du camp de Rivesaltes, inauguration le le 16 octobre 2015<\/p><\/div>\n<p align=\"JUSTIFY\"><span style=\"font-family: Arial, sans-serif\">Quels sont les \u00e9l\u00e9ments qui ont pouss\u00e9 \u00e0 choisir Rivesaltes comme lieu de m\u00e9moire mod\u00e8le<b> <\/b> pour l&rsquo;ensemble des camps du Sud-Ouest de la France\u00a0? Pour <a title=\"Lexique\" href=\"http:\/\/blogs.univ-jfc.fr\/campsdusudouest\/1945-et-apres\/devoir-de-memoire\/lexique\/\">Denis Peschanski<\/a><b>,<\/b> le camp de Rivesaltes est \u00ab\u00a0singulier et majeur\u00a0\u00bb dans l&rsquo;histoire des camps du Sud-Ouest de la France, dans la mesure o\u00f9 les m\u00e9moires de Rivesaltes sont repr\u00e9sentatives de l&rsquo;ensemble des populations qui ont \u00e9t\u00e9 enferm\u00e9es dans les camps du Sud-Ouest de la France. Rivesaltes permet ainsi de valoriser, en un m\u00eame lieu, plusieurs m\u00e9moires.\u00a0<\/span><\/p>\n<p align=\"JUSTIFY\"><a href=\"http:\/\/blogs.univ-jfc.fr\/campsdusudouest\/wp-content\/uploads\/sites\/48\/2016\/03\/Capture3.png\"><img loading=\"lazy\" class=\"wp-image-4051 aligncenter\" alt=\"Capture\" src=\"http:\/\/blogs.univ-jfc.fr\/campsdusudouest\/wp-content\/uploads\/sites\/48\/2016\/03\/Capture3-300x177.png\" width=\"180\" height=\"106\" srcset=\"https:\/\/blogs.univ-jfc.fr\/campsdusudouest\/wp-content\/uploads\/sites\/48\/2016\/03\/Capture3-300x177.png 300w, https:\/\/blogs.univ-jfc.fr\/campsdusudouest\/wp-content\/uploads\/sites\/48\/2016\/03\/Capture3.png 386w\" sizes=\"(max-width: 180px) 100vw, 180px\" \/><\/a><\/p>\n<p style=\"text-align: center\" align=\"JUSTIFY\"><span style=\"font-family: Arial, sans-serif\"><a href=\"https:\/\/www.youtube.com\/watch?v=_pdK6-V2_3M\">Vid\u00e9o explicative de Denis Peschanski, l&rsquo;historien du m\u00e9morial de Rivesaltes<\/a><\/span><\/p>\n<p style=\"text-align: justify\" align=\"JUSTIFY\"><span style=\"font-family: Arial, sans-serif\">Le devoir de m\u00e9moire \u00e0 Rivesaltes a donc d\u00fb se construire en tenant compte des pluralit\u00e9s m\u00e9morielles, tout en essayant de les rassembler autour de th\u00e9matiques qu&rsquo;elles avaient en commun ; qu&rsquo;il s&rsquo;agisse du lieu d&rsquo;internement ou du d\u00e9placement forc\u00e9, qu&rsquo;ont subi tous les intern\u00e9s. N\u00e9anmoins, le devoir de m\u00e9moire de Rivesaltes se doit d&rsquo;\u00eatre nuanc\u00e9 car il ne repr\u00e9sente pas la r\u00e9alit\u00e9 m\u00e9morielle de l&rsquo;ensemble des camps. Ainsi, le devoir de m\u00e9moire des camps du Sud-Ouest de la France valorise une minorit\u00e9 de camps, Rivesaltes par exemple, au d\u00e9pend d&rsquo;une majorit\u00e9 qui reste dans l&rsquo;oubli. L&rsquo;exemple de Rivesaltes semble donc \u00eatre un cas \u00e0 part.<\/span><\/p>\n<p align=\"JUSTIFY\"><span style=\"font-family: Arial, sans-serif\">L&rsquo;\u00e9tude du <a title=\"Brens\" href=\"http:\/\/blogs.univ-jfc.fr\/campsdusudouest\/mongraphies-de-camps\/brens\/\">camp de Brens<\/a> semble donc int\u00e9ressante pour nuancer la r\u00e9ussite du devoir de m\u00e9moire de Rivesaltes.<\/span><\/p>\n<p align=\"JUSTIFY\"><span style=\"font-family: Arial, sans-serif\">Tout d&rsquo;abord, l<\/span><span style=\"font-family: Arial, sans-serif\">a privatisation du terrain et la non-intervention des pouvoirs publics am\u00e8nent au constat qu&rsquo;aucun vrai travail m\u00e9moriel n&rsquo;a pu \u00eatre r\u00e9alis\u00e9 pour entretenir le souvenir du camp de Brens. Le seul \u00ab\u00a0acte de m\u00e9moire\u00a0\u00bb est l&rsquo;installation d&rsquo;une st\u00e8le le 14 septembre 1969, sur laquelle on peut lire\u00a0:<\/span><\/p>\n<div id=\"attachment_3254\" style=\"width: 310px\" class=\"wp-caption alignright\"><a href=\"http:\/\/images.google.fr\/imgres?imgurl=http%3A%2F%2Fstatic.ladepeche.fr%2Fcontent%2Fmedia%2Fimage%2Flarge%2F2015%2F02%2F07%2F201502071943-full.jpg&amp;imgrefurl=http%3A%2F%2Fwww.ladepeche.fr%2Farticle%2F2015%2F02%2F07%2F2045193-perpetuer-la-memoire-du-camp-de-brens.html&amp;h=350&amp;w=650&amp;tbnid=Y4w6aS2R3_mqjM%3A&amp;docid=Cbt1l7iyWCGdvM&amp;ei=Yer8VtSWLMe4swHqnouACw&amp;tbm=isch&amp;iact=rc&amp;uact=3&amp;dur=532&amp;page=1&amp;start=0&amp;ndsp=17&amp;ved=0ahUKEwiUy4b7yurLAhVH3CwKHWrPArAQMwgdKAAwAA\"><img aria-describedby=\"caption-attachment-3254\" loading=\"lazy\" class=\"size-medium wp-image-3254  \" title=\"St\u00e8le en m\u00e9moire des victimes du camp du Brens\" alt=\"027a217f8dccc4abd56ee0394064598e341c65fe\" src=\"http:\/\/blogs.univ-jfc.fr\/campsdusudouest\/wp-content\/uploads\/sites\/48\/2016\/03\/027a217f8dccc4abd56ee0394064598e341c65fe-300x156.jpg\" width=\"300\" height=\"156\" srcset=\"https:\/\/blogs.univ-jfc.fr\/campsdusudouest\/wp-content\/uploads\/sites\/48\/2016\/03\/027a217f8dccc4abd56ee0394064598e341c65fe-300x156.jpg 300w, https:\/\/blogs.univ-jfc.fr\/campsdusudouest\/wp-content\/uploads\/sites\/48\/2016\/03\/027a217f8dccc4abd56ee0394064598e341c65fe-500x261.jpg 500w, https:\/\/blogs.univ-jfc.fr\/campsdusudouest\/wp-content\/uploads\/sites\/48\/2016\/03\/027a217f8dccc4abd56ee0394064598e341c65fe.jpg 670w\" sizes=\"(max-width: 300px) 100vw, 300px\" \/><\/a><p id=\"caption-attachment-3254\" class=\"wp-caption-text\">Une modeste st\u00e8le comme unique acte de m\u00e9moire (14 septembre 1969)<\/p><\/div>\n<blockquote>\n<p style=\"text-align: left\" align=\"JUSTIFY\"><span style=\"font-family: Arial, sans-serif\">\u00ab\u00a0Ici v\u00e9curent aux c\u00f4t\u00e9s de R\u00e9sistantes fran\u00e7aises, des femmes antifascistes d&rsquo;autres pays r\u00e9fugi\u00e9es sur notre sol. Parmi elles, le 26 ao\u00fbt 1942, des femmes allemandes et polonaises furent d\u00e9port\u00e9es \u00e0 Auschwitz d&rsquo;o\u00f9 elles ne sont jamais revenues. Hommage \u00e0 leur m\u00e9moire\u00a0\u00bb<\/span><\/p>\n<\/blockquote>\n<p align=\"JUSTIFY\"><span style=\"font-family: Arial, sans-serif\">Une autre est d\u00e9pos\u00e9e en juin 2015 par \u00ab\u00a0l&rsquo;Association pour perp\u00e9tuer le souvenir des intern\u00e9es des camps de Brens et de Rieucros\u00a0\u00bb.\u00a0<\/span><span style=\"font-family: Arial, sans-serif\">Cependant, le devoir de m\u00e9moire du camp de Brens ne peut \u00eatre v\u00e9ritablement consid\u00e9r\u00e9 comme existant. En effet, la mise en m\u00e9moire d&rsquo;un lieu est un processus plus long et plus complexe que de simples plaques comm\u00e9moratives ne peuvent suffirent \u00e0 assurer.<\/span><\/p>\n<p align=\"JUSTIFY\"><span style=\"font-family: Arial, sans-serif\">De plus, le probl\u00e8me m\u00e9moriel que soul\u00e8ve Brens, s&rsquo;apparente \u00e0 celui qui s&rsquo;est pos\u00e9 pour les vestiges du village d&rsquo;Oradour-sur-Glane en Limousin. <\/span><\/p>\n<div id=\"attachment_3255\" style=\"width: 310px\" class=\"wp-caption aligncenter\"><a href=\"http:\/\/images.google.fr\/imgres?imgurl=http%3A%2F%2Fimages.sudouest.fr%2Fimages%2F2014%2F01%2F08%2Fle-village-d-oradour-sur-glane_1551484_800x400.jpg&amp;imgrefurl=http%3A%2F%2Fwww.sudouest.fr%2F2014%2F01%2F08%2Fmassacre-d-oradour-sur-glane-en-1944-un-octogenaire-inculpe-pour-meurtre-1423080-7.php&amp;h=400&amp;w=800&amp;tbnid=AEP_fN5OzFvsKM%3A&amp;docid=O4vvn2fk-W9LnM&amp;ei=pOr8Vq3zOsWuswGdhI-oCQ&amp;tbm=isch&amp;iact=rc&amp;uact=3&amp;dur=448&amp;page=1&amp;start=0&amp;ndsp=10&amp;ved=0ahUKEwit1Y6by-rLAhVF1ywKHR3CA5UQMwg-KAYwBg\"><img aria-describedby=\"caption-attachment-3255\" loading=\"lazy\" class=\"size-medium wp-image-3255  \" title=\"Les vestiges du village d'Oradour-sur-Glane\" alt=\"le-village-d-oradour-sur-glane_1551484_800x400\" src=\"http:\/\/blogs.univ-jfc.fr\/campsdusudouest\/wp-content\/uploads\/sites\/48\/2016\/03\/le-village-d-oradour-sur-glane_1551484_800x400-300x150.jpg\" width=\"300\" height=\"150\" srcset=\"https:\/\/blogs.univ-jfc.fr\/campsdusudouest\/wp-content\/uploads\/sites\/48\/2016\/03\/le-village-d-oradour-sur-glane_1551484_800x400-300x150.jpg 300w, https:\/\/blogs.univ-jfc.fr\/campsdusudouest\/wp-content\/uploads\/sites\/48\/2016\/03\/le-village-d-oradour-sur-glane_1551484_800x400-500x250.jpg 500w, https:\/\/blogs.univ-jfc.fr\/campsdusudouest\/wp-content\/uploads\/sites\/48\/2016\/03\/le-village-d-oradour-sur-glane_1551484_800x400.jpg 800w\" sizes=\"(max-width: 300px) 100vw, 300px\" \/><\/a><p id=\"caption-attachment-3255\" class=\"wp-caption-text\">Un vestige ne devient lieu de m\u00e9moire qu&rsquo;en \u00e9tant \u00ab\u00a0remodel\u00e9\u00a0\u00bb : on parle alors d&rsquo;une \u00ab\u00a0impossibilit\u00e9 de fixer le temps\u00a0\u00bb<\/p><\/div>\n<p align=\"JUSTIFY\"><span style=\"font-family: Arial, sans-serif\">Dans la mesure o\u00f9 on a compris que \u00ab\u00a0pour conserver Oradour comme m\u00e9morial historique, il fallait mettre fin \u00e0 Oradour comme lieu d&rsquo;occupation humaine\u00a0\u00bb, il appara\u00eet souhaitable d&rsquo;en faire de m\u00eame pour Brens. Cependant, laisser le site dans son \u00e9tat ne rend pas r\u00e9ellement compte de son histoire. C&rsquo;est pourquoi, comme le souligne, Laurent Olivier dans l&rsquo;extrait du s\u00e9minaire d&rsquo;H\u00e9l\u00e8ne Noizet, \u00ab\u00a0pour pr\u00e9server ces restes du pass\u00e9 dans leur pass\u00e9, il faut les bourrer d&rsquo;adjonctions qui leur sont \u00e9trang\u00e8res, c&rsquo;est \u00e0 dire les r\u00e9inventer\u00a0\u00bb et conclut ainsi\u00a0: \u00ab\u00a0les vestiges du pass\u00e9 ne peuvent traverser le temps et parvenir jusqu&rsquo;\u00e0 notre connaissance qu&rsquo;en \u00e9tant transform\u00e9s\u00a0\u00bb. Ainsi, Brens ne peut donc exister comme v\u00e9ritable lieu de m\u00e9moire qu&rsquo;en \u00e9tant \u00ab remodel\u00e9 \u00bb. N\u00e9anmoins, l&rsquo;association pour le camp de Brens rencontre des difficult\u00e9s pour y parvenir.<\/span><\/p>\n<p align=\"JUSTIFY\"><span style=\"font-family: Arial, sans-serif\">Ainsi, ces deux \u00e9tudes de cas permettent de soulever les limites du devoir de m\u00e9moire \u00e0 l&rsquo;\u00e9chelle de l\u2019\u00c9tat et \u00e0 l&rsquo;\u00e9chelle des camps. Tout d&rsquo;abord, nous pouvons dire que l<\/span><span style=\"font-family: Arial, sans-serif\">e camp de Rivesaltes sert de r\u00e9f\u00e9rence pour la m\u00e9moire des camps du Sud-Ouest de la France. Souvent relay\u00e9 dans les m\u00e9dias, il d\u00e9gage l&rsquo;image d&rsquo;un camp au devoir de m\u00e9moire mod\u00e8le. Mais face \u00e0 la mise en lumi\u00e8re de Rivesaltes, les autres camps du Sud-Ouest restent dans l&rsquo;ombre. Effectivement, la majorit\u00e9 des camps ne disposent pas d&rsquo;une reconnaissance de l\u2019\u00c9tat, ce qui rend ainsi complexe la mise en place d&rsquo;un devoir de m\u00e9moire, comme c&rsquo;est le cas \u00e0 Brens, par exemple. Ce camp est en effet, peu connu de tous et sa m\u00e9moire est, elle, port\u00e9e essentiellement par des associations. La seule forme de reconnaissance officielle est une plaque symbolique pr\u00e9sente sur le site. Mais est-ce suffisant pour promouvoir la m\u00e9moire de ce camp ? Pendant son r\u00e9veil m\u00e9moriel et son institutionnalisation, la m\u00e9moire n&rsquo;a pas connu d&rsquo;am\u00e9liorations notables au niveau des camps. Il y a aujourd&rsquo;hui un foss\u00e9 entre le camp de Rivesaltes et les autres camps d&rsquo;internement du Sud-Ouest. Les d\u00e9marches locales des associations peinent \u00e0 se faire entendre et donc \u00e0 obtenir un financement pour valoriser la m\u00e9moire de leur camp.<\/span><span style=\"font-family: Arial, sans-serif\">\u00a0<\/span><\/p>\n<p style=\"text-align: justify\"><span style=\"font-family: Arial, sans-serif\">Au del\u00e0 des faibles aides d\u00e9bloqu\u00e9es par le gouvernement, il est int\u00e9ressant d&rsquo;analyser les limites du devoir de m\u00e9moire des camps du Sud-Ouest de la France d&rsquo;une mani\u00e8re plus g\u00e9n\u00e9rale. En effet, la m\u00e9moire de la Seconde Guerre mondiale constitue une part importante dans la scolarit\u00e9 des Fran\u00e7ais. Cependant les camps sont rarement int\u00e9gr\u00e9s dans les programmes scolaires. La population est donc mal inform\u00e9e face \u00e0 cette histoire. La notion de devoir de m\u00e9moire au sein des camps fran\u00e7ais est encore \u00e0 perfectionner et \u00e0 divulguer dans la soci\u00e9t\u00e9 fran\u00e7aise. Il faut \u00e9galement prendre en compte le fait que les membres des associations qui entretiennent la m\u00e9moire des camps\u00a0sont vieillissants et, que sans rel\u00e8ve, ces associations risquent de dispara\u00eetre. Pour cette raison, l\u2019\u00c9tat se doit d&rsquo;intervenir en sensibilisant les nouvelles g\u00e9n\u00e9rations notamment dans le cadre scolaire, pour permettre le maintien d&rsquo;associations et continuer d&rsquo;entretenir le devoir de m\u00e9moire.<\/span><\/p>\n<p style=\"text-align: justify\"><a title=\"Bibliographie G\u00e9n\u00e9rale\" href=\"http:\/\/blogs.univ-jfc.fr\/campsdusudouest\/bibliographie-generale\/\">Pour aller plus loin&#8230;<\/a><\/p>\n","protected":false},"excerpt":{"rendered":"<p>L&rsquo;opinion publique a amplement contribu\u00e9 \u00e0 l&rsquo;apparition d&rsquo;un devoir de m\u00e9moire pour le camp de Rivesaltes, qui a \u00e9t\u00e9 ensuite, soutenu par des politiques. Le m\u00e9morial de Rivesaltes inaugur\u00e9 le 16 octobre 2015, constitue l&rsquo;une des principales actions en vue &hellip; <a href=\"https:\/\/blogs.univ-jfc.fr\/campsdusudouest\/1945-et-apres\/devoir-de-memoire\/etudes-de-cas-le-devoir-de-memoire-a-travers-les-exemples-des-camps-de-rivesaltes-et-de-brens\/\">Lire la suite <span class=\"meta-nav\">&rarr;<\/span><\/a><\/p>\n","protected":false},"author":123,"featured_media":0,"parent":106,"menu_order":0,"comment_status":"closed","ping_status":"open","template":"","meta":[],"_links":{"self":[{"href":"https:\/\/blogs.univ-jfc.fr\/campsdusudouest\/wp-json\/wp\/v2\/pages\/748"}],"collection":[{"href":"https:\/\/blogs.univ-jfc.fr\/campsdusudouest\/wp-json\/wp\/v2\/pages"}],"about":[{"href":"https:\/\/blogs.univ-jfc.fr\/campsdusudouest\/wp-json\/wp\/v2\/types\/page"}],"author":[{"embeddable":true,"href":"https:\/\/blogs.univ-jfc.fr\/campsdusudouest\/wp-json\/wp\/v2\/users\/123"}],"replies":[{"embeddable":true,"href":"https:\/\/blogs.univ-jfc.fr\/campsdusudouest\/wp-json\/wp\/v2\/comments?post=748"}],"version-history":[{"count":42,"href":"https:\/\/blogs.univ-jfc.fr\/campsdusudouest\/wp-json\/wp\/v2\/pages\/748\/revisions"}],"predecessor-version":[{"id":4389,"href":"https:\/\/blogs.univ-jfc.fr\/campsdusudouest\/wp-json\/wp\/v2\/pages\/748\/revisions\/4389"}],"up":[{"embeddable":true,"href":"https:\/\/blogs.univ-jfc.fr\/campsdusudouest\/wp-json\/wp\/v2\/pages\/106"}],"wp:attachment":[{"href":"https:\/\/blogs.univ-jfc.fr\/campsdusudouest\/wp-json\/wp\/v2\/media?parent=748"}],"curies":[{"name":"wp","href":"https:\/\/api.w.org\/{rel}","templated":true}]}}