{"id":779,"date":"2016-03-10T09:08:24","date_gmt":"2016-03-10T08:08:24","guid":{"rendered":"http:\/\/blogs.univ-jfc.fr\/campsdusudouest\/?page_id=779"},"modified":"2016-03-31T08:57:21","modified_gmt":"2016-03-31T07:57:21","slug":"linternement-massif-de-militants-espagnols","status":"publish","type":"page","link":"https:\/\/blogs.univ-jfc.fr\/campsdusudouest\/agir-et-resister-dans-les-camps\/la-politisation-des-camps\/linternement-massif-de-militants-espagnols\/","title":{"rendered":"L&rsquo;internement massif de militants espagnols"},"content":{"rendered":"<p style=\"text-align: justify\"><span style=\"color: #000000\"><span style=\"font-family: Arial,serif\"><span style=\"font-size: medium\">Pour fuir le r\u00e9gime autoritaire de Franco et le climat de tension en Espagne, les r\u00e9fugi\u00e9s espagnols se dirigent vers la France o\u00f9 ils ne sont pas bien accueillis par le gouvernement fran\u00e7ais. En effet, le gouvernement Daladier a peur que ces militants, pour la plupart d&rsquo;extr\u00eame-gauche, essaient de propager leurs id\u00e9es en France. Ceux qui fuient se sont en effet battus pour la R\u00e9publique en Espagne, mais ils n&rsquo;ont pas ou peu re\u00e7u d&rsquo;aide des pays d\u00e9mocratiques europ\u00e9ens. Des mesures d\u2019urgence sont cependant prises et des camps insalubres en bordure de plage sont cr\u00e9\u00e9s pour enfermer les r\u00e9fugi\u00e9s. On ne veut pas qu&rsquo;ils vivent avec les Fran\u00e7ais.<\/span><\/span><\/span><\/p>\n<div id=\"attachment_1572\" style=\"width: 310px\" class=\"wp-caption alignleft\"><a href=\"http:\/\/blogs.univ-jfc.fr\/campsdusudouest\/wp-content\/uploads\/sites\/48\/2016\/03\/camps-espagnol-min1.jpg\"><img aria-describedby=\"caption-attachment-1572\" loading=\"lazy\" class=\"size-medium wp-image-1572  \" title=\"\u00a9 Collection Ren\u00e9 Grando\" alt=\"Camp de r\u00e9fugi\u00e9s Espagnols dans le Roussillon\" src=\"http:\/\/blogs.univ-jfc.fr\/campsdusudouest\/wp-content\/uploads\/sites\/48\/2016\/03\/camps-espagnol-min1-300x213.jpg\" width=\"300\" height=\"213\" srcset=\"https:\/\/blogs.univ-jfc.fr\/campsdusudouest\/wp-content\/uploads\/sites\/48\/2016\/03\/camps-espagnol-min1-300x213.jpg 300w, https:\/\/blogs.univ-jfc.fr\/campsdusudouest\/wp-content\/uploads\/sites\/48\/2016\/03\/camps-espagnol-min1-422x300.jpg 422w, https:\/\/blogs.univ-jfc.fr\/campsdusudouest\/wp-content\/uploads\/sites\/48\/2016\/03\/camps-espagnol-min1.jpg 500w\" sizes=\"(max-width: 300px) 100vw, 300px\" \/><\/a><p id=\"caption-attachment-1572\" class=\"wp-caption-text\">Camp de r\u00e9fugi\u00e9s Espagnols dans le Roussillon<\/p><\/div>\n<p style=\"text-align: justify\"><span style=\"color: #000000\"><span style=\"font-family: Arial,serif\"><span style=\"font-size: medium\">Ayant fui le r\u00e9gime dictatorial franquiste, ils ont quitt\u00e9 leur pays en grande partie pour des raisons politiques et sont donc pour la plupart tr\u00e8s politis\u00e9s. En regroupant tous les Espagnols, la poursuite de la dynamique de politisation s&rsquo;en trouve facilit\u00e9e, voire accentu\u00e9e. Du c\u00f4t\u00e9 des autorit\u00e9s, cela permet aussi de recenser les diff\u00e9rents partis ou syndicats et leurs membres <\/span><\/span><\/span><span style=\"color: #000000\"><span style=\"font-family: Arial,serif\"><span style=\"font-size: medium\">pr\u00e9sents dans les camps. <\/span><\/span><span style=\"font-family: Arial,serif\"><span style=\"font-size: medium\">Il existe des tensions entres <\/span><\/span><span style=\"font-family: Arial,serif\"><span style=\"font-size: medium\">communistes, anarchistes, socialistes, libertaires, ainsi que des nationalistes basques et catalans.<\/span><\/span><\/span><span style=\"color: #000000\"><span style=\"font-family: Arial,serif\"><span style=\"font-size: medium\"><span style=\"color: #000000\"><span style=\"color: #ff0000\">\u00a0<\/span> <\/span><\/span><\/span><\/span><\/p>\n<p style=\"text-align: justify\" align=\"justify\"><span style=\"color: #000000\"><span style=\"font-family: Arial,serif\"><span style=\"font-size: medium\">Les intern\u00e9s \u00e9lisent parmi les militants politiques un chef de baraque, qui anime les activit\u00e9s culturelles ou m\u00eame sportives. Les activit\u00e9s li\u00e9es \u00e0 la politique sont officiellement, interdites m\u00eame si plus tard cela va changer.\u00a0<\/span><\/span><\/span><\/p>\n<p style=\"text-align: justify\"><span style=\"color: #000000\"><span style=\"font-family: Arial,serif\"><span style=\"font-size: medium\">La mise en place de la surveillance de l\u2019\u00c9tat fran\u00e7ais dans les camps n\u2019emp\u00eache pas le d\u00e9veloppement des actions politiques clandestines. Militer permet tant bien <\/span><\/span><\/span><span style=\"font-family: Arial,serif\"><span style=\"font-size: medium\">que mal aux intern\u00e9s de continuer \u00e0 vivre \u00e0 l\u2019int\u00e9rieur des camps. <\/span><\/span><span style=\"color: #000000\"><span style=\"font-family: Arial,serif\"><span style=\"font-size: medium\">Les communistes et les anarchistes se divisent et il y a parfois des bagarres, ce qui profite \u00e0 la direction des camps qui laisse les disputes \u00e9clater. En effet, il vaut mieux pour elle que les d\u00e9tenus se battent entre eux que contre les gardes. De surcro\u00eet, une organisation politico-culturelle est cr\u00e9\u00e9e : le Frente popular<em><\/em>, pour maintenir un bon niveau de vie dans les camps et qui organisent diff\u00e9rentes activit\u00e9s pour \u00e9viter l&rsquo;oisivet\u00e9 des intern\u00e9s. Il existe aussi d\u2019autres associations cr\u00e9\u00e9es pour faire passer des messages ou des journaux entre les prisonniers. Ces actions ne sont pas sans risques pour les d\u00e9tenus. Une fois que les autorit\u00e9s ont eu connaissance de ces activit\u00e9s,\u00a0 elles deviennent plus vigilantes et durcissent leurs contr\u00f4les.<\/span><\/span><\/span><span style=\"font-family: Arial,serif\"> (VILLEGAS, 1939, p. 89)\u00a0<\/span><\/p>\n<p style=\"text-align: justify\"><span style=\"color: #000000\"><span style=\"font-family: Arial,serif\"><span style=\"font-size: medium\">Durant les temps de travail se d\u00e9roulant \u00e0 l&rsquo;ext\u00e9rieur des camps (comme dans des for\u00eats), les prisonniers en profitent pour parler politique, pour se r\u00e9unir et pr\u00e9parer des op\u00e9rations clandestines. Ce temps leur est profitable car la police est peu pr\u00e9sente. Certains prisonniers en profitent pour s&rsquo;\u00e9chapper et vont rejoindre la R\u00e9sistance de l&rsquo;autre c\u00f4t\u00e9 des Pyr\u00e9n\u00e9es, dont 200 \u00e9vad\u00e9s du camp du Vernet d&rsquo;Ari\u00e8ge. <\/span><\/span><\/span><\/p>\n<p style=\"text-align: justify\"><span style=\"color: #000000\"><span style=\"font-family: Arial,serif\"><span style=\"font-size: medium\">Pour maintenir le lien entre les d\u00e9tenus, une unit\u00e9 antifasciste est cr\u00e9\u00e9e et elle a des liens avec l&rsquo;ext\u00e9rieur.<\/span><\/span><\/span><span style=\"font-family: Arial,serif\"><span style=\"font-size: medium\"><span style=\"color: #000000\">\u00a0 En effet, les visiteurs officiels ou clandestins relaient les informations de l\u2019ext\u00e9rieur qui sont ensuite \u00e9chang\u00e9es entre les camps d\u2019Argel\u00e8s et <a href=\"http:\/\/www.campgurs.com\" target=\"_blank\"><span style=\"color: #000000\">Gurs<\/span><\/a><\/span><span style=\"color: #000000\"><span style=\"color: #993300\"><span style=\"color: #000000\"> d\u00e8s que possible. Par exemple, des bulletins ou des journaux comme<\/span><span style=\"color: #000000\"> <em>l&rsquo;Humanit\u00e9<\/em> circulent entre ces deux camps gr\u00e2ce notamment \u00e0 des gendarmes complices.<\/span><\/span><br \/>\n<\/span><\/span><\/span><\/p>\n<p style=\"text-align: justify\" align=\"justify\"><span style=\"color: #000000\"><span style=\"font-family: Arial,serif\"><span style=\"font-size: medium\"> Les camps sont des lieux o\u00f9 les activit\u00e9s culturelles et politiques se d\u00e9veloppent, ce qui accentue l\u2019identit\u00e9 r\u00e9publicaine espagnole. <\/span><\/span><\/span><\/p>\n<p align=\"justify\"><span style=\"font-family: Arial,serif\"><span style=\"font-size: medium\"><span style=\"color: #000000\">\u00a0<\/span><\/span><\/span><\/p>\n","protected":false},"excerpt":{"rendered":"<p>Pour fuir le r\u00e9gime autoritaire de Franco et le climat de tension en Espagne, les r\u00e9fugi\u00e9s espagnols se dirigent vers la France o\u00f9 ils ne sont pas bien accueillis par le gouvernement fran\u00e7ais. En effet, le gouvernement Daladier a peur &hellip; <a href=\"https:\/\/blogs.univ-jfc.fr\/campsdusudouest\/agir-et-resister-dans-les-camps\/la-politisation-des-camps\/linternement-massif-de-militants-espagnols\/\">Lire la suite <span class=\"meta-nav\">&rarr;<\/span><\/a><\/p>\n","protected":false},"author":127,"featured_media":0,"parent":82,"menu_order":0,"comment_status":"closed","ping_status":"open","template":"","meta":[],"_links":{"self":[{"href":"https:\/\/blogs.univ-jfc.fr\/campsdusudouest\/wp-json\/wp\/v2\/pages\/779"}],"collection":[{"href":"https:\/\/blogs.univ-jfc.fr\/campsdusudouest\/wp-json\/wp\/v2\/pages"}],"about":[{"href":"https:\/\/blogs.univ-jfc.fr\/campsdusudouest\/wp-json\/wp\/v2\/types\/page"}],"author":[{"embeddable":true,"href":"https:\/\/blogs.univ-jfc.fr\/campsdusudouest\/wp-json\/wp\/v2\/users\/127"}],"replies":[{"embeddable":true,"href":"https:\/\/blogs.univ-jfc.fr\/campsdusudouest\/wp-json\/wp\/v2\/comments?post=779"}],"version-history":[{"count":31,"href":"https:\/\/blogs.univ-jfc.fr\/campsdusudouest\/wp-json\/wp\/v2\/pages\/779\/revisions"}],"predecessor-version":[{"id":4183,"href":"https:\/\/blogs.univ-jfc.fr\/campsdusudouest\/wp-json\/wp\/v2\/pages\/779\/revisions\/4183"}],"up":[{"embeddable":true,"href":"https:\/\/blogs.univ-jfc.fr\/campsdusudouest\/wp-json\/wp\/v2\/pages\/82"}],"wp:attachment":[{"href":"https:\/\/blogs.univ-jfc.fr\/campsdusudouest\/wp-json\/wp\/v2\/media?parent=779"}],"curies":[{"name":"wp","href":"https:\/\/api.w.org\/{rel}","templated":true}]}}