{"id":784,"date":"2016-03-10T09:09:29","date_gmt":"2016-03-10T08:09:29","guid":{"rendered":"http:\/\/blogs.univ-jfc.fr\/campsdusudouest\/?page_id=784"},"modified":"2016-04-14T09:07:04","modified_gmt":"2016-04-14T08:07:04","slug":"les-fonctions-du-camp","status":"publish","type":"page","link":"https:\/\/blogs.univ-jfc.fr\/campsdusudouest\/mongraphies-de-camps\/le-vernet-dariege\/les-fonctions-du-camp\/","title":{"rendered":"Les fonctions du camp"},"content":{"rendered":"<p style=\"text-align: justify\">A partir de f\u00e9vrier 1939, la France recense 453 000 r\u00e9fugi\u00e9s de la Guerre d&rsquo;Espagne et les r\u00e9partit de la mani\u00e8re suivante : 270 000 militaires; 170 000 civils; 13 000 bless\u00e9s et malades. Le gouvernement fran\u00e7ais est d\u00e9bord\u00e9 devant cet afflux massif de r\u00e9fugi\u00e9s, qui sont d&rsquo;abord parqu\u00e9s dans des camps comme celui d&rsquo;Argel\u00e8s-sur-mer qui h\u00e9berge\u00a0220000 personnes. Les conditions sont \u00e9pouvantables, il n&rsquo;y a pas d&rsquo;abris et le climat n&rsquo;est pas favorable en cet hiver 1939 o\u00f9 les temp\u00e9ratures chutent violemment.\u00a0En r\u00e9action \u00e0 cette arriv\u00e9e massive, les autorit\u00e9s civiles et militaires cr\u00e9ent une commission de recherche de camps de concentration et de rassemblement \u00e0 partir du 6 f\u00e9vrier \u00e0 Foix (Ari\u00e8ge). Le but est de trouver des lieux d&rsquo;h\u00e9bergement pour ces personnes dans un p\u00e9rim\u00e8tre proche et avec une capacit\u00e9 d&rsquo;accueil importante. Ainsi le 10 f\u00e9vrier, les premiers intern\u00e9s arrivent au camp du Vernet d&rsquo;Ari\u00e8ge. On remarque encore une fois que les lieux ne sont pas adapt\u00e9s \u00e0 l&rsquo;accueil d&rsquo;un nombre aussi important d&rsquo;individus. En effet, il n&rsquo;y a seulement dix-neuf baraquements ce qui signifie que beaucoup dorment dehors, parfois dans la neige avec des temp\u00e9ratures avoisinant les -15\u00b0C.<\/p>\n<p style=\"text-align: justify\">Aux environs de mai, 50 baraques sont b\u00e2ties pour diminuer les risques de mort, mais cela semble insuffisant. En effet, \u00ab\u00a0Cinquante-sept intern\u00e9s meurent de froid ou de faim de mars \u00e0 septembre\u00a0\u00bb.\u00a0De plus, le camp re\u00e7oit la visite du g\u00e9n\u00e9ral Gamelin en ao\u00fbt 1939. Ce dernier fait construire une infirmerie et la nourriture distribu\u00e9e est plus vari\u00e9e. L&rsquo;aide vient aussi de l&rsquo;ext\u00e9rieur du camp, par exemple le Syndicat National des Instituteurs procure \u00ab\u00a0un soutien mat\u00e9riel (vivres, v\u00eatements, argent) et moral (envoi de livres, de lettres)\u00a0\u00bb. Le gouvernement d\u00e9cide alors de vider le camp des \u00e9l\u00e9ments les moins dangereux.\u00a0Ainsi, avant la d\u00e9claration de guerre de la France \u00e0 l&rsquo;Allemagne le 3 septembre 1939, le camp ne compte plus que 370 intern\u00e9s. Le graphique ci dessous issu du m\u00e9moire de <a title=\"Bibliographie G\u00e9n\u00e9rale\" href=\"http:\/\/blogs.univ-jfc.fr\/campsdusudouest\/bibliographie-generale\/\">Maugendre Ma\u00eblle<\/a>, pr\u00e9sente cette \u00e9volution.<\/p>\n<div id=\"attachment_1064\" style=\"width: 988px\" class=\"wp-caption alignnone\"><a href=\"http:\/\/blogs.univ-jfc.fr\/campsdusudouest\/wp-content\/uploads\/sites\/48\/2016\/03\/graphique-vernet-2.png\"><img aria-describedby=\"caption-attachment-1064\" loading=\"lazy\" class=\"size-full wp-image-1064\" alt=\"Evolution du nombre d'intern\u00e9s au camp du Vernet\" src=\"http:\/\/blogs.univ-jfc.fr\/campsdusudouest\/wp-content\/uploads\/sites\/48\/2016\/03\/graphique-vernet-2.png\" width=\"978\" height=\"414\" srcset=\"https:\/\/blogs.univ-jfc.fr\/campsdusudouest\/wp-content\/uploads\/sites\/48\/2016\/03\/graphique-vernet-2.png 978w, https:\/\/blogs.univ-jfc.fr\/campsdusudouest\/wp-content\/uploads\/sites\/48\/2016\/03\/graphique-vernet-2-300x126.png 300w, https:\/\/blogs.univ-jfc.fr\/campsdusudouest\/wp-content\/uploads\/sites\/48\/2016\/03\/graphique-vernet-2-500x211.png 500w\" sizes=\"(max-width: 978px) 100vw, 978px\" \/><\/a><p id=\"caption-attachment-1064\" class=\"wp-caption-text\">Evolution du nombre d&rsquo;intern\u00e9s au camp du Vernet<\/p><\/div>\n<p style=\"text-align: justify\">Apr\u00e8s avoir \u00e9t\u00e9 utilis\u00e9 comme centre d&rsquo;accueil pour les r\u00e9fugi\u00e9s espagnols de la\u00a0<a title=\"Lexique (Vernet d\u2019Ari\u00e8ge)\" href=\"http:\/\/blogs.univ-jfc.fr\/campsdusudouest\/mongraphies-de-camps\/le-vernet-dariege\/lexique-vernet-dariege\/\">Retirada<\/a>, le camp devient un camp d&rsquo;internement administratif \u00e0 partir du 12 octobre 1939. L&rsquo;objectif du camp est d\u00e9sormais d&rsquo;isoler des \u00e9l\u00e9ments \u00ab\u00a0dangereux pour l&rsquo;ordre public, suspects au point de vue national ou extr\u00e9mistes\u00a0\u00bb. En effet, un premier train, mis en service par l&rsquo;administration fran\u00e7aise, compos\u00e9 de communistes ainsi que d&rsquo;allemands, arrive au Vernet d&rsquo;Ari\u00e8ge ce 12 Octobre.\u00a0Le 18 Novembre 1939, les conditions d&rsquo;internement sont modifi\u00e9es et concernent d\u00e9sormais les individus qui repr\u00e9sentent un danger \u00ab\u00a0pour la d\u00e9fense nationale et la s\u00e9curit\u00e9 publique\u00a0\u00bb. En cons\u00e9quence, la population du camp augmente fortement, \u00ab\u00a0passant de 915 le 13 octobre, \u00e0 1725 le 1er d\u00e9cembre et \u00e0 plus de 2000 en f\u00e9vrier 1940\u00a0\u00bb. En Juin 1940, des Italiens sont intern\u00e9s dans le camp suite \u00e0 l&rsquo;entr\u00e9e en guerre de Mussolini. Ainsi, de 1939 \u00e0 1940 les motifs d&rsquo;internement au camp du Vernet d&rsquo;Ari\u00e8ge sont majoritairement des raisons politiques.\u00a0Sous le r\u00e9gime de Vichy, \u00ab\u00a0les consid\u00e9rations raciales l&#8217;emportent d\u00e9sormais\u00a0\u00bb. On note ainsi l&rsquo;arriv\u00e9e de juifs \u00e9trangers dans le camp, cependant il y a aussi de nouveaux intern\u00e9s pour des raisons politiques. En effet, avec le d\u00e9clenchement de l&rsquo;<a title=\"Lexique (Vernet d\u2019Ari\u00e8ge)\" href=\"http:\/\/blogs.univ-jfc.fr\/campsdusudouest\/mongraphies-de-camps\/le-vernet-dariege\/lexique-vernet-dariege\/\">Op\u00e9ration Barbarossa<\/a> en Juin 1941 des russes sont intern\u00e9s.<\/p>\n<p style=\"text-align: justify\">Parmi la masse impressionnante d&rsquo;intern\u00e9s dans le camp on trouvait parfois des personnalit\u00e9s c\u00e9l\u00e8bres, que ce soit pour leur engagement politique ou pour leurs talents artistiques. Ainsi, on retrouve de nombreux chefs de la Guerre d&rsquo;Espagne on peut citer Ricardo Sanz qui a \u00e9crit un livre contant son s\u00e9jour au Vernet :\u00a0<em>Los que fuimos a Madrid, Columna Durruti, 26a. Divisi\u00f3n<\/em>.\u00a0Sanz a dirig\u00e9 la 26e division Durruti durant la guerre civile espagnole.\u00a0Aussi des r\u00e9sistants anti-fascistes allemands et autrichiens sont intern\u00e9s \u00e0 partir du 12 Octobre car bien que se revendiquant contre les r\u00e9gimes totalitaires, ils sont tr\u00e8s vite soup\u00e7onn\u00e9s d&rsquo;\u00eatre des partisans nazis infiltr\u00e9s, la \u00ab<a title=\"Lexique (Vernet d\u2019Ari\u00e8ge)\" href=\"http:\/\/blogs.univ-jfc.fr\/campsdusudouest\/mongraphies-de-camps\/le-vernet-dariege\/lexique-vernet-dariege\/\">cinqui\u00e8me colonne<\/a>\u00bb. Le journaliste allemand Louis Emrich fut intern\u00e9 au Vernet \u00e0 partir d&rsquo;octobre 1939, malgr\u00e9 le fait qu&rsquo;il soit profond\u00e9ment contre Hitler \u00ab\u00a0directeur d&rsquo;un journal pro-fran\u00e7ais en Sarre, \u00e9diteur d&rsquo;ouvrages anti-nazis \u00e0 Strasbourg\u00a0\u00bb, il fut d\u00e9port\u00e9 en Allemagne.\u00a0L\u00e9on Degrelle fut lui aussi intern\u00e9 au camp. C&rsquo;\u00e9tait un chef du <a title=\"Lexique (Vernet d\u2019Ari\u00e8ge)\" href=\"http:\/\/blogs.univ-jfc.fr\/campsdusudouest\/mongraphies-de-camps\/le-vernet-dariege\/lexique-vernet-dariege\/\">mouvement rexiste wallon<\/a>, plus tard il fut lib\u00e9r\u00e9 \u00e0 la demande d&rsquo;Hitler.\u00a0De plus, le camp accueille des intellectuels comme l&rsquo;\u00e9crivain et dramaturge Friedrich Wolf, renomm\u00e9 pour ses pi\u00e8ces ouvertement oppos\u00e9es au r\u00e9gime nazi, il est surnomm\u00e9 par la presse am\u00e9ricaine \u00abl&rsquo;ennemi n\u00b01 d&rsquo;Hitler\u00bb. L&rsquo;\u00e9crivain hongrois Arthur Koestler et l&rsquo;espagnol Max Aub y ont respectivement \u00e9crit La Lie de la Terre et le Manuscrit Corbeau, dans lesquels ils racontent leurs s\u00e9jours au Vernet.<\/p>\n<p style=\"text-align: justify\" align=\"JUSTIFY\">Le camp fut, de plus, utilis\u00e9 comme zone d&rsquo;internement des juifs sous l&rsquo;autorit\u00e9 allemande. Des juifs furent intern\u00e9s et les allemands arriv\u00e8rent au camp, de m\u00eame que le camp fut par la suite li\u00e9 \u00e0 d&rsquo;autres lieux ari\u00e9geois quant aux d\u00e9portations de juifs. Enfin, en 1944, lorsque le camp fut vid\u00e9, on l&rsquo;utilisa pour interner les allemands qui \u00e9taient jusque-l\u00e0 de l&rsquo;encadrement<\/p>\n<p style=\"text-align: justify\" align=\"JUSTIFY\">Pers\u00e9cut\u00e9s durant la Seconde Guerre Mondiale, les populations juives subissent diff\u00e9rentes \u00e9volutions de statut : recensement dans un \u00ab\u00a0fichier des juifs\u00a0\u00bb \u00e0 chaque pr\u00e9fecture (ordonnance du 27 septembre 1940), assignation \u00e0 r\u00e9sidence et exclusion des postes de la fonction publique, la presse et le cin\u00e9ma (3 octobre 1940). De plus, \u00e0 compter de cette date, chaque pr\u00e9fet peut prendre la d\u00e9cision d&rsquo;interner les juifs dans des camps de la zone non occup\u00e9e. Drancy fut ouvert le 10 ao\u00fbt 1941, accompagn\u00e9 de la d\u00e9cision \u00a0d&rsquo;internement de toute personne non-recens\u00e9e dans la zone non-occup\u00e9e. Le premier convoi part de Drancy le 27 mars 1942, suivi le lendemain de l&rsquo;obligation du port de l&rsquo;\u00e9toile jaune en zone occup\u00e9e. La France lance un objectif de 100 000 d\u00e9portations et Ren\u00e9 Bousquet obtient en contrepartie l&rsquo;interdiction de d\u00e9porter des juifs de nationalit\u00e9 fran\u00e7aise. Les juifs de Paris sont cependant rafl\u00e9s durant la nuit du 16-17 juillet 1942 pour \u00eatre envoy\u00e9s dans les camps, soit un total de 13 152 juifs.<\/p>\n<p style=\"text-align: justify\" align=\"JUSTIFY\">Les plaques tournantes de la Gestapo sont install\u00e9es partout, y compris \u00e0 Toulouse. En 1943, les juifs jusque-l\u00e0 envoy\u00e9s directement \u00e0 Drancy, Dachau, Auschwitz, sont alors parqu\u00e9s dans le fond des camps. au Vernet, ils sont entre trois cent et quatre cent \u00e0 \u00eatre parqu\u00e9s en attendant les wagons \u00e0 bestiaux. Les juifs restant tout au plus un mois au camp, ce n&rsquo;est qu&rsquo;un lieu de transit. Le camp du Vernet \u00e9tait \u00e0 ce moment-l\u00e0 un camp d&rsquo;internement administratif. Les allemands faisaient beaucoup de visites au camp afin de chercher de la main d&rsquo;oeuvre pour les usines d&rsquo;armement. Le camp devint mixte \u00e0 la fin de l&rsquo;ann\u00e9e 1943, entre 250 et 300 femmes, en provenance de Gurs, qui rest\u00e8rent un mois au fond du camp avant d&rsquo;\u00eatre envoy\u00e9es \u00e0 Toulouse puis Drancy. Le d\u00e9barquement des alli\u00e9s en Normandie apporta la joie des intern\u00e9s et la panique des allemands qui arriv\u00e8rent en masse au camp le matin du 9 juin 1944. Le camp fut vid\u00e9 quasi totalement, les intern\u00e9s \u00e9taient mis dans des wagons \u00e0 bestiaux pour Drancy. Les 403 qui rest\u00e8rent dans le camp partirent le 30 juin, rejoignant Toulouse et leurs compagnons d&rsquo;internement. tous furent envoy\u00e9s dans le dernier train pour Drancy et la Pologne, le <a title=\"Lexique du Vernet d\u2019Ari\u00e8ge\" href=\"http:\/\/blogs.univ-jfc.fr\/campsdusudouest\/mongraphies-de-camps\/le-vernet-dariege\/lexique-vernet-dariege\/\">convoi 77 appel\u00e9 \u00ab\u00a0train fant\u00f4me\u00a0\u00bb<\/a>.<\/p>\n<p style=\"text-align: justify\" align=\"JUSTIFY\">Le camp du Vernet d&rsquo;Ari\u00e8ge fut de plus mis en relation avec le ch\u00e2teau de la Hille et le village d&rsquo;Aulus les Bains<\/p>\n<p style=\"text-align: justify\" align=\"JUSTIFY\">En juillet 1940, les rafles commenc\u00e8rent et les juifs cach\u00e8rent leurs enfants notamment dans des \u00ab\u202fhome d\u2019enfants\u202f\u00bb encadr\u00e9s et prot\u00e9g\u00e9s par le cartel de secours aux enfants victimes de la guerre. Cela deviendra plus tard la croix rouge suisse secours aux enfants. En Ari\u00e8ge, les enfants furent regroup\u00e9s au ch\u00e2teau de la Hille. Recul\u00e9 par rapport \u00e0 la civilisation, il fut mis rapidement en \u00e9tat par des anciens intern\u00e9s du camp du Vernet. En juin 1941, on comptait 90 occupants dirig\u00e9s par Rosli Naf. A l\u2019aube du 27 ao\u00fbt 1941, les gendarmes arrivent avec une liste de 40 noms d\u2019enfants \u00e0 consonance juive. Les quarante enfants sont envoy\u00e9s au camp du Vernet. Rosli Naf les y rejoignit et obtint un droit de visite. Gr\u00e2ce au directeur de la croix rouge suisse secours aux enfants, ceux-ci ne furent pas d\u00e9port\u00e9s le 1er septembre et furent ramen\u00e9s au ch\u00e2teau apr\u00e8s le d\u00e9part du convoi. En 1943, les d\u00e9portations reprennent. Les adolescents de plus de seize ans sont d\u00e9port\u00e9s, c\u2019est pourquoi les encadrants leur cherchent du travail dans les fermes avoisinantes afin de les faire quitter le ch\u00e2teau. En 1944, la plupart des jeunes r\u00e9ussit \u00e0 passer les fronti\u00e8res.<\/p>\n<p style=\"text-align: justify\" align=\"JUSTIFY\">Le village recul\u00e9 d\u2019Aulus les Bains est r\u00e9quisitionn\u00e9 mi 1941 par le r\u00e9gime de Vichy afin d\u2019y installer les familles juives sous r\u00e9sidence surveill\u00e9e. Quelques-uns tent\u00e8rent de passer la fronti\u00e8re mais la plupart des hommes \u00e9taient bloqu\u00e9s de par leurs familles ou leurs bagages.<\/p>\n<p style=\"text-align: justify\" align=\"JUSTIFY\">La lib\u00e9ration arriva peu apr\u00e8s, en 1944 et le camp fut vid\u00e9 de tous ses occupants. N\u00e9anmoins les nazis pr\u00e9sents en Ari\u00e8ge \u00e0 la lib\u00e9ration furent recherch\u00e9s et envoy\u00e9s au camp du Vernet, pour un total de 1800 \u00e0 2000 hommes allemands, russes, polonais, mongols, des pays de\u202fl\u2019est. Les prisonniers furent transport\u00e9s par voie p\u00e9destre depuis Foix et arriv\u00e8rent au camp le 24 ao\u00fbt 1944. Ce fut rapidement un fardeau \u00e0 entretenir. La nourriture \u00e9tait pour partie en provenance de dons des villes de Foix et de Toulouse quant au reste, provenait de r\u00e9quisitions faites chez les agriculteurs alentours en \u00e9changes de bons de caisse. Par la suite, on s\u00e9para les diff\u00e9rents groupes, militaires du rang, sous-officiers, officiers puis on s\u00e9para les hommes selon leur pays d\u2019origine et surtout afin de ne plus m\u00e9langer les mongols des allemands qui les prenaient pour des \u00ab\u00a0sous-races\u00a0\u00bb.<\/p>\n<p style=\"text-align: justify\" align=\"JUSTIFY\"><a title=\"Bibliographie G\u00e9n\u00e9rale\" href=\"http:\/\/blogs.univ-jfc.fr\/campsdusudouest\/bibliographie-generale\/\">Pour aller plus loin &#8230;<\/a><\/p>\n","protected":false},"excerpt":{"rendered":"<p>A partir de f\u00e9vrier 1939, la France recense 453 000 r\u00e9fugi\u00e9s de la Guerre d&rsquo;Espagne et les r\u00e9partit de la mani\u00e8re suivante : 270 000 militaires; 170 000 civils; 13 000 bless\u00e9s et malades. Le gouvernement fran\u00e7ais est d\u00e9bord\u00e9 devant &hellip; <a href=\"https:\/\/blogs.univ-jfc.fr\/campsdusudouest\/mongraphies-de-camps\/le-vernet-dariege\/les-fonctions-du-camp\/\">Lire la suite <span class=\"meta-nav\">&rarr;<\/span><\/a><\/p>\n","protected":false},"author":224,"featured_media":0,"parent":96,"menu_order":0,"comment_status":"closed","ping_status":"open","template":"","meta":[],"_links":{"self":[{"href":"https:\/\/blogs.univ-jfc.fr\/campsdusudouest\/wp-json\/wp\/v2\/pages\/784"}],"collection":[{"href":"https:\/\/blogs.univ-jfc.fr\/campsdusudouest\/wp-json\/wp\/v2\/pages"}],"about":[{"href":"https:\/\/blogs.univ-jfc.fr\/campsdusudouest\/wp-json\/wp\/v2\/types\/page"}],"author":[{"embeddable":true,"href":"https:\/\/blogs.univ-jfc.fr\/campsdusudouest\/wp-json\/wp\/v2\/users\/224"}],"replies":[{"embeddable":true,"href":"https:\/\/blogs.univ-jfc.fr\/campsdusudouest\/wp-json\/wp\/v2\/comments?post=784"}],"version-history":[{"count":23,"href":"https:\/\/blogs.univ-jfc.fr\/campsdusudouest\/wp-json\/wp\/v2\/pages\/784\/revisions"}],"predecessor-version":[{"id":4572,"href":"https:\/\/blogs.univ-jfc.fr\/campsdusudouest\/wp-json\/wp\/v2\/pages\/784\/revisions\/4572"}],"up":[{"embeddable":true,"href":"https:\/\/blogs.univ-jfc.fr\/campsdusudouest\/wp-json\/wp\/v2\/pages\/96"}],"wp:attachment":[{"href":"https:\/\/blogs.univ-jfc.fr\/campsdusudouest\/wp-json\/wp\/v2\/media?parent=784"}],"curies":[{"name":"wp","href":"https:\/\/api.w.org\/{rel}","templated":true}]}}