{"id":798,"date":"2016-03-10T09:10:42","date_gmt":"2016-03-10T08:10:42","guid":{"rendered":"http:\/\/blogs.univ-jfc.fr\/campsdusudouest\/?page_id=798"},"modified":"2016-03-31T09:03:07","modified_gmt":"2016-03-31T08:03:07","slug":"de-nouveaux-arrivants-renforcent-les-actions-politiques","status":"publish","type":"page","link":"https:\/\/blogs.univ-jfc.fr\/campsdusudouest\/agir-et-resister-dans-les-camps\/la-politisation-des-camps\/de-nouveaux-arrivants-renforcent-les-actions-politiques\/","title":{"rendered":"De nouveaux arrivants renforcent les actions politiques."},"content":{"rendered":"<p style=\"text-align: justify\"><span style=\"font-size: medium\">Malgr\u00e9 ce qu&rsquo;on pourrait penser, les intern\u00e9s ont trouv\u00e9 le moyen de mener des actions politiques \u00e0 l&rsquo;int\u00e9rieur des camps, notamment contre l&rsquo;autorit\u00e9 qui les dirigeait.<\/span> <span style=\"font-size: medium\">Les premi\u00e8res actions sont men\u00e9es par des Espagnols. Ainsi, ils cr\u00e9ent une radio du nom de Chavola avec par exemple l&rsquo;\u00e9mission Altavoz qui permet de faire passer des messages \u00e0 caract\u00e8re politique au reste des intern\u00e9s. De surcro\u00eet, des bulletins sont r\u00e9dig\u00e9s \u00e0 la main dans plusieurs camps diff\u00e9rents et ce notamment par des \u00e9tudiants et des intellectuels. C&rsquo;est le cas du <i>Boletin de los estudiantes\u00a0<strong><\/strong><\/i>qui<i> <\/i>permet de diffuser l&rsquo;actualit\u00e9 sportive et culturelle autant que politique. En effet, il relaye les r\u00e9sum\u00e9s de conf\u00e9rences qui ont lieu clandestinement et qui visent \u00e0 combattre le fascisme. Ces journaux sont aussi un moyen pour les d\u00e9tenus de continuer \u00e0 prendre des nouvelles de l&rsquo;ext\u00e9rieur, puisque ceux qui sont encore publi\u00e9s, l\u00e9galement ou ill\u00e9galement, sont remplis d&rsquo;informations sur la situation de la guerre, sur la politique int\u00e9rieure de Vichy&#8230; C&rsquo;est pour les intern\u00e9s, qui \u00e9taient souvent d&rsquo;assidus lecteurs de journaux avant leur incarc\u00e9ration, une occasion de continuer \u00e0 avoir cette habitude de lecture. (VILLEGAS, 1939, p. 128)<strong><\/strong><br \/>\n<\/span><\/p>\n<div id=\"attachment_2185\" style=\"width: 310px\" class=\"wp-caption aligncenter\"><a href=\"http:\/\/blogs.univ-jfc.fr\/campsdusudouest\/wp-content\/uploads\/sites\/48\/2016\/03\/image.jpg\"><img aria-describedby=\"caption-attachment-2185\" loading=\"lazy\" class=\"size-medium wp-image-2185  \" title=\"J-C VILLEGAS (dirig\u00e9 par), Plages d'exil, les camps de r\u00e9fugi\u00e9s espagnols \u2013 1939\" alt=\"Boletin de los estudiantes du camp de Gurs, 22 mai 1939.\" src=\"http:\/\/blogs.univ-jfc.fr\/campsdusudouest\/wp-content\/uploads\/sites\/48\/2016\/03\/image-300x223.jpg\" width=\"300\" height=\"223\" srcset=\"https:\/\/blogs.univ-jfc.fr\/campsdusudouest\/wp-content\/uploads\/sites\/48\/2016\/03\/image-300x223.jpg 300w, https:\/\/blogs.univ-jfc.fr\/campsdusudouest\/wp-content\/uploads\/sites\/48\/2016\/03\/image-1024x764.jpg 1024w, https:\/\/blogs.univ-jfc.fr\/campsdusudouest\/wp-content\/uploads\/sites\/48\/2016\/03\/image-401x300.jpg 401w, https:\/\/blogs.univ-jfc.fr\/campsdusudouest\/wp-content\/uploads\/sites\/48\/2016\/03\/image.jpg 1988w\" sizes=\"(max-width: 300px) 100vw, 300px\" \/><\/a><p id=\"caption-attachment-2185\" class=\"wp-caption-text\">Boletin de los estudiantes du camp de Gurs, 22 mai 1939.<\/p><\/div>\n<p style=\"text-align: justify\" align=\"justify\"><span style=\"font-size: medium\">Aussi, gr\u00e2ce \u00e0 la complicit\u00e9 de certains gendarmes, des journaux politiques sont introduits dans les camps et diffus\u00e9s dans les baraques. Ceci permet aux intern\u00e9s de se tenir inform\u00e9s de l&rsquo;actualit\u00e9 politique, surtout par rapport \u00e0 celles en relation avec le r\u00e9gime de Franco, et les communistes.<\/span><\/p>\n<p style=\"text-align: justify\"><span style=\"font-size: medium\">Pour ce qui est des autres intern\u00e9s, des campagnes d&rsquo;information politique sont aussi<del><\/del> <strong><\/strong>men\u00e9es et l&rsquo;on constate \u00e9galement la mise en circulation de l&rsquo;<i>Humanit\u00e9. <\/i>Ce journal circule donc de fa\u00e7on clandestine non seulement \u00e0 l&rsquo;int\u00e9rieur d&rsquo;un m\u00eame camp mais aussi d&rsquo;un camp \u00e0 l&rsquo;autre. La plupart des militants communistes qui ne sont pas espagnols fondent ou rejoignent eux aussi ces unit\u00e9s antifascistes. <\/span> <span style=\"font-size: medium\">De plus, des cours de g\u00e9ographie, d&rsquo;histoire ou encore de fran\u00e7ais sont mis en place par certains intern\u00e9<span style=\"text-decoration: line-through\">e<\/span>s. Ils constituent un pr\u00e9texte suppl\u00e9mentaire pour se r\u00e9unir et d\u00e9battre de questions politiques, \u00e0 l&rsquo;\u00e9cart de l&rsquo;autorit\u00e9 du camp. C&rsquo;est notamment le cas \u00e0 Gurs mais aussi au camp de <a href=\"http:\/\/camp-rieucros.com\" target=\"_blank\">Rieucros<\/a> et de Brens o\u00f9 \u00e9taient d\u00e9tenues des femmes.<span style=\"font-size: medium\"> Il y a aussi l&rsquo;exemple des femmes du camp de Brens, qui lors d&rsquo;une repr\u00e9sentation th\u00e9\u00e2trale, ont r\u00e9ussi \u00e0 faire passer des critiques sur leurs conditions de vie. Cette pi\u00e8ce avait \u00e9t\u00e9 jou\u00e9e dans le cadre d&rsquo;une visite du camp par un fonctionnaire de Vichy, pour l&rsquo;alerter sur les conditions de vie mais aussi pour narguer les autorit\u00e9s du camp devant un repr\u00e9sentant de l\u2019\u00c9tat, car elles avaient pu monter un tel spectacle sans que les gardes du camp ne s&rsquo;en rendent compte. Apr\u00e8s ce spectacle, les conditions de vie s&rsquo;am\u00e9liorent l\u00e9g\u00e8rement, m\u00eame si les meneuses du projet sont punies.\u00a0 <strong><\/strong><br \/>\n<\/span><\/span><\/p>\n<p style=\"text-align: justify\"><span style=\"font-size: medium\">Au camp du <a href=\"http:\/\/www.campduvernet.eu\/\" target=\"_blank\">Vernet<\/a>\u00a0 sont essentiellement enferm\u00e9s les militants politiques les plus virulents. Cela conduit donc \u00e0 la mie en place de collectifs clandestins qui vont jusqu&rsquo;\u00e0 mettre sur pied une direction parall\u00e8le du camp. Ces groupes se renouvellent en fonction des arriv\u00e9es et des d\u00e9parts fr\u00e9quents des intern\u00e9s. C&rsquo;est notamment ce qui c&rsquo;est pass\u00e9 apr\u00e8s la r\u00e9volte de f\u00e9vrier 1941. Ce mouvement avait pour but de s&rsquo;insurger contre la famine et les brutalit\u00e9s incessantes. Les principaux meneurs de cette action sont alors envoy\u00e9s dans d&rsquo;autres camps et notamment dans le d\u00e9sert alg\u00e9rien.<\/span> <span style=\"font-size: medium\">Enfin, \u00e0 l&rsquo;int\u00e9rieur du m\u00eame camp les intern\u00e9s se r\u00e9unissaient afin de mener des r\u00e9flexions sur les possibles moyens de survie ou d&rsquo;\u00e9vasion mais aussi de lib\u00e9ration du camp. Il y a parfois des disputes entre intern\u00e9s, qui ne partagent pas toujours les m\u00eames id\u00e9ologies politiques. Par exemple, dans le camp du Vernet, on pouvait avoir un r\u00e9sistant anarchiste comme <a href=\"http:\/\/blogs.univ-jfc.fr\/campsdusudouest\/francesco-ponzan-vidal\/\"><span style=\"color: #00ccff\">Francisco Ponzan Vidal <\/span><\/a>ou un militant nazi comme <span style=\"color: #00ccff\"><a title=\"L\u00e9on Degrelle\" href=\"http:\/\/blogs.univ-jfc.fr\/campsdusudouest\/leon-degrelle\/\"><span style=\"color: #00ccff\">L\u00e9on Degrelle<\/span><\/a>.<\/span> Les autorit\u00e9s laissant faire. Toutefois, ces actions lorsqu&rsquo;elles sont <del><\/del>d\u00e9couvertes par les autorit\u00e9s du camp sont s\u00e9v\u00e8rement r\u00e9prim\u00e9es. Leurs meneurs sont la plupart du temps envoy\u00e9s dans d&rsquo;autres camps, voire <del><\/del>ex\u00e9cut\u00e9s. Tout ceci conduit le camp du Vernet \u00e0 devenir un r\u00e9servoir de r\u00e9sistants improbables pour toute l&rsquo;Europe, \u00e0 leur sortie du camp.<\/span><\/p>\n","protected":false},"excerpt":{"rendered":"<p>Malgr\u00e9 ce qu&rsquo;on pourrait penser, les intern\u00e9s ont trouv\u00e9 le moyen de mener des actions politiques \u00e0 l&rsquo;int\u00e9rieur des camps, notamment contre l&rsquo;autorit\u00e9 qui les dirigeait. Les premi\u00e8res actions sont men\u00e9es par des Espagnols. Ainsi, ils cr\u00e9ent une radio du &hellip; <a href=\"https:\/\/blogs.univ-jfc.fr\/campsdusudouest\/agir-et-resister-dans-les-camps\/la-politisation-des-camps\/de-nouveaux-arrivants-renforcent-les-actions-politiques\/\">Lire la suite <span class=\"meta-nav\">&rarr;<\/span><\/a><\/p>\n","protected":false},"author":127,"featured_media":0,"parent":82,"menu_order":0,"comment_status":"closed","ping_status":"open","template":"","meta":[],"_links":{"self":[{"href":"https:\/\/blogs.univ-jfc.fr\/campsdusudouest\/wp-json\/wp\/v2\/pages\/798"}],"collection":[{"href":"https:\/\/blogs.univ-jfc.fr\/campsdusudouest\/wp-json\/wp\/v2\/pages"}],"about":[{"href":"https:\/\/blogs.univ-jfc.fr\/campsdusudouest\/wp-json\/wp\/v2\/types\/page"}],"author":[{"embeddable":true,"href":"https:\/\/blogs.univ-jfc.fr\/campsdusudouest\/wp-json\/wp\/v2\/users\/127"}],"replies":[{"embeddable":true,"href":"https:\/\/blogs.univ-jfc.fr\/campsdusudouest\/wp-json\/wp\/v2\/comments?post=798"}],"version-history":[{"count":23,"href":"https:\/\/blogs.univ-jfc.fr\/campsdusudouest\/wp-json\/wp\/v2\/pages\/798\/revisions"}],"predecessor-version":[{"id":4214,"href":"https:\/\/blogs.univ-jfc.fr\/campsdusudouest\/wp-json\/wp\/v2\/pages\/798\/revisions\/4214"}],"up":[{"embeddable":true,"href":"https:\/\/blogs.univ-jfc.fr\/campsdusudouest\/wp-json\/wp\/v2\/pages\/82"}],"wp:attachment":[{"href":"https:\/\/blogs.univ-jfc.fr\/campsdusudouest\/wp-json\/wp\/v2\/media?parent=798"}],"curies":[{"name":"wp","href":"https:\/\/api.w.org\/{rel}","templated":true}]}}