{"id":8,"date":"2016-01-28T09:11:12","date_gmt":"2016-01-28T08:11:12","guid":{"rendered":"http:\/\/blogs.univ-jfc.fr\/campsdusudouest\/?page_id=8"},"modified":"2016-04-07T08:50:11","modified_gmt":"2016-04-07T07:50:11","slug":"la-france-de-lentre-deux-guerres-et-de-vichy","status":"publish","type":"page","link":"https:\/\/blogs.univ-jfc.fr\/campsdusudouest\/la-france-de-lentre-deux-guerres-et-de-vichy\/","title":{"rendered":"La France de l&rsquo;entre-deux-guerres et de Vichy"},"content":{"rendered":"<p align=\"justify\"><span style=\"font-family: 'Arial', serif\">\u00a0 \u00a0Apr\u00e8s la Premi\u00e8re Guerre mondiale, un nouvel ordre europ\u00e9en se met en place. Les pays touch\u00e9s par ce conflit cherchent \u00e0 se reconstruire et entra\u00eenant la signature des trait\u00e9s afin d&rsquo;\u00e9viter une nouvelle guerre mondial. Cependant dans les ann\u00e9es trente l&rsquo;arriv\u00e9e au pouvoir de figures autoritaire ravive les tensions et met \u00e0 mal la paix conserv\u00e9e durant ces derni\u00e8res ann\u00e9es, bafouant ainsi les r\u00e8gles \u00e9tablies par la Soci\u00e9t\u00e9 des Nations. D&rsquo;un autre c\u00f4t\u00e9, elle doit faire face \u00e0 l&rsquo;opposition Allemande qui devient de plus en plus violente et mena\u00e7ante pour la paix mondiale. La Seconde Guerre mondiale bouleverse la France socialement, g\u00e9ographiquement et \u00e9conomiquement. D\u00e8s juin 1940, le territoire fran\u00e7ais est divis\u00e9 en deux\u00a0: le Nord appel\u00e9e \u2018\u2019zone occup\u00e9e\u2019\u2019 et le Sud appel\u00e9e \u2018\u2019zone libre\u2019\u2019. Le 11 novembre 1942 le territoire fran\u00e7ais est int\u00e9gralement occup\u00e9 et perd son autonomie. <a href=\"http:\/\/blogs.univ-jfc.fr\/campsdusudouest\/la-france-de-lentre-deux-guerres-et-de-vichy\/la-iiie-republique-et-les-questions-internationales\/\" target=\"_blank\">Cette situation fragilise les relations internationales dans un monde divis\u00e9 entre les forces de l\u2019Axe et les Alli\u00e9s. <\/a><\/span><\/p>\n<p align=\"justify\"><span style=\"font-family: 'Arial', serif\">\u00a0 \u00a0Les premiers camps d&rsquo;internement sont ouverts en France d\u00e8s 1939. Il s&rsquo;agit de r\u00e9pondre \u00e0 l&rsquo;arriv\u00e9e en masse des r\u00e9publicains espagnols qui fuient le r\u00e9gime franquiste. Le gouvernement de Daladier ouvre les camps dans ces circonstances. Par la suite, on va aussi y enfermer, de 1939 \u00e0 1945, des communistes, des opposants au r\u00e9gime, des juifs et des prisonniers de guerre. Ces enfermements sont administratifs et donc sans proc\u00e8s. De plus, les baraquements sont sommaires et les conditions de vies sont tr\u00e8s dures. Pourtant, les camps sont pr\u00e9sent\u00e9s aux r\u00e9fugi\u00e9s comme de simples camps de travail ; en effet, on avait promis aux r\u00e9fugi\u00e9s du travail et de l&rsquo;argent. Ils sont le plus souvent perdus, \u00e9loign\u00e9s des villes et sur des terrains escarp\u00e9s afin qu&rsquo;ils ne soient pas visibles. <a href=\"http:\/\/blogs.univ-jfc.fr\/campsdusudouest\/la-france-de-lentre-deux-guerres-et-de-vichy\/les-francais-et-linternement\/\" target=\"_blank\">Ainsi, les civils n&rsquo;ont qu&rsquo;une vague image et souvent d\u00e9form\u00e9es des camps d&rsquo;internement par les journaux et la propagande des gouvernements successifs .<\/a><\/span><\/p>\n<p align=\"justify\"><span style=\"font-family: 'Arial', serif\"><span style=\"color: #222222\">\u00a0 \u00a0En France, le nationalisme et l&rsquo;antis\u00e9mitisme sont des notions sont d\u00e9j\u00e0 pr\u00e9sentes dans les mentalit\u00e9s de l&rsquo;entre-deux-guerres. <\/span><span style=\"color: #222222\">Elles<\/span><span style=\"color: #222222\"> vont se faire plus commune<\/span><span style=\"color: #222222\">s<\/span><span style=\"color: #222222\">, se renforcent, pendant le marasme \u00e9conomique des ann\u00e9es 1930. L&rsquo;objectif est de cr\u00e9er dans l<\/span><span style=\"color: #222222\">&lsquo;esprit des fran\u00e7ais<\/span><span style=\"color: #222222\"> la notion \u00ab\u00a0d&rsquo;Anti-France\u00a0\u00bb et donc, par opposition, de \u00ab\u00a0bon fran\u00e7ais\u00a0\u00bb. Le gouvernement de Vichy va organiser la cr\u00e9ation et le d\u00e9veloppement de ligues et d&rsquo;organisations paramilitaires \u00e0 son service. Les discours des repr\u00e9sentants de l&rsquo;\u00c9tat fran\u00e7ais permettent de comprendre quels sont les enjeux politiques qui se cachent derri\u00e8re les notions de <a href=\"http:\/\/blogs.univ-jfc.fr\/campsdusudouest\/la-france-de-lentre-deux-guerres-et-de-vichy\/nationalisme-xenophobie-et-antisemitisme\/\" target=\"_blank\">nationalisme et de x\u00e9nophobie<\/a>, nous noterons l&rsquo;utilisation des f\u00eates civiles et militaires qui sont r\u00e9cup\u00e9r\u00e9es ou cr\u00e9\u00e9es par Vichy et qui permettent de renforcer cette id\u00e9ologie d&rsquo;\u00c9tat.<\/span><\/span><\/p>\n<p align=\"justify\">\n","protected":false},"excerpt":{"rendered":"<p>\u00a0 \u00a0Apr\u00e8s la Premi\u00e8re Guerre mondiale, un nouvel ordre europ\u00e9en se met en place. Les pays touch\u00e9s par ce conflit cherchent \u00e0 se reconstruire et entra\u00eenant la signature des trait\u00e9s afin d&rsquo;\u00e9viter une nouvelle guerre mondial. Cependant dans les ann\u00e9es &hellip; <a href=\"https:\/\/blogs.univ-jfc.fr\/campsdusudouest\/la-france-de-lentre-deux-guerres-et-de-vichy\/\">Lire la suite <span class=\"meta-nav\">&rarr;<\/span><\/a><\/p>\n","protected":false},"author":15,"featured_media":309,"parent":0,"menu_order":0,"comment_status":"open","ping_status":"open","template":"","meta":[],"_links":{"self":[{"href":"https:\/\/blogs.univ-jfc.fr\/campsdusudouest\/wp-json\/wp\/v2\/pages\/8"}],"collection":[{"href":"https:\/\/blogs.univ-jfc.fr\/campsdusudouest\/wp-json\/wp\/v2\/pages"}],"about":[{"href":"https:\/\/blogs.univ-jfc.fr\/campsdusudouest\/wp-json\/wp\/v2\/types\/page"}],"author":[{"embeddable":true,"href":"https:\/\/blogs.univ-jfc.fr\/campsdusudouest\/wp-json\/wp\/v2\/users\/15"}],"replies":[{"embeddable":true,"href":"https:\/\/blogs.univ-jfc.fr\/campsdusudouest\/wp-json\/wp\/v2\/comments?post=8"}],"version-history":[{"count":15,"href":"https:\/\/blogs.univ-jfc.fr\/campsdusudouest\/wp-json\/wp\/v2\/pages\/8\/revisions"}],"predecessor-version":[{"id":4410,"href":"https:\/\/blogs.univ-jfc.fr\/campsdusudouest\/wp-json\/wp\/v2\/pages\/8\/revisions\/4410"}],"wp:featuredmedia":[{"embeddable":true,"href":"https:\/\/blogs.univ-jfc.fr\/campsdusudouest\/wp-json\/wp\/v2\/media\/309"}],"wp:attachment":[{"href":"https:\/\/blogs.univ-jfc.fr\/campsdusudouest\/wp-json\/wp\/v2\/media?parent=8"}],"curies":[{"name":"wp","href":"https:\/\/api.w.org\/{rel}","templated":true}]}}