{"id":802,"date":"2016-03-10T09:39:02","date_gmt":"2016-03-10T08:39:02","guid":{"rendered":"http:\/\/blogs.univ-jfc.fr\/campsdusudouest\/?page_id=802"},"modified":"2016-03-31T08:51:01","modified_gmt":"2016-03-31T07:51:01","slug":"camp-de-noe-de-la-fin-de-la-guerre-a-la-fermeture-du-camp","status":"publish","type":"page","link":"https:\/\/blogs.univ-jfc.fr\/campsdusudouest\/camp-de-noe-de-la-fin-de-la-guerre-a-la-fermeture-du-camp\/","title":{"rendered":"De la fin de la guerre \u00e0 la fermeture du camp"},"content":{"rendered":"<p align=\"JUSTIFY\"><span style=\"color: #000000\">Cette lib\u00e9ration s&rsquo;inscrit dans une continuit\u00e9 d&rsquo;actions men\u00e9es par le groupe cr\u00e9\u00e9 en 1942 par le Juge d&rsquo;instruction <\/span><span style=\"color: #000000\">de Muret, Andr\u00e9 Reboul, qu&rsquo;il constitue avec quelques patriotes. Deux ans apr\u00e8s, sous le commandement du capitaine<a href=\"http:\/\/www.ladepeche.fr\/article\/2011\/08\/16\/1147279-rieumes-en-hommage-au-sacrifice-de-jules-delattre.html\">\u00a0<\/a><\/span><span style=\"color: #000000\"><a href=\"http:\/\/www.ladepeche.fr\/article\/2011\/08\/16\/1147279-rieumes-en-hommage-au-sacrifice-de-jules-delattre.html\">Jules Delattre<\/a>,<\/span><span style=\"color: #000000\"> le groupe devient le Maquis de Rieums-Muret. <\/span><span style=\"color: #000000\">Sabotages de voies ferr\u00e9es, de pyl\u00f4nes haute-tension de la SNCF sont certains des actes de r\u00e9sistance de l&rsquo;organisation, notamment le 10 juin 1944.<\/span><\/p>\n<p align=\"JUSTIFY\"><span style=\"font-family: Arial, sans-serif\"><span style=\"color: #000000\"><span> L<\/span><\/span><span style=\"color: #000000\"><span>e camp n&rsquo;est r\u00e9ellement ferm\u00e9 qu&rsquo;en 1947. L<\/span><\/span><span style=\"color: #000000\"><span>a fermeture du camp n&rsquo;entra\u00eene pas la remise en cause du concept m\u00eame de l&rsquo;internement administratif\u00a0: \u00ab\u00a0<\/span><\/span><span style=\"color: #000000\"><span><i>Sa <\/i><\/span><\/span><span style=\"color: #000000\"><span>[Camp de No\u00e9] <\/span><\/span><span style=\"color: #000000\"><span><i>situation g\u00e9ographique, son installation impeccable et la proximit\u00e9 relative du grand centre de Toulouse sont autant de facteurs en faveur du maintien du Camp, aussi longtemps que son existence sera n\u00e9cessaire\u00a0\u00bb. <\/i><\/span><\/span><span style=\"color: #000000\"><span>A<\/span><\/span><span style=\"color: #000000\"><span> l&rsquo;instar de Drancy, de nombreux camps utilis\u00e9s pendant le r\u00e9gime p\u00e9tainiste sont r\u00e9-ouverts pour incarc\u00e9rer des personnes accus\u00e9es de collaboration soit en attente de jugement pour les soustraire \u00e0 la vindicte populaire, soit apr\u00e8s condamnation. <\/span><\/span><\/span><\/p>\n<p align=\"JUSTIFY\"><span style=\"color: #000000\"><span style=\"font-family: Arial, sans-serif\"><span> Si les lieux sont maintenus,<a title=\"Le personnel du camp de No\u00e9\" href=\"http:\/\/blogs.univ-jfc.fr\/campsdusudouest\/le-personnel-du-camp\/\"> le personnel du camp<\/a> l&rsquo;est aussi. Au 14 octobre 1944, soit deux mois apr\u00e8s la lib\u00e9ration du camp, le processus d&rsquo;\u00e9puration est enclench\u00e9. Cependant, un r\u00e9el paradoxe voit le jour\u00a0: en plus du personnel de No\u00e9 nomm\u00e9 par le R\u00e9gime de Vichy rest\u00e9 apr\u00e8s la fin de la guerre, s&rsquo;ajoutent \u00e9galement des personnes nomm\u00e9es par le Gouvernement Provisoire de la R\u00e9publique Fran\u00e7aise. <\/span><\/span><\/span><\/p>\n<p align=\"JUSTIFY\"><span style=\"color: #000000\"><span style=\"font-family: Arial, sans-serif\"><span> Le profil des intern\u00e9s restants change \u00e9galement apr\u00e8s ao\u00fbt 1944. Une extr\u00eame majorit\u00e9 sont des intern\u00e9s politiques dont l&rsquo;\u00e2ge varie de 20 \u00e0 50 ans. Plus les mois passent, de moins en moins de fran\u00e7ais sont pr\u00e9sents ainsi qu&rsquo;un recul d&rsquo;intern\u00e9s-enfants. Se dessine ainsi \u00e0 No\u00e9 un profil de \u00ab\u00a0camp des ind\u00e9sirables\u00a0\u00bb. De nombreux intern\u00e9s sont \u00e0 No\u00e9 pour des motifs inconnus, ce qui explique sans doute le nombre croissant d&rsquo;\u00e9vasions. En effet, du 1er octobre 1944 au 15 mai 1946, 40 \u00e9vasions ont lieu dont le pic se trouve lors de la premi\u00e8re moiti\u00e9 de l&rsquo;ann\u00e9e 1946. Le camp n&rsquo;est d\u00e9finitivement ferm\u00e9 par d\u00e9cision de la direction de l&rsquo;administration p\u00e9nitentiaire que le 31 mai 1950. Il est \u00ab\u00a0rendu\u00a0\u00bb \u00e0 la commune de No\u00e9 lorsque cette derni\u00e8re fait une proposition d&rsquo;achat du camp. A compter de cette date, le camp de No\u00e9 n&rsquo;est plus que l&rsquo;ex-camp de No\u00e9. Les d\u00e9tenus condamn\u00e9s par d\u00e9cisions de justice sont transf\u00e9r\u00e9s dans des \u00e9tablissements p\u00e9nitentiaires, les autres sont lib\u00e9r\u00e9s.<\/span><\/span><\/span><\/p>\n<div id=\"attachment_1569\" style=\"width: 310px\" class=\"wp-caption alignleft\"><a href=\"http:\/\/blogs.univ-jfc.fr\/campsdusudouest\/wp-content\/uploads\/sites\/48\/2016\/03\/Extrait-de-plan-cadastral-No\u00e9-maintenant.jpg\"><img aria-describedby=\"caption-attachment-1569\" loading=\"lazy\" class=\"size-medium wp-image-1569\" alt=\"Extrait d'un plan cadastral du camp de No\u00e9\" src=\"http:\/\/blogs.univ-jfc.fr\/campsdusudouest\/wp-content\/uploads\/sites\/48\/2016\/03\/Extrait-de-plan-cadastral-No\u00e9-maintenant-300x225.jpg\" width=\"300\" height=\"225\" srcset=\"https:\/\/blogs.univ-jfc.fr\/campsdusudouest\/wp-content\/uploads\/sites\/48\/2016\/03\/Extrait-de-plan-cadastral-No\u00e9-maintenant-300x225.jpg 300w, https:\/\/blogs.univ-jfc.fr\/campsdusudouest\/wp-content\/uploads\/sites\/48\/2016\/03\/Extrait-de-plan-cadastral-No\u00e9-maintenant-400x300.jpg 400w, https:\/\/blogs.univ-jfc.fr\/campsdusudouest\/wp-content\/uploads\/sites\/48\/2016\/03\/Extrait-de-plan-cadastral-No\u00e9-maintenant.jpg 960w\" sizes=\"(max-width: 300px) 100vw, 300px\" \/><\/a><p id=\"caption-attachment-1569\" class=\"wp-caption-text\">Extrait d&rsquo;un plan cadastral calquant le camp de No\u00e9 (En trac\u00e9 rouge)<\/p><\/div>\n<p align=\"JUSTIFY\"><span style=\"font-family: Arial, sans-serif\"><span style=\"color: #000000\"><span style=\"font-size: medium\">L<\/span><\/span><span style=\"color: #000000\"><span>e camp n&rsquo;est rendu \u00e0 la commune qu&rsquo;en 1950, il est donc l\u00e9gitime de s&rsquo;attacher au devenir du camp. A l&#8217;emplacement du camp est construit un stade; la ville ayant gard\u00e9 le b\u00e2timent des sanitaires pour s&rsquo;en servir comme vestiaire. La raison invoqu\u00e9e est celle de la praticit\u00e9, l&rsquo;eau courante \u00e9tant d\u00e9j\u00e0 reli\u00e9e.<\/span><\/span><\/span><\/p>\n<p align=\"JUSTIFY\"><span style=\"font-family: Arial, sans-serif\"><span style=\"color: #000000\"><span>Cette r\u00e9utilisation du camp, et en g\u00e9n\u00e9ral l&rsquo;occultation de la m\u00e9moire de celui-ci, cr\u00e9e des pol\u00e9miques autour du devoir de m\u00e9moire. L&rsquo;association ETHIC (Enqu\u00eate sur la Tragique Histoire des Internements dans les Camps) fond\u00e9e en 1995, lutte pour l&rsquo;\u00e9tude et la reconnaissance de l&rsquo;existence du camp de No\u00e9. A travers le t\u00e9moignage de son fondateu<\/span><\/span><span style=\"color: #000000\"><span>r, <a href=\"http:\/\/www.lemonde.fr\/disparitions\/article\/2007\/10\/03\/kurt-werner-schaechter-resistant-autrichien_962486_3382.html\">Kurt Werner Schaechter<\/a>, <\/span><\/span><span style=\"color: #000000\"><span>r\u00e9sistant autrichien dont les parents sont intern\u00e9s dans des camps au Sud de Toulouse (sa m\u00e8re au camp de No\u00e9), l&rsquo;association nous donne \u00e0 voir le portrait d&rsquo;un homme en lutte permanente, contre le nazisme tout d&rsquo;abord puis contre l&rsquo;oubli de cette p\u00e9riode.<\/span><\/span><\/span><\/p>\n<p>&nbsp;<\/p>\n<h5 align=\"JUSTIFY\"><\/h5>\n<div id=\"attachment_981\" style=\"width: 490px\" class=\"wp-caption aligncenter\"><a href=\"http:\/\/blogs.univ-jfc.fr\/campsdusudouest\/wp-content\/uploads\/sites\/48\/2016\/03\/Manifestation-2010.jpg\"><img aria-describedby=\"caption-attachment-981\" loading=\"lazy\" class=\"wp-image-981 \" title=\"Manifestation \u00e0 No\u00e9 en Mars 2010\" alt=\"Manifestation \u00e0 No\u00e9\" src=\"http:\/\/blogs.univ-jfc.fr\/campsdusudouest\/wp-content\/uploads\/sites\/48\/2016\/03\/Manifestation-2010.jpg\" width=\"480\" height=\"301\" srcset=\"https:\/\/blogs.univ-jfc.fr\/campsdusudouest\/wp-content\/uploads\/sites\/48\/2016\/03\/Manifestation-2010.jpg 800w, https:\/\/blogs.univ-jfc.fr\/campsdusudouest\/wp-content\/uploads\/sites\/48\/2016\/03\/Manifestation-2010-300x187.jpg 300w, https:\/\/blogs.univ-jfc.fr\/campsdusudouest\/wp-content\/uploads\/sites\/48\/2016\/03\/Manifestation-2010-479x300.jpg 479w\" sizes=\"(max-width: 480px) 100vw, 480px\" \/><\/a><p id=\"caption-attachment-981\" class=\"wp-caption-text\">Manifestation \u00e0 No\u00e9 en Mars 2010<\/p><\/div>\n<h5 align=\"JUSTIFY\"><span style=\"font-family: Arial, sans-serif\"><span style=\"color: #000000\"><span>La volont\u00e9 de comm\u00e9morations est aussi pr\u00e9sente \u00e0 No\u00e9. En effet, <\/span><\/span><span style=\"color: #000000\"><span>un m<\/span><\/span><span style=\"color: #000000\"><span>onument M\u00e9morial Europ\u00e9en de la D\u00e9portation \u00e0 l&#8217;emplacement du camp par des associations m\u00e9morielles est r\u00e9clam\u00e9. Les seuls lieux m\u00e9moriels pour les victimes du camp sont aux cimeti\u00e8res d<\/span><\/span><span style=\"color: #000000\"><span>e No\u00e9 (Monument aux morts) et une plaque comm\u00e9morative \u00e0 la gare SNCF de la commune. A l&rsquo;heure actuelle, en 2015, aucun m\u00e9morial n&rsquo;est en place dans la commune de No\u00e9, pour la reconnaissance du camp. Mais les efforts des associations m\u00e9morielles ne faiblissent pas. Le camp de No\u00e9 \u00e9chappe au radar de la m\u00e9moire officielle contrairement \u00e0 d&rsquo;autres camps. Comme l&rsquo;exemple du <a title=\"Rivesaltes\" href=\"http:\/\/blogs.univ-jfc.fr\/campsdusudouest\/mongraphies-de-camps\/rivesaltes\/\">camp de Rivesaltes<\/a><\/span><\/span><span style=\"color: #000000\"><span>, le projet initi\u00e9 en 2007 pour la fondation d&rsquo;un m\u00e9morial\u00a0a vu le jour le 14 octobre 2015. Cependant, l&rsquo;histoire n&rsquo;oublie pas pour autant No\u00e9. L&rsquo;historien Eric Malo ne cesse de travailler sur celui-ci depuis sa ma\u00eetrise en 1985.<\/span><\/span><\/span><\/h5>\n<h5 align=\"JUSTIFY\"><\/h5>\n<h5 align=\"JUSTIFY\"><\/h5>\n<p>&nbsp;<\/p>\n<p><a title=\"Bibliographie G\u00e9n\u00e9rale\" href=\"http:\/\/blogs.univ-jfc.fr\/campsdusudouest\/bibliographie-generale\/\"><em>Pour aller plus loin<\/em><\/a><\/p>\n<h5 align=\"JUSTIFY\"><\/h5>\n","protected":false},"excerpt":{"rendered":"<p>Cette lib\u00e9ration s&rsquo;inscrit dans une continuit\u00e9 d&rsquo;actions men\u00e9es par le groupe cr\u00e9\u00e9 en 1942 par le Juge d&rsquo;instruction de Muret, Andr\u00e9 Reboul, qu&rsquo;il constitue avec quelques patriotes. Deux ans apr\u00e8s, sous le commandement du capitaine\u00a0Jules Delattre, le groupe devient le &hellip; <a href=\"https:\/\/blogs.univ-jfc.fr\/campsdusudouest\/camp-de-noe-de-la-fin-de-la-guerre-a-la-fermeture-du-camp\/\">Lire la suite <span class=\"meta-nav\">&rarr;<\/span><\/a><\/p>\n","protected":false},"author":158,"featured_media":0,"parent":0,"menu_order":0,"comment_status":"closed","ping_status":"open","template":"","meta":[],"_links":{"self":[{"href":"https:\/\/blogs.univ-jfc.fr\/campsdusudouest\/wp-json\/wp\/v2\/pages\/802"}],"collection":[{"href":"https:\/\/blogs.univ-jfc.fr\/campsdusudouest\/wp-json\/wp\/v2\/pages"}],"about":[{"href":"https:\/\/blogs.univ-jfc.fr\/campsdusudouest\/wp-json\/wp\/v2\/types\/page"}],"author":[{"embeddable":true,"href":"https:\/\/blogs.univ-jfc.fr\/campsdusudouest\/wp-json\/wp\/v2\/users\/158"}],"replies":[{"embeddable":true,"href":"https:\/\/blogs.univ-jfc.fr\/campsdusudouest\/wp-json\/wp\/v2\/comments?post=802"}],"version-history":[{"count":38,"href":"https:\/\/blogs.univ-jfc.fr\/campsdusudouest\/wp-json\/wp\/v2\/pages\/802\/revisions"}],"predecessor-version":[{"id":4146,"href":"https:\/\/blogs.univ-jfc.fr\/campsdusudouest\/wp-json\/wp\/v2\/pages\/802\/revisions\/4146"}],"wp:attachment":[{"href":"https:\/\/blogs.univ-jfc.fr\/campsdusudouest\/wp-json\/wp\/v2\/media?parent=802"}],"curies":[{"name":"wp","href":"https:\/\/api.w.org\/{rel}","templated":true}]}}