{"id":814,"date":"2016-03-10T09:12:58","date_gmt":"2016-03-10T08:12:58","guid":{"rendered":"http:\/\/blogs.univ-jfc.fr\/campsdusudouest\/?page_id=814"},"modified":"2016-03-24T09:48:47","modified_gmt":"2016-03-24T08:48:47","slug":"le-camp-un-endroit-clos-en-relation-avec-lexterieur","status":"publish","type":"page","link":"https:\/\/blogs.univ-jfc.fr\/campsdusudouest\/agir-et-resister-dans-les-camps\/la-politisation-des-camps\/le-camp-un-endroit-clos-en-relation-avec-lexterieur\/","title":{"rendered":"Le camp, un endroit clos en relation avec l&rsquo;ext\u00e9rieur."},"content":{"rendered":"<p style=\"text-align: justify\" align=\"justify\"><span style=\"color: #000000\">A l&rsquo;int\u00e9rieur des camps se produit une activit\u00e9 intense comme nous l&rsquo;avons vu pr\u00e9c\u00e9demment. Cette activit\u00e9 a d&rsquo;ailleurs un impact non n\u00e9gligeable sur l&rsquo;ext\u00e9rieur. En effet, dans de nombreux camps, l&rsquo;activit\u00e9 int\u00e9rieure a eu des r\u00e9percussions sur l&rsquo;ext\u00e9rieur. <\/span><\/p>\n<p style=\"text-align: justify\" align=\"justify\"><span style=\"color: #000000\">Il y a d&rsquo;abord l&rsquo;exemple des camps r\u00e9serv\u00e9s aux femmes. En effet, au R\u00e9c\u00e9b\u00e9dou ou m\u00eame \u00e0 Rivesaltes et Brens, les femmes intern\u00e9es ont souvent protest\u00e9 contre l&rsquo;envoi de wagons de personnes de confession juive dans les camps allemands, parmi lesquels il y avait parfois des enfants, m\u00eame si elles ne pouvaient emp\u00eacher. En outre, elles ont aussi d\u00e9nonc\u00e9 les pratiques de l&rsquo;occupant et celles du r\u00e9gime de Vichy, soit par des pi\u00e8ces de th\u00e9\u00e2tre, soit pas des manifestations. Ces protestations leur ont parfois valu des sanctions comme l&rsquo;envoi dans d&rsquo;autres camps. Mais \u00e7a n&rsquo;a pas emp\u00each\u00e9 qu&rsquo;elles aient un retentissement \u00e0 l&rsquo;ext\u00e9rieur du camp notamment aupr\u00e8s d&rsquo;associations ou d&rsquo;organisations caritatives. En effet, c&rsquo;est souvent \u00e0 la suite de ce types d&rsquo;actions que l&rsquo;aide de l&rsquo;ext\u00e9rieur est parvenue dans les camps, par le biais de ces m\u00eames associations caritatives qui ont parfois aussi une dimension politique. Cette aide se traduit par l&rsquo;arriv\u00e9e d&rsquo;infirmi\u00e8res ou d&rsquo;institutrices charg\u00e9es de s&rsquo;occuper des intern\u00e9es.<\/span><\/p>\n<p style=\"text-align: justify\" align=\"justify\"><span style=\"color: #000000\">Il y a aussi d&rsquo;autres types d&rsquo;actions qui ont pu avoir lieu gr\u00e2ce \u00e0 l&rsquo;aide ext\u00e9rieure. Ce fut notamment le cas \u00e0 Saint-Sulpice et \u00e0 Brens o\u00f9 des manifestations contre le r\u00e9gime de Vichy ont \u00e9t\u00e9 permises par des postes r\u00e9cepteurs apport\u00e9s de l&rsquo;ext\u00e9rieur gr\u00e2ce l&rsquo;aide d&rsquo;un garde complice. Cette figure du garde complice est centrale dans ces actions, m\u00eame si ce dernier ne fait pas toujours partie de la R\u00e9sistance. Ces postes r\u00e9cepteurs permettent aux intern\u00e9s de continuer \u00e0 avoir un lien avec l&rsquo;ext\u00e9rieur, de conna\u00eetre l&rsquo;\u00e9volution de la situation mais aussi d&rsquo;\u00e9couter des messages de la R\u00e9sistance. C&rsquo;est un outil indispensable pour continuer \u00e0 mener une vie politique \u00e0 l&rsquo;int\u00e9rieur des camps. <\/span><\/p>\n<p style=\"text-align: justify\" align=\"justify\"><span style=\"color: #000000\">A Septfonds, les relations se sont aussi faites de l&rsquo;ext\u00e9rieur vers l&rsquo;int\u00e9rieur. Ainsi, des articles du journal <i>l&rsquo;Humanit\u00e9<\/i>, portant surtout sur la politique, sont introduits clandestinement dans le camp avec l\u00e0 aussi l&rsquo;aide d&rsquo;un gendarme complice. Ils sont ensuite traduits et distribu\u00e9s pour qu&rsquo;un maximum d&rsquo;intern\u00e9s gardent un \u0153il sur ce qui se passe \u00e0 l&rsquo;ext\u00e9rieur quelle que soit leur langue, leur couleur politique ou leur origine. <span style=\"font-size: medium\">(LAHARIE<\/span><span style=\"font-size: medium\">, 1985)<\/span><\/span><\/p>\n<p style=\"text-align: justify\" align=\"justify\"><span style=\"color: #000000\">Enfin, il faut noter que certains camps deviennent tr\u00e8s vite des zones privil\u00e9gi\u00e9es de recrutement pour la R\u00e9sistance. En effet, certains intern\u00e9s qui parviennent \u00e0 s&rsquo;enfuir rejoignent ensuite les rangs du maquis. A leur sortie du camp, ou apr\u00e8s leur \u00e9vasion, ils viennent ainsi gonfler les rangs de la R\u00e9sistance dans leur pays d&rsquo;origine le plus souvent. Ainsi, les anarchistes ou communistes catalans reprendront-ils leur action en Espagne. Mais les monarchistes russes s&rsquo;engageront eux aussi dans la R\u00e9sistance. De m\u00eame, il y a une infiltration de la R\u00e9sistance dans les camps afin de diffuser des messages ou tout simplement faire passer des exemplaires de journaux politis\u00e9s comme <i>l&rsquo;Humanit\u00e9. <\/i>Certains r\u00e9sistants passent donc parfois de camps en camps, comme simple visiteur, pour aider \u00e0 l&rsquo;organisation d&rsquo;une r\u00e9volte. Ces r\u00e9voltes sont parfois l&rsquo;occasion pour certains de s&rsquo;enfuir. Ceux qui s&rsquo;enfuient restent parfois en contact avec ceux qui sont encore intern\u00e9s. <\/span><\/p>\n<p style=\"text-align: justify\" align=\"justify\"><span style=\"color: #000000\">De nombreux camps ont donc connu des actions politiques d&rsquo;envergure et ont \u00e9t\u00e9 des relais avec la r\u00e9sistance ext\u00e9rieure. Mais il y a un camp qui peut \u00eatre consid\u00e9r\u00e9 comme le symbole de ce combat politique contre l&rsquo;internement\u00a0: le camp du Vernet, consid\u00e9r\u00e9 alors comme le second centre de d\u00e9cisions communistes apr\u00e8s Moscou.<\/span><\/p>\n<div id=\"attachment_1742\" style=\"width: 310px\" class=\"wp-caption aligncenter\"><a href=\"http:\/\/blogs.univ-jfc.fr\/campsdusudouest\/wp-content\/uploads\/sites\/48\/2016\/03\/commu.jpg\"><img aria-describedby=\"caption-attachment-1742\" loading=\"lazy\" class=\"size-medium wp-image-1742    \" title=\"ajpn.org\" alt=\"\" src=\"http:\/\/blogs.univ-jfc.fr\/campsdusudouest\/wp-content\/uploads\/sites\/48\/2016\/03\/commu-300x190.jpg\" width=\"300\" height=\"190\" srcset=\"https:\/\/blogs.univ-jfc.fr\/campsdusudouest\/wp-content\/uploads\/sites\/48\/2016\/03\/commu-300x190.jpg 300w, https:\/\/blogs.univ-jfc.fr\/campsdusudouest\/wp-content\/uploads\/sites\/48\/2016\/03\/commu-472x300.jpg 472w, https:\/\/blogs.univ-jfc.fr\/campsdusudouest\/wp-content\/uploads\/sites\/48\/2016\/03\/commu.jpg 700w\" sizes=\"(max-width: 300px) 100vw, 300px\" \/><\/a><p id=\"caption-attachment-1742\" class=\"wp-caption-text\">Communistes, camp ind\u00e9termin\u00e9<\/p><\/div>\n","protected":false},"excerpt":{"rendered":"<p>A l&rsquo;int\u00e9rieur des camps se produit une activit\u00e9 intense comme nous l&rsquo;avons vu pr\u00e9c\u00e9demment. Cette activit\u00e9 a d&rsquo;ailleurs un impact non n\u00e9gligeable sur l&rsquo;ext\u00e9rieur. En effet, dans de nombreux camps, l&rsquo;activit\u00e9 int\u00e9rieure a eu des r\u00e9percussions sur l&rsquo;ext\u00e9rieur. Il y &hellip; <a href=\"https:\/\/blogs.univ-jfc.fr\/campsdusudouest\/agir-et-resister-dans-les-camps\/la-politisation-des-camps\/le-camp-un-endroit-clos-en-relation-avec-lexterieur\/\">Lire la suite <span class=\"meta-nav\">&rarr;<\/span><\/a><\/p>\n","protected":false},"author":127,"featured_media":0,"parent":82,"menu_order":0,"comment_status":"closed","ping_status":"open","template":"","meta":[],"_links":{"self":[{"href":"https:\/\/blogs.univ-jfc.fr\/campsdusudouest\/wp-json\/wp\/v2\/pages\/814"}],"collection":[{"href":"https:\/\/blogs.univ-jfc.fr\/campsdusudouest\/wp-json\/wp\/v2\/pages"}],"about":[{"href":"https:\/\/blogs.univ-jfc.fr\/campsdusudouest\/wp-json\/wp\/v2\/types\/page"}],"author":[{"embeddable":true,"href":"https:\/\/blogs.univ-jfc.fr\/campsdusudouest\/wp-json\/wp\/v2\/users\/127"}],"replies":[{"embeddable":true,"href":"https:\/\/blogs.univ-jfc.fr\/campsdusudouest\/wp-json\/wp\/v2\/comments?post=814"}],"version-history":[{"count":14,"href":"https:\/\/blogs.univ-jfc.fr\/campsdusudouest\/wp-json\/wp\/v2\/pages\/814\/revisions"}],"predecessor-version":[{"id":2922,"href":"https:\/\/blogs.univ-jfc.fr\/campsdusudouest\/wp-json\/wp\/v2\/pages\/814\/revisions\/2922"}],"up":[{"embeddable":true,"href":"https:\/\/blogs.univ-jfc.fr\/campsdusudouest\/wp-json\/wp\/v2\/pages\/82"}],"wp:attachment":[{"href":"https:\/\/blogs.univ-jfc.fr\/campsdusudouest\/wp-json\/wp\/v2\/media?parent=814"}],"curies":[{"name":"wp","href":"https:\/\/api.w.org\/{rel}","templated":true}]}}