{"id":82,"date":"2016-01-30T08:30:22","date_gmt":"2016-01-30T07:30:22","guid":{"rendered":"http:\/\/blogs.univ-jfc.fr\/campsdusudouest\/?page_id=82"},"modified":"2016-04-06T07:20:08","modified_gmt":"2016-04-06T06:20:08","slug":"la-politisation-des-camps","status":"publish","type":"page","link":"https:\/\/blogs.univ-jfc.fr\/campsdusudouest\/agir-et-resister-dans-les-camps\/la-politisation-des-camps\/","title":{"rendered":"La politisation des camps"},"content":{"rendered":"<div id=\"attachment_696\" style=\"width: 160px\" class=\"wp-caption alignleft\"><a href=\"http:\/\/blogs.univ-jfc.fr\/campsdusudouest\/wp-content\/uploads\/sites\/48\/2016\/03\/camp-de-masseube-espagnols.jpg\"><img aria-describedby=\"caption-attachment-696\" loading=\"lazy\" class=\"size-thumbnail wp-image-696   \" title=\"prisons-cherche-midi-mauzac.com \" alt=\"Intern\u00e9s espagnols au camp de Masseube (Gers)  \" src=\"http:\/\/blogs.univ-jfc.fr\/campsdusudouest\/wp-content\/uploads\/sites\/48\/2016\/03\/camp-de-masseube-espagnols-150x150.jpg\" width=\"150\" height=\"150\" \/><\/a><p id=\"caption-attachment-696\" class=\"wp-caption-text\">Intern\u00e9s espagnols au camp de Masseube (Gers)<\/p><\/div>\n<p style=\"text-align: justify\">\n<p style=\"text-align: justify\"><span style=\"font-size: medium\">L&rsquo;\u00e9pisode de la Retirada en 1939 entra\u00eene<span style=\"color: #000080\"><a title=\"L\u2019internement massif de militants espagnols\" href=\"http:\/\/blogs.univ-jfc.fr\/campsdusudouest\/linternement-massif-de-militants-espagnols\/\"><span style=\"color: #000080\"> l&rsquo;internement massif de militants espagnols<\/span><\/a><\/span> r\u00e9publicains et communistes dans les camps du Sud-Ouest. Le gouvernement Daladier veut ainsi contenir le \u00ab\u00a0p\u00e9ril rouge\u00a0\u00bb. Bien qu&rsquo;enferm\u00e9s dans les camps, ces intern\u00e9s n&rsquo;arr\u00eatent pas de militer, de discuter et de continuer \u00e0 faire vivre leur culture politique.<\/span><\/p>\n<p style=\"text-align: justify\"><span style=\"color: #ff0000\">\u00a0<\/span><\/p>\n<div id=\"attachment_3043\" style=\"width: 274px\" class=\"wp-caption alignright\"><a href=\"http:\/\/blogs.univ-jfc.fr\/campsdusudouest\/wp-content\/uploads\/sites\/48\/2016\/03\/tract-ConvertImage1.jpg\"><img aria-describedby=\"caption-attachment-3043\" loading=\"lazy\" class=\"size-medium wp-image-3043  \" title=\"J-C VILLEGAS (dirig\u00e9 par), Plages d'exil, les camps de r\u00e9fugi\u00e9s espagnols \u2013 1939\" alt=\"\" src=\"http:\/\/blogs.univ-jfc.fr\/campsdusudouest\/wp-content\/uploads\/sites\/48\/2016\/03\/tract-ConvertImage1-300x229.jpg\" width=\"264\" height=\"202\" srcset=\"https:\/\/blogs.univ-jfc.fr\/campsdusudouest\/wp-content\/uploads\/sites\/48\/2016\/03\/tract-ConvertImage1-300x229.jpg 300w, https:\/\/blogs.univ-jfc.fr\/campsdusudouest\/wp-content\/uploads\/sites\/48\/2016\/03\/tract-ConvertImage1-1024x784.jpg 1024w, https:\/\/blogs.univ-jfc.fr\/campsdusudouest\/wp-content\/uploads\/sites\/48\/2016\/03\/tract-ConvertImage1-391x300.jpg 391w, https:\/\/blogs.univ-jfc.fr\/campsdusudouest\/wp-content\/uploads\/sites\/48\/2016\/03\/tract-ConvertImage1.jpg 2010w\" sizes=\"(max-width: 264px) 100vw, 264px\" \/><\/a><p id=\"caption-attachment-3043\" class=\"wp-caption-text\">Tract de l&rsquo;unit\u00e9 antifasciste, courant 1939<\/p><\/div>\n<p style=\"text-align: justify\">\n<p style=\"text-align: justify\"><span style=\"font-size: medium\">Avec l&rsquo;arriv\u00e9e au pouvoir du gouvernement de Vichy en juin 1940, les camps vont servir \u00e0 interner des militants d&rsquo; horizons divers. Les nouveaux arrivants, dont beaucoup sont politis\u00e9s, renforcent <a title=\"De nouveaux arrivants renforcent les actions politiques.\" href=\"http:\/\/blogs.univ-jfc.fr\/campsdusudouest\/agir-et-resister-dans-les-camps\/la-politisation-des-camps\/de-nouveaux-arrivants-renforcent-les-actions-politiques\/\"><span style=\"color: #000099\">les actions \u00e0 l&rsquo;int\u00e9rieur<\/span> <\/a>des camps, leur apportant une nouvelle dimension. <\/span><\/p>\n<div id=\"attachment_3026\" style=\"width: 350px\" class=\"wp-caption alignleft\"><a href=\"http:\/\/blogs.univ-jfc.fr\/campsdusudouest\/wp-content\/uploads\/sites\/48\/2016\/03\/humanit\u00e9.jpg\"><img aria-describedby=\"caption-attachment-3026\" loading=\"lazy\" class=\" wp-image-3026  \" title=\"http:\/\/www.thyssens.com\/\" alt=\"\" src=\"http:\/\/blogs.univ-jfc.fr\/campsdusudouest\/wp-content\/uploads\/sites\/48\/2016\/03\/humanit\u00e9-300x175.jpg\" width=\"340\" height=\"198\" srcset=\"https:\/\/blogs.univ-jfc.fr\/campsdusudouest\/wp-content\/uploads\/sites\/48\/2016\/03\/humanit\u00e9-300x175.jpg 300w, https:\/\/blogs.univ-jfc.fr\/campsdusudouest\/wp-content\/uploads\/sites\/48\/2016\/03\/humanit\u00e9.jpg 435w\" sizes=\"(max-width: 340px) 100vw, 340px\" \/><\/a><p id=\"caption-attachment-3026\" class=\"wp-caption-text\">Exemplaire du 22 ao\u00fbt 1944 de l&rsquo;Humanit\u00e9<\/p><\/div>\n<p style=\"text-align: justify\">\n<p style=\"text-align: justify\">\n<p style=\"text-align: justify\"><span style=\"font-size: medium\">M\u00eame si les camps sont des endroits clos, ils n&rsquo;en restent pas moins <span style=\"color: #000080\"><a title=\"Le camp, un endroit clos en relation avec l\u2019ext\u00e9rieur.\" href=\"http:\/\/blogs.univ-jfc.fr\/campsdusudouest\/le-camp-un-endroit-clos-en-relation-avec-lexterieur\/\"><span style=\"color: #000080\">en relation avec l\u2019ext\u00e9rieur<\/span><\/a><\/span>. <span style=\"font-size: medium\">Il en est de m\u00eame pour les actions politiques qui sont souvent en lien avec la R\u00e9sistance. Celle-ci fait passer des messages entre les diff\u00e9rents camps et organise parfois des \u00e9vasions. Certains intern\u00e9s deviennent m\u00eame des figures, qu&rsquo;elles rejoignent la R\u00e9sistance ou non<\/span>.<\/span><\/p>\n<p>&nbsp;<\/p>\n<p><strong>Etudiants<\/strong> : Maxence Okan, Caroline Mouly, No\u00e9lie Nespoulous, Alexandra Taupiac, El\u00e9onore Prigent, Victor Couffignals.<\/p>\n","protected":false},"excerpt":{"rendered":"<p>L&rsquo;\u00e9pisode de la Retirada en 1939 entra\u00eene l&rsquo;internement massif de militants espagnols r\u00e9publicains et communistes dans les camps du Sud-Ouest. Le gouvernement Daladier veut ainsi contenir le \u00ab\u00a0p\u00e9ril rouge\u00a0\u00bb. Bien qu&rsquo;enferm\u00e9s dans les camps, ces intern\u00e9s n&rsquo;arr\u00eatent pas de militer, &hellip; <a href=\"https:\/\/blogs.univ-jfc.fr\/campsdusudouest\/agir-et-resister-dans-les-camps\/la-politisation-des-camps\/\">Lire la suite <span class=\"meta-nav\">&rarr;<\/span><\/a><\/p>\n","protected":false},"author":15,"featured_media":0,"parent":80,"menu_order":1,"comment_status":"closed","ping_status":"open","template":"","meta":[],"_links":{"self":[{"href":"https:\/\/blogs.univ-jfc.fr\/campsdusudouest\/wp-json\/wp\/v2\/pages\/82"}],"collection":[{"href":"https:\/\/blogs.univ-jfc.fr\/campsdusudouest\/wp-json\/wp\/v2\/pages"}],"about":[{"href":"https:\/\/blogs.univ-jfc.fr\/campsdusudouest\/wp-json\/wp\/v2\/types\/page"}],"author":[{"embeddable":true,"href":"https:\/\/blogs.univ-jfc.fr\/campsdusudouest\/wp-json\/wp\/v2\/users\/15"}],"replies":[{"embeddable":true,"href":"https:\/\/blogs.univ-jfc.fr\/campsdusudouest\/wp-json\/wp\/v2\/comments?post=82"}],"version-history":[{"count":50,"href":"https:\/\/blogs.univ-jfc.fr\/campsdusudouest\/wp-json\/wp\/v2\/pages\/82\/revisions"}],"predecessor-version":[{"id":4383,"href":"https:\/\/blogs.univ-jfc.fr\/campsdusudouest\/wp-json\/wp\/v2\/pages\/82\/revisions\/4383"}],"up":[{"embeddable":true,"href":"https:\/\/blogs.univ-jfc.fr\/campsdusudouest\/wp-json\/wp\/v2\/pages\/80"}],"wp:attachment":[{"href":"https:\/\/blogs.univ-jfc.fr\/campsdusudouest\/wp-json\/wp\/v2\/media?parent=82"}],"curies":[{"name":"wp","href":"https:\/\/api.w.org\/{rel}","templated":true}]}}