{"id":829,"date":"2016-03-10T09:15:22","date_gmt":"2016-03-10T08:15:22","guid":{"rendered":"http:\/\/blogs.univ-jfc.fr\/campsdusudouest\/?page_id=829"},"modified":"2016-04-06T21:29:43","modified_gmt":"2016-04-06T20:29:43","slug":"les-camps-du-sud-ouest-de-la-france-ont-ete-construits-sur-demande-de-letat","status":"publish","type":"page","link":"https:\/\/blogs.univ-jfc.fr\/campsdusudouest\/vivre-dans-les-camps\/larchitecture-des-camps\/les-camps-du-sud-ouest-de-la-france-ont-ete-construits-sur-demande-de-letat\/","title":{"rendered":"Les camps sont construits sur demande de l\u2019Etat"},"content":{"rendered":"<p>&nbsp;<\/p>\n<p><strong>Les lois d&rsquo;exceptions r\u00e9dig\u00e9es sous les gouvernements Daladier et Vichy<\/strong><strong><span style=\"color: #ff0000\">\u00a0<\/span><\/strong><\/p>\n<p style=\"text-align: justify\">L&rsquo;afflux de r\u00e9fugi\u00e9s espagnols, allemands et autrichiens en France, suite \u00e0 l&rsquo;instauration du r\u00e9gime de Franco et \u00e0 l&rsquo;afflux d&rsquo;anti-nazis ou de victimes du nazisme (pour une majorit\u00e9 d&rsquo;origine juive) pousse la <span style=\"font-family: Times New Roman,serif\"><span style=\"font-size: medium\">III<sup>e\u00a0<\/sup><\/span><\/span> R\u00e9publique fran\u00e7aise \u00e0 trouver des solutions. En effet, il y a un choix politique du gouvernement fran\u00e7ais de placer ceux qu&rsquo;on appelle \u00ab les ind\u00e9sirables \u00bb dans des camps d&rsquo;internement. Les premiers camps administratifs sont destin\u00e9s aux femmes des anti-nazis allemands. Ce sont ensuite les Espagnols qui sont plac\u00e9s dans ces camps apr\u00e8s la <em>Retirada<\/em> de 1939. Enfin, les juifs sont \u00e9galement intern\u00e9s par le r\u00e9gime de Vichy depuis la loi du 4 octobre 1940 qui permet l&rsquo;internement imm\u00e9diat des juifs \u00e9trangers.<br \/>\nPlusieurs <a href=\"http:\/\/blogs.univ-jfc.fr\/campsdusudouest\/les-lois-dexception\/\">lois d&rsquo;exception<\/a> sont r\u00e9dig\u00e9es telles que celle du 12 novembre 1938 qui donne le pouvoir aux pr\u00e9fets de d\u00e9cider l&rsquo;\u00e9loignement, et, en cas de n\u00e9cessit\u00e9, l&rsquo;assignation \u00e0 r\u00e9sidence dans un centre de s\u00e9jour surveill\u00e9 des individus consid\u00e9r\u00e9s comme dangereux pour la d\u00e9fense nationale ou la s\u00e9curit\u00e9 publique.<\/p>\n<div id=\"attachment_1164\" style=\"width: 595px\" class=\"wp-caption alignright\"><a href=\"http:\/\/blogs.univ-jfc.fr\/campsdusudouest\/wp-content\/uploads\/sites\/48\/2016\/03\/image-cfa-2-circulaire-S.jpg\"><img aria-describedby=\"caption-attachment-1164\" loading=\"lazy\" class=\" wp-image-1164 \" title=\"Source : Circulaire du minist\u00e8re de l'int\u00e9rieur \" alt=\"Source : Circulaire du minist\u00e8re de l'int\u00e9rieur \" src=\"http:\/\/blogs.univ-jfc.fr\/campsdusudouest\/wp-content\/uploads\/sites\/48\/2016\/03\/image-cfa-2-circulaire-S.jpg\" width=\"585\" height=\"341\" srcset=\"https:\/\/blogs.univ-jfc.fr\/campsdusudouest\/wp-content\/uploads\/sites\/48\/2016\/03\/image-cfa-2-circulaire-S.jpg 585w, https:\/\/blogs.univ-jfc.fr\/campsdusudouest\/wp-content\/uploads\/sites\/48\/2016\/03\/image-cfa-2-circulaire-S-300x174.jpg 300w, https:\/\/blogs.univ-jfc.fr\/campsdusudouest\/wp-content\/uploads\/sites\/48\/2016\/03\/image-cfa-2-circulaire-S-500x291.jpg 500w\" sizes=\"(max-width: 585px) 100vw, 585px\" \/><\/a><p id=\"caption-attachment-1164\" class=\"wp-caption-text\">Extrait du texte de loi du 12 novembre 1938.<\/p><\/div>\n<p style=\"text-align: justify\">P\u00e9tain veut r\u00e9organiser le pays en Provinces ce qui signifie que l&rsquo;on a \u00e0 faire \u00e0 une politique r\u00e9gionaliste. De ce fait, c&rsquo;est le pr\u00e9fet qui administre chaque r\u00e9gion et qui est le garant de la province qu&rsquo;il dirige (loi du 19 Avril 1941) et c&rsquo;est donc lui qui donne les directives en ce qui concerne la construction des camps. <span style=\"color: #000000\">Il est important de dire que diff\u00e9rents acteurs de la soci\u00e9t\u00e9 toute enti\u00e8re interviennent \u00e0 des titres divers dans l&rsquo;internement des r\u00e9fugi\u00e9s ainsi que\u00a0 dans la construction concr\u00e8te des camps qui nous int\u00e9resse ici.<\/span><\/p>\n<p>&nbsp;<\/p>\n<p><strong>L&rsquo;urgence dans la construction des camps<\/strong><\/p>\n<p align=\"JUSTIFY\">Dans les premiers temps se mettent en place diff\u00e9rents types de camps.\u00a0On note la pr\u00e9sence de camps de \u00ab\u00a0contr\u00f4le\u00a0\u00bb et de \u00ab\u00a0triage\u00a0\u00bb. Ici on regroupe tous les r\u00e9fugi\u00e9s dans un m\u00eame camp. Ils sont ensuite enregistr\u00e9s et transf\u00e9r\u00e9s vers diff\u00e9rents camps du sud-ouest de la France. Les r\u00e9fugi\u00e9s sont \u00ab\u00a0tri\u00e9s \u00bb selon leur sexe, leur statut (juif, r\u00e9fugi\u00e9s politiques, r\u00e9fugi\u00e9s espagnols\u2026). C\u2019est le cas par exemple du camp d\u2019Argel\u00e8s-sur-Mer (Pyr\u00e9n\u00e9es-Orientales) construit le 28 janvier 1939 o\u00f9 \u00e9t\u00e9 intern\u00e9s des r\u00e9fugi\u00e9s espagnols fuyant le r\u00e9gime de Franco.<\/p>\n<p align=\"JUSTIFY\">Aussi se mettent en place des camps de \u00ab\u00a0concentration\u00a0\u00bb sur des plages cl\u00f4tur\u00e9es et sans baraques. Par cons\u00e9quent pendant plusieurs mois des milliers de r\u00e9fugi\u00e9s vont s&rsquo;y entasser. Ces r\u00e9fugi\u00e9s sont essentiellement des juifs, des prisonniers politiques ou encore des personnes jug\u00e9es \u00ab\u00a0ind\u00e9sirables \u00bb par le r\u00e9gime de Vichy. On y trouve par exemple les camps de Gurs ou encore de Septfonds.<\/p>\n<p align=\"JUSTIFY\">On note aussi la fermeture de certains camps dans le sud-ouest de la France. Par exemple, le camp du R\u00e9c\u00e9b\u00e9dou qui fut un ancien camp d\u2019internement pour les juifs ou les r\u00e9fugi\u00e9s espagnols a ferm\u00e9 ses portes \u00e0 partir d\u2019octobre 1942. Tous ses intern\u00e9s furent envoy\u00e9s dans les h\u00f4pitaux de la ville de Toulouse. La raison de la fermeture du camp est \u00ab\u00a0sa trop grande proximit\u00e9 avec la ville de Toulouse\u00a0\u00bb.<\/p>\n<p align=\"JUSTIFY\">Tous ces camps ont re\u00e7u l\u2019aide de la <a href=\"http:\/\/blogs.univ-jfc.fr\/projetcroixrouge\/\">Croix Rouge fran\u00e7aise<\/a> ou d\u2019autres organismes humanitaires mais ces aides n\u2019\u00e9taient pas assez cons\u00e9quentes du fait du peu de moyens dont disposaient ces organismes. Dans tous ces camps on d\u00e9plore un grand nombre de victimes (de f\u00e9vrier \u00e0 juillet 1939, 15000 personnes vont mourir dans les camps, notamment de la dysenterie). La malnutrition est un mal r\u00e9current, l\u2019acc\u00e8s \u00e0 l\u2019eau potable est quasiment inexistant. Tous ces camps sont mis en place sur des terrains peu propice \u00e0 la construction. En, effet les camps sont construits sur des espaces boueux, instables\u2026 Puis, un dispositif de surveillance est mis en place et celui-ci se fait de fa\u00e7on tr\u00e8s stricte. Par exemple, \u00e0 Argel\u00e8s-sur-Mer, la surveillance est assur\u00e9e par les troupes militaires, les tirailleurs s\u00e9n\u00e9galais, spahis ou par la garde r\u00e9publicaine. Avec tout cela, les intern\u00e9s se sentent humili\u00e9s par les conditions de vie et le traitement qu\u2019ils re\u00e7oivent en France mais ces personnes vont quand m\u00eame essayer de survivre malgr\u00e9 le peu de moyens dont elles disposent.<\/p>\n<div id=\"attachment_1572\" style=\"width: 310px\" class=\"wp-caption aligncenter\"><a href=\"http:\/\/blogs.univ-jfc.fr\/campsdusudouest\/wp-content\/uploads\/sites\/48\/2016\/03\/camps-espagnol-min1.jpg\"><img aria-describedby=\"caption-attachment-1572\" loading=\"lazy\" class=\"size-medium wp-image-1572  \" title=\"Archive d\u00e9partementale de Pyr\u00e9n\u00e9es-Orientales \" alt=\"Archive d\u00e9partementale de Pyr\u00e9n\u00e9es-Orientales \" src=\"http:\/\/blogs.univ-jfc.fr\/campsdusudouest\/wp-content\/uploads\/sites\/48\/2016\/03\/camps-espagnol-min1-300x213.jpg\" width=\"300\" height=\"213\" srcset=\"https:\/\/blogs.univ-jfc.fr\/campsdusudouest\/wp-content\/uploads\/sites\/48\/2016\/03\/camps-espagnol-min1-300x213.jpg 300w, https:\/\/blogs.univ-jfc.fr\/campsdusudouest\/wp-content\/uploads\/sites\/48\/2016\/03\/camps-espagnol-min1-422x300.jpg 422w, https:\/\/blogs.univ-jfc.fr\/campsdusudouest\/wp-content\/uploads\/sites\/48\/2016\/03\/camps-espagnol-min1.jpg 500w\" sizes=\"(max-width: 300px) 100vw, 300px\" \/><\/a><p id=\"caption-attachment-1572\" class=\"wp-caption-text\">Photographie du camp d\u2019Argel\u00e8s-sur-Mer en 1939<\/p><\/div>\n<p align=\"JUSTIFY\">Ensuite, les premiers camps d\u2019internement sont am\u00e9nag\u00e9s en urgence et dans l\u2019improvisation totale par les autorit\u00e9s. L\u2019internement des premiers r\u00e9fugi\u00e9s se fait d\u2019abord sur des prairies de montagne et aussi sur des plages qui sont contr\u00f4l\u00e9es par l\u2019arm\u00e9e fran\u00e7aise. Il n\u2019y a donc pas d\u2019architecture pr\u00e9cise pour les premiers camps. Par exemple, le camp d&rsquo;internement d&rsquo;Agde dans le d\u00e9partement de l\u2019H\u00e9rault est \u00e9tabli sur un terrain militaire d\u00e9saffect\u00e9 \u00e0 proximit\u00e9 de la plage pour y mettre les r\u00e9fugi\u00e9s r\u00e9publicains espagnols. Constitu\u00e9 de baraques l\u00e9g\u00e8res et entour\u00e9 de quelques fils de fer barbel\u00e9s, il est pr\u00e9vu pour 20 000 personnes, mais en re\u00e7oit plus de 24 000 dans des conditions pr\u00e9caires, en particulier sur le plan sanitaire. Les r\u00e9fugi\u00e9s souffrent d&rsquo;un manque d&rsquo;hygi\u00e8ne, de nourriture,\u00a0 d\u2019eau et \u00e9galement de v\u00eatements. Par cons\u00e9quent, fi\u00e8vres typho\u00efdes, gastro-ent\u00e9rites, poux, gale, abc\u00e8s, plaies septiques, ulc\u00e8res variqueux deviennent le lot quotidien de tous ces hommes, femmes et enfants contraints de vivre dans la promiscuit\u00e9 et l\u2019insalubrit\u00e9. Le camp du Barcar\u00e8s dans les Pyr\u00e9n\u00e9es-Orientales, qui commence \u00e0 fonctionner en 1939 afin de recevoir les r\u00e9fugi\u00e9s espagnols, fournit un autre exemple. Il est en effet construit sur une plage <span style=\"color: #000000\">et ce sont les intern\u00e9s eux-m\u00eames qui creusent leurs abris d<\/span>ans le sable <span style=\"color: #000000\">car rien n&rsquo;est pr\u00e9vu pour les accueillir<\/span>. Ces camps construits dans l&rsquo;urgence ne sont pas organis\u00e9s de mani\u00e8re \u00e0 pouvoir concentrer des milliers de r\u00e9fugi\u00e9s et ils concentrent donc tous les probl\u00e8mes.<\/p>\n<p align=\"JUSTIFY\">Enfin, avec le d\u00e9but de la Seconde Guerre mondiale en Europe, on assiste \u00e0 des flux de populations assez importants vers des zones o\u00f9 la guerre ne fait pas encore des ravages comme dans le sud de la France. C\u2019est donc pour cela que les diff\u00e9rents types de camps \u00e9voqu\u00e9s plus en amont vont se multiplier dans le sud et le sud-ouest de la France.<\/p>\n<p>&nbsp;<\/p>\n","protected":false},"excerpt":{"rendered":"<p>&nbsp; Les lois d&rsquo;exceptions r\u00e9dig\u00e9es sous les gouvernements Daladier et Vichy\u00a0 L&rsquo;afflux de r\u00e9fugi\u00e9s espagnols, allemands et autrichiens en France, suite \u00e0 l&rsquo;instauration du r\u00e9gime de Franco et \u00e0 l&rsquo;afflux d&rsquo;anti-nazis ou de victimes du nazisme (pour une majorit\u00e9 d&rsquo;origine &hellip; <a href=\"https:\/\/blogs.univ-jfc.fr\/campsdusudouest\/vivre-dans-les-camps\/larchitecture-des-camps\/les-camps-du-sud-ouest-de-la-france-ont-ete-construits-sur-demande-de-letat\/\">Lire la suite <span class=\"meta-nav\">&rarr;<\/span><\/a><\/p>\n","protected":false},"author":164,"featured_media":0,"parent":70,"menu_order":1,"comment_status":"closed","ping_status":"open","template":"","meta":[],"_links":{"self":[{"href":"https:\/\/blogs.univ-jfc.fr\/campsdusudouest\/wp-json\/wp\/v2\/pages\/829"}],"collection":[{"href":"https:\/\/blogs.univ-jfc.fr\/campsdusudouest\/wp-json\/wp\/v2\/pages"}],"about":[{"href":"https:\/\/blogs.univ-jfc.fr\/campsdusudouest\/wp-json\/wp\/v2\/types\/page"}],"author":[{"embeddable":true,"href":"https:\/\/blogs.univ-jfc.fr\/campsdusudouest\/wp-json\/wp\/v2\/users\/164"}],"replies":[{"embeddable":true,"href":"https:\/\/blogs.univ-jfc.fr\/campsdusudouest\/wp-json\/wp\/v2\/comments?post=829"}],"version-history":[{"count":30,"href":"https:\/\/blogs.univ-jfc.fr\/campsdusudouest\/wp-json\/wp\/v2\/pages\/829\/revisions"}],"predecessor-version":[{"id":4395,"href":"https:\/\/blogs.univ-jfc.fr\/campsdusudouest\/wp-json\/wp\/v2\/pages\/829\/revisions\/4395"}],"up":[{"embeddable":true,"href":"https:\/\/blogs.univ-jfc.fr\/campsdusudouest\/wp-json\/wp\/v2\/pages\/70"}],"wp:attachment":[{"href":"https:\/\/blogs.univ-jfc.fr\/campsdusudouest\/wp-json\/wp\/v2\/media?parent=829"}],"curies":[{"name":"wp","href":"https:\/\/api.w.org\/{rel}","templated":true}]}}