{"id":84,"date":"2016-01-30T08:30:48","date_gmt":"2016-01-30T07:30:48","guid":{"rendered":"http:\/\/blogs.univ-jfc.fr\/campsdusudouest\/?page_id=84"},"modified":"2016-03-31T08:26:44","modified_gmt":"2016-03-31T07:26:44","slug":"resistance-revoltes-et-evasions","status":"publish","type":"page","link":"https:\/\/blogs.univ-jfc.fr\/campsdusudouest\/agir-et-resister-dans-les-camps\/resistance-revoltes-et-evasions\/","title":{"rendered":"R\u00e9sistance, r\u00e9voltes et \u00e9vasions"},"content":{"rendered":"<div id=\"attachment_1588\" style=\"width: 183px\" class=\"wp-caption alignleft\"><a href=\"http:\/\/blogs.univ-jfc.fr\/campsdusudouest\/wp-content\/uploads\/sites\/48\/2016\/03\/R\u00e9sistance-Dessin-de-Soos-sur-la-vie-quotidienne-dans-le-camp-du-Vernet-dAri\u00e8ge.jpg\"><img aria-describedby=\"caption-attachment-1588\" loading=\"lazy\" class=\" wp-image-1588    \" title=\" Dessin de Soos, Mus\u00e9e de la R\u00e9sistance et de la D\u00e9portation de Besan\u00e7on.\" alt=\"\" src=\"http:\/\/blogs.univ-jfc.fr\/campsdusudouest\/wp-content\/uploads\/sites\/48\/2016\/03\/R\u00e9sistance-Dessin-de-Soos-sur-la-vie-quotidienne-dans-le-camp-du-Vernet-dAri\u00e8ge-192x300.jpg\" width=\"173\" height=\"270\" srcset=\"https:\/\/blogs.univ-jfc.fr\/campsdusudouest\/wp-content\/uploads\/sites\/48\/2016\/03\/R\u00e9sistance-Dessin-de-Soos-sur-la-vie-quotidienne-dans-le-camp-du-Vernet-dAri\u00e8ge-192x300.jpg 192w, https:\/\/blogs.univ-jfc.fr\/campsdusudouest\/wp-content\/uploads\/sites\/48\/2016\/03\/R\u00e9sistance-Dessin-de-Soos-sur-la-vie-quotidienne-dans-le-camp-du-Vernet-dAri\u00e8ge.jpg 300w\" sizes=\"(max-width: 173px) 100vw, 173px\" \/><\/a><p id=\"caption-attachment-1588\" class=\"wp-caption-text\">La vie quotidienne dans le camp du Vernet d&rsquo;Ari\u00e8ge<\/p><\/div>\n<p style=\"text-align: justify\">La r\u00e9sistance ne se limite pas uniquement \u00e0 l&rsquo;opposition au syst\u00e8me concentrationnaire par la confrontation directe. Il y a \u00e9galement une <a title=\"Page de niveau 2 r\u00e9sistance\" href=\"http:\/\/blogs.univ-jfc.fr\/campsdusudouest\/agir-et-resister-dans-les-camps\/resistance-revoltes-et-evasions\/page-de-niveau-2\/\">r\u00e9sistance contre les conditions de vie<\/a>\u00a0dont la r\u00e9sistance culturelle et la solidarit\u00e9 sont deux des formes d&rsquo;expression dans un milieu hostile \u00e0 l&rsquo;intern\u00e9.<\/p>\n<div id=\"attachment_3295\" style=\"width: 294px\" class=\"wp-caption alignright\"><a href=\"http:\/\/blogs.univ-jfc.fr\/campsdusudouest\/wp-content\/uploads\/sites\/48\/2016\/03\/Brigades-Internationales.png\"><img aria-describedby=\"caption-attachment-3295\" loading=\"lazy\" class=\"size-medium wp-image-3295 \" title=\"After the victory of the Franco-troups, hundreds of members of the International Brigades fled to France, where they were interned in camps. From 1939, foreign \u2013 mainly Jewish \u2013 refugees were interned as &quot;foreign enemies&quot;. Source : Database DOW\" alt=\"Brigades Internationales\" src=\"http:\/\/blogs.univ-jfc.fr\/campsdusudouest\/wp-content\/uploads\/sites\/48\/2016\/03\/Brigades-Internationales-284x300.png\" width=\"284\" height=\"300\" srcset=\"https:\/\/blogs.univ-jfc.fr\/campsdusudouest\/wp-content\/uploads\/sites\/48\/2016\/03\/Brigades-Internationales-284x300.png 284w, https:\/\/blogs.univ-jfc.fr\/campsdusudouest\/wp-content\/uploads\/sites\/48\/2016\/03\/Brigades-Internationales.png 401w\" sizes=\"(max-width: 284px) 100vw, 284px\" \/><\/a><p id=\"caption-attachment-3295\" class=\"wp-caption-text\">Des membres des Brigades Internationales dans le camp de Gurs<\/p><\/div>\n<p style=\"text-align: justify\">N\u00e9anmoins, <a title=\"Une r\u00e9sistance plus active\" href=\"http:\/\/blogs.univ-jfc.fr\/campsdusudouest\/agir-et-resister-dans-les-camps\/resistance-revoltes-et-evasions\/une-resistance-plus-active\/\">une r\u00e9sistance plus active <\/a> est pr\u00e9sente dans les camps sous la forme de manifestations, d&rsquo;\u00e9vasions ou encore de r\u00e9voltes. Ces actions demandent une organisation m\u00e9ticuleuse, elles sont difficiles \u00e0 r\u00e9aliser et dangereuses pour ceux qui les m\u00e8nent. Pourtant, cela n&#8217;emp\u00eache pas les intern\u00e9s de braver le syst\u00e8me r\u00e9pressif mis en place.<\/p>\n<div id=\"attachment_3291\" style=\"width: 212px\" class=\"wp-caption alignleft\"><a href=\"http:\/\/blogs.univ-jfc.fr\/campsdusudouest\/wp-content\/uploads\/sites\/48\/2016\/03\/Laurette.png\"><img aria-describedby=\"caption-attachment-3291\" loading=\"lazy\" class=\"size-full wp-image-3291  \" title=\"Affiche du film de Francis Fourcou \" alt=\"Laurette\" src=\"http:\/\/blogs.univ-jfc.fr\/campsdusudouest\/wp-content\/uploads\/sites\/48\/2016\/03\/Laurette.png\" width=\"202\" height=\"271\" \/><\/a><p id=\"caption-attachment-3291\" class=\"wp-caption-text\">Laurette 1942 : Une volontaire au camps du R\u00e9c\u00e9b\u00e9dou<\/p><\/div>\n<p style=\"text-align: justify\">Cependant, si tous les intern\u00e9s ne r\u00e9sistent pas, ils b\u00e9n\u00e9ficient parfois d&rsquo;<a title=\"Les aides ext\u00e9rieures\" href=\"http:\/\/blogs.univ-jfc.fr\/campsdusudouest\/agir-et-resister-dans-les-camps\/resistance-revoltes-et-evasions\/les-aides-exterieures\/\">aides ext\u00e9rieures<\/a>. En effet, le personnel, les associations non gouvernementales et \u00e9trang\u00e8res jouent un r\u00f4le non n\u00e9gligeable dans la r\u00e9sistance. Les r\u00e9sistants, quels qu&rsquo;ils soient et par diff\u00e9rents moyens, mettent alors en \u00e9chec le syst\u00e8me concentrationnaire.<\/p>\n<p style=\"text-align: justify\"><strong>Etudiants :<\/strong> Emmy MARTINS, L\u00e9a MARTINS, Zo\u00e9 HUBRECHT, Marine RAYNAUD<\/p>\n","protected":false},"excerpt":{"rendered":"<p>La r\u00e9sistance ne se limite pas uniquement \u00e0 l&rsquo;opposition au syst\u00e8me concentrationnaire par la confrontation directe. Il y a \u00e9galement une r\u00e9sistance contre les conditions de vie\u00a0dont la r\u00e9sistance culturelle et la solidarit\u00e9 sont deux des formes d&rsquo;expression dans un &hellip; <a href=\"https:\/\/blogs.univ-jfc.fr\/campsdusudouest\/agir-et-resister-dans-les-camps\/resistance-revoltes-et-evasions\/\">Lire la suite <span class=\"meta-nav\">&rarr;<\/span><\/a><\/p>\n","protected":false},"author":15,"featured_media":0,"parent":80,"menu_order":1,"comment_status":"closed","ping_status":"open","template":"","meta":[],"_links":{"self":[{"href":"https:\/\/blogs.univ-jfc.fr\/campsdusudouest\/wp-json\/wp\/v2\/pages\/84"}],"collection":[{"href":"https:\/\/blogs.univ-jfc.fr\/campsdusudouest\/wp-json\/wp\/v2\/pages"}],"about":[{"href":"https:\/\/blogs.univ-jfc.fr\/campsdusudouest\/wp-json\/wp\/v2\/types\/page"}],"author":[{"embeddable":true,"href":"https:\/\/blogs.univ-jfc.fr\/campsdusudouest\/wp-json\/wp\/v2\/users\/15"}],"replies":[{"embeddable":true,"href":"https:\/\/blogs.univ-jfc.fr\/campsdusudouest\/wp-json\/wp\/v2\/comments?post=84"}],"version-history":[{"count":28,"href":"https:\/\/blogs.univ-jfc.fr\/campsdusudouest\/wp-json\/wp\/v2\/pages\/84\/revisions"}],"predecessor-version":[{"id":3986,"href":"https:\/\/blogs.univ-jfc.fr\/campsdusudouest\/wp-json\/wp\/v2\/pages\/84\/revisions\/3986"}],"up":[{"embeddable":true,"href":"https:\/\/blogs.univ-jfc.fr\/campsdusudouest\/wp-json\/wp\/v2\/pages\/80"}],"wp:attachment":[{"href":"https:\/\/blogs.univ-jfc.fr\/campsdusudouest\/wp-json\/wp\/v2\/media?parent=84"}],"curies":[{"name":"wp","href":"https:\/\/api.w.org\/{rel}","templated":true}]}}