{"id":866,"date":"2016-03-10T09:19:35","date_gmt":"2016-03-10T08:19:35","guid":{"rendered":"http:\/\/blogs.univ-jfc.fr\/campsdusudouest\/?page_id=866"},"modified":"2016-03-24T08:47:57","modified_gmt":"2016-03-24T07:47:57","slug":"le-cas-unique-du-genocide-armenien","status":"publish","type":"page","link":"https:\/\/blogs.univ-jfc.fr\/campsdusudouest\/le-phenomene-concentrationnaire\/les-camps-dinternement-avant-1919\/le-cas-unique-du-genocide-armenien\/","title":{"rendered":"Le cas unique du g\u00e9nocide arm\u00e9nien"},"content":{"rendered":"<p align=\"justify\"><a title=\"Les camps d\u2019internement durant la Premi\u00e8re Guerre mondiale\" href=\"http:\/\/blogs.univ-jfc.fr\/campsdusudouest\/le-phenomene-concentrationnaire\/les-camps-dinternement-avant-1919\/les-camps-dinternement-durant-la-premiere-guerre-mondiale\/\" target=\"_blank\">Page pr\u00e9c\u00e9dente<\/a><\/p>\n<p align=\"justify\">Etudier le cas du massacre arm\u00e9nien est toujours chose d\u00e9licate. En effet, le gouvernement turc refuse de reconna\u00eetre son existence et d\u2019ouvrir ses archives ce qui est l\u2019obstacle majeur quand on veut se pencher sur ce ph\u00e9nom\u00e8ne. Le vaste d\u00e9bat oppose ceux qui sont persuad\u00e9s que le gouvernement de l\u2019Empire Ottoman a d\u00e9cid\u00e9 et organis\u00e9 un v\u00e9ritable g\u00e9nocide et ceux qui pr\u00e9f\u00e8re penser qu\u2019ils n\u2019y a jamais eu volont\u00e9 d\u00e9lib\u00e9r\u00e9e d\u2019extermination malgr\u00e9 des centaines de milliers de morts. Si on ne souhaite pas parler de g\u00e9nocide malgr\u00e9 l\u2019ampleur de la catastrophe humaine, on peut au moins admettre l\u2019id\u00e9e de massacres g\u00e9nocidaires. Il n\u2019y a plus d\u2019Arm\u00e9niens dans les r\u00e9gions de grande et petite Arm\u00e9nie alors qu\u2019ils \u00e9taient 2 millions il y a tout juste un si\u00e8cle.<a href=\"#sdfootnote1sym\" name=\"sdfootnote1anc\"><sup>1<\/sup><\/a><\/p>\n<p style=\"text-align: justify\">S\u2019il est important de comprendre ses questions intrins\u00e8ques<a href=\"#sdfootnote1sym\" name=\"sdfootnote1anc\"><\/a> au g\u00e9nocide avant d\u2019\u00e9tudier quoi que ce soit sur les Arm\u00e9niens, recentrons-nous rapidement sur notre sujet\u00a0: la question des camps de concentration. On peut se poser la question de la pr\u00e9sence ou non de v\u00e9ritable camps dans l\u2019autre g\u00e9nocide majeur du 20<sup>\u00e8me<\/sup> si\u00e8cle. Nous commencerons notre \u00e9tude en s\u2019attardant sur l\u2019\u00e9laboration du g\u00e9nocide en lui-m\u00eame avec ses diff\u00e9rentes phases puis nous aborderons plus sp\u00e9cifiquement la cr\u00e9ation des camps pour les Arm\u00e9niens, leur installation et enfin leurs r\u00f4les.<\/p>\n<h1>L\u2019\u00e9laboration d\u2019un g\u00e9nocide<\/h1>\n<p style=\"text-align: justify\">Dans les ann\u00e9es 1910-1914, les Jeunes-Turcs se radicalisent pour porter \u00e0 son apog\u00e9e l\u2019id\u00e9ologie du panturquisme qui veut rassembler tous les peuples turcophones sous la m\u00eame banni\u00e8re de l\u2019Empire Ottoman. Les Arm\u00e9niens apparaissent alors comme un obstacle majeur \u00e0 ce nationalisme turc exacerb\u00e9. L\u2019id\u00e9e que les Arm\u00e9niens puissent gagner en autonomie ou m\u00eame faire s\u00e9cession est tout bonnement insupportable pour les membres de l\u2019Ittihad.<a href=\"#sdfootnote1sym\" name=\"sdfootnote1anc\"><sup>2<\/sup><\/a><\/p>\n<p style=\"text-align: justify\">Le travail de Jo\u00ebl Koteck et de Pierre Rigoulot distingue quatre phases au g\u00e9nocide arm\u00e9nien qui correspondent toutes \u00e0 des \u00e9tapes fortes qui ont leur id\u00e9ologie propre et qui visent une classe sociale sp\u00e9cifique.<\/p>\n<p style=\"text-align: justify\">La premi\u00e8re phase vise principalement les \u00e9lites et les militaires d\u2019origine arm\u00e9nienne. Elle couvre la p\u00e9riode des mois d\u2019avril et mai 1915 et se concentre sur leur extermination. Pendant ces quelques mois, on proc\u00e8de \u00e0 une \u00e9puration ethnique totale de l\u2019administration et de l\u2019arm\u00e9e. Il est en effet logique que les Turcs aient pu penser que l\u2019\u00e9limination du reste de la communaut\u00e9 arm\u00e9nienne serait grandement facilit\u00e9e une fois les soldats arm\u00e9niens tu\u00e9s et l\u2019\u00e9lite urbaine an\u00e9antie.<\/p>\n<p style=\"text-align: justify\">La deuxi\u00e8me phase du g\u00e9nocide est bien diff\u00e9rente de la premi\u00e8re par son ampleur. Elle couvre la p\u00e9riode allant des mois d\u2019avril \u00e0 juin 1915. Durant ces trois mois, les Jeunes Turcs ont tout simplement tortur\u00e9 et ex\u00e9cut\u00e9 juste \u00e0 c\u00f4t\u00e9 d\u2019un grand nombre d\u2019agglom\u00e9rations les notables locaux et les membres de la vie politique arm\u00e9nienne. Les membres des partis arm\u00e9niens ne sont pas les seuls \u00e0 \u00eatre vis<a href=\"http:\/\/blogs.univ-jfc.fr\/campsdusudouest\/wp-content\/uploads\/sites\/48\/2016\/03\/qsqs.png\"><img loading=\"lazy\" class=\"size-medium wp-image-2147 alignright\" title=\"Carte repr\u00e9sentant les flux de d\u00e9portations, centres de contr\u00f4les, postes, camps de concentration et d'extermination ainsi que les lieux de r\u00e9sistance arm\u00e9nienne. Source : https:\/\/fr.wikipedia.org\/wiki\/G%C3%A9nocide_arm%C3%A9nien#\/media\/File:Armenian_Genocide_Map-fr.svg\" alt=\"\" src=\"http:\/\/blogs.univ-jfc.fr\/campsdusudouest\/wp-content\/uploads\/sites\/48\/2016\/03\/qsqs-300x147.png\" width=\"300\" height=\"147\" srcset=\"https:\/\/blogs.univ-jfc.fr\/campsdusudouest\/wp-content\/uploads\/sites\/48\/2016\/03\/qsqs-300x147.png 300w, https:\/\/blogs.univ-jfc.fr\/campsdusudouest\/wp-content\/uploads\/sites\/48\/2016\/03\/qsqs-1024x502.png 1024w, https:\/\/blogs.univ-jfc.fr\/campsdusudouest\/wp-content\/uploads\/sites\/48\/2016\/03\/qsqs-500x245.png 500w, https:\/\/blogs.univ-jfc.fr\/campsdusudouest\/wp-content\/uploads\/sites\/48\/2016\/03\/qsqs.png 1385w\" sizes=\"(max-width: 300px) 100vw, 300px\" \/><\/a>\u00e9s car la menace finit par s\u2019\u00e9tendre sur tous les hommes valides en \u00e2ge de prendre les armes.<a href=\"#sdfootnote1sym\" name=\"sdfootnote1anc\"><sup>3<\/sup><\/a> Ceux qui ne sont pas tu\u00e9s imm\u00e9diatement sont envoy\u00e9s sur le chemin des convois et des d\u00e9portations. A noter qu\u2019il faudra attendre cependant la troisi\u00e8me phase du g\u00e9nocide pour voir appara\u00eetre des actes de d\u00e9portations plus g\u00e9n\u00e9ralis\u00e9s et donc massifs. La deuxi\u00e8me phase est donc l\u00e0 pour assurer, dans l\u2019optique des Turcs, une population\u00a0 jet\u00e9e sur les routes du d\u00e9sert quasiment exclusivement compos\u00e9es de femmes, d\u2019enfants et de vieillards. La logique est simple\u00a0: faire mourir un maximum de gens lors de longues transhumances sans fin dans les r\u00e9gions les plus rudes de l\u2019Empire. C\u2019est parall\u00e8lement \u00e0 ses d\u00e9portations que vont appara\u00eetre les camps de concentration sur l\u2019actuelle fronti\u00e8re du Moyen-Orient.<a href=\"#sdfootnote1sym\" name=\"sdfootnote1anc\"><sup>4<\/sup><\/a><\/p>\n<p style=\"text-align: justify\">Comme dit pr\u00e9c\u00e9demment, la troisi\u00e8me phase se caract\u00e9rise par des d\u00e9portations massives qui ont lieu dans quasiment toute la Turquie. De nombreux axes majeurs de d\u00e9portations sont cr\u00e9\u00e9s et ce sont quelques 870000 Arm\u00e9niens qui ont <a href=\"#sdfootnote1sym\" name=\"sdfootnote1anc\"><\/a>\u00e9t\u00e9 d\u00e9port\u00e9s et r\u00e9install\u00e9s en Syrie.<a href=\"#sdfootnote1sym\" name=\"sdfootnote1anc\"><sup>5<\/sup><\/a> Pour cette phase, il est important de noter le r\u00f4le majeur d\u2019un acteur bien particulier.<a href=\"http:\/\/blogs.univ-jfc.fr\/campsdusudouest\/wp-content\/uploads\/sites\/48\/2016\/03\/apapa.png\"><img loading=\"lazy\" class=\"size-medium wp-image-2177 alignleft\" title=\"Arm\u00e9niens conduit par des soldats Turcs en 1915, traversant un village. Source : http:\/\/www.christianophobiehebdo.fr\/centenaire-du-genocide-armenien%E2%80%89-une-initiative-du-legislateur-etats-unien\/\" alt=\"\" src=\"http:\/\/blogs.univ-jfc.fr\/campsdusudouest\/wp-content\/uploads\/sites\/48\/2016\/03\/apapa-300x191.png\" width=\"300\" height=\"191\" srcset=\"https:\/\/blogs.univ-jfc.fr\/campsdusudouest\/wp-content\/uploads\/sites\/48\/2016\/03\/apapa-300x191.png 300w, https:\/\/blogs.univ-jfc.fr\/campsdusudouest\/wp-content\/uploads\/sites\/48\/2016\/03\/apapa-469x300.png 469w, https:\/\/blogs.univ-jfc.fr\/campsdusudouest\/wp-content\/uploads\/sites\/48\/2016\/03\/apapa.png 576w\" sizes=\"(max-width: 300px) 100vw, 300px\" \/><\/a> En effet, l\u2019extermination des Arm\u00e9niens est ici supervis\u00e9e par l\u2019Organisation sp\u00e9ciale (<i>Techkilat i <\/i><i>Mahsoud\u00e9<\/i>) Ittihad qui dispose alors d\u2019une emprise totale sur le gouvernement.<a href=\"#sdfootnote1sym\" name=\"sdfootnote1anc\"><sup>6<\/sup><\/a> Cet Etat dans l\u2019Etat fonctionne de mani\u00e8re autonome gr\u00e2ce \u00e0 ses militants qui sont d\u2019anciens repris de justice ou autres et qui peut ainsi constituer le v\u00e9ritable bras arm\u00e9 des Jeunes-Turcs dans l\u2019\u00e9laboration du g\u00e9nocide. Ces longues processions d\u2019Arm\u00e9niens sont r\u00e9guli\u00e8rement la cible d\u2019attaque par des bandits \u00e0 la solde du gouvernement et ils subissent alors les pires traitements afin de s\u2019assurer de ne pas les voir survivre tr\u00e8s longtemps \u00e0 cette marche. Le racket, le viol, des pratiques d\u2019ex\u00e9cutions malsaines\u2026 tout cela est monnaie courante pour tous les d\u00e9port\u00e9s.<\/p>\n<p style=\"text-align: justify\">La derni\u00e8re phase du g\u00e9nocide, la quatri\u00e8me s\u2019attaque aux populations arm\u00e9niennes d\u2019Asie mineure, de Thrace et de Cilicie. Face \u00e0 l\u2019afflux qui repr\u00e9sente l\u2019arriv\u00e9e de ces dizaines et dizaines de milliers de personnes, la construction de lieux de destination pour les d\u00e9port\u00e9s devient n\u00e9cessaire. L\u2019exp\u00e9dition syst\u00e9matique de ces populations dans des camps de Syrie-M\u00e9sopotamie provoque la construction d\u2019un tr\u00e8s grand nombre de pseudo-camps tout le long de l\u2019Euphrate.<a href=\"#sdfootnote1sym\" name=\"sdfootnote1anc\"><sup>7<\/sup><\/a> D\u00e9sormais, ces camps de la mort et les marches de la mort que subissent les arm\u00e9niens sont combin\u00e9s pour enterrer toute esp\u00e9rance de survie pour le peuple arm\u00e9nien.<\/p>\n<h1 style=\"text-align: justify\">Les camps de concentration de Syrie-M\u00e9sopotamie<\/h1>\n<p style=\"text-align: justify\">L\u2019existence de 25 camps est prouv\u00e9e par des archives et des t\u00e9moignages.<a href=\"#sdfootnote1sym\" name=\"sdfootnote1anc\"><sup>8<\/sup><\/a> La grande majorit\u00e9 se situe sur le cours de l\u2019Euphrate. Toute la documentation qui nous est parvenue utilise de mani\u00e8re r\u00e9currente le terme de camp de concentration mais on est en droit de se demander si la forme qu\u2019ont pris ces camps est similaire \u00e0 d\u2019autre exemples connus.<\/p>\n<p style=\"text-align: justify\">Il n\u2019est absolument pas question de nier l\u2019existence de ces camps mais il convient de les resituer dans leur contexte pour bien comprendre leur tr\u00e8s grande sp\u00e9cificit\u00e9. Du point du vue de leur nature tout d\u2019abord les camps turcs ne poss\u00e8dent aucun mirador, il n\u2019y a pas de fils barbel\u00e9s ou de chiens, de baraquements et les soldats et les gardes ne sont absolument pas nombreux.<a href=\"http:\/\/blogs.univ-jfc.fr\/campsdusudouest\/wp-content\/uploads\/sites\/48\/2016\/03\/df.jpg\"><img loading=\"lazy\" class=\"size-medium wp-image-2182 alignright\" title=\"Des r\u00e9fugi\u00e9s arm\u00e9niens attendent d'\u00eatre \u00e9vacu\u00e9s vers l'Egypte, en septembre 1915 sur une plage de Turquie. Source : http:\/\/www.francetvinfo.fr\/monde\/armenie\/genocide-armenien\/genocide-armenien-son-education-a-consiste-a-jouer-parmi-les-cadavres_871383.html\" alt=\"\" src=\"http:\/\/blogs.univ-jfc.fr\/campsdusudouest\/wp-content\/uploads\/sites\/48\/2016\/03\/df-300x168.jpg\" width=\"300\" height=\"168\" srcset=\"https:\/\/blogs.univ-jfc.fr\/campsdusudouest\/wp-content\/uploads\/sites\/48\/2016\/03\/df-300x168.jpg 300w, https:\/\/blogs.univ-jfc.fr\/campsdusudouest\/wp-content\/uploads\/sites\/48\/2016\/03\/df-500x280.jpg 500w, https:\/\/blogs.univ-jfc.fr\/campsdusudouest\/wp-content\/uploads\/sites\/48\/2016\/03\/df.jpg 1000w\" sizes=\"(max-width: 300px) 100vw, 300px\" \/><\/a> Tous ces symboles r\u00e9currents de tout syst\u00e8me concentrationnaire sont absents ce qui les rends tr\u00e8s diff\u00e9rents par nature des camps de camps de concentration \u00ab\u00a0classiques\u00a0\u00bb nazis, sovi\u00e9tiques ou chinois. D\u2019autre part, la fonction des camps turcs diff\u00e8re aussi totalement. Ici, il n\u2019est pas question d\u2019isoler, de punir et encore moins de r\u00e9\u00e9duquer en profitant d\u2019une main-d\u2019\u0153uvre. On est alors tent\u00e9 de dire qu\u2019ils n\u2019appartiennent m\u00eame pas \u00e0 la famille des camps de concentration mais plus \u00e0 un genre nouveau qui consiste plus simplement \u00e0 laisser pourrir ses d\u00e9tenus. Il ne faut pas non plus oublier que ces camps ne sont qu\u2019une \u00e9tape avant de reprendre une marche forc\u00e9e dans le d\u00e9sert vers une autre destination, donc un autre camp. Les convois finissent par se r\u00e9duire logiquement \u00e0 quelques personnes qu\u2019on peut plus facilement assassiner.<\/p>\n<p style=\"text-align: justify\">S\u2019il est n\u00e9cessaire de les comparer \u00e0 un exemple connu, on pourrait faire le rapprochement avec les ghettos juifs de Pologne et d\u2019Ukraine. Ce sont des antichambres de la mort, de vastes mouroirs.<a href=\"#sdfootnote1sym\" name=\"sdfootnote1anc\"><sup>1<\/sup><\/a> En effet, tout comme les ghettos de la Seconde Guerre Mondiale, ces camps sont le fruit d\u2019une d\u00e9sorganisation totale et extraordinaire mais au final savamment pens\u00e9e pour \u00eatre un des rouages d\u2019un ph\u00e9nom\u00e8ne g\u00e9nocidaire. Si tout n\u2019est pas fait pour tuer les r\u00e9fugi\u00e9s, c\u2019est plut\u00f4t que rien n\u2019est fait pour assurer leur survie d\u2019o\u00f9 l\u2019appellation de mouroir.<a href=\"http:\/\/blogs.univ-jfc.fr\/campsdusudouest\/wp-content\/uploads\/sites\/48\/2016\/03\/juju.jpg\"><img loading=\"lazy\" class=\"size-medium wp-image-2179 alignleft\" title=\"Camp de concentration de Mesken\u00e9 photographi\u00e9 par Armin Wegner. Source : http:\/\/www.franceinter.fr\/depeche-genocide-des-armeniens-100-ans-pour-comprendre-et-reconnaitre\" alt=\"\" src=\"http:\/\/blogs.univ-jfc.fr\/campsdusudouest\/wp-content\/uploads\/sites\/48\/2016\/03\/juju-300x150.jpg\" width=\"300\" height=\"150\" srcset=\"https:\/\/blogs.univ-jfc.fr\/campsdusudouest\/wp-content\/uploads\/sites\/48\/2016\/03\/juju-300x150.jpg 300w, https:\/\/blogs.univ-jfc.fr\/campsdusudouest\/wp-content\/uploads\/sites\/48\/2016\/03\/juju-500x250.jpg 500w, https:\/\/blogs.univ-jfc.fr\/campsdusudouest\/wp-content\/uploads\/sites\/48\/2016\/03\/juju.jpg 600w\" sizes=\"(max-width: 300px) 100vw, 300px\" \/><\/a>\u00a0 Si les autorit\u00e9s jugent qu\u2019ils ne meurent pas assez vite, il est toujours temps de lancer une exp\u00e9dition violente \u00e0 l\u2019int\u00e9rieur du camp. Elle est organis\u00e9e par l\u2019Organisation Sp\u00e9ciale avec l\u2019aide de milices arabes ou tch\u00e9tch\u00e8nes. Cela peut surprendre de prime abord mais ces exp\u00e9ditions ne sont pas courantes dans les camps selons les t\u00e9moignages.<a href=\"#sdfootnote1sym\" name=\"sdfootnote1anc\"><sup>10<\/sup><\/a> Ces centres de transit, qui ne sont au final que de vastes terrains vagues avec quelques tentes pour le plus chanceux ou fortun\u00e9s, ne font pas l\u2019objet d\u2019une surveillance \u00e9troite ou de violentes r\u00e9pressions. En effet, les d\u00e9port\u00e9s sont affam\u00e9s, malades et d\u00e9v\u00eatus et ne peuvent donc pas se rebeller. En outre, une tentative d\u2019\u00e9vasion est suicidaire vu que le d\u00e9sert offre au camp une limite naturelle.<\/p>\n<p style=\"text-align: justify\">Au vu de tout ce qui pr\u00e9c\u00e8de, on se rend compte \u00e0 quel point le g\u00e9nocide arm\u00e9nien est un cas particulier dans l\u2019histoire des syst\u00e8mes concentrationnaires. La d\u00e9sorganisation flagrante, la surveillance minimale et le manque d\u2019infrastructures contrastent avec le soin m\u00e9thodique et pragmatique qu\u2019ont mis les communistes russes et asiatiques et les nazis \u00e0 organiser leurs camps. Tout montre que les camps turcs avaient pour unique et seule fonction d\u2019\u00eatre des mouroirs. Mais la sp\u00e9cificit\u00e9 de ce g\u00e9nocide tient, sans nul doute, \u00e0 l\u2019existence de ces grandes transhumances \u00e0 travers tout l\u2019Empire qu\u2019ont v\u00e9cues les d\u00e9port\u00e9s. De grandes marches dont le seul objectif \u00e9tait la mort par des moyens vari\u00e9s, que ce soit sur les routes du d\u00e9sert ou dans les centres.<\/p>\n<div style=\"text-align: justify\">\n<div>\n<p>&nbsp;<\/p>\n<p><a title=\"\" href=\"#_ftnref1\">1 <\/a>J. TOYNBEE, Arnold. <i>Le massacre des Arm\u00e9niens, \u00c9ditions<\/i> Payot, 1987.<\/p>\n<p><a title=\"\" href=\"#_ftnref2\">2 <\/a>Comit\u00e9 Union et Progr\u00e8s<\/p>\n<p><a title=\"\" href=\"#_ftnref3\">3 <\/a>CHALIAND, G\u00e9rard. TERNON, Yves. <i>1915, le g\u00e9nocide des Arm\u00e9niens, \u00c9ditions<\/i> Complexe, 1980.<\/p>\n<\/div>\n<div>\n<p><a title=\"\" href=\"#_ftnref4\">4 <\/a>RIGOULOT, Pierre. KOTEK, Jo\u00ebl. <i>Le si\u00e8cle des camps, <\/i>\u00c9ditions Jean-Claude Latt\u00e8s, 2000.<\/p>\n<\/div>\n<div>\n<p><a title=\"\" href=\"#_ftnref5\">5 <\/a>J. TOYNBEE, Arnold. <i>Le massacre des Arm\u00e9niens, \u00c9ditions<\/i> Payot, 1987.<\/p>\n<\/div>\n<div>\n<p><a title=\"\" href=\"#_ftnref6\">6 <\/a>RIGOULOT, Pierre. KOTEK, Jo\u00ebl. <i>Le si\u00e8cle des camps, <\/i>\u00c9ditions Jean-Claude Latt\u00e8s, 2000.<\/p>\n<\/div>\n<div>\n<p><a title=\"\" href=\"#_ftnref7\">7 <\/a>MUTAFIAN, Claude. VAN LAUWE, Eric. <i>Atlas historique de l&rsquo;Arm\u00e9nie, \u00c9ditions <\/i>Autrement, 2001.<\/p>\n<p><a title=\"\" href=\"#_ftnref8\">8 <\/a>RIGOULOT, Pierre. KOTEK, Jo\u00ebl. <i>Le si\u00e8cle des camps, <\/i>\u00c9ditions Jean-Claude Latt\u00e8s, 2000.<\/p>\n<\/div>\n<div>\n<p><a title=\"\" href=\"#_ftnref9\">9 <\/a>RIGOULOT, Pierre. KOTEK, Jo\u00ebl. <i>Le si\u00e8cle des camps, <\/i>\u00c9ditions Jean-Claude Latt\u00e8s, 2000.<\/p>\n<\/div>\n<div>\n<p><a title=\"\" href=\"#_ftnref10\">10 <\/a>CHALIAND, G\u00e9rard. TERNON, Yves. <i>1915, le g\u00e9nocide des Arm\u00e9niens, \u00c9ditions<\/i> Complexe, 1980.<\/p>\n<p>&nbsp;<\/p>\n<\/div>\n<\/div>\n","protected":false},"excerpt":{"rendered":"<p>Page pr\u00e9c\u00e9dente Etudier le cas du massacre arm\u00e9nien est toujours chose d\u00e9licate. En effet, le gouvernement turc refuse de reconna\u00eetre son existence et d\u2019ouvrir ses archives ce qui est l\u2019obstacle majeur quand on veut se pencher sur ce ph\u00e9nom\u00e8ne. Le &hellip; <a href=\"https:\/\/blogs.univ-jfc.fr\/campsdusudouest\/le-phenomene-concentrationnaire\/les-camps-dinternement-avant-1919\/le-cas-unique-du-genocide-armenien\/\">Lire la suite <span class=\"meta-nav\">&rarr;<\/span><\/a><\/p>\n","protected":false},"author":179,"featured_media":0,"parent":29,"menu_order":0,"comment_status":"closed","ping_status":"open","template":"","meta":[],"_links":{"self":[{"href":"https:\/\/blogs.univ-jfc.fr\/campsdusudouest\/wp-json\/wp\/v2\/pages\/866"}],"collection":[{"href":"https:\/\/blogs.univ-jfc.fr\/campsdusudouest\/wp-json\/wp\/v2\/pages"}],"about":[{"href":"https:\/\/blogs.univ-jfc.fr\/campsdusudouest\/wp-json\/wp\/v2\/types\/page"}],"author":[{"embeddable":true,"href":"https:\/\/blogs.univ-jfc.fr\/campsdusudouest\/wp-json\/wp\/v2\/users\/179"}],"replies":[{"embeddable":true,"href":"https:\/\/blogs.univ-jfc.fr\/campsdusudouest\/wp-json\/wp\/v2\/comments?post=866"}],"version-history":[{"count":19,"href":"https:\/\/blogs.univ-jfc.fr\/campsdusudouest\/wp-json\/wp\/v2\/pages\/866\/revisions"}],"predecessor-version":[{"id":2589,"href":"https:\/\/blogs.univ-jfc.fr\/campsdusudouest\/wp-json\/wp\/v2\/pages\/866\/revisions\/2589"}],"up":[{"embeddable":true,"href":"https:\/\/blogs.univ-jfc.fr\/campsdusudouest\/wp-json\/wp\/v2\/pages\/29"}],"wp:attachment":[{"href":"https:\/\/blogs.univ-jfc.fr\/campsdusudouest\/wp-json\/wp\/v2\/media?parent=866"}],"curies":[{"name":"wp","href":"https:\/\/api.w.org\/{rel}","templated":true}]}}