{"id":89,"date":"2016-01-30T08:32:32","date_gmt":"2016-01-30T07:32:32","guid":{"rendered":"http:\/\/blogs.univ-jfc.fr\/campsdusudouest\/?page_id=89"},"modified":"2016-03-31T08:07:12","modified_gmt":"2016-03-31T07:07:12","slug":"mongraphies-de-camps","status":"publish","type":"page","link":"https:\/\/blogs.univ-jfc.fr\/campsdusudouest\/mongraphies-de-camps\/","title":{"rendered":"Monographies de camps"},"content":{"rendered":"<p style=\"text-align: justify\" align=\"justify\"><span style=\"font-family: 'Arial', serif\">\u00ab\u00a0<i>Rayer ces quatre ann\u00e9es de notre histoire<\/i>\u00a0\u00bb, ainsi est d\u00e9finie par le procureur g\u00e9n\u00e9ral Mornet la p\u00e9riode de la France sous l&rsquo;occupation. Rayer pour oublier les abjections commises par le R\u00e9gime de Vichy. Dans cette Europe en proie aux totalitarismes, la France se voit encercl\u00e9e par l&rsquo;Allemagne nazie, l&rsquo;Italie fasciste et l&rsquo;Espagne franquiste. Pour accueillir les exil\u00e9s politiques de ces \u00e9tats baign\u00e9s dans la violence, des camps provisoires sont cr\u00e9\u00e9s dans le Sud de la France, sur des plages, comme le camp d&rsquo;Argel\u00e8s. Les r\u00e9fugi\u00e9s sont des hommes, des femmes, des enfants, veufs et orphelins qui tentent de fuir l&rsquo;insurrection militaire, qui monte \u00e0 sa t\u00eate le g\u00e9n\u00e9ral nationaliste Franco, arriv\u00e9 au pouvoir en 1936. Pr\u00e8s de 390 000 r\u00e9publicains traversent les Pyr\u00e9n\u00e9es de juillet 1936 \u00e0 mars 1939\u00a0; un ph\u00e9nom\u00e8ne accentu\u00e9 par la chute de la derni\u00e8re ville, Barcelone, qui plonge le pays dans une dictature. Cette p\u00e9riode, la <i>Retirada<\/i>, a accru consid\u00e9rablement la d\u00e9mographie de la France, cr\u00e9ant ainsi des manques de structures d&rsquo;accueil. Profitant des baraquements am\u00e9nag\u00e9s sous la Troisi\u00e8me R\u00e9publique pour les internements administratifs, la France \u00e9tablit alors les r\u00e9fugi\u00e9s dans ces derniers, dans la limite des places disponibles. Au fur et \u00e0 mesure, \u00e9merge sous Vichy un r\u00e9seau entre les diff\u00e9rents camps, chacun d&rsquo;entre eux se trouve dot\u00e9 d&rsquo;une sp\u00e9cificit\u00e9\u00a0; <a title=\"Rivesaltes\" href=\"http:\/\/blogs.univ-jfc.fr\/campsdusudouest\/mongraphies-de-camps\/rivesaltes\/\">Rivesaltes<\/a> comme camp de transit, <a title=\"Brens\" href=\"http:\/\/blogs.univ-jfc.fr\/campsdusudouest\/mongraphies-de-camps\/brens\/\" target=\"_blank\">Brens<\/a> comme camp d&rsquo;internement de femmes, et les camps du <a title=\"Le Vernet d\u2019Ari\u00e8ge\" href=\"http:\/\/blogs.univ-jfc.fr\/campsdusudouest\/mongraphies-de-camps\/le-vernet-dariege\/\">Vernet d&rsquo;Ari\u00e8ge<\/a> et de <a title=\"Introduction \u2013 Camp de No\u00e9\" href=\"http:\/\/blogs.univ-jfc.fr\/campsdusudouest\/introduction-camp-de-noe\/\">No\u00e9<\/a>, sont tous deux des camps mod\u00e8les, le premier pour sa s\u00e9v\u00e9rit\u00e9, le second pour son exemplarit\u00e9 aux yeux du reste du monde. Cependant, les conditions de vie dans ces \u00ab\u00a0pavillons\u00a0\u00bb de taule, en proie \u00e0 l&rsquo;humidit\u00e9 et au froid engendrent des maladies et des d\u00e9c\u00e8s. Sont \u00e9galement \u00e0 souligner les causes de d\u00e9tentions\u00a0: toutes sont arbitraires, administr\u00e9es sans jugement et sans dur\u00e9e l\u00e9gale de validit\u00e9.\u00a0<\/span><\/p>\n<div id=\"attachment_2986\" style=\"width: 360px\" class=\"wp-caption aligncenter\"><a href=\"http:\/\/blogs.univ-jfc.fr\/campsdusudouest\/wp-content\/uploads\/sites\/48\/2016\/01\/Camps-du-sud-ouest.jpg\"><img aria-describedby=\"caption-attachment-2986\" loading=\"lazy\" class=\"wp-image-2986  \" title=\"Camps du sud ouest\" alt=\"Camps du sud ouest\" src=\"http:\/\/blogs.univ-jfc.fr\/campsdusudouest\/wp-content\/uploads\/sites\/48\/2016\/01\/Camps-du-sud-ouest-300x183.jpg\" width=\"350\" height=\"200\" \/><\/a><p id=\"caption-attachment-2986\" class=\"wp-caption-text\">Camps du sud ouest<\/p><\/div>\n","protected":false},"excerpt":{"rendered":"<p>\u00ab\u00a0Rayer ces quatre ann\u00e9es de notre histoire\u00a0\u00bb, ainsi est d\u00e9finie par le procureur g\u00e9n\u00e9ral Mornet la p\u00e9riode de la France sous l&rsquo;occupation. Rayer pour oublier les abjections commises par le R\u00e9gime de Vichy. Dans cette Europe en proie aux totalitarismes, &hellip; <a href=\"https:\/\/blogs.univ-jfc.fr\/campsdusudouest\/mongraphies-de-camps\/\">Lire la suite <span class=\"meta-nav\">&rarr;<\/span><\/a><\/p>\n","protected":false},"author":15,"featured_media":0,"parent":0,"menu_order":0,"comment_status":"closed","ping_status":"open","template":"","meta":[],"_links":{"self":[{"href":"https:\/\/blogs.univ-jfc.fr\/campsdusudouest\/wp-json\/wp\/v2\/pages\/89"}],"collection":[{"href":"https:\/\/blogs.univ-jfc.fr\/campsdusudouest\/wp-json\/wp\/v2\/pages"}],"about":[{"href":"https:\/\/blogs.univ-jfc.fr\/campsdusudouest\/wp-json\/wp\/v2\/types\/page"}],"author":[{"embeddable":true,"href":"https:\/\/blogs.univ-jfc.fr\/campsdusudouest\/wp-json\/wp\/v2\/users\/15"}],"replies":[{"embeddable":true,"href":"https:\/\/blogs.univ-jfc.fr\/campsdusudouest\/wp-json\/wp\/v2\/comments?post=89"}],"version-history":[{"count":11,"href":"https:\/\/blogs.univ-jfc.fr\/campsdusudouest\/wp-json\/wp\/v2\/pages\/89\/revisions"}],"predecessor-version":[{"id":4574,"href":"https:\/\/blogs.univ-jfc.fr\/campsdusudouest\/wp-json\/wp\/v2\/pages\/89\/revisions\/4574"}],"wp:attachment":[{"href":"https:\/\/blogs.univ-jfc.fr\/campsdusudouest\/wp-json\/wp\/v2\/media?parent=89"}],"curies":[{"name":"wp","href":"https:\/\/api.w.org\/{rel}","templated":true}]}}