{"id":896,"date":"2016-03-10T09:47:49","date_gmt":"2016-03-10T08:47:49","guid":{"rendered":"http:\/\/blogs.univ-jfc.fr\/campsdusudouest\/?page_id=896"},"modified":"2016-05-02T14:53:01","modified_gmt":"2016-05-02T13:53:01","slug":"i-la-question-juive-en-france-de-1940-a-1942-suite","status":"publish","type":"page","link":"https:\/\/blogs.univ-jfc.fr\/campsdusudouest\/le-phenomene-concentrationnaire\/internement-concentration-extermination\/i-la-question-juive-en-france-de-1940-a-1942-suite\/","title":{"rendered":"La \u00ab\u00a0question juive\u00a0\u00bb en France de 1940 \u00e0 1942 (suite)"},"content":{"rendered":"<p><a title=\"Internement, concentration, extermination\" href=\"http:\/\/blogs.univ-jfc.fr\/campsdusudouest\/le-phenomene-concentrationnaire\/internement-concentration-extermination\/\">Page pr\u00e9c\u00e9dente &#8230;<\/a><\/p>\n<p><span style=\"arial;color: #000000\"><span><i>D\u00e9clarations de Vichy \u00e0 propos des juifs de France et r\u00e9action \u00e0 la politique allemande.<\/i><\/span><\/span><\/p>\n<p align=\"JUSTIFY\"><span><span><span style=\"color: #000000\"> Le r\u00e9gime de Vichy, dirig\u00e9 par le mar\u00e9chal P\u00e9tain, gouverne la France depuis Vichy, qui est situ\u00e9 en zone libre jusqu&rsquo;en novembre 1942, au cours de la Seconde Guerre mondiale, du 10 juillet 1940 au 20 ao\u00fbt 1944 durant l\u2019occupation du pays par les forces arm\u00e9es du Troisi\u00e8me Reich<\/span><span style=\"color: #000000\">. Ce gouvernement va mener une politique de collaboration avec les nazis et instaurer des lois antis\u00e9mites sous la R\u00e9volution nationale entreprise par P\u00e9tain. Dans une premi\u00e8re phase, jusqu&rsquo;en 1942, celle-ci se traduit par la suppression des libert\u00e9s fondamentales, la mise en place d&rsquo;un contr\u00f4le de la population, des interdictions et obligations auxquelles doivent se plier les juifs. <\/span><\/span><\/span><\/p>\n<p align=\"JUSTIFY\"><span><span><span style=\"color: #000000\"> En effet le 22 juillet 1940 un \u00e9crit d\u00e9cide d&rsquo;une r\u00e9vision des naturalisations<\/span><span style=\"color: #231f20\">. La r\u00e9vision porte sur toutes les acquisitions de nationalit\u00e9 fran\u00e7aise intervenues depuis la promulg<span style=\"color: #000000\">ation de la loi du 10 ao\u00fbt 1927 sur la nationalit\u00e9. Plus de 7 000 Juifs sont d\u00e9naturalis\u00e9s. Par la suite, Vichy abroge le 27 aout la <\/span><\/span><span style=\"color: #000000\">loi Marchandeau du 21 avril 1939, qui interdisait la propagande antis\u00e9mite dans la presse, puis le 27 septembre les Allemands d\u00e9cr\u00e8tent leur premi\u00e8re ordonnance prescrivant le recensement des Juifs en zone occup\u00e9e, dont la date limite est fix\u00e9e au 20 octobre 1941. Le recensement se termine le 19 octobre et donne lieu \u00e0 la cr\u00e9ation du fichier des Juifs de la Pr\u00e9fecture de police. Pendant ce recensement le gouvernement de Vichy promulgue une loi portant sur le statut des Juifs le 3 octobre 1940. Cette loi exclut les Juifs de tout poste dans la fonction publique et dans les professions artistiques. Cette ordonnance est suivie des premi\u00e8res rafles. Le gouvernement de Vichy a donc mis en place autant de restrictions que les Allemands contre les juifs et montre son implication dans la politique antis\u00e9mite. <\/span><span style=\"color: #000000\">Le gouvernement de Vichy ne va pas s\u2019arr\u00eater l\u00e0, commen\u00e7ant \u00e0 suivre pleinement la politique de l&rsquo;Allemagne. <\/span><\/span><\/span><\/p>\n<p align=\"JUSTIFY\"><span><span><span style=\"color: #000000\"> La France collabore avec les nazis sur les plans \u00e9conomiques en soutenant l&rsquo;effort de guerre mais le gouvernement fran\u00e7ais va aussi collaborer dans la pers\u00e9cution des juifs. En effet Pierre Laval devenu vice-pr\u00e9sident du Conseil d\u00e8s le 12 juillet 1942, engage l&rsquo;Etat fran\u00e7ais dans la politique de collaboration avec l&rsquo;Allemagne. Le 22 octobre 1940, il rencontre Adolf Hitler \u00e0 Montoire et pr\u00e9pare l&rsquo;entrevue de celui-ci avec P\u00e9tain deux jours plus tard. Cette attitude ainsi que de nombreux adversaires lui valent d&rsquo;\u00eatre mis \u00e0 l&rsquo;\u00e9cart par le mar\u00e9chal et m\u00eame arr\u00eat\u00e9 \u00e0 la demande des autres ministres le 13 d\u00e9cembre. Cependant <\/span><span style=\"color: #000000\">Laval est lib\u00e9r\u00e9 peu apr\u00e8s sur l&rsquo;intervention d&rsquo;Otto Abetz, ambassadeur du Reich \u00e0 Paris, et poursuit ses contacts avec les Allemands. Ceux-ci imposeront \u00e0 P\u00e9tain son retour comme chef du gouvernement \u00e0 la place de Darlan le 18 avril 1942. Le retour au pouvoir de Laval co\u00efncide avec la mise en place par les Allemands d&rsquo;un plan de d\u00e9portation des Juifs. Une ordonnance allemande rend obligatoire le port de l&rsquo;\u00e9toile jaune en zone occup\u00e9e \u00e0 partir du 7 juin. Se r\u00e9servant \u00e9galement les Affaires \u00e9trang\u00e8res, l&rsquo;Information <\/span><span style=\"color: #000000\">et l&rsquo;Int\u00e9rieur, Laval doit faire face aux exigences croissantes de l&rsquo;Allemagne et relance la collaboration. Laval invente le syst\u00e8me de la rel\u00e8ve pour r\u00e9pondre aux besoins allemands en main-d&rsquo;oeuvre fran\u00e7aise et prononce \u00e0 la radio le 22 juin 1942 un discours d&rsquo;o\u00f9 est extrait la phrase devenue fameuse : \u00ab\u00a0<\/span><span style=\"color: #000000\"><i>J&rsquo;ai la volont\u00e9 de r\u00e9tablir avec l&rsquo;Allemagne et l&rsquo;Italie des relations normales et confiantes. De cette guerre surgira in\u00e9vitablement une nouvelle Europe. [\u2026] Pour construire cette Europe, l&rsquo;Allemagne est en train de livrer des combats gigantesques <\/i><\/span><span style=\"color: #000000\"><i>[\u2026] Je souhaite la victoire allemande, parce que, sans elle, le bolchevisme demain s&rsquo;installerait pa<\/i><i>rtout.<\/i>\u00a0\u00bb<a href=\"#sdfootnote1sym\" name=\"sdfootnote1anc\"><span style=\"color: #000000\"><sup>1<\/sup><\/span><\/a>. Ensuite la Milice est institu\u00e9e en janvier 1943, et Laval accepte dans son minist\u00e8re entre 1943 et 1944 des collaborateurs extr\u00e9mistes comme Marcel D\u00e9at par exemple. Laval, qui pense \u00eatre le seul Fran\u00e7ais capable de n\u00e9gocier avec Hitler, mise tout sur une collaboration consistant \u00e0 anticiper les d\u00e9sirs allemands et montrer toute une bonne volont\u00e9 envers le vainqueur, sans en attendre de retour mais seulement dans le but de maintenir la reconnaissance par les occupants de l&rsquo;autorit\u00e9 du r\u00e9gime de Vichy. Le gouvernement de Vichy va donc suivre la m\u00eame politique que les nazis et va mettre peu \u00e0 peu en place de nombreuses restrictions antis\u00e9mites en<\/span><span style=\"color: #1c1c1c\"><span style=\"color: #000000\"> zone non occup\u00e9e. La zone \u00ab\u00a0libre\u00a0\u00bb ne constitue donc pas vraiment une zone o\u00f9 les juifs sont moins pers\u00e9cut\u00e9s et ne subissent pa<\/span>s l&rsquo;influence nazie.<\/span><\/span><\/span><\/p>\n<div id=\"attachment_938\" style=\"width: 368px\" class=\"wp-caption aligncenter\"><a href=\"http:\/\/blogs.univ-jfc.fr\/campsdusudouest\/wp-content\/uploads\/sites\/48\/2016\/03\/Image-I-B.jpg\"><img aria-describedby=\"caption-attachment-938\" loading=\"lazy\" class=\"wp-image-938 \" title=\"Un gendarme fran\u00e7ais et un officier allemand qui collaborent sur un projet commun en 1942.    Source\u00a0: joseph.bara.free.fr\u00a0: site du coll\u00e8ge Joseph BARA. \" alt=\"Image I B\" src=\"http:\/\/blogs.univ-jfc.fr\/campsdusudouest\/wp-content\/uploads\/sites\/48\/2016\/03\/Image-I-B-300x193.jpg\" width=\"358\" height=\"236\" \/><\/a><p id=\"caption-attachment-938\" class=\"wp-caption-text\">Collaboration entre Vichy et l&rsquo;Allemagne<\/p><\/div>\n<p><span style=\"arialf;color: #000000\"><span><span><i>La zone \u00ab\u00a0libre\u00a0\u00bb, un refuge\u00a0?<\/i><\/span> <\/span><\/span><\/p>\n<p align=\"JUSTIFY\"><span style=\"color: #000000\"><span><span> La zone \u00ab\u00a0libre\u00a0\u00bb est, pendant la Seconde Guerre mondiale, apr\u00e8s la signature de l&rsquo;armistice du 22 juin 1940, la partie du territoire fran\u00e7ais situ\u00e9e au sud de la ligne de d\u00e9marcation, <\/span><\/span><span><span>longue d&rsquo;environ 1 200 km<a href=\"#sdfootnote1sym\"><span style=\"color: #000000\"><sup>2 <\/sup><\/span><\/a><\/span><\/span><span><span>repr\u00e9sentant en gros la moiti\u00e9 sud de la France. Cette zone est sous l&rsquo;autorit\u00e9 du gouvernement de Vichy<\/span><\/span><span><span>, la zone occup\u00e9e \u00e9tant situ\u00e9e au Nord de cette ligne est quant \u00e0 elle sous l&rsquo;occupation des troupes allemandes. <\/span><\/span><span><span>Cette fronti\u00e8re, \u00e9troitement surveill\u00e9e, ne pouvant \u00eatre franchie, ni dans un sens ni dans l\u2019autre sans autorisation<\/span><\/span><span><span>, est une contrainte importante pour les populations. S\u2019accommodant pourtant de cette<\/span><\/span><span><span> situation, des passeurs proposent, souvent contre r\u00e9mun\u00e9ration, des moyens de traverser clandestinement la ligne \u00e0 cause de<\/span><\/span><span><span> la politique de pers\u00e9cution et des conditions difficiles dues \u00e0 la guerre notamment des conditions de p\u00e9nuries ce qui d\u00e9veloppe le march\u00e9 noir. <\/span><\/span><\/span><\/p>\n<p align=\"JUSTIFY\"><span style=\"color: #000000\"> Mais la zone Sud n&rsquo;est pas forc\u00e9ment une bonne chose pour les Juifs, en effet cette zone sous le gouvernement de Vichy poss\u00e8de d\u00e9j\u00e0 des camps et \u00e0 partir de la loi du 4 octobre 1940, tous les juifs \u00e9trangers peuvent \u00eatre intern\u00e9s sur simple d\u00e9cision du pr\u00e9fet, ce qui augmente la population des intern\u00e9s et aboutit \u00e0 la cr\u00e9ation de nouveaux camps (Rivesaltes, No\u00e9, Recebedou ). Dans la France de Vichy, \u00eatre \u00e9tranger, c&rsquo;est \u00eatre un paria, surtout si l&rsquo;on est juif. La politique de collaboration fait donc que cette zone ne garantit pas une s\u00e9curit\u00e9 certaine aux juifs, bien qu&rsquo;il n&rsquo;y ait pas d&rsquo;occupation militaire allemande\u00a0: e<\/span><span style=\"color: #262626\"><span><span><span style=\"color: #333333\"><span style=\"color: #000000\">n effet en ao\u00fbt 1942, 10 000<a href=\"#sdfootnote2sym\"><span style=\"color: #000000\"><sup>3<\/sup><\/span><\/a> hommes, femmes et enfants juifs seront rafl\u00e9s pa<\/span><\/span><span style=\"color: #000000\">r des gendarmes et des policiers fran\u00e7ais, au sud de la Loire, en zone dite \u00ab libre \u00bb. Allant m\u00eame parfois jusqu&rsquo;\u00e0 devancer les demandes des nazis, le gouvernement de Vichy fait du z\u00e8le en d\u00e9cidant de d\u00e9porter \u00e9galement des enfants. Les rafles n&rsquo;avaient donc pas seulement lieu en zone occup\u00e9e. <\/span><\/span><\/span><\/span><\/p>\n<div id=\"attachment_1073\" style=\"width: 411px\" class=\"wp-caption aligncenter\"><a href=\"http:\/\/blogs.univ-jfc.fr\/campsdusudouest\/wp-content\/uploads\/sites\/48\/2016\/03\/I-C.png\"><img aria-describedby=\"caption-attachment-1073\" loading=\"lazy\" class=\"wp-image-1073 \" title=\"M\u00eame en Zone Sud, le gouvernement de Vichy recense les Juifs. Les miliciens se feront les auxiliaires des Allemands pour rechercher et arr\u00eater les Juifs.  Source\u00a0: aujourd\u2019hui.over-blog.fr\u00a0: site o\u00f9 chacun peut donner des informations et d\u00e9battre sur l'histoire et l'actualit\u00e9.\" alt=\"I-C\" src=\"http:\/\/blogs.univ-jfc.fr\/campsdusudouest\/wp-content\/uploads\/sites\/48\/2016\/03\/I-C-300x189.png\" width=\"401\" height=\"259\" \/><\/a><p id=\"caption-attachment-1073\" class=\"wp-caption-text\">La recherche des juifs pour l&rsquo;organisation de la d\u00e9portation<\/p><\/div>\n<p align=\"JUSTIFY\"><span style=\"color: #000000\"><span><span>N\u00e9anmoins la zone \u00ab\u00a0libre\u00a0\u00bb<\/span><\/span><span><span> est envahie le 11 novembre 1942 (op\u00e9ration Anton, variante du plan Attila) par les Allemands et les Italiens \u00e0 la suite du d\u00e9barquement alli\u00e9 en Afrique du Nord le 8 novembre, et prend le nom de \u00ab\u00a0zone sud\u00a0\u00bb qui est partag\u00e9e entre les deux envahisseurs. Ainsi, une zone recouvrant pratiquement toute la r\u00e9gion \u00e0 l&rsquo;Est du Rh\u00f4ne (la totalit\u00e9 des d\u00e9partements de Savoie, de Haute-Savoie, de l&rsquo;Is\u00e8re, de la Dr\u00f4me, des Hautes-Alpes, des Basses-Alpes, du Vaucluse, du Var et des Alpes-Maritimes avec des portions de l&rsquo;Ain et de l&rsquo;Ard\u00e8che), ainsi que la Corse, est attribu\u00e9e aux Italie<\/span><\/span><span><span>ns<\/span><\/span><span><span>. <\/span><\/span><span><span>\u00c0 Vichy, le gouvernement du mar\u00e9chal P\u00e9tain et de Pierre Laval est plac\u00e9 sous le contr\u00f4le direct de l&rsquo;occupant. Il perd l&rsquo;illusion de son ind\u00e9pendance.<\/span><\/span><\/span><\/p>\n<p align=\"JUSTIFY\"><a title=\"II- La France et ses camps\u00a0: relais de l\u2019Allemagne\" href=\"http:\/\/blogs.univ-jfc.fr\/campsdusudouest\/le-phenomene-concentrationnaire\/internement-concentration-extermination\/1445-2\/\">Lire la suite &#8230;<\/a><\/p>\n<p align=\"JUSTIFY\"><span style=\"color: #000000\"><span style=\"color: #3366ff\"><a href=\"#sdfootnote1anc\" name=\"sdfootnote1sym\"><span style=\"color: #3366ff\">1<\/span><\/a><\/span> Extrait du discours prononc\u00e9 \u00e0 la radio le 22 juin 1942 par Laval.<\/span><\/p>\n<div>\n<p><span style=\"font-family: Arial,serif\"><span style=\"font-size: small\"><span style=\"color: #3366ff\">2<\/span> <span style=\"color: #000000\">ROUSSO Henry, <\/span><span style=\"color: #000000\"><i>Le R\u00e9gime de Vichy, <\/i><\/span><span style=\"color: #000000\">PUF, \u00ab Que sais-je ? \u00bb, 2007.<\/span><\/span><\/span><\/p>\n<\/div>\n<div>\n<p><span style=\"font-family: Arial,serif\"><span style=\"font-size: small\"><span style=\"color: #3366ff\">3<\/span> <span style=\"color: #000000\">ROUSSO Henry, <\/span><span style=\"color: #000000\"><i>Le R\u00e9gime de Vichy<\/i><\/span><span style=\"color: #000000\">, PUF, \u00ab Que sais-je ? \u00bb, 2007.<\/span><\/span><\/span><\/p>\n<\/div>\n<div id=\"sdfootnote1\">\n<p>&nbsp;<\/p>\n<\/div>\n","protected":false},"excerpt":{"rendered":"<p>Page pr\u00e9c\u00e9dente &#8230; D\u00e9clarations de Vichy \u00e0 propos des juifs de France et r\u00e9action \u00e0 la politique allemande. Le r\u00e9gime de Vichy, dirig\u00e9 par le mar\u00e9chal P\u00e9tain, gouverne la France depuis Vichy, qui est situ\u00e9 en zone libre jusqu&rsquo;en novembre &hellip; <a href=\"https:\/\/blogs.univ-jfc.fr\/campsdusudouest\/le-phenomene-concentrationnaire\/internement-concentration-extermination\/i-la-question-juive-en-france-de-1940-a-1942-suite\/\">Lire la suite <span class=\"meta-nav\">&rarr;<\/span><\/a><\/p>\n","protected":false},"author":134,"featured_media":0,"parent":21,"menu_order":0,"comment_status":"closed","ping_status":"open","template":"","meta":[],"_links":{"self":[{"href":"https:\/\/blogs.univ-jfc.fr\/campsdusudouest\/wp-json\/wp\/v2\/pages\/896"}],"collection":[{"href":"https:\/\/blogs.univ-jfc.fr\/campsdusudouest\/wp-json\/wp\/v2\/pages"}],"about":[{"href":"https:\/\/blogs.univ-jfc.fr\/campsdusudouest\/wp-json\/wp\/v2\/types\/page"}],"author":[{"embeddable":true,"href":"https:\/\/blogs.univ-jfc.fr\/campsdusudouest\/wp-json\/wp\/v2\/users\/134"}],"replies":[{"embeddable":true,"href":"https:\/\/blogs.univ-jfc.fr\/campsdusudouest\/wp-json\/wp\/v2\/comments?post=896"}],"version-history":[{"count":23,"href":"https:\/\/blogs.univ-jfc.fr\/campsdusudouest\/wp-json\/wp\/v2\/pages\/896\/revisions"}],"predecessor-version":[{"id":4587,"href":"https:\/\/blogs.univ-jfc.fr\/campsdusudouest\/wp-json\/wp\/v2\/pages\/896\/revisions\/4587"}],"up":[{"embeddable":true,"href":"https:\/\/blogs.univ-jfc.fr\/campsdusudouest\/wp-json\/wp\/v2\/pages\/21"}],"wp:attachment":[{"href":"https:\/\/blogs.univ-jfc.fr\/campsdusudouest\/wp-json\/wp\/v2\/media?parent=896"}],"curies":[{"name":"wp","href":"https:\/\/api.w.org\/{rel}","templated":true}]}}