{"id":900,"date":"2016-03-10T09:23:36","date_gmt":"2016-03-10T08:23:36","guid":{"rendered":"http:\/\/blogs.univ-jfc.fr\/campsdusudouest\/?page_id=900"},"modified":"2016-04-06T21:29:04","modified_gmt":"2016-04-06T20:29:04","slug":"page-x","status":"publish","type":"page","link":"https:\/\/blogs.univ-jfc.fr\/campsdusudouest\/vivre-dans-les-camps\/larchitecture-des-camps\/page-x\/","title":{"rendered":"A l&rsquo;\u00e9chelle locale, diff\u00e9rents acteurs interviennent \u00e9galement dans le processus."},"content":{"rendered":"<p style=\"text-align: justify\"><strong>\u00a0L&rsquo;architecture des camps se met en place<\/strong><\/p>\n<p style=\"text-align: justify\">Des structures d\u2019encadrement sont r\u00e9alis\u00e9es petit \u00e0 petit. Tout d\u2019abord, les baraquements s\u2019organisent peu \u00e0 peu avec l\u2019installation de lavoirs, la cr\u00e9ation d\u2019infirmeries, de cuisines, de latrines couvertes et cloisonn\u00e9es. Les conditions d\u2019internement deviennent un peu plus d\u00e9centes.<\/p>\n<div id=\"attachment_2541\" style=\"width: 310px\" class=\"wp-caption alignright\"><a href=\"http:\/\/blogs.univ-jfc.fr\/campsdusudouest\/wp-content\/uploads\/sites\/48\/2016\/03\/brens.png\"><img aria-describedby=\"caption-attachment-2541\" loading=\"lazy\" class=\"size-medium wp-image-2541\" title=\"Carte r\u00e9alis\u00e9e par Monique Morales Source\u00a0: Livre Les Camps du Sud-ouest de la France  Page 78, \u00e9dition Privat\" alt=\"Carte r\u00e9alis\u00e9e par Monique Morales Source\u00a0: Livre Les Camps du Sud-ouest de la France  Page 78, \u00e9dition Privat\" src=\"http:\/\/blogs.univ-jfc.fr\/campsdusudouest\/wp-content\/uploads\/sites\/48\/2016\/03\/brens-300x284.png\" width=\"300\" height=\"284\" srcset=\"https:\/\/blogs.univ-jfc.fr\/campsdusudouest\/wp-content\/uploads\/sites\/48\/2016\/03\/brens-300x284.png 300w, https:\/\/blogs.univ-jfc.fr\/campsdusudouest\/wp-content\/uploads\/sites\/48\/2016\/03\/brens-316x300.png 316w, https:\/\/blogs.univ-jfc.fr\/campsdusudouest\/wp-content\/uploads\/sites\/48\/2016\/03\/brens.png 704w\" sizes=\"(max-width: 300px) 100vw, 300px\" \/><\/a><p id=\"caption-attachment-2541\" class=\"wp-caption-text\">Le camp de Brens en\u00a01941<\/p><\/div>\n<p style=\"text-align: justify\"><a title=\"Camp de Gurs\" href=\"http:\/\/www.ajpn.org\/internement-camp-de-Gurs-84.html\">Le camp de Gurs<\/a> dans les Pyr\u00e9n\u00e9es-Atlantiques est construit en 1939 pour y recevoir les juifs et les d\u00e9tenus politiques notamment des communistes fran\u00e7ais. Le camps compte 425 baraques construites r\u00e9parties sur 13 \u00eelots (ce qui fait \u00e0 peu pr\u00e8s une trentaine de baraques par \u00eelot). Certaines de ces baraques en bois sont transform\u00e9es en infirmerie mais le mat\u00e9riel m\u00e9dical est encore tr\u00e8s rare. Ensuite, un hangar est construit en t\u00f4le de zinc et sert de cuisine avec deux cuisini\u00e8res qui y travaillent. L\u2019am\u00e9nagement de baraques pour les douches am\u00e9liore \u00e9galement l\u2019hygi\u00e8ne dans le camp. Des baraques disposent aussi de lavabos avec une quarantaine de robinets qui distribuent de l\u2019eau \u00e0 certaines heures de la journ\u00e9e pour les r\u00e9fugi\u00e9s.\u00a0Le camp est entour\u00e9 de fils barbel\u00e9s avec des miradors surveillant les personnes intern\u00e9es.<\/p>\n<p style=\"text-align: justify\">Le pr\u00e9fet du Tarn \u00e9tablit le 16 octobre 1939 <a title=\"Camp de Brens\" href=\"http:\/\/www.ajpn.org\/internement-Camp-de-Brens-30.html\">le camp de Brens<\/a> \u00e0 proximit\u00e9 de Gaillac dans le Tarn pour y accueillir les r\u00e9fugi\u00e9s. C&rsquo;est au d\u00e9but un camp pour r\u00e9fugi\u00e9s espagnols, puis un centre d\u2019h\u00e9bergement pour juifs \u00e9trangers et enfin un camp de femmes. Les pensionnaires du camp sont en libre circulation jusqu\u2019en 1940 avant que celle-ci soit interdite. La situation n\u2019est gu\u00e8re brillante : plus de 100 personnes par baraques, les v\u00eatements et les chaussures manquent, il n\u2019y a pas de lait frais pour les enfants et l\u2019eau potable est en quantit\u00e9 insuffisante, pas d\u2019infirmerie alors que de nombreux enfants sont atteints d\u2019angines, d\u2019otites et aussi de congestion pulmonaire. Le 31 d\u00e9cembre 1941, le pr\u00e9fet du Tarn annonce que Brens vient d\u2019\u00eatre retenu par la direction de la Police nationale pour l\u2019installation d\u2019un \u00ab camp de concentration \u00bb. On y proc\u00e8de donc \u00e0 des travaux, une cl\u00f4ture de fil de barbel\u00e9 est install\u00e9e, des miradors de garde avec plus de 150 gardes qui assurent la s\u00e9curit\u00e9, des baraques en bois, une infirmerie.<\/p>\n<p style=\"text-align: justify\">Une plus grande organisation et des moyens de s\u00e9curit\u00e9 se mettent en \u0153uvre. L\u2019installation des cl\u00f4tures de barbel\u00e9s (double rang\u00e9es) et des miradors permettent \u00e9galement une plus grande s\u00e9curit\u00e9. Des baraques de miliciens sont construites dans le camp pour am\u00e9liorer la surveillance. Une structure et une organisation plus \u00e9labor\u00e9e se dessinent peu \u00e0 peu.<\/p>\n<p style=\"text-align: justify\"><strong>\u00a0Une conception \u00e9tudi\u00e9e et r\u00e9fl\u00e9chie<\/strong><\/p>\n<p style=\"text-align: justify\"><span style=\"font-family: Times New Roman,serif\"><span style=\"font-size: medium\">A<\/span><\/span>vant de construire, le minist\u00e8re de l\u2019Int\u00e9rieur inspecte d\u2019abord les terrains les plus adapt\u00e9s pour y \u00e9tablir un camp. Ensuite, la situation g\u00e9ographique des camps est \u00e9tudi\u00e9e pour qu\u2019ils soient construits \u00e0 proximit\u00e9 des axes routiers et des voies ferr\u00e9es pour des liaisons plus faciles. De plus, pour r\u00e9soudre le probl\u00e8me de ravitaillement donc les livraisons insuffisantes, des terrains \u00e0 proximit\u00e9 sont lou\u00e9s \u00e0 des volontaires qui, avec leur r\u00e9colte, apportent une ration alimentaire en plus au camp. Ces prisons de fortune se situent \u00e0 proximit\u00e9 de for\u00eats et sont \u00e9loign\u00e9es des populations pour ne pas trop sensibiliser les masses avec ce genre de m\u00e9thode et ainsi maintenir les d\u00e9port\u00e9s dans l&rsquo;isolement.<\/p>\n<p style=\"text-align: justify\">Sous le r\u00e9gime p\u00e9tainiste, les camps ont chacun une fonction typologique distincte telle que : camp d\u2019accueil, d\u2019internement, de s\u00e9jour, de prisonniers, ou alors de transit. On d\u00e9cide aussi la cr\u00e9ation de camp h\u00f4pitaux, comme par exemple celui de l\u2019\u00eele de No\u00e9 r\u00e9serv\u00e9 aux personnes \u00e2g\u00e9es, infirmes et malades. Avec des baraques propres, avec des toits de ciment ondul\u00e9s et des murs blanchis \u00e0 la chaux, avec un po\u00eale en fer, avec du petit bois c\u00f4t\u00e9 pour se chauffer, les conditions d\u2019internement sont nettement plus agr\u00e9ables que d\u2019autres camps. Le camp est plac\u00e9 sous l\u2019autorit\u00e9 de la Garde nationale.<\/p>\n<div id=\"attachment_2514\" style=\"width: 310px\" class=\"wp-caption aligncenter\"><a href=\"http:\/\/blogs.univ-jfc.fr\/campsdusudouest\/wp-content\/uploads\/sites\/48\/2016\/03\/Gurs-1.png\"><img aria-describedby=\"caption-attachment-2514\" loading=\"lazy\" class=\"size-medium wp-image-2514 \" title=\"Source\u00a0: Archives des Pyr\u00e9n\u00e9es-Atlantiques\" alt=\"Source\u00a0: Archives des Pyr\u00e9n\u00e9es-Atlantiques\" src=\"http:\/\/blogs.univ-jfc.fr\/campsdusudouest\/wp-content\/uploads\/sites\/48\/2016\/03\/Gurs-1-300x220.png\" width=\"300\" height=\"220\" srcset=\"https:\/\/blogs.univ-jfc.fr\/campsdusudouest\/wp-content\/uploads\/sites\/48\/2016\/03\/Gurs-1-300x220.png 300w, https:\/\/blogs.univ-jfc.fr\/campsdusudouest\/wp-content\/uploads\/sites\/48\/2016\/03\/Gurs-1-409x300.png 409w, https:\/\/blogs.univ-jfc.fr\/campsdusudouest\/wp-content\/uploads\/sites\/48\/2016\/03\/Gurs-1.png 619w\" sizes=\"(max-width: 300px) 100vw, 300px\" \/><\/a><p id=\"caption-attachment-2514\" class=\"wp-caption-text\">Centre d\u2019accueil des r\u00e9fugi\u00e9s espagnols\u00a0\u00bb de Gurs en construction par Ponts et Chauss\u00e9es, le 1er avril 1939.<\/p><\/div>\n<p style=\"text-align: justify\">Malgr\u00e9 une architecture inspir\u00e9e, l\u2019architecte et l\u2019urbanisme n\u2019ont pas leur place dans la mise en \u0153uvre des camps du sud-ouest. Sous les ordres du minist\u00e8re de l\u2019Int\u00e9rieur, les ing\u00e9nieurs des <a href=\"http:\/\/blogs.univ-jfc.fr\/campsdusudouest\/vivre-dans-les-camps\/larchitecture-des-camps\/page-x\/ponts-et-chausses\/\">Ponts et-Chauss\u00e9es<\/a> avaient la responsabilit\u00e9 de construire les camps inexistants ou de r\u00e9nover d\u2019anciens lieux pour y accueillir les intern\u00e9s. Puis, les pr\u00e9fets convoquent des entreprises priv\u00e9es qui construisent les camps d\u2019internement aid\u00e9es par les futurs pensionnaires de ces m\u00eames camps. La construction se fait donc par \u00e9tape et elle est le r\u00e9sultat d\u2019une demande venant du gouvernement fran\u00e7ais. Une structure et une organisation plus \u00e9labor\u00e9e se dessinent. Aucun architecte n\u2019\u00e9tait donc pr\u00e9sent lors de l\u2019\u00e9laboration d\u2019un camp. Ces ing\u00e9nieurs travaillaient dans l\u2019urgence, avec le contexte de guerre ils faisaient du fonctionnel, souvent en suivant un plan orthogonal.<\/p>\n<p style=\"text-align: justify\"><strong><span style=\"font-family: Times New Roman,serif\"><span style=\"font-size: medium\">Le financement et le budget<\/span><\/span><\/strong><\/p>\n<p style=\"text-align: justify\">Les budgets allou\u00e9s \u00e0 la construction des camps ainsi que les sources des financements sont diff\u00e9rents en fonction du r\u00e9gime qui les dirige. C&rsquo;est ainsi qu&rsquo;entre 1936 et 1940, les camps du sud-ouest de la France sont construits et g\u00e9r\u00e9s par les garnisons militaires pr\u00e9sentes dans les villes ou sont construites les camps. C&rsquo;est par exemple le cas d&rsquo;Agde, de Perpignan ou encore de Rivesaltes, o\u00f9 les baraquements sont venus s&rsquo;apposer aux baraquements d\u00e9j\u00e0 existants du 9\u00b0 R\u00e9giment d&rsquo;artillerie, ce qui montre \u00e0 la fois un r\u00e9el d\u00e9sir de rapidit\u00e9 dans la construction des camps, mais aussi un non-contr\u00f4le de l\u2019\u00c9tat dans la conception et le financement de ces camps.<\/p>\n<p style=\"text-align: justify\">Cette situation change d\u00e8s 1940, date \u00e0 laquelle l&rsquo;ensemble ces camps passe sous l&rsquo;autorit\u00e9 du Minist\u00e8re de l&rsquo;int\u00e9rieur. Ce dernier r\u00e9alise chaque ann\u00e9e des budgets-pr\u00e9visionnels qui sont \u00e9tudi\u00e9s et r\u00e9els qui sont appliqu\u00e9s lors de comit\u00e9s budg\u00e9taires de la Direction G\u00e9n\u00e9rale de la S\u00e9curit\u00e9 Nationale (maintenant : DGSN). Ces derniers allouent les fonds n\u00e9cessaires \u00e0 la construction de nouveaux camps, mais aussi ceux qui sont n\u00e9cessaires au fonctionnement du camp, tel que les salaires des gardes \u2013 d\u00e9sormais policiers-, ou encore les d\u00e9penses en nourriture et en transport de d\u00e9tenus. Des cr\u00e9dits sont aussi demand\u00e9s \u00e0 la Banque de France une fois les budgets valid\u00e9s, mais les d\u00e9penses en termes de construction et d\u2019am\u00e9nagement sont assur\u00e9es par les pr\u00e9fets qui sont ensuite rembours\u00e9s par l\u2019\u00c9tat.<\/p>\n<div id=\"attachment_2510\" style=\"width: 675px\" class=\"wp-caption alignright\"><a href=\"http:\/\/blogs.univ-jfc.fr\/campsdusudouest\/wp-content\/uploads\/sites\/48\/2016\/03\/tableau.png\"><img aria-describedby=\"caption-attachment-2510\" loading=\"lazy\" class=\" wp-image-2510\" title=\"Source : Denis Peschanski.  Les camps fran\u00e7ais d'internement (1938-1946)  Doctorat d'Etat. History.Universite Pnath\u00e9on-Sorbonne-Paris I, 2000 \" alt=\"Source : Denis Peschanski.  Les camps fran\u00e7ais d'internement (1938-1946)  Doctorat d'Etat. History.Universite Pnath\u00e9on-Sorbonne-Paris I, 2000 \" src=\"http:\/\/blogs.univ-jfc.fr\/campsdusudouest\/wp-content\/uploads\/sites\/48\/2016\/03\/tableau.png\" width=\"665\" height=\"317\" srcset=\"https:\/\/blogs.univ-jfc.fr\/campsdusudouest\/wp-content\/uploads\/sites\/48\/2016\/03\/tableau.png 665w, https:\/\/blogs.univ-jfc.fr\/campsdusudouest\/wp-content\/uploads\/sites\/48\/2016\/03\/tableau-300x143.png 300w, https:\/\/blogs.univ-jfc.fr\/campsdusudouest\/wp-content\/uploads\/sites\/48\/2016\/03\/tableau-500x238.png 500w\" sizes=\"(max-width: 665px) 100vw, 665px\" \/><\/a><p id=\"caption-attachment-2510\" class=\"wp-caption-text\">Tableau r\u00e9dig\u00e9 en 1942 pour le pr\u00e9visionnel 1943.<\/p><\/div>\n<p style=\"text-align: justify\">Les entreprises locales se situant \u00e0 proximit\u00e9 des camps fournissent les mat\u00e9riaux n\u00e9cessaires \u00e0 savoir pour la plupart du temps du bois blanc tr\u00e8s poreux recouvert de cartons bitum\u00e9s, baraques qui ne r\u00e9sistent donc pas aux intemp\u00e9ries et ainsi tr\u00e8s pr\u00e9caires, car elles sont inconfortables et \u00e9rig\u00e9es avec des mat\u00e9riaux de basses qualit\u00e9s de secours est clairement expliqu\u00e9 comment il fallait qu&rsquo;ils s&rsquo;y prennent pour faire des \u00e9conomies.<\/p>\n","protected":false},"excerpt":{"rendered":"<p>\u00a0L&rsquo;architecture des camps se met en place Des structures d\u2019encadrement sont r\u00e9alis\u00e9es petit \u00e0 petit. Tout d\u2019abord, les baraquements s\u2019organisent peu \u00e0 peu avec l\u2019installation de lavoirs, la cr\u00e9ation d\u2019infirmeries, de cuisines, de latrines couvertes et cloisonn\u00e9es. Les conditions d\u2019internement &hellip; <a href=\"https:\/\/blogs.univ-jfc.fr\/campsdusudouest\/vivre-dans-les-camps\/larchitecture-des-camps\/page-x\/\">Lire la suite <span class=\"meta-nav\">&rarr;<\/span><\/a><\/p>\n","protected":false},"author":164,"featured_media":0,"parent":70,"menu_order":2,"comment_status":"closed","ping_status":"open","template":"","meta":[],"_links":{"self":[{"href":"https:\/\/blogs.univ-jfc.fr\/campsdusudouest\/wp-json\/wp\/v2\/pages\/900"}],"collection":[{"href":"https:\/\/blogs.univ-jfc.fr\/campsdusudouest\/wp-json\/wp\/v2\/pages"}],"about":[{"href":"https:\/\/blogs.univ-jfc.fr\/campsdusudouest\/wp-json\/wp\/v2\/types\/page"}],"author":[{"embeddable":true,"href":"https:\/\/blogs.univ-jfc.fr\/campsdusudouest\/wp-json\/wp\/v2\/users\/164"}],"replies":[{"embeddable":true,"href":"https:\/\/blogs.univ-jfc.fr\/campsdusudouest\/wp-json\/wp\/v2\/comments?post=900"}],"version-history":[{"count":30,"href":"https:\/\/blogs.univ-jfc.fr\/campsdusudouest\/wp-json\/wp\/v2\/pages\/900\/revisions"}],"predecessor-version":[{"id":4394,"href":"https:\/\/blogs.univ-jfc.fr\/campsdusudouest\/wp-json\/wp\/v2\/pages\/900\/revisions\/4394"}],"up":[{"embeddable":true,"href":"https:\/\/blogs.univ-jfc.fr\/campsdusudouest\/wp-json\/wp\/v2\/pages\/70"}],"wp:attachment":[{"href":"https:\/\/blogs.univ-jfc.fr\/campsdusudouest\/wp-json\/wp\/v2\/media?parent=900"}],"curies":[{"name":"wp","href":"https:\/\/api.w.org\/{rel}","templated":true}]}}