{"id":909,"date":"2016-03-10T09:25:37","date_gmt":"2016-03-10T08:25:37","guid":{"rendered":"http:\/\/blogs.univ-jfc.fr\/campsdusudouest\/?page_id=909"},"modified":"2016-03-31T08:36:40","modified_gmt":"2016-03-31T07:36:40","slug":"rivesaltes-le-centre-denfermement","status":"publish","type":"page","link":"https:\/\/blogs.univ-jfc.fr\/campsdusudouest\/mongraphies-de-camps\/rivesaltes\/rivesaltes-le-centre-denfermement\/","title":{"rendered":"Rivesaltes : le centre d&rsquo;enfermement"},"content":{"rendered":"<p style=\"text-align: justify\"><span style=\"font-family: Arial,serif\"><span style=\"font-size: medium\"> Le camp Joffre de Rivesaltes a connu une troisi\u00e8me mission\u00a0: il a \u00e9t\u00e9 aussi un camp d&rsquo;enfermement. Tout d&rsquo;abord en septembre 1944, il a \u00e9t\u00e9 un Centre de S\u00e9jour Surveill\u00e9\u00a0, puis un d\u00e9p\u00f4t de prisonniers de guerre en 1944, ensuite un centre p\u00e9nitentiaire des membres du <a title=\"Lexique (Rivesalres)\" href=\"http:\/\/blogs.univ-jfc.fr\/campsdusudouest\/lexique-rivesalres\/\" target=\"_blank\">FLN<\/a> en 1962, et enfin un centre de r\u00e9tention de 1986 jusqu&rsquo;en 2007. <\/span><\/span><\/p>\n<p style=\"text-align: justify\"><span style=\"font-family: Arial,serif\"><span style=\"font-size: medium\"> Apr\u00e8s la Lib\u00e9ration, <\/span><span style=\"font-size: medium\">la France <\/span><span style=\"font-size: medium\">a <\/span><span style=\"font-size: medium\">adopt<\/span><span style=\"font-size: medium\">\u00e9<\/span><span style=\"font-size: medium\"> une politique qu&rsquo;on appelle \u00ab<\/span><span style=\"font-size: medium\">\u00a0\u00c9puration\u00a0<\/span><span style=\"font-size: medium\">\u00bb c&rsquo;est-\u00e0-dire une politique de r\u00e9pression et d&rsquo;enqu\u00eate<\/span><span style=\"font-size: medium\">s<\/span><span style=\"font-size: medium\"> contre les personnes ayant collabor\u00e9es avec les autorit\u00e9s nazies. Au final, <\/span><span style=\"font-size: medium\">c&rsquo;est<\/span><span style=\"font-size: medium\"> plus de 350\u00a0000 enqu\u00eates <\/span><span style=\"font-size: medium\">qui <\/span><span style=\"font-size: medium\">sont men\u00e9es <\/span><span style=\"font-size: medium\">et<\/span><span style=\"font-size: medium\"> 1\u00a0600 personnes sont condamn\u00e9es \u00e0 mort, 44\u00a0000 personnes sont condamn\u00e9es \u00e0 une peine de prison et 50\u00a0000 personnes sont condamn\u00e9es \u00e0 la d\u00e9gradation nationale (ordonnance du 26 septembre 1944 qui <\/span><span style=\"font-size: medium\">a <\/span><span style=\"font-size: medium\">cr\u00e9\u00e9e de nouveaux crimes dont celui de <\/span><span style=\"font-size: medium\">l&rsquo;indignit\u00e9 nationale<\/span><span style=\"font-size: medium\">). <\/span><\/span><\/p>\n<p style=\"text-align: justify\"><span style=\"font-family: Arial,serif\"><span style=\"font-size: medium\">C&rsquo;est ainsi dans ce contexte que le 12 septembre 1944, le CSS (Centre de S\u00e9jour Surveill\u00e9) a ouvert ses portes pour une dur\u00e9e de quinze mois seulement sur l&rsquo;\u00eelot Q. Ainsi, <\/span><span style=\"font-size: medium\">deux populations <\/span><span style=\"font-size: medium\">ont<\/span><span style=\"font-size: medium\"> cohabi<\/span><span style=\"font-size: medium\">t\u00e9<\/span><span style=\"font-size: medium\"> dans le <\/span><span style=\"font-size: medium\">centre<\/span><span style=\"font-size: medium\">\u00a0: les personnes arr\u00eat\u00e9es par les r\u00e9sistants <\/span><span style=\"font-size: medium\">ou le nou<\/span><span style=\"font-size: medium\">veau<\/span><span style=\"font-size: medium\"> gouvernement,<\/span><span style=\"font-size: medium\"> et les <\/span><span style=\"font-size: medium\">A<\/span><span style=\"font-size: medium\">llemands <\/span><span style=\"font-size: medium\">nazis<\/span><span style=\"font-size: medium\">. <\/span><span style=\"font-size: medium\">Dans le centre, on a pu y<\/span><span style=\"font-size: medium\"> trouve<\/span><span style=\"font-size: medium\">r<\/span><span style=\"font-size: medium\"> des membres de la Milice, du Parti populaire fran\u00e7ais, des membres de la L\u00e9gion, des volontaires fran\u00e7ais et des collaborateurs. Il y a <\/span><span style=\"font-size: medium\">eu <\/span><span style=\"font-size: medium\">aussi 400 Russes qui y <\/span><span style=\"font-size: medium\">ont<\/span><span style=\"font-size: medium\"> s\u00e9journ<\/span><span style=\"font-size: medium\">\u00e9<\/span><span style=\"font-size: medium\"> \u00e0 la fin 1945 mais aussi un groupe d&rsquo;<\/span><span style=\"font-size: medium\">E<\/span><span style=\"font-size: medium\">spagnols fascistes et des <\/span><span style=\"font-size: medium\">R<\/span><span style=\"font-size: medium\">\u00e9publicains sans papier<\/span><span style=\"font-size: medium\">s.<\/span><\/span><\/p>\n<p style=\"text-align: justify\"><span style=\"font-family: Arial,serif\"><span style=\"font-size: medium\"> Dans le centre, i<\/span><span style=\"font-size: medium\">l y a<\/span><span style=\"font-size: medium\">vait<\/span><span style=\"font-size: medium\"> de nombreux probl\u00e8mes entre les gardiens et les intern\u00e9s. <\/span><span style=\"font-size: medium\">O<\/span><span style=\"font-size: medium\">n y vo<\/span><span style=\"font-size: medium\">yait<\/span><span style=\"font-size: medium\"> l\u2019apparition du march\u00e9 noir et surtout de nombreux abus sexuels sur les femmes intern\u00e9es <\/span><span style=\"font-size: medium\">au d\u00e9but de l&rsquo;ouverture du camp<\/span><span style=\"font-size: medium\">. <\/span><span style=\"font-size: medium\">La mauvaise surveillance des soldats, et le mauvais \u00e9tat du b\u00e2timent<\/span><span style=\"font-size: medium\"> causa 51 \u00e9vasions entre d\u00e9cembre 1944 et ao\u00fbt 1945. En 1945, il y a<\/span><span style=\"font-size: medium\">vait<\/span><span style=\"font-size: medium\"> 381 Fran\u00e7ais, 87 Fran\u00e7aises et 44 \u00e9trangers soit 512 personnes <\/span><span style=\"font-size: medium\">e<\/span><span style=\"font-size: medium\">t au<\/span><span style=\"font-size: medium\"> final <\/span><span style=\"font-size: medium\">et <\/span><span style=\"font-size: medium\">environ 3\u00a0000 personnes o<\/span><span style=\"font-size: medium\">nt \u00e9t\u00e9 intern\u00e9es <\/span><span style=\"font-size: medium\">dans <\/span><span style=\"font-size: medium\">l<\/span><span style=\"font-size: medium\">e centre. <\/span><\/span><\/p>\n<p style=\"text-align: justify\"><span style=\"font-family: Arial,serif\"><span style=\"font-size: medium\"> Finalement, en 1945, la politique d&rsquo;\u00e9puration prend progressivement fin <\/span><span style=\"font-size: medium\">et<\/span><span style=\"font-size: medium\"> l\u2019\u00c9tat <\/span><span style=\"font-size: medium\">fran\u00e7ais<\/span><span style=\"font-size: medium\"> d\u00e9cid<\/span><span style=\"font-size: medium\">a<\/span><span style=\"font-size: medium\"> de fermer tout les Centres de S\u00e9jours Surveill\u00e9<\/span><span style=\"font-size: medium\">. Ainsi,<\/span><span style=\"font-size: medium\"> celui <\/span><span style=\"font-size: medium\">Rivesaltes a <\/span><span style=\"font-size: medium\">ferm\u00e9 le 25 d\u00e9cembre 1945 <\/span><span style=\"font-size: medium\">et les<\/span><span style=\"font-size: medium\"> derniers d\u00e9tenus ont <\/span><span style=\"font-size: medium\">\u00e9t\u00e9<\/span><span style=\"font-size: medium\"> transf\u00e9r\u00e9s dans <\/span><span style=\"font-size: medium\">le <a title=\"No\u00e9\" href=\"http:\/\/blogs.univ-jfc.fr\/campsdusudouest\/mongraphies-de-camps\/noe\/\" target=\"_blank\">camp de No\u00e9<\/a>.<\/span><\/span><\/p>\n<p style=\"text-align: justify\"><span style=\"font-family: Arial,serif\"><span style=\"font-size: medium\"> A<\/span><span style=\"font-size: medium\">pr\u00e8s la Lib\u00e9ration<\/span><span style=\"font-size: medium\">, <\/span><span style=\"font-size: medium\">le nombre de prisonniers de guerre augmente consid\u00e9rablement et, en avril 1945, Rivesaltes devient un d\u00e9p\u00f4t <\/span><span style=\"font-size: medium\">de prisonniers de guerre<\/span><span style=\"font-size: medium\"> afin de recevoir les combattants captur\u00e9s par l&rsquo;arm\u00e9e fran\u00e7aise ainsi que les Alli\u00e9s. <\/span><\/span><\/p>\n<p style=\"text-align: justify\"><span style=\"font-family: Arial,serif\"><span style=\"font-size: medium\"> Ai<\/span><span style=\"font-size: medium\">nsi<\/span><span style=\"font-size: medium\">, <\/span><span style=\"font-size: medium\">le D\u00e9p\u00f4t de Prisonniers de Guerre n\u00b0162 a \u00e9t\u00e9 dirig\u00e9 par les autorit\u00e9s militaires et a \u00e9t\u00e9 construit parall\u00e8lement au <\/span><span style=\"font-size: medium\">CSS de Rivesaltes<\/span><span style=\"font-size: medium\">. <\/span><span style=\"font-size: medium\">Les premiers prisonniers allemands <\/span><span style=\"font-size: medium\">sont arriv\u00e9s<\/span><span style=\"font-size: medium\"> en ao\u00fbt 194<\/span><span style=\"font-size: medium\">4<\/span><span style=\"font-size: medium\"> sous la surveillance des FFI (<\/span><span style=\"font-size: medium\">Forces Fran\u00e7aises de l&rsquo;Int\u00e9rieur<\/span><span style=\"font-size: medium\">) locaux. Parmi les prisonniers il y a<\/span><span style=\"font-size: medium\">vait<\/span><span style=\"font-size: medium\"> aussi des Autrichiens, des Hongrois et des Italiens <\/span><span style=\"font-size: medium\">et on y comptait <\/span><span style=\"font-size: medium\">au total environ<\/span><span style=\"font-size: medium\"> 10\u00a0000 d\u00e9tenus en octobre 1944, <\/span><span style=\"font-size: medium\">et <\/span><span style=\"font-size: medium\">entre 6\u00a0000 et 7\u00a0000 en mai 1945. <\/span><span style=\"font-size: medium\">Le principal probl\u00e8me \u00e9tait<\/span><span style=\"font-size: medium\"> qu&rsquo;ils <\/span><span style=\"font-size: medium\">avaient<\/span><span style=\"font-size: medium\"> tous des opinions politiques totalement diff\u00e9rents, <\/span><span style=\"font-size: medium\">se qui p<\/span><span style=\"font-size: medium\">ouvai<\/span><span style=\"font-size: medium\">t provoquer une cohabitation difficile. <\/span><\/span><\/p>\n<p style=\"text-align: justify\"><span style=\"font-family: Arial,serif\"><span style=\"font-size: medium\"> Les traitements <\/span><span style=\"font-size: medium\">ont \u00e9t\u00e9<\/span><span style=\"font-size: medium\"> diff\u00e9rents selon les d\u00e9tenus. <\/span><span style=\"font-size: medium\">E<\/span><span style=\"font-size: medium\">n effet, les Allemands re<\/span><span style=\"font-size: medium\">cevaient<\/span><span style=\"font-size: medium\"> un traitement beaucoup moins cordia<\/span><span style=\"font-size: medium\">l<\/span><span style=\"font-size: medium\"> par rapport aux<\/span><span style=\"font-size: medium\"> Italiens. Tr\u00e8s vite, les prisonniers <\/span><span style=\"font-size: medium\">ont \u00e9t\u00e9 condamn\u00e9s \u00e0 reconstruire les lieux de la r\u00e9gion d\u00e9truits par le passage des Allemands. <\/span><span style=\"font-size: medium\">E<\/span><span style=\"font-size: medium\">n 1946, on a pu recens\u00e9 1\u00a0814 prisonniers de guerres allemands travaillant dans des <\/span><em><span style=\"font-size: medium\">Kommandos<\/span><\/em><span style=\"font-size: medium\"> qui <\/span><span style=\"font-size: medium\">a \u00e9t\u00e9<\/span><span style=\"font-size: medium\"> sujet \u00e0 de nombreuses protestations de la part de la population roussillonnaise <\/span><span style=\"font-size: medium\">car les prisonniers n&rsquo;\u00e9taient donc pas enferm\u00e9s<\/span><span style=\"font-size: medium\">. <\/span><span style=\"font-size: medium\">Rapidement<\/span><span style=\"font-size: medium\">, <\/span><span style=\"font-size: medium\">les conditions de vie se <\/span><span style=\"font-size: medium\">sont<\/span><span style=\"font-size: medium\"> d\u00e9grad<\/span><span style=\"font-size: medium\">\u00e9es <\/span><span style=\"font-size: medium\">dues<\/span><span style=\"font-size: medium\"> \u00e0 l&rsquo;arriv\u00e9e importante de prisonniers <\/span><span style=\"font-size: medium\">et l<\/span><span style=\"font-size: medium\">e Secours Populaire <\/span><span style=\"font-size: medium\">a donc <\/span><span style=\"font-size: medium\">fait \u00e9tat du manque d&rsquo;eau, <\/span><span style=\"font-size: medium\">de la raret\u00e9 de la nourriture<\/span><span style=\"font-size: medium\"> et la <\/span><span style=\"font-size: medium\">dysenteri<\/span><span style=\"font-size: medium\">e<\/span><span style=\"font-size: medium\">a<\/span><span style=\"font-size: medium\"> fait grimper le taux de mortalit\u00e9 <\/span><span style=\"font-size: medium\">se qui a provoqu\u00e9 le d\u00e9c\u00e8s de 465 prisonniers en huit mois. Cependant, en<\/span><span style=\"font-size: medium\"> 1946 les conditions de vie s<\/span><span style=\"font-size: medium\">e sont <\/span><span style=\"font-size: medium\">am\u00e9lior<\/span><span style=\"font-size: medium\">\u00e9es<\/span><span style=\"font-size: medium\"> gr\u00e2ce aux premi\u00e8res lib\u00e9rations\u00a0: d&rsquo;abord les Italiens, puis les Autrichiens et enfin les Allemands. <\/span><span style=\"font-size: medium\">E<\/span><span style=\"font-size: medium\">n f\u00e9vrier 1947, <\/span><span style=\"font-size: medium\">on a recens\u00e9 <\/span><span style=\"font-size: medium\">3\u00a0368 Allemands travaill<\/span><span style=\"font-size: medium\">a<\/span><span style=\"font-size: medium\">nt \u00e0 l&rsquo;ext\u00e9rieur du camp alors que 500 malades ou punis rest<\/span><span style=\"font-size: medium\">\u00e8rent<\/span><span style=\"font-size: medium\"> dans le camp. De plus<\/span><span style=\"font-size: medium\">, l<\/span><span style=\"font-size: medium\">e \u00ab\u00a0camp de prisonniers allemands de Rivesaltes\u00a0\u00bb permet aux entreprises locales d&rsquo;avoir beaucoup de main <\/span><span style=\"font-size: medium\">d\u2019\u0153uvre \u00e0 un prix peu co\u00fbteux<\/span><span style=\"font-size: medium\">. <\/span><\/span><\/p>\n<p style=\"text-align: justify\"><span style=\"font-family: Arial,serif\"><span style=\"font-size: medium\"> Finalement, le DPG n\u00b0162 a ferm\u00e9 ses portes le 1<\/span><sup><span style=\"font-size: medium\">er<\/span><\/sup><span style=\"font-size: medium\"> mai 1948 et les d\u00e9tenus <\/span><span style=\"font-size: medium\">sont <\/span><span style=\"font-size: medium\">repart<\/span><span style=\"font-size: medium\">is<\/span><span style=\"font-size: medium\"> vers leur<\/span><span style=\"font-size: medium\">s<\/span><span style=\"font-size: medium\"> pays d&rsquo;origine, ou s<\/span><span style=\"font-size: medium\">e sont <\/span><span style=\"font-size: medium\">install<\/span><span style=\"font-size: medium\">\u00e9s<\/span><span style=\"font-size: medium\"> dans la r\u00e9gion. Le camp Joffre a retrouv\u00e9 alors sa fonction initiale\u00a0: il est redevenu un camp militaire.<\/span><\/span><\/p>\n<p style=\"text-align: justify\"><span style=\"font-family: Arial,serif\">Pendant la Guerre d&rsquo;Alg\u00e9rie, le gouvernement a fait prisonnier des militants ou des sympathisants du <a title=\"Lexique (Rivesaltes)\" href=\"http:\/\/blogs.univ-jfc.fr\/campsdusudouest\/lexique-rivesalres\/\" target=\"_blank\">FLN<\/a> (Front de Lib\u00e9ration Nationale) dans des camps comme celui du Larzac, Valeday ou bien Saint-Maurice-l&rsquo;Ardoise. Le fort accroissement de ces prisonniers conduit le gouvernement \u00e0 augmenter les lieux d&rsquo;incarc\u00e9ration. Ainsi, le 12 f\u00e9vrier 1962, les premiers d\u00e9tenus sont arriv\u00e9s au camp de Rivesaltes au nombre de 487. Au sein du camp, la cohabitation avec les Fran\u00e7ais musulmans est difficile. Pour pallier les diff\u00e9rentes agressions, une enceinte de barbel\u00e9s fut dress\u00e9e s\u00e9parant ainsi les deux zones d&rsquo;habitation. D\u00e8s la signature des accords d&rsquo;Evian, le 18 mars 1962, les 734 membres du <a title=\"Lexique (Rivesalres)\" href=\"http:\/\/blogs.univ-jfc.fr\/campsdusudouest\/lexique-rivesalres\/\" target=\"_blank\">FLN<\/a> sont lib\u00e9r\u00e9s. Cependant, 219 sont renvoy\u00e9s en Alg\u00e9rie. A la fin de cette lib\u00e9ration le camp est r\u00e9investi par l&rsquo;arm\u00e9e. <\/span><\/p>\n<p style=\"text-align: justify\"><span style=\"font-family: Arial,serif\"> Au vue des nouvelles politiques des ann\u00e9es 1980 visant \u00e0 limiter l&rsquo;immigration, le camp de Rivesaltes est r\u00e9quisitionn\u00e9 pour servir de centre de r\u00e9tention en 1986. Son r\u00f4le \u00e9tait d\u00e9terminant car il s&rsquo;agissait d&rsquo;un moyen pour renvoyer les \u00e9trangers dans leur pays. Les d\u00e9tenus \u00e9taient log\u00e9s dans des chambres de 9m\u00b2 avec un simple lit et matelas. L&rsquo;acc\u00e8s aux sanitaires \u00e9tait restreint \u00e0 des heures fixes. La CIMADE est intervenue en jouant le r\u00f4le de \u00ab\u00a0tampon entre les gens menott\u00e9s qui ne font, le plus souvent, que traverser la France et des policiers \u00ab\u00a0qui font du chiffre\u00a0\u00bb\u00a0\u00bb.<br \/>\n<\/span><\/p>\n<p style=\"text-align: justify\"><span style=\"font-family: Arial,serif\"> En d\u00e9cembre 2007, le centre de d\u00e9tention a \u00e9t\u00e9 d\u00e9localis\u00e9 \u00e0 c\u00f4t\u00e9 de l&rsquo;a\u00e9roport de Perpignan dans l&rsquo;optique de faciliter les d\u00e9parts vers Paris ou l&rsquo;\u00e9tranger. Ce transfert marqua l&rsquo;arr\u00eat d\u00e9finitif des activit\u00e9s du camp de Rivesaltes.<\/span><\/p>\n<p align=\"justify\"><span style=\"font-family: Arial,serif\"> Au final, le camp de Rivesaltes a \u00e9t\u00e9 bel et bien multi-fonctionnel tout au long de ses sept d\u00e9cennies d&rsquo;existence. En effet, tout d&rsquo;abord ouvert dans un but de politique fran\u00e7aise coloniale, le camp de Rivesaltes s&rsquo;est vite transform\u00e9 en outil politique de type concentrationnaire sous Vichy mais aussi en rapport direct avec le contexte europ\u00e9en\u00a0: Le IIIe Reich. Le camp a aussi favoris\u00e9 une politique fran\u00e7aise de d\u00e9colonisation. <\/span><\/p>\n<p align=\"justify\"><span style=\"font-family: Arial,serif\"> On peut retenir \u00e9galement tout un travail et un devoir de m\u00e9moire autour du camp de Rivesaltes avec la mise en place de <a title=\"Etudes de cas : le devoir de m\u00e9moire \u00e0 travers les exemples des camps de Rivesaltes et de Brens\" href=\"http:\/\/blogs.univ-jfc.fr\/campsdusudouest\/1945-et-apres\/devoir-de-memoire\/etudes-de-cas-le-devoir-de-memoire-a-travers-les-exemples-des-camps-de-rivesaltes-et-de-brens\/\" target=\"_blank\">nombreuses st\u00e8les comm\u00e9moratives et d&rsquo;un m\u00e9morial<\/a>. Ce devoir de m\u00e9moire est tr\u00e8s important et comme le dit Christian Bourquin (Pr\u00e9sident de la r\u00e9gion Languedoc-Roussillon (2010-2014), et S\u00e9nateur des Pyr\u00e9n\u00e9es-Orientales (2011-2014))\u00a0: \u00ab\u00a0<i>Un peuple est fort lorsqu&rsquo;il ose regarder sa pire histoire. \u00c7a n&rsquo;arrive pas qu&rsquo;\u00e0 l&rsquo;autre bout du monde, c&rsquo;est arriv\u00e9 ici. Que ce travail de m\u00e9moire serve \u00e0 notre jeunesse, \u00e0 tous, \u00e0 l\u2019humanit\u00e9\u00a0\u00bb.<\/i><\/span><\/p>\n<p align=\"justify\"><a title=\"Bibliographie G\u00e9n\u00e9rale\" href=\"http:\/\/blogs.univ-jfc.fr\/campsdusudouest\/bibliographie-generale\/\" target=\"_blank\">Pour aller plus loin&#8230;<\/a><\/p>\n","protected":false},"excerpt":{"rendered":"<p>Le camp Joffre de Rivesaltes a connu une troisi\u00e8me mission\u00a0: il a \u00e9t\u00e9 aussi un camp d&rsquo;enfermement. Tout d&rsquo;abord en septembre 1944, il a \u00e9t\u00e9 un Centre de S\u00e9jour Surveill\u00e9\u00a0, puis un d\u00e9p\u00f4t de prisonniers de guerre en 1944, ensuite &hellip; <a href=\"https:\/\/blogs.univ-jfc.fr\/campsdusudouest\/mongraphies-de-camps\/rivesaltes\/rivesaltes-le-centre-denfermement\/\">Lire la suite <span class=\"meta-nav\">&rarr;<\/span><\/a><\/p>\n","protected":false},"author":128,"featured_media":0,"parent":94,"menu_order":2,"comment_status":"closed","ping_status":"open","template":"","meta":[],"_links":{"self":[{"href":"https:\/\/blogs.univ-jfc.fr\/campsdusudouest\/wp-json\/wp\/v2\/pages\/909"}],"collection":[{"href":"https:\/\/blogs.univ-jfc.fr\/campsdusudouest\/wp-json\/wp\/v2\/pages"}],"about":[{"href":"https:\/\/blogs.univ-jfc.fr\/campsdusudouest\/wp-json\/wp\/v2\/types\/page"}],"author":[{"embeddable":true,"href":"https:\/\/blogs.univ-jfc.fr\/campsdusudouest\/wp-json\/wp\/v2\/users\/128"}],"replies":[{"embeddable":true,"href":"https:\/\/blogs.univ-jfc.fr\/campsdusudouest\/wp-json\/wp\/v2\/comments?post=909"}],"version-history":[{"count":14,"href":"https:\/\/blogs.univ-jfc.fr\/campsdusudouest\/wp-json\/wp\/v2\/pages\/909\/revisions"}],"predecessor-version":[{"id":4052,"href":"https:\/\/blogs.univ-jfc.fr\/campsdusudouest\/wp-json\/wp\/v2\/pages\/909\/revisions\/4052"}],"up":[{"embeddable":true,"href":"https:\/\/blogs.univ-jfc.fr\/campsdusudouest\/wp-json\/wp\/v2\/pages\/94"}],"wp:attachment":[{"href":"https:\/\/blogs.univ-jfc.fr\/campsdusudouest\/wp-json\/wp\/v2\/media?parent=909"}],"curies":[{"name":"wp","href":"https:\/\/api.w.org\/{rel}","templated":true}]}}