{"id":92,"date":"2016-01-30T08:33:01","date_gmt":"2016-01-30T07:33:01","guid":{"rendered":"http:\/\/blogs.univ-jfc.fr\/campsdusudouest\/?page_id=92"},"modified":"2016-04-13T18:04:46","modified_gmt":"2016-04-13T17:04:46","slug":"brens","status":"publish","type":"page","link":"https:\/\/blogs.univ-jfc.fr\/campsdusudouest\/mongraphies-de-camps\/brens\/","title":{"rendered":"Brens"},"content":{"rendered":"<p style=\"text-align: justify\">De <a title=\"La gen\u00e8se du camp de Brens\" href=\"http:\/\/blogs.univ-jfc.fr\/campsdusudouest\/la-genese-du-camp-de-brens\/\">sa cr\u00e9ation jusqu&rsquo;\u00e0 sa fermeture<\/a> provisoire, le camp de Brens change de fonction r\u00e9guli\u00e8rement, accueillant, au m\u00eame titre que d&rsquo;autres camps en France, des r\u00e9fugi\u00e9s \u00e9trangers. N\u00e9anmoins, les limites et la fonction du camp ne sont pas clairement \u00e9tablies par les autorit\u00e9s, la sp\u00e9cificit\u00e9 du camp de Brens au m\u00eame titre que d&rsquo;autres camps n&rsquo;est pas clairement d\u00e9finie.<br \/>\nC&rsquo;est l&rsquo;identit\u00e9 m\u00eame du camp de Brens qui va se cr\u00e9er pendant cette p\u00e9riode o\u00f9 une organisation s&rsquo;\u00e9tablit, les nouveaux am\u00e9nagements du camp pr\u00e9cisent le statut de camp d&rsquo;internement administratif et une hi\u00e9rarchisation plus pr\u00e9cise est mise en place. Les camps d&rsquo;internement enferment alors des personnes selon des crit\u00e8res sociaux sp\u00e9cifiques\u00a0; c&rsquo;est le d\u00e9but du camp de Brens en tant que camp de femmes.<\/p>\n<p style=\"text-align: justify\" align=\"justify\">Apr\u00e8s la fermeture du camp de femmes de Rieucros en 1942, le camp de Brens ouvre ses portes la m\u00eame ann\u00e9e et devient l&rsquo;<a href=\"http:\/\/blogs.univ-jfc.fr\/campsdusudouest\/mongraphies-de-camps\/brens\/le-renouveau-du-camp-de-brens-un-camp-de-femmes\/\">unique camp de femmes<\/a> de toute la zone libre. Ces femmes, isol\u00e9es de la soci\u00e9t\u00e9 mais vivant en collectivit\u00e9, mirent en place une organisation au sein du camp. Si ces femmes \u00e9taient enferm\u00e9es dans l&rsquo;enceinte du camp, l&rsquo;administration charg\u00e9e de les surveiller r\u00e9sidait aussi au sein de celui-ci.<br \/>\nSuite \u00e0 une vie commune de 1942 \u00e0 1944, le camp se dissout et les femmes furent rapatri\u00e9es dans un autre camp, celui de Gurs. Les derniers instants de ce camp marquent la fin de l&rsquo;unique camp de femmes de la zone libre.<\/p>\n<p style=\"text-align: justify\">La fin du camp de femmes ne signifie pas la fin du camp de Brens en tant que camp d&rsquo;internement. \u00c0 la lib\u00e9ration, le camp rev\u00eat diff\u00e9rents visages, l&rsquo;utilit\u00e9 varie de camp d&rsquo;accueil au camp d&rsquo;internement jusqu&rsquo;\u00e0 sa fermeture d\u00e9finitive en 1946. La difficult\u00e9 se pose alors de conserver<a href=\"http:\/\/blogs.univ-jfc.fr\/campsdusudouest\/mongraphies-de-camps\/brens\/le-camp-de-brens-apres-le-camp-de-femmes\/\"> le lieu et la m\u00e9moire<\/a> de celui-ci. Peu de traces subsistent et il se pose tr\u00e8s vite la question de la valorisation de la m\u00e9moire du camp de Brens. Comment la m\u00e9moire est donc valoris\u00e9e au camp de Brens\u00a0? Quels sont les moyens utilis\u00e9s pour faire vivre la connaissance de ce lieu \u00e0 diff\u00e9rentes \u00e9chelles\u00a0?<br \/>\nCe sont ces questions qui nous am\u00e8nent \u00e0 nous questionner sur l&rsquo;identit\u00e9 m\u00eame du camp au sein de l&rsquo;imaginaire collectif.<\/p>\n","protected":false},"excerpt":{"rendered":"<p>De sa cr\u00e9ation jusqu&rsquo;\u00e0 sa fermeture provisoire, le camp de Brens change de fonction r\u00e9guli\u00e8rement, accueillant, au m\u00eame titre que d&rsquo;autres camps en France, des r\u00e9fugi\u00e9s \u00e9trangers. N\u00e9anmoins, les limites et la fonction du camp ne sont pas clairement \u00e9tablies &hellip; <a href=\"https:\/\/blogs.univ-jfc.fr\/campsdusudouest\/mongraphies-de-camps\/brens\/\">Lire la suite <span class=\"meta-nav\">&rarr;<\/span><\/a><\/p>\n","protected":false},"author":15,"featured_media":0,"parent":89,"menu_order":0,"comment_status":"closed","ping_status":"open","template":"","meta":[],"_links":{"self":[{"href":"https:\/\/blogs.univ-jfc.fr\/campsdusudouest\/wp-json\/wp\/v2\/pages\/92"}],"collection":[{"href":"https:\/\/blogs.univ-jfc.fr\/campsdusudouest\/wp-json\/wp\/v2\/pages"}],"about":[{"href":"https:\/\/blogs.univ-jfc.fr\/campsdusudouest\/wp-json\/wp\/v2\/types\/page"}],"author":[{"embeddable":true,"href":"https:\/\/blogs.univ-jfc.fr\/campsdusudouest\/wp-json\/wp\/v2\/users\/15"}],"replies":[{"embeddable":true,"href":"https:\/\/blogs.univ-jfc.fr\/campsdusudouest\/wp-json\/wp\/v2\/comments?post=92"}],"version-history":[{"count":15,"href":"https:\/\/blogs.univ-jfc.fr\/campsdusudouest\/wp-json\/wp\/v2\/pages\/92\/revisions"}],"predecessor-version":[{"id":4534,"href":"https:\/\/blogs.univ-jfc.fr\/campsdusudouest\/wp-json\/wp\/v2\/pages\/92\/revisions\/4534"}],"up":[{"embeddable":true,"href":"https:\/\/blogs.univ-jfc.fr\/campsdusudouest\/wp-json\/wp\/v2\/pages\/89"}],"wp:attachment":[{"href":"https:\/\/blogs.univ-jfc.fr\/campsdusudouest\/wp-json\/wp\/v2\/media?parent=92"}],"curies":[{"name":"wp","href":"https:\/\/api.w.org\/{rel}","templated":true}]}}