{"id":934,"date":"2016-03-10T09:31:31","date_gmt":"2016-03-10T08:31:31","guid":{"rendered":"http:\/\/blogs.univ-jfc.fr\/campsdusudouest\/?page_id=934"},"modified":"2016-03-31T09:19:53","modified_gmt":"2016-03-31T08:19:53","slug":"entre-nationalisme-et-xenophobie-definir-les-mentalites-francaises-du-regime-de-vichy","status":"publish","type":"page","link":"https:\/\/blogs.univ-jfc.fr\/campsdusudouest\/la-france-de-lentre-deux-guerres-et-de-vichy\/nationalisme-xenophobie-et-antisemitisme\/entre-nationalisme-et-xenophobie-definir-les-mentalites-francaises-du-regime-de-vichy\/","title":{"rendered":"Entre nationalisme et x\u00e9nophobie, d\u00e9finir les mentalit\u00e9s fran\u00e7aises du r\u00e9gime de Vichy"},"content":{"rendered":"<p><span style=\"color: #000000;font-size: medium\">\u00a0<\/span><\/p>\n<p><a title=\"Nationalisme, x\u00e9nophobie et antis\u00e9mitisme\" href=\"http:\/\/blogs.univ-jfc.fr\/campsdusudouest\/la-france-de-lentre-deux-guerres-et-de-vichy\/nationalisme-xenophobie-et-antisemitisme\/\" target=\"_blank\">Page pr\u00e9c\u00e9dente&#8230;<\/a><\/p>\n<p><em>La culture et les sciences, des vecteurs du nationalisme et de la x\u00e9nophobie<\/em><\/p>\n<p style=\"text-align: justify\">Le nationalisme et la x\u00e9nophobie sont d&rsquo;anciennes notions qui se d\u00e9veloppent fortement avec la mise en place du r\u00e9gime de Vichy en 1940. Les sciences et la culture vont \u00eatre utilis\u00e9es pour d\u00e9velopper ces concepts. Il y a diff\u00e9rents moyens de propager la x\u00e9nophobie et notamment l\u2019antis\u00e9mitisme\u00a0: par exemple, des expositions sont mises en<a href=\"http:\/\/blogs.univ-jfc.fr\/campsdusudouest\/wp-content\/uploads\/sites\/48\/2016\/01\/12311342_895158967268042_993089310_o.jpg\" target=\"_blank\"><img loading=\"lazy\" class=\"size-medium wp-image-1224 alignright\" title=\"La propagande antis\u00e9mite en France sous l'Occupation 1940-1944 - L'exposition antijuive &quot;Le Juif et la France&quot; 1941 (Source : archives d\u00e9partementales du Cher)\" alt=\"\" src=\"http:\/\/blogs.univ-jfc.fr\/campsdusudouest\/wp-content\/uploads\/sites\/48\/2016\/01\/12311342_895158967268042_993089310_o-300x228.jpg\" width=\"300\" height=\"228\" srcset=\"https:\/\/blogs.univ-jfc.fr\/campsdusudouest\/wp-content\/uploads\/sites\/48\/2016\/01\/12311342_895158967268042_993089310_o-300x228.jpg 300w, https:\/\/blogs.univ-jfc.fr\/campsdusudouest\/wp-content\/uploads\/sites\/48\/2016\/01\/12311342_895158967268042_993089310_o-1024x781.jpg 1024w, https:\/\/blogs.univ-jfc.fr\/campsdusudouest\/wp-content\/uploads\/sites\/48\/2016\/01\/12311342_895158967268042_993089310_o-393x300.jpg 393w, https:\/\/blogs.univ-jfc.fr\/campsdusudouest\/wp-content\/uploads\/sites\/48\/2016\/01\/12311342_895158967268042_993089310_o.jpg 1311w\" sizes=\"(max-width: 300px) 100vw, 300px\" \/><\/a> place. L&rsquo;exposition \u00ab\u00a0Le Juif et la France\u00a0\u00bb au Palais Berlitz est inaugur\u00e9e le 5 septembre 1941 et se cl\u00f4t le 11 janvier 1942. Des conf\u00e9rences y sont tenues, des films sont projet\u00e9s, on voit principalement des productions allemandes, telles que\u00a0: Le p\u00e9ril Juif, Les corrupteurs ou encore Le Juif \u00e9ternel de Fritz Hippler, des documentaires sur les actions et l&rsquo;influence h\u00e9bra\u00efque dans le monde. Des catalogues sont distribu\u00e9s (1)\u00a0pour d\u00e9velopper le message de l&rsquo;exposition en expliquant que les Juifs n&rsquo;ont jamais pu et ne pourrons jamais s&rsquo;assimiler aux autres peuples, que la bassesse est une vertu des enfants d&rsquo;Isra\u00ebl et qu&rsquo;il s&rsquo;agit d&rsquo;une communaut\u00e9 bas\u00e9e sur le mensonge, la s\u00e9duction et qui dirige le monde, notamment par les loges ma\u00e7onniques.<\/p>\n<p style=\"text-align: justify\">Dans le m\u00eame temps, la propagande pour la jeunesse se d\u00e9veloppe\u00a0; le fabricant de jouet Whito int\u00e8gre la r\u00e9volution nationale en transformant le jeu de l&rsquo;oie en jeux des \u00ab\u00a0obstacles de la vie\u00a0\u00bb (2)\u00a0en int\u00e9grant les valeurs pr\u00f4n\u00e9es par le r\u00e9gime de Vichy. On voit \u00e9galement se d\u00e9velopper la production de d\u00e9pliants comme celui de <a title=\"Extrait du fasicule de propagande antis\u00e9mite pour enfant : Youpino\" href=\"http:\/\/paril.crdp.ac-caen.fr\/_PRODUCTIONS\/memorial\/enfants_shoah\/co\/humilier_propagande.html\" target=\"_blank\">Youpino<\/a> qui ont pour but d&rsquo;expliquer aux enfants fran\u00e7ais ce qu&rsquo;est un Juif et quelle menace il repr\u00e9senterait pour le pays.<\/p>\n<p style=\"text-align: justify\">La politique culturelle n&rsquo;est pas la seule justification du nationalisme et de la x\u00e9nophobie\u00a0: les \u00e9trangers ne partagent pas la m\u00eame culture, certes, mais les sciences cherchent \u00e0 prouver qu&rsquo;il existe bel et bien des diff\u00e9rences entre les races. Une des grandes figures intellectuelles de l&rsquo;\u00c9tat fran\u00e7ais est le professeur Georges Montandon (3)\u00a0: selon lui \u00ab\u00a0la question juive serait r\u00e9gl\u00e9e si l&rsquo;on autorisait l\u00e9galement tout Fran\u00e7ais chr\u00e9tien \u00e0 tuer deux Juifs\u00a0\u00bb (4) . D\u00e9s 1938, il consid\u00e8re que le r\u00f4le de l&rsquo;ethnologie et de l&rsquo;anthropologie est de s\u00e9parer la bonne graine de la mauvaise. Il est \u00e9galement l&rsquo;auteur de nombreux livres dont Comment reconna\u00eetre le Juif\u00a0?, (Paris, Nouvelles \u00e9ditions fran\u00e7aises, 1940). Il examine les individus pour le compte, notamment, de la pr\u00e9fecture de police de Paris et d\u00e9termine l&rsquo;appartenance d&rsquo;un individu \u00e0 \u00ab\u00a0l&rsquo;ethnie juive ou non\u00a0\u00bb. Il se base sur la mani\u00e8re dont a \u00e9t\u00e9 faite la circoncision, les formes du visage et du corps, l&rsquo;attitude et les mimiques. Il enqu\u00eate \u00e9galement sur les origines familiales de l&rsquo;examin\u00e9. Le professeur est un docteur, il se fait donc payer pour ses examens\u00a0: il est connu pour ses prix exorbitants, par exemple, pour Jacqueline\u00a0: reconnue avec son mari et sa fille comme \u00e9tant juifs, ils sont incarc\u00e9r\u00e9s \u00e0 Drancy, Georges Montandon se propose de leur rendre visite pour pratiquer un examen \u00e0 hauteur de 2.000 francs par personne. La m\u00e8re de Jacqueline reconnue comme non-juive a b\u00e9n\u00e9fici\u00e9 d&rsquo;une r\u00e9duction. Ayant trois personnes \u00e0 examiner, le professeur Montandon lui fait une offre \u00e0 3.000 francs pour les 3 examens \u00e0 payer avant la visite. Aucun des trois ne sera lib\u00e9r\u00e9 (5). Une fois que ces th\u00e9ories sont cr\u00e9\u00e9es, il est n\u00e9cessaire de les propager, de les infuser dans la soci\u00e9t\u00e9\u00a0; Pour cela, Vichy dispose de diff\u00e9rents moyens.<\/p>\n<p style=\"text-align: justify\"><em>Les m\u00e9dias, outils de propagande id\u00e9ologique<\/em><\/p>\n<p style=\"text-align: justify\"><span style=\"color: #000000;font-size: medium\">Apr\u00e8s la d\u00e9faite de 1940, le Mar\u00e9chal P\u00e9tain re\u00e7oit les pleins pouvoirs du gouvernement. <\/span><span style=\"color: #000000;font-size: medium\">Pour affirmer son pouvoir des acteurs vont \u00eatre mis en place par P\u00e9tain pour sa propagande, tels que les m\u00e9dias. Ceux-ci vont servir \u00e0 la diffusion de l&rsquo;image du Mar\u00e9chal sauveur de la Patrie. <\/span><span style=\"color: #000000;font-size: medium\">Les m\u00e9dias seront utilis\u00e9s comme moyen de propagande pour Vichy, on peut prendre l&rsquo;exemple de milliers de tracts imprim\u00e9s comme avec l&rsquo;exemple du discours \u00ab\u00a0Aux paysans de France\u00a0\u00bb prononc\u00e9 le 20 avril 1941, ce discours illustre bien que Vichy s&rsquo;appuie sur une France aux valeurs traditionnelles. <\/span><\/p>\n<p style=\"text-align: justify\"><span style=\"color: #000000;font-size: medium\">La presse est \u00e9galement un facteur pour le gouvernement de Vichy, c&rsquo;est un outil de propagande tr\u00e8s efficace, le minist\u00e8re qui s&rsquo;en occupe est celui de l&rsquo;information et de la propagande, il use de la censure. C&rsquo;est Paul Marion le secr\u00e9taire g\u00e9n\u00e9ral du Minist\u00e8re de l&rsquo;information et de la propagande. <\/span><span style=\"color: #000000;font-size: medium\">On peut prendre l&rsquo;exemple de quelques journaux par exemple LE MATIN ou L\u2019\u0152UVRE qui sont des journaux collaborateurs. Dans ces journaux, on peut voir \u00e0 l\u2019\u0153uvre toute la propagande vichyste, ainsi que son id\u00e9ologie. Les \u00e9v\u00e9nements mondiaux sont bri\u00e8vement abord\u00e9s, par contre ces journaux donnent, en abondance, des informations sur l&rsquo;\u00e9tat de la France et des relations \u00ab\u00a0b\u00e9n\u00e9fiques\u00a0\u00bb avec l&rsquo;Allemagne. On peut prendre l&rsquo;exemple de la Une du journal LE MATIN du vendredi 5 f\u00e9vrier 1943 (6)<\/span><span style=\"color: #000000;font-size: medium\">\u00a0qui ne parle pas de l&rsquo;\u00e9chec des troupes allemandes en U.R.S.S. Cela nous permet de voir le repli de la France de Vichy, ainsi que la totale collaboration avec l&rsquo;Allemagne nazie.<\/span><\/p>\n<p style=\"text-align: justify\"><span style=\"color: #000000;font-size: medium\">La propagande ne s&rsquo;arr\u00eate pas \u00e0 ce <\/span><span style=\"color: #000000;font-size: medium\">niveau<\/span><span style=\"color: #000000;font-size: medium\">, dans la continuit\u00e9 de ce qui s<\/span><span style=\"color: #000000;font-size: medium\">&lsquo;\u00e9tait fait durant la \u00ab dr\u00f4le de guerre \u00bb, Vichy va utiliser l&rsquo;\u00e9mission Radio-Journal pour\u00a0 propager sur les ondes son id\u00e9ologie. La radio est <\/span><span style=\"color: #000000;font-size: medium\">un <\/span><span style=\"color: #000000;font-size: medium\">moyen rapide et <\/span><span style=\"color: #000000;font-size: medium\">efficace de toucher 5,2 millions de personnes instantan\u00e9ment (7) <\/span><span style=\"color: #000000;font-size: medium\">. Apparaissent donc des \u00e9missions comme\u00a0: \u00ab\u00a0La L\u00e9gion des combattants vous parle\u00a0\u00bb ou<span style=\"font-family: Times New Roman\">\u00a0 \u00ab\u00a0<\/span>La question juive\u00a0\u00bb, ce genre d&rsquo;hebdomadaire a pour but d&rsquo;expliquer et d&rsquo;argumenter les id\u00e9ologies de Vichy. De par son implication dans la propagande qui pr\u00f4ne la collaboration et le combat contre les gaullistes, <\/span><span style=\"color: #000000;font-size: medium\">Radio-Journal sera d\u00e9mantel\u00e9e \u00e0 la lib\u00e9ration en 1944. Quant au cin\u00e9ma, Vichy va mettre en sc\u00e8ne l&rsquo;image du <\/span><span style=\"color: #000000;font-size: medium\">Mar\u00e9chal, pour continuer de v\u00e9hiculer l&rsquo;image du \u00ab\u00a0p\u00e8re du peuple\u00a0\u00bb qui prend soin des siens, avec des documentaires sur sa personne. Vichy privil\u00e9gie les <\/span><span style=\"color: #000000;font-size: medium\">courts-m\u00e9trages ainsi que les documentaires que les F<\/span><span style=\"color: #000000;font-size: medium\">ran\u00e7ais vont particuli\u00e8rement affectionner.<\/span><span style=\"color: #000000;font-size: medium\"> Mais \u00e0 partir de 1942, avec l&rsquo;invasion de la zone non occup\u00e9e, le cin\u00e9ma sera censur\u00e9 et centralis\u00e9 \u00e0 Paris.<\/span><\/p>\n<p style=\"text-align: justify\"><span style=\"color: #000000;font-size: medium\">Les m\u00e9dias auront donc servi \u00e0\u00a0 v\u00e9hiculer l&rsquo;id\u00e9ologie vichyste en impr\u00e9gnant le quotidien des F<\/span><span style=\"color: #000000;font-size: medium\">ran\u00e7ais de l&rsquo;image du <\/span><span style=\"color: #000000;font-size: medium\">Mar\u00e9chal P\u00e9tain et du renouveau national. Il s&rsquo;agit de normaliser l&rsquo;occupation <\/span><span style=\"color: #000000;font-size: medium\">en s&rsquo;appuyant sur une France rurale et traditionaliste, il faut se justifier en affirmant qu&rsquo; une id\u00e9ologie comme celle-ci avec \u00e0 sa t\u00eate le grand vainqueur de Verdun permettrait \u00e0 la France de se relever. Comme le disait le <\/span><span style=\"color: #000000;font-size: medium\">Mar\u00e9chal\u00a0 \u00ab Cette politique est la mienne.<\/span><span style=\"color: #000000;font-size: medium\"> Les ministres ne sont responsables que devant moi.<\/span><span style=\"color: #000000;font-size: medium\"> C&rsquo;est moi seul que l&rsquo;Histoire jugera.<\/span><span style=\"color: #000000;font-size: medium\"> Je vous ai tenu jusqu&rsquo;ici le langage d&rsquo;un <\/span><span style=\"color: #000000;font-size: medium\">P\u00e8re <\/span><span style=\"color: #000000;font-size: medium\">;<\/span><span style=\"color: #000000;font-size: medium\"> je vous tiens aujourd&rsquo;hui le langage du Chef.<\/span><span style=\"color: #000000;font-size: medium\"> Suivez-moi.<\/span><span style=\"color: #000000;font-size: medium\"> Gardez votre confiance en la France \u00e9ternelle.\u00a0\u00bb<br \/>\n<\/span><\/p>\n<p style=\"text-align: center\"><a href=\"http:\/\/blogs.univ-jfc.fr\/campsdusudouest\/wp-content\/uploads\/sites\/48\/2016\/03\/vichy.jpg\" target=\"_blank\"><img loading=\"lazy\" class=\"aligncenter size-medium wp-image-2608\" title=\"Affiche de propagande du mar\u00e9chal P\u00e9tain 1941.\" alt=\"\" src=\"http:\/\/blogs.univ-jfc.fr\/campsdusudouest\/wp-content\/uploads\/sites\/48\/2016\/03\/vichy-300x225.jpg\" width=\"300\" height=\"225\" srcset=\"https:\/\/blogs.univ-jfc.fr\/campsdusudouest\/wp-content\/uploads\/sites\/48\/2016\/03\/vichy-300x225.jpg 300w, https:\/\/blogs.univ-jfc.fr\/campsdusudouest\/wp-content\/uploads\/sites\/48\/2016\/03\/vichy.jpg 320w\" sizes=\"(max-width: 300px) 100vw, 300px\" \/><\/a><\/p>\n<p style=\"text-align: justify\"><em>Vichy et l&rsquo;anti-France<\/em><\/p>\n<p style=\"text-align: justify\">Le gouvernement institu\u00e9 par le mar\u00e9chal P\u00e9tain n&rsquo;est uni, au d\u00e9part, que par la volont\u00e9 de signer l&rsquo;armistice. C&rsquo;est un gouvernement qui doit faire face \u00e0 de nombreuses menaces plus ou moins r\u00e9elles et importantes en fonction de la politique du r\u00e9gime de Vichy\u00a0; des menaces venant de l\u2019ext\u00e9rieur : Londres, Alger, De Gaulle, mais \u00e9galement des menaces venant de l\u2019int\u00e9rieur : juifs, naturalis\u00e9s, \u00e9trangers, communistes, franc-ma\u00e7ons\u00a0: des forces du r\u00e9gime pr\u00e9c\u00e9dent encore en activit\u00e9 qui s&rsquo;efforcent de d\u00e9truire l&rsquo;\u00c9tat fran\u00e7ais. Ces ennemis sont regroup\u00e9s dans le concept \u00ab\u00a0d&rsquo;Anti-France\u00a0\u00bb. L&rsquo;expression \u00ab\u00a0Anti-France\u00a0\u00bb est utilis\u00e9e la premi\u00e8re fois par le mar\u00e9chal P\u00e9tain dans un article publi\u00e9 dans la Revue des Deux Mondes du 15 ao\u00fbt 1940.<\/p>\n<p style=\"text-align: justify\">Un Fran\u00e7ais peut appartenir \u00e0 \u00ab\u00a0l&rsquo;anti-France\u00a0\u00bb s&rsquo;il ne r\u00e9pond pas aux normes sociales d\u00e9velopp\u00e9es par le Mar\u00e9chal qui tente de renouveler l&rsquo;ordre moral et la soci\u00e9t\u00e9. L&rsquo;individualisme, par exemple, est une des tares qui a caus\u00e9, selon le r\u00e9gime de Vichy, la d\u00e9faite et l&rsquo;effondrement de la France. L\u2019individualisme s&rsquo;oppose \u00e0 toutes les facettes de l&rsquo;id\u00e9ologie de l&rsquo;\u00c9tat fran\u00e7ais : le travail serait mis en danger par \u00ab\u00a0le droit \u00e0 la paresse\u00a0\u00bb, la coh\u00e9sion et l&rsquo;unit\u00e9 de la patrie remises en question et les liens qui unissent une famille pourraient \u00eatre bris\u00e9s par cet individualisme. Des quotidiens comme l&rsquo;Effort ou Au travail, au contraire, persistent \u00e0 d\u00e9fendre l&rsquo;individualisme et voient d&rsquo;un mauvais \u0153il la disparition du statut de citoyen au profit de celui de chef de famille. En mettant en place une politique r\u00e9pressive de lutte contre l&rsquo;alcool, l&rsquo;immoralit\u00e9 physique ou id\u00e9ologique (communisme, prostitution, homosexualit\u00e9, etc.), le gouvernement du Mar\u00e9chal pointe du doigt les dirigeants de la IIIe R\u00e9publique qui ont, selon lui, conduit le pays \u00e0 la d\u00e9bauche individualiste et morale \u00e0 cause de leur laxisme. Les critiques contre l&rsquo;ancien r\u00e9gime se cristallisent notamment autour de L\u00e9on Blum et d&rsquo;Alfred Naquet. Naquet est un homme politique du XIXe si\u00e8cle, partisan de l&rsquo;extr\u00eame gauche qui luttait pour les unions libres. En 1884, il a fait voter une loi qui l\u00e9galisait dans certains cas le divorce. \u00c0 la radio, le garde des Sceaux de l&rsquo;\u00c9tat fran\u00e7ais Joseph Bartelemy s&rsquo;en prend ouvertement \u00e0 Naquet et \u00e0 son h\u00e9ritage en le qualifiant de Juif de la vall\u00e9e du Rh\u00f4ne qui voulait prendre sa revanche sur les catholiques et la Restauration. Naquet est le contre-mod\u00e8le absolu de ce que Vichy entend mettre en place. C&rsquo;est un r\u00e9publicain de gauche, juif, accus\u00e9 de vouloir d\u00e9truire la famille dite traditionnelle et la morale chr\u00e9tienne. Mais la plus grande figure de \u00ab\u00a0l&rsquo;Anti-France\u00a0\u00bb reste L\u00e9on Blum. Blum est le souvenir de l\u2019exp\u00e9rience du Front populaire qui avait largement inqui\u00e9t\u00e9 la bourgeoisie. Vichy ressort un de ses essais \u00e9crit en 1907 dans lequel Blum conseille aux jeunes gens des deux sexes d&rsquo;avoir autant d&rsquo;aventures que n\u00e9cessaire avant de ressentir le besoin tout aussi naturel de se fixer avec une personne. Une th\u00e9orie tr\u00e8s en avance pour son \u00e9poque qui fait passer Blum pour un d\u00e9traqu\u00e9 sexuel. D\u2019o\u00f9 la n\u00e9cessit\u00e9 pour le r\u00e9gime de r\u00e9former et reconstruire la France.<\/p>\n<p style=\"text-align: justify\">Ces deux exemples permettent de voir un sch\u00e9ma r\u00e9current dans la d\u00e9finition de l&rsquo;anti-fran\u00e7ais ; il s&rsquo;agit d\u2019\u00e9trangers et de profiteurs. Les Juifs sont consid\u00e9r\u00e9s comme appartenants \u00e0 un peuple apatride condamn\u00e9 \u00e0 errer \u00e0 travers le monde pour avoir commis un d\u00e9icide. De plus, il est dit, dans l&rsquo;id\u00e9ologie antis\u00e9mite d\u00e9velopp\u00e9e notamment dans les expositions, qu&rsquo;un Juif appartiendrait d&rsquo;abord \u00e0 la nation juive universelle avant d&rsquo;appartenir au pays dans lequel il vit, ce qui, dans une Europe nationaliste, tend \u00e0 affirmer leur particularisme et leur position d&rsquo;\u00c9tat dans l&rsquo;\u00c9tat. La caricature vichyste du Juif est assez stable, il s&rsquo;agit g\u00e9n\u00e9ralement d&rsquo;un gros bourgeois capitaliste aux doigts crochus et aux ongles aff\u00fbt\u00e9s. Le r\u00e9gime accuse \u00e9galement les Juifs de s&rsquo;associer aux francs-ma\u00e7ons dans un complot jud\u00e9o-ma\u00e7onnique qui a comme principal objectif d&rsquo;an\u00e9antir la civilisation chr\u00e9tienne. La Franc-ma\u00e7onnerie fait \u00e9galement partie des ennemis de la nation\u00a0: l&rsquo;accusation que l&rsquo;on retrouve le plus souvent est qu&rsquo;il s&rsquo;agit d&rsquo;un club secret, supranational, alli\u00e9 de l&rsquo;Angleterre, compos\u00e9 d&rsquo;id\u00e9ologues de la IIIe R\u00e9publique, c&rsquo;est-\u00e0-dire d&rsquo;individus qui vivent uniquement dans le monde des id\u00e9es et qui n&rsquo;ont aucune id\u00e9e de ce qu&rsquo;est le monde r\u00e9el. Encore une fois, on trouve l&rsquo;id\u00e9e qu&rsquo;ils profitent des Fran\u00e7ais sans remords. D\u00e8s l&rsquo;\u00e9t\u00e9 1940, l&rsquo;amalgame entre ces deux cat\u00e9gories prend forme dans le concept de forces occultes\u00a0: derri\u00e8re tout franc-ma\u00e7on se cache un Juif.<\/p>\n<p style=\"text-align: justify\">Le mar\u00e9chal P\u00e9tain compte d&rsquo;autres ennemis\u00a0: le bolchevisme et le communisme. En automne 1940, le gouvernement entreprend une campagne anticommuniste dont le slogan le plus marquant est\u00a0:<a href=\"http:\/\/blogs.univ-jfc.fr\/campsdusudouest\/wp-content\/uploads\/sites\/48\/2016\/03\/image-vichy-anti-france.-Source-La-propagande-sous-Vichy-1940-1944-Laurent-Gervereau-Denis-Peschanski.png\" target=\"_blank\"><img loading=\"lazy\" class=\"size-medium wp-image-2637 alignleft\" title=\"Affiche de propagande de Ren\u00e9 P\u00e9r\u00e8s de 1944. (Source - CHYDERIOTIS Nicolas, L'arm\u00e9e du crime et Vichy : Images de la R\u00e9sistance int\u00e9rieure dans les affiches de Vichy.1940-1944. M\u00e9moire de master, Lyon 2, 2007).\" alt=\"\" src=\"http:\/\/blogs.univ-jfc.fr\/campsdusudouest\/wp-content\/uploads\/sites\/48\/2016\/03\/image-vichy-anti-france.-Source-La-propagande-sous-Vichy-1940-1944-Laurent-Gervereau-Denis-Peschanski-204x300.png\" width=\"204\" height=\"300\" srcset=\"https:\/\/blogs.univ-jfc.fr\/campsdusudouest\/wp-content\/uploads\/sites\/48\/2016\/03\/image-vichy-anti-france.-Source-La-propagande-sous-Vichy-1940-1944-Laurent-Gervereau-Denis-Peschanski-204x300.png 204w, https:\/\/blogs.univ-jfc.fr\/campsdusudouest\/wp-content\/uploads\/sites\/48\/2016\/03\/image-vichy-anti-france.-Source-La-propagande-sous-Vichy-1940-1944-Laurent-Gervereau-Denis-Peschanski.png 250w\" sizes=\"(max-width: 204px) 100vw, 204px\" \/><\/a> \u00ab\u00a0Ils assassinent\u00a0! Envelopp\u00e9s dans les plis de notre drapeau.\u00a0\u00bb (8). \u00a0Selon Vichy, le communisme entra\u00eene l&rsquo;indiscipline, il s&rsquo;agirait d&rsquo;une insulte au travail de l&rsquo;honn\u00eate travailleur \u00ab\u00a0Quelle arme choisis-tu\u00a0? La mitraillette du bandit ou l&rsquo;outil du travailleur\u00a0?\u00a0\u00bb (9) . Au fur et \u00e0 mesure de la reconqu\u00eate des alli\u00e9s, la propagande anti-anglaise et anti-am\u00e9ricaine se d\u00e9veloppe. L\u2019Am\u00e9rique serait financ\u00e9e par les Juifs et serait \u00e9galement, selon un long-m\u00e9trage de propagande La Libre Am\u00e9rique, sorti en 1942, le pays o\u00f9 les Juifs se r\u00e9fugient \u00e9tant donn\u00e9 qu&rsquo;ils y contr\u00f4lent la sph\u00e8re politique\u00a0: une Am\u00e9rique \u00ab\u00a0par\u00a0\u00bb, \u00ab\u00a0pour\u00a0\u00bb et \u00ab\u00a0avec\u00a0\u00bb les Juifs. Le G\u00e9n\u00e9ral de Gaulle r\u00e9fugi\u00e9 \u00e0 Londres est consid\u00e9r\u00e9 comme un adversaire durant l&rsquo;\u00e9t\u00e9 1941. \u00c0 partir de 1942 Vichy prend la menace au s\u00e9rieux et va se lancer dans une campagne de propagande visant \u00e0 discr\u00e9diter le g\u00e9n\u00e9ral f\u00e9lon et ses partisans.<\/p>\n<p style=\"text-align: justify\">Tous les ennemis de la nation sont imbriqu\u00e9s les uns dans l&rsquo;autre et se sont ligu\u00e9s contre la naissance de cette nouvelle France vichyste, une France aux Fran\u00e7ais de la r\u00e9volution nationale qui se d\u00e9veloppe aux c\u00f4t\u00e9s d&rsquo;une nouvelle Allemagne, qui d\u00e9sire cr\u00e9er une nouvelle Europe, plus dynamique et plus forte face \u00e0 la menace de l&rsquo;\u00e9tranger profiteur. C&rsquo;est ce que l&rsquo;on pourrait appeler la tactique de l&rsquo;ennemi commun qui vise \u00e0 consolider l&rsquo;unit\u00e9 d&rsquo;un groupe. Cette propagande se concr\u00e9tise d\u00e8s l&rsquo;arriv\u00e9e de population \u00e9trang\u00e8re en France avant la Seconde Guerre mondiale. Le gouvernement met en place le 12 novembre 1938 la premi\u00e8re loi sur l&rsquo;internement administratif pour pallier le manque de structures d&rsquo;accueil et filtrer les \u00ab\u00a0ind\u00e9sirables \u00e9trangers\u00a0\u00bb. Les camps d&rsquo;internement sont op\u00e9rationnels \u00e0 partir de f\u00e9vrier 1939, le premier ouvre \u00e0 Rieucros en Loz\u00e8re (10) . L&rsquo;un des objectifs est de rassurer la population fran\u00e7aise\u00a0: les \u00e9trangers qui prendraient des emplois ne sont pas les biens venus en France \u00e0 la fin des ann\u00e9es 30. Le 18 novembre 1939, un d\u00e9cret est paru, il vise \u00e0 interner tout suspect \u00e9tranger ou non. Cela nous montre que le r\u00e9gime de Vichy prend en main tous les aspects li\u00e9s \u00e0 la question de l&rsquo;\u00e9tranger en France.<\/p>\n<p style=\"text-align: justify\"><a title=\"Le nationalisme et la x\u00e9nophobie : une ideologie d\u2019Etat\" href=\"http:\/\/blogs.univ-jfc.fr\/campsdusudouest\/le-nationalisme-et-la-xenophobie-une-ideologie-detat\/\" target=\"_blank\">Lire la suite &#8230;<\/a><\/p>\n<p>\u00a0(1) ROSSIGNOL Dominique, Histoire de la propagande en France de 1940 \u00e0 1944 : L&rsquo;utopie P\u00e9tain, PUF, 1991<\/p>\n<p>(2) Ibid.<\/p>\n<p>(3) BIRNBAUM Pierre, La France aux fran\u00e7ais, 2006, Editions du Seuil<\/p>\n<p>(4) Archives du Centre de documentation juive contemporaine, XCV, 140a<\/p>\n<p>(5) BIRNBAUM Pierre, op. cit.<\/p>\n<p>(6) A la Une des grands \u00e9v\u00e8nements du 20\u00e8me si\u00e8cle et les journaux de l&rsquo;\u00e9poque, les ann\u00e9es de l&rsquo;Axe<\/p>\n<p>(7) GIRAC-MARINIER Carine, Chronique de la vie des Fran\u00e7ais sous l&rsquo;occupation, LAROUSSE, 2011<\/p>\n<p>(8) ROSSIGNOL Dominique, op. cit.<\/p>\n<p>(9) CHYDERIOTIS Nicolas, L&rsquo;arm\u00e9e du crime et Vichy : Images de la R\u00e9sistance int\u00e9rieure dans les affiches de Vichy.1940-1944. M\u00e9moire de master, Lyon 2, 2007<\/p>\n<p>(10) Site internet du Minist\u00e8re de la D\u00e9fense <a href=\"http:\/\/www.cheminsdememoire.gouv.fr\/fr\/linternement-la-france-des-camps-1938-1946\">http:\/\/www.cheminsdememoire.gouv.fr\/fr\/linternement-la-france-des-camps-1938-1946<\/a><\/p>\n<p>&nbsp;<\/p>\n","protected":false},"excerpt":{"rendered":"<p>\u00a0 Page pr\u00e9c\u00e9dente&#8230; La culture et les sciences, des vecteurs du nationalisme et de la x\u00e9nophobie Le nationalisme et la x\u00e9nophobie sont d&rsquo;anciennes notions qui se d\u00e9veloppent fortement avec la mise en place du r\u00e9gime de Vichy en 1940. Les &hellip; <a href=\"https:\/\/blogs.univ-jfc.fr\/campsdusudouest\/la-france-de-lentre-deux-guerres-et-de-vichy\/nationalisme-xenophobie-et-antisemitisme\/entre-nationalisme-et-xenophobie-definir-les-mentalites-francaises-du-regime-de-vichy\/\">Lire la suite <span class=\"meta-nav\">&rarr;<\/span><\/a><\/p>\n","protected":false},"author":133,"featured_media":3880,"parent":36,"menu_order":0,"comment_status":"closed","ping_status":"open","template":"","meta":[],"_links":{"self":[{"href":"https:\/\/blogs.univ-jfc.fr\/campsdusudouest\/wp-json\/wp\/v2\/pages\/934"}],"collection":[{"href":"https:\/\/blogs.univ-jfc.fr\/campsdusudouest\/wp-json\/wp\/v2\/pages"}],"about":[{"href":"https:\/\/blogs.univ-jfc.fr\/campsdusudouest\/wp-json\/wp\/v2\/types\/page"}],"author":[{"embeddable":true,"href":"https:\/\/blogs.univ-jfc.fr\/campsdusudouest\/wp-json\/wp\/v2\/users\/133"}],"replies":[{"embeddable":true,"href":"https:\/\/blogs.univ-jfc.fr\/campsdusudouest\/wp-json\/wp\/v2\/comments?post=934"}],"version-history":[{"count":33,"href":"https:\/\/blogs.univ-jfc.fr\/campsdusudouest\/wp-json\/wp\/v2\/pages\/934\/revisions"}],"predecessor-version":[{"id":3763,"href":"https:\/\/blogs.univ-jfc.fr\/campsdusudouest\/wp-json\/wp\/v2\/pages\/934\/revisions\/3763"}],"up":[{"embeddable":true,"href":"https:\/\/blogs.univ-jfc.fr\/campsdusudouest\/wp-json\/wp\/v2\/pages\/36"}],"wp:featuredmedia":[{"embeddable":true,"href":"https:\/\/blogs.univ-jfc.fr\/campsdusudouest\/wp-json\/wp\/v2\/media\/3880"}],"wp:attachment":[{"href":"https:\/\/blogs.univ-jfc.fr\/campsdusudouest\/wp-json\/wp\/v2\/media?parent=934"}],"curies":[{"name":"wp","href":"https:\/\/api.w.org\/{rel}","templated":true}]}}