{"id":94,"date":"2016-01-30T08:33:24","date_gmt":"2016-01-30T07:33:24","guid":{"rendered":"http:\/\/blogs.univ-jfc.fr\/campsdusudouest\/?page_id=94"},"modified":"2016-04-01T10:29:43","modified_gmt":"2016-04-01T09:29:43","slug":"rivesaltes","status":"publish","type":"page","link":"https:\/\/blogs.univ-jfc.fr\/campsdusudouest\/mongraphies-de-camps\/rivesaltes\/","title":{"rendered":"Rivesaltes"},"content":{"rendered":"<p style=\"text-align: justify\"><span style=\"font-family: 'Arial', serif\"><span> <span style=\"font-family: 'Arial', serif\">Il est important dans l&rsquo;histoire du camp de s\u00e9parer le <a title=\"Le camp Joffre de Rivesaltes: un camp militaire.\" href=\"http:\/\/blogs.univ-jfc.fr\/campsdusudouest\/le-camp-joffre-de-rivesaltes-un-camp-militaire\/\">camp militaire Joffre de Rivesaltes <\/a>et le camp d&rsquo;internement de Ri<\/span><span style=\"font-family: 'Arial', serif\"><span>v<\/span><\/span><span style=\"font-family: 'Arial', serif\"><span>es<\/span><\/span><span style=\"font-family: 'Arial', serif\"><span>altes. Il faut donc s&rsquo;int\u00e9resser \u00e0 la fondation du camp en parlant du <\/span><\/span><span style=\"font-family: 'Arial', serif\"><span><i>Centre d&rsquo;Instruction Militaire R\u00e9gional M\u00e9diterran\u00e9e <\/i><\/span><\/span><span style=\"font-family: 'Arial', serif\"><span>cr\u00e9\u00e9 en 1939, puis de l&rsquo;annexion allemande en 1942, ensuite de sa reconversion en plusieurs centres de formations entre 1951 et 1966 et enfin de sa fermeture dans les ann\u00e9es 70-80.<\/span><\/span><\/span><\/span><\/p>\n<div id=\"attachment_2527\" style=\"width: 267px\" class=\"wp-caption alignleft\"><a href=\"http:\/\/www.memorialcamprivesaltes.eu\/\" target=\"_blank\" rel=\"http:\/\/www.memorialcamprivesaltes.eu\/\"><img aria-describedby=\"caption-attachment-2527\" loading=\"lazy\" class=\" wp-image-2527       \" title=\"Enfant dans une baraque en 1941-1942\" alt=\"Enfant dans une baraque en 1941-1942 \u00a9Photo Paul Senn Fonds Leiter Paul Senn - Archiv Kunstmuseum Source : http:\/\/www.memorialcamprivesaltes.eu\/\" src=\"http:\/\/blogs.univ-jfc.fr\/campsdusudouest\/wp-content\/uploads\/sites\/48\/2016\/01\/Enfant-dans-une-baraque-en-41-42-\u00a9Photo-Paul-Senn-Fonds-Leiter-Paul-Senn-Archiv-Kunstmuseum-285x300.jpg\" width=\"257\" height=\"270\" srcset=\"https:\/\/blogs.univ-jfc.fr\/campsdusudouest\/wp-content\/uploads\/sites\/48\/2016\/01\/Enfant-dans-une-baraque-en-41-42-\u00a9Photo-Paul-Senn-Fonds-Leiter-Paul-Senn-Archiv-Kunstmuseum-285x300.jpg 285w, https:\/\/blogs.univ-jfc.fr\/campsdusudouest\/wp-content\/uploads\/sites\/48\/2016\/01\/Enfant-dans-une-baraque-en-41-42-\u00a9Photo-Paul-Senn-Fonds-Leiter-Paul-Senn-Archiv-Kunstmuseum-975x1024.jpg 975w, https:\/\/blogs.univ-jfc.fr\/campsdusudouest\/wp-content\/uploads\/sites\/48\/2016\/01\/Enfant-dans-une-baraque-en-41-42-\u00a9Photo-Paul-Senn-Fonds-Leiter-Paul-Senn-Archiv-Kunstmuseum.jpg 1500w\" sizes=\"(max-width: 257px) 100vw, 257px\" \/><\/a><p id=\"caption-attachment-2527\" class=\"wp-caption-text\">Enfant dans une baraque du camp de Rivesaltes en 1941-1942<br \/>\u00a9Photo Paul Senn Fonds Leiter Paul Senn &#8211; Archiv Kunstmuseum<\/p><\/div>\n<p align=\"justify\"><span style=\"font-family: 'Arial', serif\">De 1939 \u00e0 19<\/span><span style=\"font-family: 'Arial', serif\">65<\/span><span style=\"font-family: 'Arial', serif\"> diff\u00e9rentes <\/span><span style=\"font-family: 'Arial', serif\">populations<\/span><span style=\"font-family: 'Arial', serif\"> cohabit\u00e8rent au sein du camp de Rivesaltes\u00a0: r\u00e9fugi\u00e9s espagnols ou allemands, arr\u00eat\u00e9s sur simple d\u00e9cision administrative ou bien <\/span><span style=\"font-family: 'Arial', serif\">rafl\u00e9s<\/span><span style=\"font-family: 'Arial', serif\"> en vue d&rsquo;une d\u00e9portation prochaine. <\/span><span style=\"font-family: 'Arial', serif\">C<\/span><span style=\"font-family: 'Arial', serif\">&lsquo;est ainsi qu&rsquo;enviro<\/span><span style=\"font-family: 'Arial', serif\">n 20 000 personnes\u00a0<\/span><span style=\"font-family: 'Arial', serif\">ont transit\u00e9<\/span><span style=\"font-family: 'Arial', serif\"> par ce <a title=\"Rivesaltes : le centre d\u2019internement\" href=\"http:\/\/blogs.univ-jfc.fr\/campsdusudouest\/mongraphies-de-camps\/rivesaltes\/rivesaltes-le-centre-dinternement\/\">camp d&rsquo;internement<\/a>. Entre les conditions sanitaires d\u00e9plorables, le manque de nourriture, les conflits entre les <\/span><span style=\"font-family: 'Arial', serif\">intern\u00e9s de diff\u00e9rentes origines <\/span><span style=\"font-family: 'Arial', serif\">et l<\/span><span style=\"font-family: 'Arial', serif\">eur<\/span><span style=\"font-family: 'Arial', serif\"> r\u00e9partition raciale dans le camp, les conditions de vie \u00e9taient des plus difficiles. Pour <\/span><span style=\"font-family: 'Arial', serif\">am\u00e9liorer leur situation <\/span><span style=\"font-family: 'Arial', serif\">plusieurs structures ont \u00e9t<\/span><span style=\"font-family: 'Arial', serif\">\u00e9<\/span><span style=\"font-family: 'Arial', serif\"> mis<\/span><span style=\"font-family: 'Arial', serif\">es<\/span><span style=\"font-family: 'Arial', serif\"> en place.<\/span><\/p>\n<p align=\"justify\"><span style=\"font-family: Arial,serif\"><span> Le camp Joffre de Rivesaltes a connu une troisi\u00e8me mission\u00a0: il a \u00e9t\u00e9 aussi <a title=\"Rivesaltes : le centre d\u2019enfermement\" href=\"http:\/\/blogs.univ-jfc.fr\/campsdusudouest\/mongraphies-de-camps\/rivesaltes\/rivesaltes-le-centre-denfermement\/\">un camp d&rsquo;enfermement<\/a>. Tout d&rsquo;abord en septembre 1944, il a \u00e9t\u00e9 un Centre de S\u00e9jour Surveill\u00e9, puis un d\u00e9p\u00f4t de prisonniers de guerre en 1944, ensuite un centre p\u00e9nitentiaire des membres du <a title=\"Lexique de Rivesaltes\" href=\"http:\/\/blogs.univ-jfc.fr\/campsdusudouest\/lexique-rivesalres\/\" target=\"_blank\">FLN<\/a> en 1962, et enfin un centre de r\u00e9tention de 1986 jusqu&rsquo;en 2007. <\/span><\/span><\/p>\n","protected":false},"excerpt":{"rendered":"<p>Il est important dans l&rsquo;histoire du camp de s\u00e9parer le camp militaire Joffre de Rivesaltes et le camp d&rsquo;internement de Rivesaltes. Il faut donc s&rsquo;int\u00e9resser \u00e0 la fondation du camp en parlant du Centre d&rsquo;Instruction Militaire R\u00e9gional M\u00e9diterran\u00e9e cr\u00e9\u00e9 en &hellip; <a href=\"https:\/\/blogs.univ-jfc.fr\/campsdusudouest\/mongraphies-de-camps\/rivesaltes\/\">Lire la suite <span class=\"meta-nav\">&rarr;<\/span><\/a><\/p>\n","protected":false},"author":15,"featured_media":4342,"parent":89,"menu_order":1,"comment_status":"closed","ping_status":"open","template":"","meta":[],"_links":{"self":[{"href":"https:\/\/blogs.univ-jfc.fr\/campsdusudouest\/wp-json\/wp\/v2\/pages\/94"}],"collection":[{"href":"https:\/\/blogs.univ-jfc.fr\/campsdusudouest\/wp-json\/wp\/v2\/pages"}],"about":[{"href":"https:\/\/blogs.univ-jfc.fr\/campsdusudouest\/wp-json\/wp\/v2\/types\/page"}],"author":[{"embeddable":true,"href":"https:\/\/blogs.univ-jfc.fr\/campsdusudouest\/wp-json\/wp\/v2\/users\/15"}],"replies":[{"embeddable":true,"href":"https:\/\/blogs.univ-jfc.fr\/campsdusudouest\/wp-json\/wp\/v2\/comments?post=94"}],"version-history":[{"count":16,"href":"https:\/\/blogs.univ-jfc.fr\/campsdusudouest\/wp-json\/wp\/v2\/pages\/94\/revisions"}],"predecessor-version":[{"id":4154,"href":"https:\/\/blogs.univ-jfc.fr\/campsdusudouest\/wp-json\/wp\/v2\/pages\/94\/revisions\/4154"}],"up":[{"embeddable":true,"href":"https:\/\/blogs.univ-jfc.fr\/campsdusudouest\/wp-json\/wp\/v2\/pages\/89"}],"wp:featuredmedia":[{"embeddable":true,"href":"https:\/\/blogs.univ-jfc.fr\/campsdusudouest\/wp-json\/wp\/v2\/media\/4342"}],"wp:attachment":[{"href":"https:\/\/blogs.univ-jfc.fr\/campsdusudouest\/wp-json\/wp\/v2\/media?parent=94"}],"curies":[{"name":"wp","href":"https:\/\/api.w.org\/{rel}","templated":true}]}}