{"id":96,"date":"2016-01-30T08:33:49","date_gmt":"2016-01-30T07:33:49","guid":{"rendered":"http:\/\/blogs.univ-jfc.fr\/campsdusudouest\/?page_id=96"},"modified":"2016-04-01T10:20:47","modified_gmt":"2016-04-01T09:20:47","slug":"le-vernet-dariege","status":"publish","type":"page","link":"https:\/\/blogs.univ-jfc.fr\/campsdusudouest\/mongraphies-de-camps\/le-vernet-dariege\/","title":{"rendered":"Le Vernet d&rsquo;Ari\u00e8ge"},"content":{"rendered":"<p style=\"text-align: justify\">Le camp du Vernet d&rsquo;Ari\u00e8ge, rouvert en f\u00e9vrier 1939 afin de devenir un camp d&rsquo;h\u00e9bergement de r\u00e9fugi\u00e9s pour les r\u00e9publicains espagnols fut utilis\u00e9 par la suite pour l&rsquo;internement des criminels \u00a0et suspects politiques \u00e0 partir du 12 octobre 1939. le camp du Vernet d&rsquo;Ari\u00e8ge fut ensuite, parall\u00e8lement \u00e0 cette utilisation, utilis\u00e9 pour internement des personnes juives d\u00e8s le mois d&rsquo;ao\u00fbt 1943.<\/p>\n<p style=\"text-align: justify\">Suivant les diff\u00e9rentes vagues d&rsquo;internement et\u00a0<a title=\"Les fonctions du camp\" href=\"http:\/\/blogs.univ-jfc.fr\/campsdusudouest\/mongraphies-de-camps\/le-vernet-dariege\/les-fonctions-du-camp\/\">fonctions du camp<\/a>, le camp fut organis\u00e9 de mani\u00e8re diff\u00e9rente comme pour s&rsquo;adapter \u00e0 ses intern\u00e9s. N\u00e9anmoins, l&rsquo;\u00e9volution de la vie au quotidien, les\u00a0<a title=\"Les conditions de vie au sein du camp\" href=\"http:\/\/blogs.univ-jfc.fr\/campsdusudouest\/mongraphies-de-camps\/le-vernet-dariege\/les-conditions-de-vie-au-sein-du-camp\/\">conditions de vie au sein du camp<\/a>\u00a0et l&rsquo;hygi\u00e8ne g\u00e9n\u00e9rale ne varia pas avec le temps, ou du moins tr\u00e8s peu.<\/p>\n<p style=\"text-align: justify\">D\u00e8s la fermeture du camp entre 1946 et 1947, un v\u00e9ritable souci de\u00a0<a title=\"La m\u00e9moire \u00e0 travers le camp\" href=\"http:\/\/blogs.univ-jfc.fr\/campsdusudouest\/mongraphies-de-camps\/le-vernet-dariege\/la-memoire-a-travers-le-camp\/\">m\u00e9moire autour du camp<\/a>\u00a0fut mis en place. En effet, une association d&rsquo;anciens intern\u00e9s vit le jour de m\u00eame que, afin de faire ressortir les conditions de vie au sein du camp, des oeuvres furent publi\u00e9es, que ce soit des \u0153uvres produites pendant ou apr\u00e8s l&rsquo;internement de leurs auteurs.<\/p>\n","protected":false},"excerpt":{"rendered":"<p>Le camp du Vernet d&rsquo;Ari\u00e8ge, rouvert en f\u00e9vrier 1939 afin de devenir un camp d&rsquo;h\u00e9bergement de r\u00e9fugi\u00e9s pour les r\u00e9publicains espagnols fut utilis\u00e9 par la suite pour l&rsquo;internement des criminels \u00a0et suspects politiques \u00e0 partir du 12 octobre 1939. le &hellip; <a href=\"https:\/\/blogs.univ-jfc.fr\/campsdusudouest\/mongraphies-de-camps\/le-vernet-dariege\/\">Lire la suite <span class=\"meta-nav\">&rarr;<\/span><\/a><\/p>\n","protected":false},"author":15,"featured_media":4338,"parent":89,"menu_order":2,"comment_status":"closed","ping_status":"open","template":"","meta":[],"_links":{"self":[{"href":"https:\/\/blogs.univ-jfc.fr\/campsdusudouest\/wp-json\/wp\/v2\/pages\/96"}],"collection":[{"href":"https:\/\/blogs.univ-jfc.fr\/campsdusudouest\/wp-json\/wp\/v2\/pages"}],"about":[{"href":"https:\/\/blogs.univ-jfc.fr\/campsdusudouest\/wp-json\/wp\/v2\/types\/page"}],"author":[{"embeddable":true,"href":"https:\/\/blogs.univ-jfc.fr\/campsdusudouest\/wp-json\/wp\/v2\/users\/15"}],"replies":[{"embeddable":true,"href":"https:\/\/blogs.univ-jfc.fr\/campsdusudouest\/wp-json\/wp\/v2\/comments?post=96"}],"version-history":[{"count":8,"href":"https:\/\/blogs.univ-jfc.fr\/campsdusudouest\/wp-json\/wp\/v2\/pages\/96\/revisions"}],"predecessor-version":[{"id":4337,"href":"https:\/\/blogs.univ-jfc.fr\/campsdusudouest\/wp-json\/wp\/v2\/pages\/96\/revisions\/4337"}],"up":[{"embeddable":true,"href":"https:\/\/blogs.univ-jfc.fr\/campsdusudouest\/wp-json\/wp\/v2\/pages\/89"}],"wp:featuredmedia":[{"embeddable":true,"href":"https:\/\/blogs.univ-jfc.fr\/campsdusudouest\/wp-json\/wp\/v2\/media\/4338"}],"wp:attachment":[{"href":"https:\/\/blogs.univ-jfc.fr\/campsdusudouest\/wp-json\/wp\/v2\/media?parent=96"}],"curies":[{"name":"wp","href":"https:\/\/api.w.org\/{rel}","templated":true}]}}