{"id":98,"date":"2016-01-30T08:34:07","date_gmt":"2016-01-30T07:34:07","guid":{"rendered":"http:\/\/blogs.univ-jfc.fr\/campsdusudouest\/?page_id=98"},"modified":"2016-03-31T07:47:18","modified_gmt":"2016-03-31T06:47:18","slug":"noe","status":"publish","type":"page","link":"https:\/\/blogs.univ-jfc.fr\/campsdusudouest\/mongraphies-de-camps\/noe\/","title":{"rendered":"No\u00e9"},"content":{"rendered":"<div id=\"attachment_804\" style=\"width: 310px\" class=\"wp-caption alignright\"><a href=\"http:\/\/blogs.univ-jfc.fr\/campsdusudouest\/wp-content\/uploads\/sites\/48\/2016\/01\/no\u00e9.png\"><img aria-describedby=\"caption-attachment-804\" loading=\"lazy\" class=\"size-medium wp-image-804  \" title=\"Photographie du camp de No\u00e9 prise depuis l'\u00e9glise en 1947\" alt=\"Photographie du camp de No\u00e9 prise depuis l'\u00e9glise en 1947\" src=\"http:\/\/blogs.univ-jfc.fr\/campsdusudouest\/wp-content\/uploads\/sites\/48\/2016\/01\/no\u00e9-300x174.png\" width=\"300\" height=\"174\" srcset=\"https:\/\/blogs.univ-jfc.fr\/campsdusudouest\/wp-content\/uploads\/sites\/48\/2016\/01\/no\u00e9-300x174.png 300w, https:\/\/blogs.univ-jfc.fr\/campsdusudouest\/wp-content\/uploads\/sites\/48\/2016\/01\/no\u00e9-500x290.png 500w, https:\/\/blogs.univ-jfc.fr\/campsdusudouest\/wp-content\/uploads\/sites\/48\/2016\/01\/no\u00e9.png 600w\" sizes=\"(max-width: 300px) 100vw, 300px\" \/><\/a><p id=\"caption-attachment-804\" class=\"wp-caption-text\">Vue sur le camp de No\u00e9 depuis le clocher de l&rsquo;\u00e9glise en 1947<\/p><\/div>\n<p style=\"text-align: justify\" align=\"justify\"><span style=\"font-family: Times New Roman,serif\"><span style=\"font-size: medium\"><span style=\"font-size: medium\">Pour museler la presse \u00e9trang\u00e8re d\u00e9non\u00e7ant les conditions de vie dans les camps, le minist\u00e8re de la guerre cr\u00e9e \u00ab<\/span><span style=\"color: #000000\"><span style=\"font-size: medium\">\u00a0<a title=\"Am\u00e9nagement du camp de No\u00e9\" href=\"http:\/\/blogs.univ-jfc.fr\/campsdusudouest\/amenagement-du-camp-de-noe\/\">Le camp de s\u00e9jour surveill\u00e9 de No\u00e9<\/a> \u00bb<\/span><\/span><span style=\"font-size: medium\">, jumeau de celui du R\u00e9c\u00e9b\u00e9dou, situ\u00e9 \u00e0 Portet-sur-Garonne, exempt de toutes critiques sur l&rsquo;arbitraire des internements et les conditions de vie d\u00e9plorables.<\/span><\/span><\/span><\/p>\n<p style=\"text-align: justify\" align=\"justify\"><span style=\"font-family: Times New Roman,serif\"><span style=\"font-size: medium\"><span style=\"font-size: medium\">Ce cantonnement avait \u00e9t\u00e9 r\u00e9cup\u00e9r\u00e9 par la Troisi\u00e8me R\u00e9publique en 1937 sur un terrain de 14 hectares au nord de la commune de No\u00e9 et annex\u00e9 \u00e0 la Poudrerie du Fauga. Y sont accueillis des r\u00e9fugi\u00e9s \u00e9trangers et des travailleurs espagnols et belges membres de groupements de travailleurs \u00e9trangers (GTE). <\/span><\/span><\/span><\/p>\n<div id=\"attachment_833\" style=\"width: 280px\" class=\"wp-caption alignleft\"><a href=\"http:\/\/blogs.univ-jfc.fr\/campsdusudouest\/wp-content\/uploads\/sites\/48\/2016\/01\/no\u00e92.jpg\"><img aria-describedby=\"caption-attachment-833\" loading=\"lazy\" class=\" wp-image-833   \" title=\"St\u00e8les fun\u00e9raires de la commune de No\u00e9\" alt=\"St\u00e8les fun\u00e9raires dans la commune de No\u00e9\" src=\"http:\/\/blogs.univ-jfc.fr\/campsdusudouest\/wp-content\/uploads\/sites\/48\/2016\/01\/no\u00e92-300x193.jpg\" width=\"270\" height=\"174\" srcset=\"https:\/\/blogs.univ-jfc.fr\/campsdusudouest\/wp-content\/uploads\/sites\/48\/2016\/01\/no\u00e92-300x193.jpg 300w, https:\/\/blogs.univ-jfc.fr\/campsdusudouest\/wp-content\/uploads\/sites\/48\/2016\/01\/no\u00e92.jpg 400w\" sizes=\"(max-width: 270px) 100vw, 270px\" \/><\/a><p id=\"caption-attachment-833\" class=\"wp-caption-text\">Monument aux morts dans la commune de No\u00e9<\/p><\/div>\n<p style=\"text-align: justify\" align=\"justify\"><span style=\"font-family: Times New Roman,serif\"><span style=\"font-size: medium\">Le camp est rest\u00e9 actif de nombreuses ann\u00e9es, <a title=\"Camp de No\u00e9 \u2013 De la fin de la guerre \u00e0 la fermeture du camp\" href=\"http:\/\/blogs.univ-jfc.fr\/campsdusudouest\/camp-de-noe-de-la-fin-de-la-guerre-a-la-fermeture-du-camp\/\">jusqu&rsquo;\u00e0 sa fermeture<\/a> au moment de la Lib\u00e9ration. En effet, le<span style=\"color: #000000\"> contexte global en 1944 est celui des d\u00e9barquements en Normandie et en Provence qui entra\u00eenent la fin de la guerre. M\u00eame si l&rsquo;histoire du camp de No\u00e9 en tant que camp d&rsquo;internement ne s&rsquo;ach\u00e8ve pas imm\u00e9diatement, sa fermeture pose un certain nombre de questions. Le devenir du lieu, mais \u00e9galement<\/span> la pol\u00e9mique sur le devoir de m\u00e9moire se pose. <\/span><\/span><\/p>\n","protected":false},"excerpt":{"rendered":"<p>Pour museler la presse \u00e9trang\u00e8re d\u00e9non\u00e7ant les conditions de vie dans les camps, le minist\u00e8re de la guerre cr\u00e9e \u00ab\u00a0Le camp de s\u00e9jour surveill\u00e9 de No\u00e9 \u00bb, jumeau de celui du R\u00e9c\u00e9b\u00e9dou, situ\u00e9 \u00e0 Portet-sur-Garonne, exempt de toutes critiques sur &hellip; <a href=\"https:\/\/blogs.univ-jfc.fr\/campsdusudouest\/mongraphies-de-camps\/noe\/\">Lire la suite <span class=\"meta-nav\">&rarr;<\/span><\/a><\/p>\n","protected":false},"author":15,"featured_media":0,"parent":89,"menu_order":3,"comment_status":"closed","ping_status":"open","template":"","meta":[],"_links":{"self":[{"href":"https:\/\/blogs.univ-jfc.fr\/campsdusudouest\/wp-json\/wp\/v2\/pages\/98"}],"collection":[{"href":"https:\/\/blogs.univ-jfc.fr\/campsdusudouest\/wp-json\/wp\/v2\/pages"}],"about":[{"href":"https:\/\/blogs.univ-jfc.fr\/campsdusudouest\/wp-json\/wp\/v2\/types\/page"}],"author":[{"embeddable":true,"href":"https:\/\/blogs.univ-jfc.fr\/campsdusudouest\/wp-json\/wp\/v2\/users\/15"}],"replies":[{"embeddable":true,"href":"https:\/\/blogs.univ-jfc.fr\/campsdusudouest\/wp-json\/wp\/v2\/comments?post=98"}],"version-history":[{"count":12,"href":"https:\/\/blogs.univ-jfc.fr\/campsdusudouest\/wp-json\/wp\/v2\/pages\/98\/revisions"}],"predecessor-version":[{"id":3743,"href":"https:\/\/blogs.univ-jfc.fr\/campsdusudouest\/wp-json\/wp\/v2\/pages\/98\/revisions\/3743"}],"up":[{"embeddable":true,"href":"https:\/\/blogs.univ-jfc.fr\/campsdusudouest\/wp-json\/wp\/v2\/pages\/89"}],"wp:attachment":[{"href":"https:\/\/blogs.univ-jfc.fr\/campsdusudouest\/wp-json\/wp\/v2\/media?parent=98"}],"curies":[{"name":"wp","href":"https:\/\/api.w.org\/{rel}","templated":true}]}}