{"id":18,"date":"2018-11-19T14:42:24","date_gmt":"2018-11-19T13:42:24","guid":{"rendered":"http:\/\/blogs.univ-jfc.fr\/clone\/?page_id=18"},"modified":"2025-11-26T15:04:14","modified_gmt":"2025-11-26T14:04:14","slug":"equipe","status":"publish","type":"page","link":"https:\/\/blogs.univ-jfc.fr\/clone\/equipe\/","title":{"rendered":"\u00c9quipe"},"content":{"rendered":"<ul>\n<li><strong>Coordination scientifique du projet<\/strong><br \/>\nCatherine Pons Lelardeux, Dr &#8211; ing\u00e9nieure de recherche en informatique<\/li>\n<li><strong>Responsable acad\u00e9mique du projet<\/strong><br \/>\nCatherine Pons Lelardeux, Dr &#8211; ing\u00e9nieur de recherche en informatique<\/li>\n<li><strong>Membres de l&rsquo;\u00e9quipe du Serious Game Research Lab :<br \/>\n<\/strong>Michel Galaup, MCF en sciences de l&rsquo;\u00e9ducation<br \/>\nPierre Lagarrigue, Professeur des universit\u00e9s<br \/>\nBenoit Landi, doctorant en informatique<br \/>\nHerv\u00e9 Pingaud, Professeur des Universit\u00e9s<br \/>\nCatherine Pons Lelardeux, Dr &#8211; ing\u00e9nieur de recherche en informatique<br \/>\nArthur Ramolet, ing\u00e9nieur de recherche en informatique<br \/>\n<strong>Contributions<\/strong> :<br \/>\nSimon Pratdessus (stage d&rsquo;arts graphiques)<\/li>\n<li><strong>Membre de ISIS :<\/strong><br \/>\nHerv\u00e9 Pingaud (PR en recherche op\u00e9rationnelle et organisation des syst\u00e8mes de sant\u00e9) &#8211; comit\u00e9 de pilotage<\/li>\n<li><strong>Membres de l&rsquo;Agence R\u00e9gionale de sant\u00e9<br \/>\n<\/strong>Catherine Mercadier &#8211; chef de projet &#8211; ARS<br \/>\nV\u00e9ronique Teilhol &#8211; Conseiller Technique &#8211; ARS<br \/>\nAlexandra Leprince &#8211; GIP E-Sant\u00e9<\/li>\n<li><strong>Contact<\/strong> : <a href=\"mailto:sg_clone@listes.univ-jfc.fr\">sg_clone@listes.univ-jfc.fr <\/a><\/li>\n<\/ul>\n","protected":false},"excerpt":{"rendered":"<p>Coordination scientifique du projet Catherine Pons Lelardeux, Dr &#8211; ing\u00e9nieure de recherche en informatique Responsable acad\u00e9mique du projet Catherine Pons Lelardeux, Dr &#8211; ing\u00e9nieur de recherche en informatique Membres de l&rsquo;\u00e9quipe du Serious Game Research Lab : Michel Galaup, MCF &hellip; <a href=\"https:\/\/blogs.univ-jfc.fr\/clone\/equipe\/\">Lire la suite <span class=\"meta-nav\">&rarr;<\/span><\/a><\/p>\n","protected":false},"author":242,"featured_media":12,"parent":0,"menu_order":0,"comment_status":"closed","ping_status":"closed","template":"","meta":[],"_links":{"self":[{"href":"https:\/\/blogs.univ-jfc.fr\/clone\/wp-json\/wp\/v2\/pages\/18"}],"collection":[{"href":"https:\/\/blogs.univ-jfc.fr\/clone\/wp-json\/wp\/v2\/pages"}],"about":[{"href":"https:\/\/blogs.univ-jfc.fr\/clone\/wp-json\/wp\/v2\/types\/page"}],"author":[{"embeddable":true,"href":"https:\/\/blogs.univ-jfc.fr\/clone\/wp-json\/wp\/v2\/users\/242"}],"replies":[{"embeddable":true,"href":"https:\/\/blogs.univ-jfc.fr\/clone\/wp-json\/wp\/v2\/comments?post=18"}],"version-history":[{"count":18,"href":"https:\/\/blogs.univ-jfc.fr\/clone\/wp-json\/wp\/v2\/pages\/18\/revisions"}],"predecessor-version":[{"id":99,"href":"https:\/\/blogs.univ-jfc.fr\/clone\/wp-json\/wp\/v2\/pages\/18\/revisions\/99"}],"wp:featuredmedia":[{"embeddable":true,"href":"https:\/\/blogs.univ-jfc.fr\/clone\/wp-json\/wp\/v2\/media\/12"}],"wp:attachment":[{"href":"https:\/\/blogs.univ-jfc.fr\/clone\/wp-json\/wp\/v2\/media?parent=18"}],"curies":[{"name":"wp","href":"https:\/\/api.w.org\/{rel}","templated":true}]}}