{"id":2,"date":"2018-07-06T10:38:18","date_gmt":"2018-07-06T08:38:18","guid":{"rendered":"http:\/\/blogs.univ-jfc.fr\/clone\/?page_id=2"},"modified":"2019-02-08T15:13:20","modified_gmt":"2019-02-08T14:13:20","slug":"page-d-exemple","status":"publish","type":"page","link":"https:\/\/blogs.univ-jfc.fr\/clone\/","title":{"rendered":"CLONE, jeu s\u00e9rieux de simulation destin\u00e9 \u00e0 former les futurs professionnels en soins infirmiers \u00e0 l&rsquo;organisation du travail et la planification des t\u00e2ches"},"content":{"rendered":"<h1>CLONE, jeu s\u00e9rieux de simulation d\u00e9di\u00e9 \u00e0 l\u2019organisation du travail et \u00e0 la planification des activit\u00e9s pour les \u00e9tudiants et professionnels en soins infirmiers<\/h1>\n<p>Clinical Organizer Nurse Education (CLONE) est un jeu s\u00e9rieux de formation destin\u00e9 \u00e0 former les futurs professionnels en soins infirmiers \u00e0 l\u2019organisation du travail en \u00e9quipe et la planification des t\u00e2ches dans un service clinique accueillant jusqu\u2019\u00e0 14 patients. L\u2019environnement virtuel interactif est accessible en ligne et simule l\u2019activit\u00e9 d\u2019un service clinique de m\u00e9decine g\u00e9n\u00e9rale dans lequel interviennent les personnels infirmiers, les aides-soignants, les m\u00e9decins, kin\u00e9&#8230;<\/p>\n<p>CLONE a re\u00e7u le <strong>Premier prix<\/strong> du Poster lors des journ\u00e9es <strong>TIC Sant\u00e9<\/strong> qui ont eu lieu le 6-7 f\u00e9vrier 2019 \u00e0 \u00e0 la Fondation Biermans Lap\u00f4tre \u00e0 Paris.<\/p>\n<p><img loading=\"lazy\" class=\"alignnone wp-image-12 size-medium\" src=\"http:\/\/blogs.univ-jfc.fr\/clone\/wp-content\/uploads\/sites\/67\/2018\/07\/2018-11-ServiceClinique_Smell-300x168.png\" alt=\"\" width=\"300\" height=\"168\" srcset=\"https:\/\/blogs.univ-jfc.fr\/clone\/wp-content\/uploads\/sites\/67\/2018\/07\/2018-11-ServiceClinique_Smell-300x168.png 300w, https:\/\/blogs.univ-jfc.fr\/clone\/wp-content\/uploads\/sites\/67\/2018\/07\/2018-11-ServiceClinique_Smell-768x431.png 768w, https:\/\/blogs.univ-jfc.fr\/clone\/wp-content\/uploads\/sites\/67\/2018\/07\/2018-11-ServiceClinique_Smell-1024x574.png 1024w, https:\/\/blogs.univ-jfc.fr\/clone\/wp-content\/uploads\/sites\/67\/2018\/07\/2018-11-ServiceClinique_Smell-500x280.png 500w, https:\/\/blogs.univ-jfc.fr\/clone\/wp-content\/uploads\/sites\/67\/2018\/07\/2018-11-ServiceClinique_Smell.png 1134w\" sizes=\"(max-width: 300px) 100vw, 300px\" \/><\/p>\n<p>Cr\u00e9e en partenariat avec l&rsquo;Agence R\u00e9gionale de Sant\u00e9 Occitanie et 11 instituts de formation en soins infirmiers, le jeu de simulation CLONE a \u00e9t\u00e9 d\u00e9velopp\u00e9 par le Serious Game Research Lab. Cet outil de formation interactif a \u00e9t\u00e9 con\u00e7u pour aider les formateurs et les \u00e9tudiants \u00e0 d\u00e9velopper les comp\u00e9tences pr\u00e9sentes dans le r\u00e9f\u00e9rentiel et en particulier la comp\u00e9tence 9.<\/p>\n<p>Cet outil s&rsquo;appuie sur le r\u00e9f\u00e9rentiel national des comp\u00e9tences attendues pour \u00eatre dipl\u00f4m\u00e9 d&rsquo;\u00e9tat en soins infirmiers; il peut \u00eatre utilis\u00e9 par les formateurs des IFSI.<\/p>\n<p>Trailer :<\/p>\n<p><video controls=\"controls\" width=\"400\" height=\"300\"><source src=\"https:\/\/media.univ-jfc.fr\/videos\/MEDIA181120111737116\/multimedia\/MEDIA181120111737116.mp4\" type=\"video\/mp4\" \/>Sorry, your browser doesn&rsquo;t support embedded videos.<\/video><\/p>\n","protected":false},"excerpt":{"rendered":"<p>CLONE, jeu s\u00e9rieux de simulation d\u00e9di\u00e9 \u00e0 l\u2019organisation du travail et \u00e0 la planification des activit\u00e9s pour les \u00e9tudiants et professionnels en soins infirmiers Clinical Organizer Nurse Education (CLONE) est un jeu s\u00e9rieux de formation destin\u00e9 \u00e0 former les futurs &hellip; <a href=\"https:\/\/blogs.univ-jfc.fr\/clone\/\">Lire la suite <span class=\"meta-nav\">&rarr;<\/span><\/a><\/p>\n","protected":false},"author":492,"featured_media":12,"parent":0,"menu_order":0,"comment_status":"closed","ping_status":"open","template":"showcase.php","meta":[],"_links":{"self":[{"href":"https:\/\/blogs.univ-jfc.fr\/clone\/wp-json\/wp\/v2\/pages\/2"}],"collection":[{"href":"https:\/\/blogs.univ-jfc.fr\/clone\/wp-json\/wp\/v2\/pages"}],"about":[{"href":"https:\/\/blogs.univ-jfc.fr\/clone\/wp-json\/wp\/v2\/types\/page"}],"author":[{"embeddable":true,"href":"https:\/\/blogs.univ-jfc.fr\/clone\/wp-json\/wp\/v2\/users\/492"}],"replies":[{"embeddable":true,"href":"https:\/\/blogs.univ-jfc.fr\/clone\/wp-json\/wp\/v2\/comments?post=2"}],"version-history":[{"count":26,"href":"https:\/\/blogs.univ-jfc.fr\/clone\/wp-json\/wp\/v2\/pages\/2\/revisions"}],"predecessor-version":[{"id":95,"href":"https:\/\/blogs.univ-jfc.fr\/clone\/wp-json\/wp\/v2\/pages\/2\/revisions\/95"}],"wp:featuredmedia":[{"embeddable":true,"href":"https:\/\/blogs.univ-jfc.fr\/clone\/wp-json\/wp\/v2\/media\/12"}],"wp:attachment":[{"href":"https:\/\/blogs.univ-jfc.fr\/clone\/wp-json\/wp\/v2\/media?parent=2"}],"curies":[{"name":"wp","href":"https:\/\/api.w.org\/{rel}","templated":true}]}}