{"id":79,"date":"2019-03-08T10:27:14","date_gmt":"2019-03-08T09:27:14","guid":{"rendered":"http:\/\/blogs.univ-jfc.fr\/clone\/?page_id=79"},"modified":"2019-03-08T10:35:01","modified_gmt":"2019-03-08T09:35:01","slug":"actualites","status":"publish","type":"page","link":"https:\/\/blogs.univ-jfc.fr\/clone\/actualites\/","title":{"rendered":"Actualit\u00e9s"},"content":{"rendered":"<p><strong>6-7 f\u00e9vrier 2019 : <\/strong>CLONE a re\u00e7u le <strong>Premier prix du Poster<\/strong> lors des <strong>journ\u00e9es TIC Sant\u00e9<\/strong> qui ont eu lieu \u00e0 la Fondation Biermans Lap\u00f4tre \u00e0 Paris.<\/p>\n<p><strong>Mardi 19 Mars<\/strong> <strong>2019<\/strong> \u00e0 l\u2019\u00c9cole d\u2019Ing\u00e9nieurs ISIS (Informatique des Syst\u00e8mes de Sant\u00e9) \u00e0 Castres : Master Classe<br \/>\n<strong><br \/>\n2018 : CLONE : projet innovant <\/strong>dans le domaine de la e-sant\u00e9 est<strong> une premi\u00e8re au niveau international.<\/strong><\/p>\n<p><strong>70<\/strong> formateurs des Instituts de Formation en Soins Infirmier d&rsquo;Occitanie ouest ont \u00e9t\u00e9 form\u00e9s \u00e0 l&rsquo;utilisation du jeu s\u00e9rieux CLONE<\/p>\n<p><strong>11<\/strong> Instituts de Formation en Soins Infirmiers ont utilis\u00e9s CLONE sur l&rsquo;ann\u00e9e 2018-2019<\/p>\n<p><strong>1023<\/strong> \u00e9l\u00e8ves-infirmiers ont utilis\u00e9 le jeu s\u00e9rieux CLONE sur l&rsquo;ann\u00e9e 2018-2019<\/p>\n<p><strong>\u00a0<\/strong><\/p>\n<p>&nbsp;<\/p>\n<p>&nbsp;<\/p>\n<p>&nbsp;<\/p>\n","protected":false},"excerpt":{"rendered":"<p>6-7 f\u00e9vrier 2019 : CLONE a re\u00e7u le Premier prix du Poster lors des journ\u00e9es TIC Sant\u00e9 qui ont eu lieu \u00e0 la Fondation Biermans Lap\u00f4tre \u00e0 Paris. Mardi 19 Mars 2019 \u00e0 l\u2019\u00c9cole d\u2019Ing\u00e9nieurs ISIS (Informatique des Syst\u00e8mes de &hellip; <a href=\"https:\/\/blogs.univ-jfc.fr\/clone\/actualites\/\">Lire la suite <span class=\"meta-nav\">&rarr;<\/span><\/a><\/p>\n","protected":false},"author":492,"featured_media":12,"parent":0,"menu_order":0,"comment_status":"closed","ping_status":"closed","template":"","meta":[],"_links":{"self":[{"href":"https:\/\/blogs.univ-jfc.fr\/clone\/wp-json\/wp\/v2\/pages\/79"}],"collection":[{"href":"https:\/\/blogs.univ-jfc.fr\/clone\/wp-json\/wp\/v2\/pages"}],"about":[{"href":"https:\/\/blogs.univ-jfc.fr\/clone\/wp-json\/wp\/v2\/types\/page"}],"author":[{"embeddable":true,"href":"https:\/\/blogs.univ-jfc.fr\/clone\/wp-json\/wp\/v2\/users\/492"}],"replies":[{"embeddable":true,"href":"https:\/\/blogs.univ-jfc.fr\/clone\/wp-json\/wp\/v2\/comments?post=79"}],"version-history":[{"count":4,"href":"https:\/\/blogs.univ-jfc.fr\/clone\/wp-json\/wp\/v2\/pages\/79\/revisions"}],"predecessor-version":[{"id":85,"href":"https:\/\/blogs.univ-jfc.fr\/clone\/wp-json\/wp\/v2\/pages\/79\/revisions\/85"}],"wp:featuredmedia":[{"embeddable":true,"href":"https:\/\/blogs.univ-jfc.fr\/clone\/wp-json\/wp\/v2\/media\/12"}],"wp:attachment":[{"href":"https:\/\/blogs.univ-jfc.fr\/clone\/wp-json\/wp\/v2\/media?parent=79"}],"curies":[{"name":"wp","href":"https:\/\/api.w.org\/{rel}","templated":true}]}}