{"id":106,"date":"2024-04-12T11:00:13","date_gmt":"2024-04-12T09:00:13","guid":{"rendered":"https:\/\/blogs.univ-jfc.fr\/cnctraining\/?page_id=106"},"modified":"2024-05-31T14:08:04","modified_gmt":"2024-05-31T12:08:04","slug":"charger-un-outil-dans-le-magasin","status":"publish","type":"page","link":"https:\/\/blogs.univ-jfc.fr\/cnctraining\/enhancednctraining\/utilisation-de-la-machine\/charger-un-outil-dans-le-magasin\/","title":{"rendered":"Charger un outil dans le magasin"},"content":{"rendered":"\n<p class=\"has-large-font-size\"><strong><span style=\"text-decoration: underline\">Remarque pr\u00e9liminaire<\/span><\/strong><\/p>\n\n\n\n<p>Les outils ne ce chargent pas directement dans le magasin, il faut passer par la broche.<\/p>\n\n\n\n<figure class=\"wp-block-image size-large\"><img loading=\"lazy\" width=\"724\" height=\"1024\" src=\"https:\/\/blogs.univ-jfc.fr\/cnctraining\/wp-content\/uploads\/sites\/132\/2024\/04\/broche-724x1024.jpg\" alt=\"\" class=\"wp-image-140\" srcset=\"https:\/\/blogs.univ-jfc.fr\/cnctraining\/wp-content\/uploads\/sites\/132\/2024\/04\/broche-724x1024.jpg 724w, https:\/\/blogs.univ-jfc.fr\/cnctraining\/wp-content\/uploads\/sites\/132\/2024\/04\/broche-212x300.jpg 212w, https:\/\/blogs.univ-jfc.fr\/cnctraining\/wp-content\/uploads\/sites\/132\/2024\/04\/broche-768x1087.jpg 768w, https:\/\/blogs.univ-jfc.fr\/cnctraining\/wp-content\/uploads\/sites\/132\/2024\/04\/broche-1085x1536.jpg 1085w, https:\/\/blogs.univ-jfc.fr\/cnctraining\/wp-content\/uploads\/sites\/132\/2024\/04\/broche-1447x2048.jpg 1447w, https:\/\/blogs.univ-jfc.fr\/cnctraining\/wp-content\/uploads\/sites\/132\/2024\/04\/broche-1568x2219.jpg 1568w, https:\/\/blogs.univ-jfc.fr\/cnctraining\/wp-content\/uploads\/sites\/132\/2024\/04\/broche-scaled.jpg 1809w\" sizes=\"(max-width: 724px) 100vw, 724px\" \/><\/figure>\n\n\n\n<p class=\"has-large-font-size\"><strong><span style=\"text-decoration: underline\">1. Pr\u00e9paration<\/span><\/strong><\/p>\n\n\n\n<p>V\u00e9rifiez que la tirette de l&rsquo;outil est compatible avec la broche et qu&rsquo;elle est viss\u00e9e \u00e0 fond .<\/p>\n\n\n\n<figure class=\"wp-block-embed is-type-video is-provider-youtube wp-block-embed-youtube wp-embed-aspect-16-9 wp-has-aspect-ratio\"><div class=\"wp-block-embed__wrapper\">\n<iframe title=\"Tirette outil\" width=\"750\" height=\"422\" src=\"https:\/\/www.youtube.com\/embed\/_Zh9TPH6o5E?feature=oembed\" frameborder=\"0\" allow=\"accelerometer; autoplay; clipboard-write; encrypted-media; gyroscope; picture-in-picture; web-share\" referrerpolicy=\"strict-origin-when-cross-origin\" allowfullscreen><\/iframe>\n<\/div><\/figure>\n\n\n\n<p class=\"has-large-font-size\"><strong><span style=\"text-decoration: underline\">2. Positionnement de la broche<\/span><\/strong><\/p>\n\n\n\n<p>Remonter suffisamment la broche en manuel suivant l\u2019axe Z pour acc\u00e9der \u00e0 l&rsquo;outil.<\/p>\n\n\n\n<figure class=\"wp-block-image size-large\"><img loading=\"lazy\" width=\"724\" height=\"1024\" src=\"http:\/\/blogs.univ-jfc.fr\/cnctraining\/wp-content\/uploads\/sites\/132\/2024\/04\/broche-724x1024.jpg\" alt=\"\" class=\"wp-image-140\" srcset=\"https:\/\/blogs.univ-jfc.fr\/cnctraining\/wp-content\/uploads\/sites\/132\/2024\/04\/broche-724x1024.jpg 724w, https:\/\/blogs.univ-jfc.fr\/cnctraining\/wp-content\/uploads\/sites\/132\/2024\/04\/broche-212x300.jpg 212w, https:\/\/blogs.univ-jfc.fr\/cnctraining\/wp-content\/uploads\/sites\/132\/2024\/04\/broche-768x1087.jpg 768w, https:\/\/blogs.univ-jfc.fr\/cnctraining\/wp-content\/uploads\/sites\/132\/2024\/04\/broche-1085x1536.jpg 1085w, https:\/\/blogs.univ-jfc.fr\/cnctraining\/wp-content\/uploads\/sites\/132\/2024\/04\/broche-1447x2048.jpg 1447w, https:\/\/blogs.univ-jfc.fr\/cnctraining\/wp-content\/uploads\/sites\/132\/2024\/04\/broche-1568x2219.jpg 1568w, https:\/\/blogs.univ-jfc.fr\/cnctraining\/wp-content\/uploads\/sites\/132\/2024\/04\/broche-scaled.jpg 1809w\" sizes=\"(max-width: 724px) 100vw, 724px\" \/><\/figure>\n\n\n\n<p class=\"has-large-font-size\"><strong><span style=\"text-decoration: underline\">3. Passage en Introduction de donn\u00e9es manuelle (MDI)<\/span><\/strong><\/p>\n\n\n\n<p>Appuyer sur la touche \u00ab\u00a0MDI\u00a0\u00bb.<\/p>\n\n\n\n<figure class=\"wp-block-image size-large\"><img loading=\"lazy\" width=\"1024\" height=\"693\" src=\"http:\/\/blogs.univ-jfc.fr\/cnctraining\/wp-content\/uploads\/sites\/132\/2024\/04\/MDI-1-1024x693.png\" alt=\"\" class=\"wp-image-294\" srcset=\"https:\/\/blogs.univ-jfc.fr\/cnctraining\/wp-content\/uploads\/sites\/132\/2024\/04\/MDI-1-1024x693.png 1024w, https:\/\/blogs.univ-jfc.fr\/cnctraining\/wp-content\/uploads\/sites\/132\/2024\/04\/MDI-1-300x203.png 300w, https:\/\/blogs.univ-jfc.fr\/cnctraining\/wp-content\/uploads\/sites\/132\/2024\/04\/MDI-1-768x520.png 768w, https:\/\/blogs.univ-jfc.fr\/cnctraining\/wp-content\/uploads\/sites\/132\/2024\/04\/MDI-1-1536x1039.png 1536w, https:\/\/blogs.univ-jfc.fr\/cnctraining\/wp-content\/uploads\/sites\/132\/2024\/04\/MDI-1-1568x1061.png 1568w, https:\/\/blogs.univ-jfc.fr\/cnctraining\/wp-content\/uploads\/sites\/132\/2024\/04\/MDI-1.png 1632w\" sizes=\"(max-width: 1024px) 100vw, 1024px\" \/><\/figure>\n\n\n\n<p class=\"has-large-font-size\"><strong><span style=\"text-decoration: underline\">4. Suppression d&rsquo;ancienne instruction<\/span><\/strong><\/p>\n\n\n\n<p>Appuyer sur la touche \u00ab\u00a0ERASE PROGRAM\u00a0\u00bb.<\/p>\n\n\n\n<figure class=\"wp-block-image size-large\"><img loading=\"lazy\" width=\"1024\" height=\"693\" src=\"http:\/\/blogs.univ-jfc.fr\/cnctraining\/wp-content\/uploads\/sites\/132\/2024\/04\/Erase_Programe-1-1024x693.png\" alt=\"\" class=\"wp-image-289\" srcset=\"https:\/\/blogs.univ-jfc.fr\/cnctraining\/wp-content\/uploads\/sites\/132\/2024\/04\/Erase_Programe-1-1024x693.png 1024w, https:\/\/blogs.univ-jfc.fr\/cnctraining\/wp-content\/uploads\/sites\/132\/2024\/04\/Erase_Programe-1-300x203.png 300w, https:\/\/blogs.univ-jfc.fr\/cnctraining\/wp-content\/uploads\/sites\/132\/2024\/04\/Erase_Programe-1-768x520.png 768w, https:\/\/blogs.univ-jfc.fr\/cnctraining\/wp-content\/uploads\/sites\/132\/2024\/04\/Erase_Programe-1-1536x1039.png 1536w, https:\/\/blogs.univ-jfc.fr\/cnctraining\/wp-content\/uploads\/sites\/132\/2024\/04\/Erase_Programe-1-1568x1061.png 1568w, https:\/\/blogs.univ-jfc.fr\/cnctraining\/wp-content\/uploads\/sites\/132\/2024\/04\/Erase_Programe-1.png 1632w\" sizes=\"(max-width: 1024px) 100vw, 1024px\" \/><\/figure>\n\n\n\n<p class=\"has-large-font-size\"><span style=\"text-decoration: underline\"><strong>5. Pour l&#8217;emplacement X :\u00a0<\/strong><\/span><\/p>\n\n\n\n<p>Tapez la commande suivante : M6 TX (o\u00f9 TX est le num\u00e9ro de l&rsquo;outil et M6 l&rsquo;instruction de changement d&rsquo;outil).<\/p>\n\n\n\n<p>Dans mon exemple la commande est M6 T8 <\/p>\n\n\n\n<p>(S&rsquo;il n&rsquo;y a pas d&#8217;emplacement libre, demander quel outil peut-\u00eatre enlev\u00e9. )<\/p>\n\n\n\n<figure class=\"wp-block-image size-large\"><img loading=\"lazy\" width=\"1024\" height=\"768\" src=\"https:\/\/blogs.univ-jfc.fr\/cnctraining\/wp-content\/uploads\/sites\/132\/2024\/04\/MDI_avec_instruction.png\" alt=\"\" class=\"wp-image-137\" srcset=\"https:\/\/blogs.univ-jfc.fr\/cnctraining\/wp-content\/uploads\/sites\/132\/2024\/04\/MDI_avec_instruction.png 1024w, https:\/\/blogs.univ-jfc.fr\/cnctraining\/wp-content\/uploads\/sites\/132\/2024\/04\/MDI_avec_instruction-300x225.png 300w, https:\/\/blogs.univ-jfc.fr\/cnctraining\/wp-content\/uploads\/sites\/132\/2024\/04\/MDI_avec_instruction-768x576.png 768w\" sizes=\"(max-width: 1024px) 100vw, 1024px\" \/><\/figure>\n\n\n\n<p class=\"has-large-font-size\"><strong><span style=\"text-decoration: underline\">6. Valider la saisie<\/span><\/strong><\/p>\n\n\n\n<p>Valider la saisie en appuyant sur la touche \u00ab\u00a0ENTER\u00a0\u00bb.<\/p>\n\n\n\n<figure class=\"wp-block-image size-large\"><img loading=\"lazy\" width=\"1024\" height=\"693\" src=\"http:\/\/blogs.univ-jfc.fr\/cnctraining\/wp-content\/uploads\/sites\/132\/2024\/04\/Enter-1-1024x693.png\" alt=\"\" class=\"wp-image-288\" srcset=\"https:\/\/blogs.univ-jfc.fr\/cnctraining\/wp-content\/uploads\/sites\/132\/2024\/04\/Enter-1-1024x693.png 1024w, https:\/\/blogs.univ-jfc.fr\/cnctraining\/wp-content\/uploads\/sites\/132\/2024\/04\/Enter-1-300x203.png 300w, https:\/\/blogs.univ-jfc.fr\/cnctraining\/wp-content\/uploads\/sites\/132\/2024\/04\/Enter-1-768x520.png 768w, https:\/\/blogs.univ-jfc.fr\/cnctraining\/wp-content\/uploads\/sites\/132\/2024\/04\/Enter-1-1536x1039.png 1536w, https:\/\/blogs.univ-jfc.fr\/cnctraining\/wp-content\/uploads\/sites\/132\/2024\/04\/Enter-1-1568x1061.png 1568w, https:\/\/blogs.univ-jfc.fr\/cnctraining\/wp-content\/uploads\/sites\/132\/2024\/04\/Enter-1.png 1632w\" sizes=\"(max-width: 1024px) 100vw, 1024px\" \/><\/figure>\n\n\n\n<p class=\"has-large-font-size\"><strong><span style=\"text-decoration: underline\">7. Lancement de la commande<\/span><\/strong><\/p>\n\n\n\n<p>Appuyer sur le bouton \u00ab\u00a0D\u00c9PART CYCLE\u00a0\u00bb.<\/p>\n\n\n\n<figure class=\"wp-block-image size-large\"><img loading=\"lazy\" width=\"699\" height=\"1024\" src=\"http:\/\/blogs.univ-jfc.fr\/cnctraining\/wp-content\/uploads\/sites\/132\/2024\/04\/Start-1-699x1024.png\" alt=\"\" class=\"wp-image-280\" srcset=\"https:\/\/blogs.univ-jfc.fr\/cnctraining\/wp-content\/uploads\/sites\/132\/2024\/04\/Start-1-699x1024.png 699w, https:\/\/blogs.univ-jfc.fr\/cnctraining\/wp-content\/uploads\/sites\/132\/2024\/04\/Start-1-205x300.png 205w, https:\/\/blogs.univ-jfc.fr\/cnctraining\/wp-content\/uploads\/sites\/132\/2024\/04\/Start-1-768x1124.png 768w, https:\/\/blogs.univ-jfc.fr\/cnctraining\/wp-content\/uploads\/sites\/132\/2024\/04\/Start-1.png 879w\" sizes=\"(max-width: 699px) 100vw, 699px\" \/><\/figure>\n\n\n\n<p>Retirer l&rsquo;outil de la broche s&rsquo;il y en a un.<\/p>\n\n\n\n<figure class=\"wp-block-embed is-type-video is-provider-youtube wp-block-embed-youtube wp-embed-aspect-16-9 wp-has-aspect-ratio\"><div class=\"wp-block-embed__wrapper\">\n<iframe title=\"Retirer outil\" width=\"750\" height=\"422\" src=\"https:\/\/www.youtube.com\/embed\/rnzkbI95DrI?feature=oembed\" frameborder=\"0\" allow=\"accelerometer; autoplay; clipboard-write; encrypted-media; gyroscope; picture-in-picture; web-share\" referrerpolicy=\"strict-origin-when-cross-origin\" allowfullscreen><\/iframe>\n<\/div><\/figure>\n\n\n\n<p class=\"has-large-font-size\"><strong><span style=\"text-decoration: underline\">8. Mettre l&rsquo;outil<\/span><\/strong><\/p>\n\n\n\n<p>Appuyez sur le bouton lib\u00e9ration d&rsquo;outil.<br>Positionner l&rsquo;outil dans la broche avec les mortaises de l&rsquo;outil en face des tenons.<br>Rel\u00e2chez le bouton lib\u00e9ration d&rsquo;outil.<\/p>\n\n\n\n<figure class=\"wp-block-embed is-type-video is-provider-youtube wp-block-embed-youtube wp-embed-aspect-16-9 wp-has-aspect-ratio\"><div class=\"wp-block-embed__wrapper\">\n<iframe title=\"mettre Outil\" width=\"750\" height=\"422\" src=\"https:\/\/www.youtube.com\/embed\/Ir1eiEMzRxU?feature=oembed\" frameborder=\"0\" allow=\"accelerometer; autoplay; clipboard-write; encrypted-media; gyroscope; picture-in-picture; web-share\" referrerpolicy=\"strict-origin-when-cross-origin\" allowfullscreen><\/iframe>\n<\/div><\/figure>\n\n\n\n<p class=\"has-extra-large-font-size\">Fin de Charger un outil dans le magasin<\/p>\n\n\n\n<div class=\"wp-block-buttons\">\n<div class=\"wp-block-button is-style-outline\"><a class=\"wp-block-button__link has-black-color has-yellow-background-color has-text-color has-background\" href=\"https:\/\/blogs.univ-jfc.fr\/cnctraining\/enhancednctraining\/utilisation-de-la-machine\/\" style=\"border-radius:25px\">Utilisation de la machine<\/a><\/div>\n\n\n\n<div class=\"wp-block-button is-style-outline\"><a class=\"wp-block-button__link has-black-color has-orange-background-color has-text-color has-background\" href=\"https:\/\/blogs.univ-jfc.fr\/cnctraining\/\" style=\"border-radius:25px\">Menu principal<\/a><\/div>\n<\/div>\n","protected":false},"excerpt":{"rendered":"<p>Remarque pr\u00e9liminaire Les outils ne ce chargent pas directement dans le magasin, il faut passer par la broche. 1. Pr\u00e9paration V\u00e9rifiez que la tirette de l&rsquo;outil est compatible avec la broche et qu&rsquo;elle est viss\u00e9e \u00e0 fond . 2. Positionnement de la broche Remonter suffisamment la broche en manuel suivant l\u2019axe Z pour acc\u00e9der \u00e0&hellip; <a class=\"more-link\" href=\"https:\/\/blogs.univ-jfc.fr\/cnctraining\/enhancednctraining\/utilisation-de-la-machine\/charger-un-outil-dans-le-magasin\/\">Poursuivre la lecture <span class=\"screen-reader-text\">Charger un outil dans le magasin<\/span><\/a><\/p>\n","protected":false},"author":1487,"featured_media":0,"parent":24,"menu_order":7,"comment_status":"closed","ping_status":"closed","template":"","meta":[],"_links":{"self":[{"href":"https:\/\/blogs.univ-jfc.fr\/cnctraining\/wp-json\/wp\/v2\/pages\/106"}],"collection":[{"href":"https:\/\/blogs.univ-jfc.fr\/cnctraining\/wp-json\/wp\/v2\/pages"}],"about":[{"href":"https:\/\/blogs.univ-jfc.fr\/cnctraining\/wp-json\/wp\/v2\/types\/page"}],"author":[{"embeddable":true,"href":"https:\/\/blogs.univ-jfc.fr\/cnctraining\/wp-json\/wp\/v2\/users\/1487"}],"replies":[{"embeddable":true,"href":"https:\/\/blogs.univ-jfc.fr\/cnctraining\/wp-json\/wp\/v2\/comments?post=106"}],"version-history":[{"count":13,"href":"https:\/\/blogs.univ-jfc.fr\/cnctraining\/wp-json\/wp\/v2\/pages\/106\/revisions"}],"predecessor-version":[{"id":391,"href":"https:\/\/blogs.univ-jfc.fr\/cnctraining\/wp-json\/wp\/v2\/pages\/106\/revisions\/391"}],"up":[{"embeddable":true,"href":"https:\/\/blogs.univ-jfc.fr\/cnctraining\/wp-json\/wp\/v2\/pages\/24"}],"wp:attachment":[{"href":"https:\/\/blogs.univ-jfc.fr\/cnctraining\/wp-json\/wp\/v2\/media?parent=106"}],"curies":[{"name":"wp","href":"https:\/\/api.w.org\/{rel}","templated":true}]}}