{"id":110,"date":"2024-04-12T11:10:35","date_gmt":"2024-04-12T09:10:35","guid":{"rendered":"https:\/\/blogs.univ-jfc.fr\/cnctraining\/?page_id=110"},"modified":"2024-05-03T14:53:36","modified_gmt":"2024-05-03T12:53:36","slug":"faire-les-jauges-outils-avec-le-palpeur-outil-renishaw-directement-sur-la-cn","status":"publish","type":"page","link":"https:\/\/blogs.univ-jfc.fr\/cnctraining\/enhancednctraining\/utilisation-de-la-machine\/faire-les-jauges-outils-avec-le-palpeur-outil-renishaw-directement-sur-la-cn\/","title":{"rendered":"Faire les jauges outils avec le palpeur outil (renishaw) directement sur la cn"},"content":{"rendered":"\n<p class=\"has-large-font-size\"><strong><span style=\"text-decoration: underline\">Passage en Introduction de donn\u00e9es manuelle (MDI)<\/span><\/strong><\/p>\n\n\n\n<p>Appuyer sur la touche \u00ab\u00a0MDI\u00a0\u00bb<\/p>\n\n\n\n<figure class=\"wp-block-image size-large\"><img loading=\"lazy\" width=\"1024\" height=\"693\" src=\"http:\/\/blogs.univ-jfc.fr\/cnctraining\/wp-content\/uploads\/sites\/132\/2024\/04\/MDI-1-1024x693.png\" alt=\"\" class=\"wp-image-294\" srcset=\"https:\/\/blogs.univ-jfc.fr\/cnctraining\/wp-content\/uploads\/sites\/132\/2024\/04\/MDI-1-1024x693.png 1024w, https:\/\/blogs.univ-jfc.fr\/cnctraining\/wp-content\/uploads\/sites\/132\/2024\/04\/MDI-1-300x203.png 300w, https:\/\/blogs.univ-jfc.fr\/cnctraining\/wp-content\/uploads\/sites\/132\/2024\/04\/MDI-1-768x520.png 768w, https:\/\/blogs.univ-jfc.fr\/cnctraining\/wp-content\/uploads\/sites\/132\/2024\/04\/MDI-1-1536x1039.png 1536w, https:\/\/blogs.univ-jfc.fr\/cnctraining\/wp-content\/uploads\/sites\/132\/2024\/04\/MDI-1-1568x1061.png 1568w, https:\/\/blogs.univ-jfc.fr\/cnctraining\/wp-content\/uploads\/sites\/132\/2024\/04\/MDI-1.png 1632w\" sizes=\"(max-width: 1024px) 100vw, 1024px\" \/><\/figure>\n\n\n\n<p class=\"has-large-font-size\"><strong><span style=\"text-decoration: underline\">Appel de l\u2019outil \u00e0 jauger en broche.<\/span><\/strong><\/p>\n\n\n\n<p>Appel de l\u2019outil \u00e0 jauger en broche.<br>Exemple pour l\u2019outil 8 : M6 T8<\/p>\n\n\n\n<figure class=\"wp-block-image size-large\"><img loading=\"lazy\" width=\"1024\" height=\"768\" src=\"http:\/\/blogs.univ-jfc.fr\/cnctraining\/wp-content\/uploads\/sites\/132\/2024\/04\/MDI_avec_instruction.png\" alt=\"\" class=\"wp-image-137\" srcset=\"https:\/\/blogs.univ-jfc.fr\/cnctraining\/wp-content\/uploads\/sites\/132\/2024\/04\/MDI_avec_instruction.png 1024w, https:\/\/blogs.univ-jfc.fr\/cnctraining\/wp-content\/uploads\/sites\/132\/2024\/04\/MDI_avec_instruction-300x225.png 300w, https:\/\/blogs.univ-jfc.fr\/cnctraining\/wp-content\/uploads\/sites\/132\/2024\/04\/MDI_avec_instruction-768x576.png 768w\" sizes=\"(max-width: 1024px) 100vw, 1024px\" \/><\/figure>\n\n\n\n<p class=\"has-large-font-size\"><strong><span style=\"text-decoration: underline\">Lancement de la commande<\/span><\/strong><\/p>\n\n\n\n<p>Appuyer sur le bouton D\u00c9PART CYCLE<\/p>\n\n\n\n<figure class=\"wp-block-image size-large\"><img loading=\"lazy\" width=\"699\" height=\"1024\" src=\"http:\/\/blogs.univ-jfc.fr\/cnctraining\/wp-content\/uploads\/sites\/132\/2024\/04\/Start-1-699x1024.png\" alt=\"\" class=\"wp-image-280\" srcset=\"https:\/\/blogs.univ-jfc.fr\/cnctraining\/wp-content\/uploads\/sites\/132\/2024\/04\/Start-1-699x1024.png 699w, https:\/\/blogs.univ-jfc.fr\/cnctraining\/wp-content\/uploads\/sites\/132\/2024\/04\/Start-1-205x300.png 205w, https:\/\/blogs.univ-jfc.fr\/cnctraining\/wp-content\/uploads\/sites\/132\/2024\/04\/Start-1-768x1124.png 768w, https:\/\/blogs.univ-jfc.fr\/cnctraining\/wp-content\/uploads\/sites\/132\/2024\/04\/Start-1.png 879w\" sizes=\"(max-width: 699px) 100vw, 699px\" \/><\/figure>\n\n\n\n<p class=\"has-large-font-size\"><span style=\"text-decoration: underline\"><strong>Aller dans le Menu de g\u00e9n\u00e9ration<\/strong><\/span> <span style=\"text-decoration: underline\"><strong>de Programme<\/strong><\/span><\/p>\n\n\n\n<p>Appuyer sur la touche EDIT<\/p>\n\n\n\n<figure class=\"wp-block-image size-large\"><img loading=\"lazy\" width=\"1024\" height=\"693\" src=\"http:\/\/blogs.univ-jfc.fr\/cnctraining\/wp-content\/uploads\/sites\/132\/2024\/04\/Edit-1-1024x693.png\" alt=\"\" class=\"wp-image-287\" srcset=\"https:\/\/blogs.univ-jfc.fr\/cnctraining\/wp-content\/uploads\/sites\/132\/2024\/04\/Edit-1-1024x693.png 1024w, https:\/\/blogs.univ-jfc.fr\/cnctraining\/wp-content\/uploads\/sites\/132\/2024\/04\/Edit-1-300x203.png 300w, https:\/\/blogs.univ-jfc.fr\/cnctraining\/wp-content\/uploads\/sites\/132\/2024\/04\/Edit-1-768x520.png 768w, https:\/\/blogs.univ-jfc.fr\/cnctraining\/wp-content\/uploads\/sites\/132\/2024\/04\/Edit-1-1536x1039.png 1536w, https:\/\/blogs.univ-jfc.fr\/cnctraining\/wp-content\/uploads\/sites\/132\/2024\/04\/Edit-1-1568x1061.png 1568w, https:\/\/blogs.univ-jfc.fr\/cnctraining\/wp-content\/uploads\/sites\/132\/2024\/04\/Edit-1.png 1632w\" sizes=\"(max-width: 1024px) 100vw, 1024px\" \/><\/figure>\n\n\n\n<p class=\"has-large-font-size\"><span style=\"text-decoration: underline\"><strong>A l\u2019aide des fl\u00e8ches de d\u00e9placement<\/strong><\/span><\/p>\n\n\n\n<p>Pour la suite utiliser les fl\u00e8ches pour les menus<\/p>\n\n\n\n<figure class=\"wp-block-image size-large\"><img loading=\"lazy\" width=\"1024\" height=\"693\" src=\"http:\/\/blogs.univ-jfc.fr\/cnctraining\/wp-content\/uploads\/sites\/132\/2024\/04\/Croix-1-1024x693.png\" alt=\"\" class=\"wp-image-285\" srcset=\"https:\/\/blogs.univ-jfc.fr\/cnctraining\/wp-content\/uploads\/sites\/132\/2024\/04\/Croix-1-1024x693.png 1024w, https:\/\/blogs.univ-jfc.fr\/cnctraining\/wp-content\/uploads\/sites\/132\/2024\/04\/Croix-1-300x203.png 300w, https:\/\/blogs.univ-jfc.fr\/cnctraining\/wp-content\/uploads\/sites\/132\/2024\/04\/Croix-1-768x520.png 768w, https:\/\/blogs.univ-jfc.fr\/cnctraining\/wp-content\/uploads\/sites\/132\/2024\/04\/Croix-1-1536x1039.png 1536w, https:\/\/blogs.univ-jfc.fr\/cnctraining\/wp-content\/uploads\/sites\/132\/2024\/04\/Croix-1-1568x1061.png 1568w, https:\/\/blogs.univ-jfc.fr\/cnctraining\/wp-content\/uploads\/sites\/132\/2024\/04\/Croix-1.png 1632w\" sizes=\"(max-width: 1024px) 100vw, 1024px\" \/><\/figure>\n\n\n\n<p class=\"has-large-font-size\"><strong><span style=\"text-decoration: underline\">S\u00e9lectionner VPS<\/span><\/strong><\/p>\n\n\n\n<p>S\u00e9lectionner VPS (choix entre EDITEUR OU VPS)<\/p>\n\n\n\n<figure class=\"wp-block-image size-large\"><img loading=\"lazy\" width=\"1024\" height=\"768\" src=\"https:\/\/blogs.univ-jfc.fr\/cnctraining\/wp-content\/uploads\/sites\/132\/2024\/04\/vps.png\" alt=\"\" class=\"wp-image-148\" srcset=\"https:\/\/blogs.univ-jfc.fr\/cnctraining\/wp-content\/uploads\/sites\/132\/2024\/04\/vps.png 1024w, https:\/\/blogs.univ-jfc.fr\/cnctraining\/wp-content\/uploads\/sites\/132\/2024\/04\/vps-300x225.png 300w, https:\/\/blogs.univ-jfc.fr\/cnctraining\/wp-content\/uploads\/sites\/132\/2024\/04\/vps-768x576.png 768w\" sizes=\"(max-width: 1024px) 100vw, 1024px\" \/><\/figure>\n\n\n\n<p class=\"has-large-font-size\"><strong><span style=\"text-decoration: underline\">S\u00e9lectionner PROBING<\/span><\/strong><\/p>\n\n\n\n<p>PROBING (choix entre PROBING, VPS, CUSTOM)<\/p>\n\n\n\n<figure class=\"wp-block-image size-large\"><img loading=\"lazy\" width=\"1024\" height=\"768\" src=\"https:\/\/blogs.univ-jfc.fr\/cnctraining\/wp-content\/uploads\/sites\/132\/2024\/04\/probing.png\" alt=\"\" class=\"wp-image-149\" srcset=\"https:\/\/blogs.univ-jfc.fr\/cnctraining\/wp-content\/uploads\/sites\/132\/2024\/04\/probing.png 1024w, https:\/\/blogs.univ-jfc.fr\/cnctraining\/wp-content\/uploads\/sites\/132\/2024\/04\/probing-300x225.png 300w, https:\/\/blogs.univ-jfc.fr\/cnctraining\/wp-content\/uploads\/sites\/132\/2024\/04\/probing-768x576.png 768w\" sizes=\"(max-width: 1024px) 100vw, 1024px\" \/><\/figure>\n\n\n\n<p class=\"has-large-font-size\"><strong><span style=\"text-decoration: underline\">S\u00e9lectionner TOOL SETTING<\/span><\/strong><\/p>\n\n\n\n<p>S\u00e9lectionner TOOL SETTING (choix entre TOOL SETTING, SPINDLE PROBE, CALIBRATION)<\/p>\n\n\n\n<figure class=\"wp-block-image size-large\"><img loading=\"lazy\" width=\"1024\" height=\"768\" src=\"https:\/\/blogs.univ-jfc.fr\/cnctraining\/wp-content\/uploads\/sites\/132\/2024\/04\/toolSeting.png\" alt=\"\" class=\"wp-image-150\" srcset=\"https:\/\/blogs.univ-jfc.fr\/cnctraining\/wp-content\/uploads\/sites\/132\/2024\/04\/toolSeting.png 1024w, https:\/\/blogs.univ-jfc.fr\/cnctraining\/wp-content\/uploads\/sites\/132\/2024\/04\/toolSeting-300x225.png 300w, https:\/\/blogs.univ-jfc.fr\/cnctraining\/wp-content\/uploads\/sites\/132\/2024\/04\/toolSeting-768x576.png 768w\" sizes=\"(max-width: 1024px) 100vw, 1024px\" \/><\/figure>\n\n\n\n<p class=\"has-large-font-size\"><strong><span style=\"text-decoration: underline\">S\u00e9lection m\u00e9thode calcul<\/span><\/strong><\/p>\n\n\n\n<p>Choisir la m\u00e9thode de calcul en fonction de l&rsquo;outil :<br>Auto Length, Non-rotating    pour les forets et forets \u00e0 pointer<br>Auto Length, Rotating            pour les fraises \u00e0 surfacer<br>Auto Length and Diameter     pour les fraises 2 tailles<\/p>\n\n\n\n<figure class=\"wp-block-image size-large\"><img loading=\"lazy\" width=\"1024\" height=\"768\" src=\"https:\/\/blogs.univ-jfc.fr\/cnctraining\/wp-content\/uploads\/sites\/132\/2024\/04\/ALaD.png\" alt=\"\" class=\"wp-image-151\" srcset=\"https:\/\/blogs.univ-jfc.fr\/cnctraining\/wp-content\/uploads\/sites\/132\/2024\/04\/ALaD.png 1024w, https:\/\/blogs.univ-jfc.fr\/cnctraining\/wp-content\/uploads\/sites\/132\/2024\/04\/ALaD-300x225.png 300w, https:\/\/blogs.univ-jfc.fr\/cnctraining\/wp-content\/uploads\/sites\/132\/2024\/04\/ALaD-768x576.png 768w\" sizes=\"(max-width: 1024px) 100vw, 1024px\" \/><\/figure>\n\n\n\n<p class=\"has-large-font-size\"><strong><span style=\"text-decoration: underline\">Num\u00e9ro de l\u2019outil (T)<\/span><\/strong><\/p>\n\n\n\n<p>V\u00e9rifier que le num\u00e9ro de l\u2019outil est bien celui que l&rsquo;on veut mesurer.<\/p>\n\n\n\n<figure class=\"wp-block-image size-large\"><img loading=\"lazy\" width=\"1024\" height=\"768\" src=\"https:\/\/blogs.univ-jfc.fr\/cnctraining\/wp-content\/uploads\/sites\/132\/2024\/04\/numBroche.png\" alt=\"\" class=\"wp-image-152\" srcset=\"https:\/\/blogs.univ-jfc.fr\/cnctraining\/wp-content\/uploads\/sites\/132\/2024\/04\/numBroche.png 1024w, https:\/\/blogs.univ-jfc.fr\/cnctraining\/wp-content\/uploads\/sites\/132\/2024\/04\/numBroche-300x225.png 300w, https:\/\/blogs.univ-jfc.fr\/cnctraining\/wp-content\/uploads\/sites\/132\/2024\/04\/numBroche-768x576.png 768w\" sizes=\"(max-width: 1024px) 100vw, 1024px\" \/><\/figure>\n\n\n\n<p class=\"has-large-font-size\"><span style=\"text-decoration: underline\"><strong>num\u00e9ro de type d\u2019outil (T_T)<\/strong><\/span><\/p>\n\n\n\n<p>S\u00e9lectionner le type de l\u2019outil s\u00e9lectionner (T_T = Tool_Type)<br>1 Foret<br>2 Taraud<br>3 Fraise \u00e0 surfacer, \u00e0 al\u00e9sage<br>4 Fraise 2 tailles<br>5 Foret \u00e0 pointer<br>6 Fraise boule<br>7 Palpeur<\/p>\n\n\n\n<figure class=\"wp-block-image size-large\"><img loading=\"lazy\" width=\"1024\" height=\"768\" src=\"https:\/\/blogs.univ-jfc.fr\/cnctraining\/wp-content\/uploads\/sites\/132\/2024\/04\/toolType.png\" alt=\"\" class=\"wp-image-185\" srcset=\"https:\/\/blogs.univ-jfc.fr\/cnctraining\/wp-content\/uploads\/sites\/132\/2024\/04\/toolType.png 1024w, https:\/\/blogs.univ-jfc.fr\/cnctraining\/wp-content\/uploads\/sites\/132\/2024\/04\/toolType-300x225.png 300w, https:\/\/blogs.univ-jfc.fr\/cnctraining\/wp-content\/uploads\/sites\/132\/2024\/04\/toolType-768x576.png 768w\" sizes=\"(max-width: 1024px) 100vw, 1024px\" \/><\/figure>\n\n\n\n<p class=\"has-large-font-size\"><strong><span style=\"text-decoration: underline\">Mesurer la longueur de l&rsquo;outil<\/span><\/strong><\/p>\n\n\n\n<p>Mesurer approximativement (5 mm pr\u00e8s) la longueur de l&rsquo;outil avec un r\u00e9glet ou une jauge de profondeur.<\/p>\n\n\n\n<figure class=\"wp-block-image size-large\"><img loading=\"lazy\" width=\"683\" height=\"1024\" src=\"https:\/\/blogs.univ-jfc.fr\/cnctraining\/wp-content\/uploads\/sites\/132\/2024\/04\/mesure-683x1024.jpg\" alt=\"\" class=\"wp-image-158\" srcset=\"https:\/\/blogs.univ-jfc.fr\/cnctraining\/wp-content\/uploads\/sites\/132\/2024\/04\/mesure-683x1024.jpg 683w, https:\/\/blogs.univ-jfc.fr\/cnctraining\/wp-content\/uploads\/sites\/132\/2024\/04\/mesure-200x300.jpg 200w, https:\/\/blogs.univ-jfc.fr\/cnctraining\/wp-content\/uploads\/sites\/132\/2024\/04\/mesure-768x1152.jpg 768w, https:\/\/blogs.univ-jfc.fr\/cnctraining\/wp-content\/uploads\/sites\/132\/2024\/04\/mesure-1024x1536.jpg 1024w, https:\/\/blogs.univ-jfc.fr\/cnctraining\/wp-content\/uploads\/sites\/132\/2024\/04\/mesure-1365x2048.jpg 1365w, https:\/\/blogs.univ-jfc.fr\/cnctraining\/wp-content\/uploads\/sites\/132\/2024\/04\/mesure-1568x2352.jpg 1568w, https:\/\/blogs.univ-jfc.fr\/cnctraining\/wp-content\/uploads\/sites\/132\/2024\/04\/mesure-scaled.jpg 1707w\" sizes=\"(max-width: 683px) 100vw, 683px\" \/><\/figure>\n\n\n\n<p class=\"has-large-font-size\"><strong><span style=\"text-decoration: underline\">Renseigner la longueur de l&rsquo;outil (L)<\/span><\/strong><\/p>\n\n\n\n<p>Renseigner la valeur en mm en ajoutant un point apr\u00e8s le nombre. Exemple : \u00ab\u00a0195.\u00a0\u00bb (pour 195 mm =19.5 cm)<\/p>\n\n\n\n<figure class=\"wp-block-image\"><img alt=\"\" \/><\/figure>\n\n\n\n<p class=\"has-large-font-size\"><strong><span style=\"text-decoration: underline\">Mesurer le diam\u00e8tre de l\u2019outil (R)<\/span><\/strong><\/p>\n\n\n\n<p>Mesurer approximativement (5 mm pr\u00e8s) le diam\u00e8tre de l&rsquo;outil avec un r\u00e9glet ou une jauge de profondeur.<\/p>\n\n\n\n<figure class=\"wp-block-image size-large\"><img loading=\"lazy\" width=\"552\" height=\"736\" src=\"https:\/\/blogs.univ-jfc.fr\/cnctraining\/wp-content\/uploads\/sites\/132\/2024\/04\/mesure-rayon-rotated.jpg\" alt=\"\" class=\"wp-image-157\" srcset=\"https:\/\/blogs.univ-jfc.fr\/cnctraining\/wp-content\/uploads\/sites\/132\/2024\/04\/mesure-rayon-rotated.jpg 552w, https:\/\/blogs.univ-jfc.fr\/cnctraining\/wp-content\/uploads\/sites\/132\/2024\/04\/mesure-rayon-225x300.jpg 225w\" sizes=\"(max-width: 552px) 100vw, 552px\" \/><\/figure>\n\n\n\n<p class=\"has-large-font-size\"><strong><span style=\"text-decoration: underline\">Renseigner le diam\u00e8tre de l&rsquo;outil (R)<\/span><\/strong><\/p>\n\n\n\n<p>Renseigner la valeur du diam\u00e8tre en mm en ajoutant un point apr\u00e8s le nombre. Exemple : \u00ab\u00a05.\u00a0\u00bb<br>si vous \u00eates sur un foret(T_T =1) vous pouvez mettre 0<\/p>\n\n\n\n<figure class=\"wp-block-image size-large\"><img loading=\"lazy\" width=\"1024\" height=\"768\" src=\"https:\/\/blogs.univ-jfc.fr\/cnctraining\/wp-content\/uploads\/sites\/132\/2024\/04\/diametre.png\" alt=\"\" class=\"wp-image-154\" srcset=\"https:\/\/blogs.univ-jfc.fr\/cnctraining\/wp-content\/uploads\/sites\/132\/2024\/04\/diametre.png 1024w, https:\/\/blogs.univ-jfc.fr\/cnctraining\/wp-content\/uploads\/sites\/132\/2024\/04\/diametre-300x225.png 300w, https:\/\/blogs.univ-jfc.fr\/cnctraining\/wp-content\/uploads\/sites\/132\/2024\/04\/diametre-768x576.png 768w\" sizes=\"(max-width: 1024px) 100vw, 1024px\" \/><\/figure>\n\n\n\n<p class=\"has-large-font-size\"><strong><span style=\"text-decoration: underline\">Renseigner rayon de l\u2019outil sur la dent (K) (pas pour les foret)<\/span><\/strong><\/p>\n\n\n\n<p>si il y a cette partie :<br>on mettra 5<\/p>\n\n\n\n<figure class=\"wp-block-image size-large\"><img loading=\"lazy\" width=\"1024\" height=\"768\" src=\"https:\/\/blogs.univ-jfc.fr\/cnctraining\/wp-content\/uploads\/sites\/132\/2024\/04\/largeurDelapoint.png\" alt=\"\" class=\"wp-image-155\" srcset=\"https:\/\/blogs.univ-jfc.fr\/cnctraining\/wp-content\/uploads\/sites\/132\/2024\/04\/largeurDelapoint.png 1024w, https:\/\/blogs.univ-jfc.fr\/cnctraining\/wp-content\/uploads\/sites\/132\/2024\/04\/largeurDelapoint-300x225.png 300w, https:\/\/blogs.univ-jfc.fr\/cnctraining\/wp-content\/uploads\/sites\/132\/2024\/04\/largeurDelapoint-768x576.png 768w\" sizes=\"(max-width: 1024px) 100vw, 1024px\" \/><\/figure>\n\n\n\n<p class=\"has-large-font-size\"><strong><span style=\"text-decoration: underline\">diminuer la vitesse<\/span><\/strong><\/p>\n\n\n\n<p>5 ou 25 % de la vitesse<\/p>\n\n\n\n<figure class=\"wp-block-image size-large\"><img loading=\"lazy\" width=\"1024\" height=\"693\" src=\"http:\/\/blogs.univ-jfc.fr\/cnctraining\/wp-content\/uploads\/sites\/132\/2024\/04\/Vitesse-1-1024x693.png\" alt=\"\" class=\"wp-image-301\" srcset=\"https:\/\/blogs.univ-jfc.fr\/cnctraining\/wp-content\/uploads\/sites\/132\/2024\/04\/Vitesse-1-1024x693.png 1024w, https:\/\/blogs.univ-jfc.fr\/cnctraining\/wp-content\/uploads\/sites\/132\/2024\/04\/Vitesse-1-300x203.png 300w, https:\/\/blogs.univ-jfc.fr\/cnctraining\/wp-content\/uploads\/sites\/132\/2024\/04\/Vitesse-1-768x520.png 768w, https:\/\/blogs.univ-jfc.fr\/cnctraining\/wp-content\/uploads\/sites\/132\/2024\/04\/Vitesse-1-1536x1039.png 1536w, https:\/\/blogs.univ-jfc.fr\/cnctraining\/wp-content\/uploads\/sites\/132\/2024\/04\/Vitesse-1-1568x1061.png 1568w, https:\/\/blogs.univ-jfc.fr\/cnctraining\/wp-content\/uploads\/sites\/132\/2024\/04\/Vitesse-1.png 1632w\" sizes=\"(max-width: 1024px) 100vw, 1024px\" \/><\/figure>\n\n\n\n<p class=\"has-large-font-size\"><strong><span style=\"text-decoration: underline\">Lancement Programme<\/span><\/strong><\/p>\n\n\n\n<p>Appuyer sur le bouton D\u00c9PART CYCLE (et v\u00e9rifier que la diode du renishaw clignote verts )<\/p>\n\n\n\n<figure class=\"wp-block-image size-large\"><img loading=\"lazy\" width=\"699\" height=\"1024\" src=\"http:\/\/blogs.univ-jfc.fr\/cnctraining\/wp-content\/uploads\/sites\/132\/2024\/04\/Start-1-699x1024.png\" alt=\"\" class=\"wp-image-280\" srcset=\"https:\/\/blogs.univ-jfc.fr\/cnctraining\/wp-content\/uploads\/sites\/132\/2024\/04\/Start-1-699x1024.png 699w, https:\/\/blogs.univ-jfc.fr\/cnctraining\/wp-content\/uploads\/sites\/132\/2024\/04\/Start-1-205x300.png 205w, https:\/\/blogs.univ-jfc.fr\/cnctraining\/wp-content\/uploads\/sites\/132\/2024\/04\/Start-1-768x1124.png 768w, https:\/\/blogs.univ-jfc.fr\/cnctraining\/wp-content\/uploads\/sites\/132\/2024\/04\/Start-1.png 879w\" sizes=\"(max-width: 699px) 100vw, 699px\" \/><\/figure>\n\n\n\n<p class=\"has-large-font-size\"><strong><span style=\"text-decoration: underline\">Pour finir<\/span><\/strong><\/p>\n\n\n\n<p>Apr\u00e8s que la machine a fait les mesures,<br>appuyer sur offset pour voir le r\u00e9sultat des mesures<\/p>\n\n\n\n<figure class=\"wp-block-image size-large\"><img loading=\"lazy\" width=\"1024\" height=\"693\" src=\"http:\/\/blogs.univ-jfc.fr\/cnctraining\/wp-content\/uploads\/sites\/132\/2024\/04\/Offset-1-1024x693.png\" alt=\"\" class=\"wp-image-295\" srcset=\"https:\/\/blogs.univ-jfc.fr\/cnctraining\/wp-content\/uploads\/sites\/132\/2024\/04\/Offset-1-1024x693.png 1024w, https:\/\/blogs.univ-jfc.fr\/cnctraining\/wp-content\/uploads\/sites\/132\/2024\/04\/Offset-1-300x203.png 300w, https:\/\/blogs.univ-jfc.fr\/cnctraining\/wp-content\/uploads\/sites\/132\/2024\/04\/Offset-1-768x520.png 768w, https:\/\/blogs.univ-jfc.fr\/cnctraining\/wp-content\/uploads\/sites\/132\/2024\/04\/Offset-1-1536x1039.png 1536w, https:\/\/blogs.univ-jfc.fr\/cnctraining\/wp-content\/uploads\/sites\/132\/2024\/04\/Offset-1-1568x1061.png 1568w, https:\/\/blogs.univ-jfc.fr\/cnctraining\/wp-content\/uploads\/sites\/132\/2024\/04\/Offset-1.png 1632w\" sizes=\"(max-width: 1024px) 100vw, 1024px\" \/><\/figure>\n\n\n\n<p class=\"has-large-font-size\"><strong><span style=\"text-decoration: underline\">R\u00e9sultat<\/span><\/strong><\/p>\n\n\n\n<p>Ici un r\u00e9sultat pour un foret<\/p>\n\n\n\n<figure class=\"wp-block-image size-large\"><img loading=\"lazy\" width=\"1024\" height=\"768\" src=\"https:\/\/blogs.univ-jfc.fr\/cnctraining\/wp-content\/uploads\/sites\/132\/2024\/04\/verifeJauge.png\" alt=\"\" class=\"wp-image-156\" srcset=\"https:\/\/blogs.univ-jfc.fr\/cnctraining\/wp-content\/uploads\/sites\/132\/2024\/04\/verifeJauge.png 1024w, https:\/\/blogs.univ-jfc.fr\/cnctraining\/wp-content\/uploads\/sites\/132\/2024\/04\/verifeJauge-300x225.png 300w, https:\/\/blogs.univ-jfc.fr\/cnctraining\/wp-content\/uploads\/sites\/132\/2024\/04\/verifeJauge-768x576.png 768w\" sizes=\"(max-width: 1024px) 100vw, 1024px\" \/><\/figure>\n\n\n\n<p class=\"has-extra-large-font-size\">Fin des jauges outils<\/p>\n\n\n\n<div class=\"wp-block-buttons\">\n<div class=\"wp-block-button is-style-outline\"><a class=\"wp-block-button__link has-black-color has-yellow-background-color has-text-color has-background\" href=\"https:\/\/blogs.univ-jfc.fr\/cnctraining\/enhancednctraining\/reglage-de-la-machine\/\" style=\"border-radius:25px\">R\u00e9glage de la machine<\/a><\/div>\n\n\n\n<div class=\"wp-block-button is-style-outline\"><a class=\"wp-block-button__link has-black-color has-orange-background-color has-text-color has-background\" href=\"https:\/\/blogs.univ-jfc.fr\/cnctraining\/\" style=\"border-radius:25px\">Menu principal<\/a><\/div>\n<\/div>\n\n\n\n<p><\/p>\n","protected":false},"excerpt":{"rendered":"<p>Passage en Introduction de donn\u00e9es manuelle (MDI) Appuyer sur la touche \u00ab\u00a0MDI\u00a0\u00bb Appel de l\u2019outil \u00e0 jauger en broche. Appel de l\u2019outil \u00e0 jauger en broche.Exemple pour l\u2019outil 8 : M6 T8 Lancement de la commande Appuyer sur le bouton D\u00c9PART CYCLE Aller dans le Menu de g\u00e9n\u00e9ration de Programme Appuyer sur la touche EDIT&hellip; <a class=\"more-link\" href=\"https:\/\/blogs.univ-jfc.fr\/cnctraining\/enhancednctraining\/utilisation-de-la-machine\/faire-les-jauges-outils-avec-le-palpeur-outil-renishaw-directement-sur-la-cn\/\">Poursuivre la lecture <span class=\"screen-reader-text\">Faire les jauges outils avec le palpeur outil (renishaw) directement sur la cn<\/span><\/a><\/p>\n","protected":false},"author":1487,"featured_media":0,"parent":24,"menu_order":8,"comment_status":"closed","ping_status":"closed","template":"","meta":[],"_links":{"self":[{"href":"https:\/\/blogs.univ-jfc.fr\/cnctraining\/wp-json\/wp\/v2\/pages\/110"}],"collection":[{"href":"https:\/\/blogs.univ-jfc.fr\/cnctraining\/wp-json\/wp\/v2\/pages"}],"about":[{"href":"https:\/\/blogs.univ-jfc.fr\/cnctraining\/wp-json\/wp\/v2\/types\/page"}],"author":[{"embeddable":true,"href":"https:\/\/blogs.univ-jfc.fr\/cnctraining\/wp-json\/wp\/v2\/users\/1487"}],"replies":[{"embeddable":true,"href":"https:\/\/blogs.univ-jfc.fr\/cnctraining\/wp-json\/wp\/v2\/comments?post=110"}],"version-history":[{"count":11,"href":"https:\/\/blogs.univ-jfc.fr\/cnctraining\/wp-json\/wp\/v2\/pages\/110\/revisions"}],"predecessor-version":[{"id":367,"href":"https:\/\/blogs.univ-jfc.fr\/cnctraining\/wp-json\/wp\/v2\/pages\/110\/revisions\/367"}],"up":[{"embeddable":true,"href":"https:\/\/blogs.univ-jfc.fr\/cnctraining\/wp-json\/wp\/v2\/pages\/24"}],"wp:attachment":[{"href":"https:\/\/blogs.univ-jfc.fr\/cnctraining\/wp-json\/wp\/v2\/media?parent=110"}],"curies":[{"name":"wp","href":"https:\/\/api.w.org\/{rel}","templated":true}]}}