{"id":113,"date":"2024-04-12T11:19:07","date_gmt":"2024-04-12T09:19:07","guid":{"rendered":"https:\/\/blogs.univ-jfc.fr\/cnctraining\/?page_id=113"},"modified":"2024-05-03T09:43:52","modified_gmt":"2024-05-03T07:43:52","slug":"charger-et-lancer-un-programme","status":"publish","type":"page","link":"https:\/\/blogs.univ-jfc.fr\/cnctraining\/enhancednctraining\/utilisation-de-la-machine\/charger-et-lancer-un-programme\/","title":{"rendered":"Charger et lancer un programme"},"content":{"rendered":"\n<p class=\"has-large-font-size\"><strong><span style=\"text-decoration: underline\">1. <\/span><\/strong><span style=\"text-decoration: underline\"><strong>O<\/strong><\/span><strong><span style=\"text-decoration: underline\">uvrir le menu liste programme<\/span><\/strong><\/p>\n\n\n\n<p>Appuyer sur la touche \u00ab\u00a0LIST PROGRAM\u00a0\u00bb pour ouvrir la menu des programmes disponibles sur la machine.<\/p>\n\n\n\n<figure class=\"wp-block-image size-large\"><img loading=\"lazy\" width=\"1024\" height=\"693\" src=\"http:\/\/blogs.univ-jfc.fr\/cnctraining\/wp-content\/uploads\/sites\/132\/2024\/04\/List_Programe-1-1024x693.png\" alt=\"\" class=\"wp-image-293\" srcset=\"https:\/\/blogs.univ-jfc.fr\/cnctraining\/wp-content\/uploads\/sites\/132\/2024\/04\/List_Programe-1-1024x693.png 1024w, https:\/\/blogs.univ-jfc.fr\/cnctraining\/wp-content\/uploads\/sites\/132\/2024\/04\/List_Programe-1-300x203.png 300w, https:\/\/blogs.univ-jfc.fr\/cnctraining\/wp-content\/uploads\/sites\/132\/2024\/04\/List_Programe-1-768x520.png 768w, https:\/\/blogs.univ-jfc.fr\/cnctraining\/wp-content\/uploads\/sites\/132\/2024\/04\/List_Programe-1-1536x1039.png 1536w, https:\/\/blogs.univ-jfc.fr\/cnctraining\/wp-content\/uploads\/sites\/132\/2024\/04\/List_Programe-1-1568x1061.png 1568w, https:\/\/blogs.univ-jfc.fr\/cnctraining\/wp-content\/uploads\/sites\/132\/2024\/04\/List_Programe-1.png 1632w\" sizes=\"(max-width: 1024px) 100vw, 1024px\" \/><\/figure>\n\n\n\n<p class=\"has-large-font-size\"><strong><span style=\"text-decoration: underline\">2. S\u00e9lectionner le programme \u00e0 l\u2019aide des touches de d\u00e9placement.<\/span><\/strong><\/p>\n\n\n\n<p>Utiliser les \u00ab\u00a0touches de d\u00e9placement\u00a0\u00bb pour s\u00e9lectionner le programme que vous souhaitez lancer.<\/p>\n\n\n\n<figure class=\"wp-block-image size-large\"><img loading=\"lazy\" width=\"1024\" height=\"693\" src=\"http:\/\/blogs.univ-jfc.fr\/cnctraining\/wp-content\/uploads\/sites\/132\/2024\/04\/Croix-1-1024x693.png\" alt=\"\" class=\"wp-image-285\" srcset=\"https:\/\/blogs.univ-jfc.fr\/cnctraining\/wp-content\/uploads\/sites\/132\/2024\/04\/Croix-1-1024x693.png 1024w, https:\/\/blogs.univ-jfc.fr\/cnctraining\/wp-content\/uploads\/sites\/132\/2024\/04\/Croix-1-300x203.png 300w, https:\/\/blogs.univ-jfc.fr\/cnctraining\/wp-content\/uploads\/sites\/132\/2024\/04\/Croix-1-768x520.png 768w, https:\/\/blogs.univ-jfc.fr\/cnctraining\/wp-content\/uploads\/sites\/132\/2024\/04\/Croix-1-1536x1039.png 1536w, https:\/\/blogs.univ-jfc.fr\/cnctraining\/wp-content\/uploads\/sites\/132\/2024\/04\/Croix-1-1568x1061.png 1568w, https:\/\/blogs.univ-jfc.fr\/cnctraining\/wp-content\/uploads\/sites\/132\/2024\/04\/Croix-1.png 1632w\" sizes=\"(max-width: 1024px) 100vw, 1024px\" \/><\/figure>\n\n\n\n<p class=\"has-large-font-size\"><strong><span style=\"text-decoration: underline\">3. S\u00e9lectionner le programme a ex\u00e9cuter<\/span><\/strong><\/p>\n\n\n\n<p>Quand on a trouv\u00e9 le programme \u00e0 ex\u00e9cuter,<br>appuyer sur la touche \u00ab\u00a0SELECT PROGRAM\u00a0\u00bb .<\/p>\n\n\n\n<figure class=\"wp-block-image size-large\"><img loading=\"lazy\" width=\"1024\" height=\"693\" src=\"http:\/\/blogs.univ-jfc.fr\/cnctraining\/wp-content\/uploads\/sites\/132\/2024\/04\/Select_Programe-1-1024x693.png\" alt=\"\" class=\"wp-image-300\" srcset=\"https:\/\/blogs.univ-jfc.fr\/cnctraining\/wp-content\/uploads\/sites\/132\/2024\/04\/Select_Programe-1-1024x693.png 1024w, https:\/\/blogs.univ-jfc.fr\/cnctraining\/wp-content\/uploads\/sites\/132\/2024\/04\/Select_Programe-1-300x203.png 300w, https:\/\/blogs.univ-jfc.fr\/cnctraining\/wp-content\/uploads\/sites\/132\/2024\/04\/Select_Programe-1-768x520.png 768w, https:\/\/blogs.univ-jfc.fr\/cnctraining\/wp-content\/uploads\/sites\/132\/2024\/04\/Select_Programe-1-1536x1039.png 1536w, https:\/\/blogs.univ-jfc.fr\/cnctraining\/wp-content\/uploads\/sites\/132\/2024\/04\/Select_Programe-1-1568x1061.png 1568w, https:\/\/blogs.univ-jfc.fr\/cnctraining\/wp-content\/uploads\/sites\/132\/2024\/04\/Select_Programe-1.png 1632w\" sizes=\"(max-width: 1024px) 100vw, 1024px\" \/><\/figure>\n\n\n\n<p class=\"has-large-font-size\"><span style=\"text-decoration: underline\">4. En phase de test, r\u00e9duire les avances rapides \u00e0 5 ou 25%.<\/span><\/p>\n\n\n\n<p>En phase de test, il est important de r\u00e9duire la vitesse de d\u00e9placement de la machine.<br>Appuyer sur un des boutons de \u00ab\u00a0r\u00e9duction de vitesse (5% ou 25%)\u00a0\u00bb.<\/p>\n\n\n\n<figure class=\"wp-block-image size-large\"><img loading=\"lazy\" width=\"1024\" height=\"693\" src=\"http:\/\/blogs.univ-jfc.fr\/cnctraining\/wp-content\/uploads\/sites\/132\/2024\/04\/Vitesse-1-1024x693.png\" alt=\"\" class=\"wp-image-301\" srcset=\"https:\/\/blogs.univ-jfc.fr\/cnctraining\/wp-content\/uploads\/sites\/132\/2024\/04\/Vitesse-1-1024x693.png 1024w, https:\/\/blogs.univ-jfc.fr\/cnctraining\/wp-content\/uploads\/sites\/132\/2024\/04\/Vitesse-1-300x203.png 300w, https:\/\/blogs.univ-jfc.fr\/cnctraining\/wp-content\/uploads\/sites\/132\/2024\/04\/Vitesse-1-768x520.png 768w, https:\/\/blogs.univ-jfc.fr\/cnctraining\/wp-content\/uploads\/sites\/132\/2024\/04\/Vitesse-1-1536x1039.png 1536w, https:\/\/blogs.univ-jfc.fr\/cnctraining\/wp-content\/uploads\/sites\/132\/2024\/04\/Vitesse-1-1568x1061.png 1568w, https:\/\/blogs.univ-jfc.fr\/cnctraining\/wp-content\/uploads\/sites\/132\/2024\/04\/Vitesse-1.png 1632w\" sizes=\"(max-width: 1024px) 100vw, 1024px\" \/><\/figure>\n\n\n\n<p class=\"has-large-font-size\"><strong><span style=\"text-decoration: underline\">5. Lancer le programme<\/span><\/strong><\/p>\n\n\n\n<p>Appuyer sur le bouton \u00ab\u00a0D\u00c9PART CYCLE\u00a0\u00bb pour lancer le programme.<\/p>\n\n\n\n<figure class=\"wp-block-image size-large\"><img loading=\"lazy\" width=\"699\" height=\"1024\" src=\"http:\/\/blogs.univ-jfc.fr\/cnctraining\/wp-content\/uploads\/sites\/132\/2024\/04\/Start-1-699x1024.png\" alt=\"\" class=\"wp-image-280\" srcset=\"https:\/\/blogs.univ-jfc.fr\/cnctraining\/wp-content\/uploads\/sites\/132\/2024\/04\/Start-1-699x1024.png 699w, https:\/\/blogs.univ-jfc.fr\/cnctraining\/wp-content\/uploads\/sites\/132\/2024\/04\/Start-1-205x300.png 205w, https:\/\/blogs.univ-jfc.fr\/cnctraining\/wp-content\/uploads\/sites\/132\/2024\/04\/Start-1-768x1124.png 768w, https:\/\/blogs.univ-jfc.fr\/cnctraining\/wp-content\/uploads\/sites\/132\/2024\/04\/Start-1.png 879w\" sizes=\"(max-width: 699px) 100vw, 699px\" \/><\/figure>\n\n\n\n<p class=\"has-large-font-size\"><strong><span style=\"text-decoration: underline\">REMARQUE<\/span><\/strong><\/p>\n\n\n\n<p>Il est possible d\u2019arr\u00eater le programme en cours d\u2019usinage \u00e0 tout instant en appuyant sur la touche \u00ab\u00a0Arr\u00eat cycle\u00a0\u00bb.<\/p>\n\n\n\n<figure class=\"wp-block-image size-large\"><img loading=\"lazy\" width=\"699\" height=\"1024\" src=\"http:\/\/blogs.univ-jfc.fr\/cnctraining\/wp-content\/uploads\/sites\/132\/2024\/04\/Stop-1-699x1024.png\" alt=\"\" class=\"wp-image-281\" srcset=\"https:\/\/blogs.univ-jfc.fr\/cnctraining\/wp-content\/uploads\/sites\/132\/2024\/04\/Stop-1-699x1024.png 699w, https:\/\/blogs.univ-jfc.fr\/cnctraining\/wp-content\/uploads\/sites\/132\/2024\/04\/Stop-1-205x300.png 205w, https:\/\/blogs.univ-jfc.fr\/cnctraining\/wp-content\/uploads\/sites\/132\/2024\/04\/Stop-1-768x1124.png 768w, https:\/\/blogs.univ-jfc.fr\/cnctraining\/wp-content\/uploads\/sites\/132\/2024\/04\/Stop-1.png 879w\" sizes=\"(max-width: 699px) 100vw, 699px\" \/><\/figure>\n\n\n\n<p class=\"has-large-font-size\"><strong><span style=\"text-decoration: underline\">Relancer le programme<\/span><\/strong><\/p>\n\n\n\n<p>Appuyer sur le bouton \u00ab\u00a0D\u00c9PART CYCLE\u00a0\u00bb pour relancer le programme mis en pause.<\/p>\n\n\n\n<figure class=\"wp-block-image size-large\"><img loading=\"lazy\" width=\"699\" height=\"1024\" src=\"http:\/\/blogs.univ-jfc.fr\/cnctraining\/wp-content\/uploads\/sites\/132\/2024\/04\/Start-1-699x1024.png\" alt=\"\" class=\"wp-image-280\" srcset=\"https:\/\/blogs.univ-jfc.fr\/cnctraining\/wp-content\/uploads\/sites\/132\/2024\/04\/Start-1-699x1024.png 699w, https:\/\/blogs.univ-jfc.fr\/cnctraining\/wp-content\/uploads\/sites\/132\/2024\/04\/Start-1-205x300.png 205w, https:\/\/blogs.univ-jfc.fr\/cnctraining\/wp-content\/uploads\/sites\/132\/2024\/04\/Start-1-768x1124.png 768w, https:\/\/blogs.univ-jfc.fr\/cnctraining\/wp-content\/uploads\/sites\/132\/2024\/04\/Start-1.png 879w\" sizes=\"(max-width: 699px) 100vw, 699px\" \/><\/figure>\n\n\n\n<p class=\"has-extra-large-font-size\">Fin de Charger et lancer un programme<\/p>\n\n\n\n<div class=\"wp-block-buttons\">\n<div class=\"wp-block-button is-style-outline\"><a class=\"wp-block-button__link has-black-color has-yellow-background-color has-text-color has-background\" href=\"https:\/\/blogs.univ-jfc.fr\/cnctraining\/enhancednctraining\/utilisation-de-la-machine\/\" style=\"border-radius:25px\">Utilisation de la machine<\/a><\/div>\n\n\n\n<div class=\"wp-block-button is-style-outline\"><a class=\"wp-block-button__link has-black-color has-orange-background-color has-text-color has-background\" href=\"https:\/\/blogs.univ-jfc.fr\/cnctraining\/\" style=\"border-radius:25px\">Menu principal<\/a><\/div>\n<\/div>\n","protected":false},"excerpt":{"rendered":"<p>1. Ouvrir le menu liste programme Appuyer sur la touche \u00ab\u00a0LIST PROGRAM\u00a0\u00bb pour ouvrir la menu des programmes disponibles sur la machine. 2. S\u00e9lectionner le programme \u00e0 l\u2019aide des touches de d\u00e9placement. Utiliser les \u00ab\u00a0touches de d\u00e9placement\u00a0\u00bb pour s\u00e9lectionner le programme que vous souhaitez lancer. 3. S\u00e9lectionner le programme a ex\u00e9cuter Quand on a trouv\u00e9&hellip; <a class=\"more-link\" href=\"https:\/\/blogs.univ-jfc.fr\/cnctraining\/enhancednctraining\/utilisation-de-la-machine\/charger-et-lancer-un-programme\/\">Poursuivre la lecture <span class=\"screen-reader-text\">Charger et lancer un programme<\/span><\/a><\/p>\n","protected":false},"author":1487,"featured_media":0,"parent":24,"menu_order":9,"comment_status":"closed","ping_status":"closed","template":"","meta":[],"_links":{"self":[{"href":"https:\/\/blogs.univ-jfc.fr\/cnctraining\/wp-json\/wp\/v2\/pages\/113"}],"collection":[{"href":"https:\/\/blogs.univ-jfc.fr\/cnctraining\/wp-json\/wp\/v2\/pages"}],"about":[{"href":"https:\/\/blogs.univ-jfc.fr\/cnctraining\/wp-json\/wp\/v2\/types\/page"}],"author":[{"embeddable":true,"href":"https:\/\/blogs.univ-jfc.fr\/cnctraining\/wp-json\/wp\/v2\/users\/1487"}],"replies":[{"embeddable":true,"href":"https:\/\/blogs.univ-jfc.fr\/cnctraining\/wp-json\/wp\/v2\/comments?post=113"}],"version-history":[{"count":10,"href":"https:\/\/blogs.univ-jfc.fr\/cnctraining\/wp-json\/wp\/v2\/pages\/113\/revisions"}],"predecessor-version":[{"id":362,"href":"https:\/\/blogs.univ-jfc.fr\/cnctraining\/wp-json\/wp\/v2\/pages\/113\/revisions\/362"}],"up":[{"embeddable":true,"href":"https:\/\/blogs.univ-jfc.fr\/cnctraining\/wp-json\/wp\/v2\/pages\/24"}],"wp:attachment":[{"href":"https:\/\/blogs.univ-jfc.fr\/cnctraining\/wp-json\/wp\/v2\/media?parent=113"}],"curies":[{"name":"wp","href":"https:\/\/api.w.org\/{rel}","templated":true}]}}