{"id":42,"date":"2024-04-10T13:53:05","date_gmt":"2024-04-10T11:53:05","guid":{"rendered":"https:\/\/blogs.univ-jfc.fr\/cnctraining\/?page_id=42"},"modified":"2024-05-31T13:08:50","modified_gmt":"2024-05-31T11:08:50","slug":"demarrage-de-la-machine","status":"publish","type":"page","link":"https:\/\/blogs.univ-jfc.fr\/cnctraining\/enhancednctraining\/demarrage-et-arret-de-la-machine\/demarrage-de-la-machine\/","title":{"rendered":"D\u00e9marrage de la machine"},"content":{"rendered":"\n<p class=\"has-large-font-size\"><strong><span style=\"text-decoration: underline\">1. Enclencher le sectionneur d&rsquo;\u00e9nergie<\/span><\/strong><\/p>\n\n\n\n<p>Pour d\u00e9marrer la machine il faut dans un premier temps mettre sur 1 le sectionneur d&rsquo;\u00e9nergie \u00e0 l&rsquo;arri\u00e8re de la machine.<\/p>\n\n\n\n<figure class=\"wp-block-image size-large\"><img loading=\"lazy\" width=\"1024\" height=\"768\" src=\"http:\/\/blogs.univ-jfc.fr\/cnctraining\/wp-content\/uploads\/sites\/132\/2024\/04\/SectioneurDenergie-1024x768.jpg\" alt=\"\" class=\"wp-image-43\" srcset=\"https:\/\/blogs.univ-jfc.fr\/cnctraining\/wp-content\/uploads\/sites\/132\/2024\/04\/SectioneurDenergie-1024x768.jpg 1024w, https:\/\/blogs.univ-jfc.fr\/cnctraining\/wp-content\/uploads\/sites\/132\/2024\/04\/SectioneurDenergie-300x225.jpg 300w, https:\/\/blogs.univ-jfc.fr\/cnctraining\/wp-content\/uploads\/sites\/132\/2024\/04\/SectioneurDenergie-768x576.jpg 768w, https:\/\/blogs.univ-jfc.fr\/cnctraining\/wp-content\/uploads\/sites\/132\/2024\/04\/SectioneurDenergie-1536x1151.jpg 1536w, https:\/\/blogs.univ-jfc.fr\/cnctraining\/wp-content\/uploads\/sites\/132\/2024\/04\/SectioneurDenergie-2048x1535.jpg 2048w, https:\/\/blogs.univ-jfc.fr\/cnctraining\/wp-content\/uploads\/sites\/132\/2024\/04\/SectioneurDenergie-1568x1175.jpg 1568w\" sizes=\"(max-width: 1024px) 100vw, 1024px\" \/><\/figure>\n\n\n\n<p class=\"has-large-font-size\"><strong><span style=\"text-decoration: underline\">2. V\u00e9rifier la vanne d&rsquo;air<\/span><\/strong><\/p>\n\n\n\n<p class=\"has-large-font-size\">Puis s&rsquo;assurer que la vanne est ouverte.<\/p>\n\n\n\n<figure class=\"wp-block-image size-large\"><img loading=\"lazy\" width=\"1024\" height=\"769\" src=\"http:\/\/blogs.univ-jfc.fr\/cnctraining\/wp-content\/uploads\/sites\/132\/2024\/04\/VaneDaire-1024x769.jpg\" alt=\"\" class=\"wp-image-44\" srcset=\"https:\/\/blogs.univ-jfc.fr\/cnctraining\/wp-content\/uploads\/sites\/132\/2024\/04\/VaneDaire-1024x769.jpg 1024w, https:\/\/blogs.univ-jfc.fr\/cnctraining\/wp-content\/uploads\/sites\/132\/2024\/04\/VaneDaire-300x225.jpg 300w, https:\/\/blogs.univ-jfc.fr\/cnctraining\/wp-content\/uploads\/sites\/132\/2024\/04\/VaneDaire-768x577.jpg 768w, https:\/\/blogs.univ-jfc.fr\/cnctraining\/wp-content\/uploads\/sites\/132\/2024\/04\/VaneDaire-1536x1153.jpg 1536w, https:\/\/blogs.univ-jfc.fr\/cnctraining\/wp-content\/uploads\/sites\/132\/2024\/04\/VaneDaire-2048x1537.jpg 2048w, https:\/\/blogs.univ-jfc.fr\/cnctraining\/wp-content\/uploads\/sites\/132\/2024\/04\/VaneDaire-1568x1177.jpg 1568w\" sizes=\"(max-width: 1024px) 100vw, 1024px\" \/><\/figure>\n\n\n\n<p class=\"has-large-font-size\"><strong><span style=\"text-decoration: underline\">3. D\u00e9marrage de la machine<\/span><\/strong><\/p>\n\n\n\n<p>Maintenant que la machine est pr\u00eate<\/p>\n\n\n\n<p>Appuyer sur le bouton \u00ab\u00a0POWER ON\u00a0\u00bb.<br>Et attendre que l&rsquo;\u00e9cran de la machine s&rsquo;allume (environ 30 secondes).<\/p>\n\n\n\n<figure class=\"wp-block-image size-large\"><img loading=\"lazy\" width=\"699\" height=\"1024\" src=\"http:\/\/blogs.univ-jfc.fr\/cnctraining\/wp-content\/uploads\/sites\/132\/2024\/04\/Power_On-1-699x1024.png\" alt=\"\" class=\"wp-image-279\" srcset=\"https:\/\/blogs.univ-jfc.fr\/cnctraining\/wp-content\/uploads\/sites\/132\/2024\/04\/Power_On-1-699x1024.png 699w, https:\/\/blogs.univ-jfc.fr\/cnctraining\/wp-content\/uploads\/sites\/132\/2024\/04\/Power_On-1-205x300.png 205w, https:\/\/blogs.univ-jfc.fr\/cnctraining\/wp-content\/uploads\/sites\/132\/2024\/04\/Power_On-1-768x1124.png 768w, https:\/\/blogs.univ-jfc.fr\/cnctraining\/wp-content\/uploads\/sites\/132\/2024\/04\/Power_On-1.png 879w\" sizes=\"(max-width: 699px) 100vw, 699px\" \/><\/figure>\n\n\n\n<p class=\"has-large-font-size\"><strong><span style=\"text-decoration: underline\">4. D\u00e9verrouiller l&rsquo;arr\u00eat d&rsquo;urgence<\/span><\/strong><\/p>\n\n\n\n<p>Tourner le bouton d&rsquo;arr\u00eat d&rsquo;urgence dans le sens des fl\u00e8ches.<\/p>\n\n\n\n<figure class=\"wp-block-image size-large\"><img loading=\"lazy\" width=\"699\" height=\"1024\" src=\"http:\/\/blogs.univ-jfc.fr\/cnctraining\/wp-content\/uploads\/sites\/132\/2024\/04\/ArretUrgence-699x1024.png\" alt=\"\" class=\"wp-image-276\" srcset=\"https:\/\/blogs.univ-jfc.fr\/cnctraining\/wp-content\/uploads\/sites\/132\/2024\/04\/ArretUrgence-699x1024.png 699w, https:\/\/blogs.univ-jfc.fr\/cnctraining\/wp-content\/uploads\/sites\/132\/2024\/04\/ArretUrgence-205x300.png 205w, https:\/\/blogs.univ-jfc.fr\/cnctraining\/wp-content\/uploads\/sites\/132\/2024\/04\/ArretUrgence-768x1124.png 768w, https:\/\/blogs.univ-jfc.fr\/cnctraining\/wp-content\/uploads\/sites\/132\/2024\/04\/ArretUrgence.png 879w\" sizes=\"(max-width: 699px) 100vw, 699px\" \/><\/figure>\n\n\n\n<p class=\"has-large-font-size\"><strong><span style=\"text-decoration: underline\">5. Retirer les messages d&rsquo;alarme<\/span><\/strong><\/p>\n\n\n\n<p>Appuyer plusieurs fois sur le bouton \u00ab\u00a0RESET\u00a0\u00bb jusqu&rsquo;\u00e0 ce que tous les messages d&rsquo;alarme disparaissent de l&rsquo;\u00e9cran.<\/p>\n\n\n\n<figure class=\"wp-block-image size-large\"><img loading=\"lazy\" width=\"1024\" height=\"693\" src=\"http:\/\/blogs.univ-jfc.fr\/cnctraining\/wp-content\/uploads\/sites\/132\/2024\/04\/Reset-1-1024x693.png\" alt=\"\" class=\"wp-image-299\" srcset=\"https:\/\/blogs.univ-jfc.fr\/cnctraining\/wp-content\/uploads\/sites\/132\/2024\/04\/Reset-1-1024x693.png 1024w, https:\/\/blogs.univ-jfc.fr\/cnctraining\/wp-content\/uploads\/sites\/132\/2024\/04\/Reset-1-300x203.png 300w, https:\/\/blogs.univ-jfc.fr\/cnctraining\/wp-content\/uploads\/sites\/132\/2024\/04\/Reset-1-768x520.png 768w, https:\/\/blogs.univ-jfc.fr\/cnctraining\/wp-content\/uploads\/sites\/132\/2024\/04\/Reset-1-1536x1039.png 1536w, https:\/\/blogs.univ-jfc.fr\/cnctraining\/wp-content\/uploads\/sites\/132\/2024\/04\/Reset-1-1568x1061.png 1568w, https:\/\/blogs.univ-jfc.fr\/cnctraining\/wp-content\/uploads\/sites\/132\/2024\/04\/Reset-1.png 1632w\" sizes=\"(max-width: 1024px) 100vw, 1024px\" \/><\/figure>\n\n\n\n<p class=\"has-extra-large-font-size\">Fin du D\u00e9marrage de la machine<\/p>\n\n\n\n<p class=\"has-large-font-size\">retourner au :<\/p>\n\n\n\n<div class=\"wp-block-buttons\">\n<div class=\"wp-block-button is-style-outline\"><a class=\"wp-block-button__link has-black-color has-yellow-background-color has-text-color has-background\" href=\"https:\/\/blogs.univ-jfc.fr\/cnctraining\/enhancednctraining\/demarrage-et-arret-de-la-machine\/\" style=\"border-radius:25px\">D\u00e9marrage et Arr\u00eat de la machine<\/a><\/div>\n\n\n\n<div class=\"wp-block-button is-style-outline\"><a class=\"wp-block-button__link has-black-color has-orange-background-color has-text-color has-background\" href=\"https:\/\/blogs.univ-jfc.fr\/cnctraining\/\" style=\"border-radius:25px\">Menu principal<\/a><\/div>\n<\/div>\n\n\n\n<p><\/p>\n","protected":false},"excerpt":{"rendered":"<p>1. Enclencher le sectionneur d&rsquo;\u00e9nergie Pour d\u00e9marrer la machine il faut dans un premier temps mettre sur 1 le sectionneur d&rsquo;\u00e9nergie \u00e0 l&rsquo;arri\u00e8re de la machine. 2. V\u00e9rifier la vanne d&rsquo;air Puis s&rsquo;assurer que la vanne est ouverte. 3. D\u00e9marrage de la machine Maintenant que la machine est pr\u00eate Appuyer sur le bouton \u00ab\u00a0POWER ON\u00a0\u00bb.Et&hellip; <a class=\"more-link\" href=\"https:\/\/blogs.univ-jfc.fr\/cnctraining\/enhancednctraining\/demarrage-et-arret-de-la-machine\/demarrage-de-la-machine\/\">Poursuivre la lecture <span class=\"screen-reader-text\">D\u00e9marrage de la machine<\/span><\/a><\/p>\n","protected":false},"author":1487,"featured_media":0,"parent":18,"menu_order":2,"comment_status":"closed","ping_status":"closed","template":"","meta":[],"_links":{"self":[{"href":"https:\/\/blogs.univ-jfc.fr\/cnctraining\/wp-json\/wp\/v2\/pages\/42"}],"collection":[{"href":"https:\/\/blogs.univ-jfc.fr\/cnctraining\/wp-json\/wp\/v2\/pages"}],"about":[{"href":"https:\/\/blogs.univ-jfc.fr\/cnctraining\/wp-json\/wp\/v2\/types\/page"}],"author":[{"embeddable":true,"href":"https:\/\/blogs.univ-jfc.fr\/cnctraining\/wp-json\/wp\/v2\/users\/1487"}],"replies":[{"embeddable":true,"href":"https:\/\/blogs.univ-jfc.fr\/cnctraining\/wp-json\/wp\/v2\/comments?post=42"}],"version-history":[{"count":19,"href":"https:\/\/blogs.univ-jfc.fr\/cnctraining\/wp-json\/wp\/v2\/pages\/42\/revisions"}],"predecessor-version":[{"id":381,"href":"https:\/\/blogs.univ-jfc.fr\/cnctraining\/wp-json\/wp\/v2\/pages\/42\/revisions\/381"}],"up":[{"embeddable":true,"href":"https:\/\/blogs.univ-jfc.fr\/cnctraining\/wp-json\/wp\/v2\/pages\/18"}],"wp:attachment":[{"href":"https:\/\/blogs.univ-jfc.fr\/cnctraining\/wp-json\/wp\/v2\/media?parent=42"}],"curies":[{"name":"wp","href":"https:\/\/api.w.org\/{rel}","templated":true}]}}