{"id":61,"date":"2024-04-10T15:29:00","date_gmt":"2024-04-10T13:29:00","guid":{"rendered":"https:\/\/blogs.univ-jfc.fr\/cnctraining\/?page_id=61"},"modified":"2024-06-07T11:07:26","modified_gmt":"2024-06-07T09:07:26","slug":"arret-de-la-machine","status":"publish","type":"page","link":"https:\/\/blogs.univ-jfc.fr\/cnctraining\/enhancednctraining\/demarrage-et-arret-de-la-machine\/arret-de-la-machine\/","title":{"rendered":"Arr\u00eat de la machine"},"content":{"rendered":"\n<p class=\"has-extra-large-font-size\"><strong><span style=\"text-decoration: underline\">1. V\u00e9rifier la position des axes<\/span><\/strong><\/p>\n\n\n\n<p>S&rsquo;assurer que les axes de la machine ne sont pas en but\u00e9e.<\/p>\n\n\n\n<figure class=\"wp-block-embed is-type-video is-provider-youtube wp-block-embed-youtube wp-embed-aspect-16-9 wp-has-aspect-ratio\"><div class=\"wp-block-embed__wrapper\">\n<iframe title=\"Retirer outil\" width=\"750\" height=\"422\" src=\"https:\/\/www.youtube.com\/embed\/rnzkbI95DrI?feature=oembed\" frameborder=\"0\" allow=\"accelerometer; autoplay; clipboard-write; encrypted-media; gyroscope; picture-in-picture; web-share\" referrerpolicy=\"strict-origin-when-cross-origin\" allowfullscreen><\/iframe>\n<\/div><\/figure>\n\n\n\n<p class=\"has-extra-large-font-size\"><strong><span style=\"text-decoration: underline\">2. Broche vide<\/span><\/strong><\/p>\n\n\n\n<p>chercher un emplacement vide dans le magasin<\/p>\n\n\n\n<figure class=\"wp-block-image size-large\"><img loading=\"lazy\" width=\"1024\" height=\"348\" src=\"http:\/\/blogs.univ-jfc.fr\/cnctraining\/wp-content\/uploads\/sites\/132\/2024\/05\/magasin-1024x348.jpg\" alt=\"\" class=\"wp-image-385\" srcset=\"https:\/\/blogs.univ-jfc.fr\/cnctraining\/wp-content\/uploads\/sites\/132\/2024\/05\/magasin-1024x348.jpg 1024w, https:\/\/blogs.univ-jfc.fr\/cnctraining\/wp-content\/uploads\/sites\/132\/2024\/05\/magasin-300x102.jpg 300w, https:\/\/blogs.univ-jfc.fr\/cnctraining\/wp-content\/uploads\/sites\/132\/2024\/05\/magasin-768x261.jpg 768w, https:\/\/blogs.univ-jfc.fr\/cnctraining\/wp-content\/uploads\/sites\/132\/2024\/05\/magasin-1536x522.jpg 1536w, https:\/\/blogs.univ-jfc.fr\/cnctraining\/wp-content\/uploads\/sites\/132\/2024\/05\/magasin-2048x696.jpg 2048w, https:\/\/blogs.univ-jfc.fr\/cnctraining\/wp-content\/uploads\/sites\/132\/2024\/05\/magasin-1568x533.jpg 1568w\" sizes=\"(max-width: 1024px) 100vw, 1024px\" \/><\/figure>\n\n\n\n<ul><li>si il y en a un faite les \u00e9tape suivante avec cette emplacement<\/li><\/ul>\n\n\n\n<ul><li>si non faite le avec l&#8217;emplacement 1<\/li><\/ul>\n\n\n\n<p class=\"has-large-font-size\">Appuyer sur la touche \u00ab\u00a0MDI\u00a0\u00bb.<\/p>\n\n\n\n<figure class=\"wp-block-image size-large\"><img loading=\"lazy\" width=\"1024\" height=\"693\" src=\"http:\/\/blogs.univ-jfc.fr\/cnctraining\/wp-content\/uploads\/sites\/132\/2024\/04\/MDI-1-1024x693.png\" alt=\"\" class=\"wp-image-294\" srcset=\"https:\/\/blogs.univ-jfc.fr\/cnctraining\/wp-content\/uploads\/sites\/132\/2024\/04\/MDI-1-1024x693.png 1024w, https:\/\/blogs.univ-jfc.fr\/cnctraining\/wp-content\/uploads\/sites\/132\/2024\/04\/MDI-1-300x203.png 300w, https:\/\/blogs.univ-jfc.fr\/cnctraining\/wp-content\/uploads\/sites\/132\/2024\/04\/MDI-1-768x520.png 768w, https:\/\/blogs.univ-jfc.fr\/cnctraining\/wp-content\/uploads\/sites\/132\/2024\/04\/MDI-1-1536x1039.png 1536w, https:\/\/blogs.univ-jfc.fr\/cnctraining\/wp-content\/uploads\/sites\/132\/2024\/04\/MDI-1-1568x1061.png 1568w, https:\/\/blogs.univ-jfc.fr\/cnctraining\/wp-content\/uploads\/sites\/132\/2024\/04\/MDI-1.png 1632w\" sizes=\"(max-width: 1024px) 100vw, 1024px\" \/><\/figure>\n\n\n\n<p class=\"has-large-font-size\">Appuyer sur la touche \u00ab\u00a0ERASE PROGRAM\u00a0\u00bb.<\/p>\n\n\n\n<figure class=\"wp-block-image size-large\"><img loading=\"lazy\" width=\"1024\" height=\"693\" src=\"http:\/\/blogs.univ-jfc.fr\/cnctraining\/wp-content\/uploads\/sites\/132\/2024\/04\/Erase_Programe-1-1024x693.png\" alt=\"\" class=\"wp-image-289\" srcset=\"https:\/\/blogs.univ-jfc.fr\/cnctraining\/wp-content\/uploads\/sites\/132\/2024\/04\/Erase_Programe-1-1024x693.png 1024w, https:\/\/blogs.univ-jfc.fr\/cnctraining\/wp-content\/uploads\/sites\/132\/2024\/04\/Erase_Programe-1-300x203.png 300w, https:\/\/blogs.univ-jfc.fr\/cnctraining\/wp-content\/uploads\/sites\/132\/2024\/04\/Erase_Programe-1-768x520.png 768w, https:\/\/blogs.univ-jfc.fr\/cnctraining\/wp-content\/uploads\/sites\/132\/2024\/04\/Erase_Programe-1-1536x1039.png 1536w, https:\/\/blogs.univ-jfc.fr\/cnctraining\/wp-content\/uploads\/sites\/132\/2024\/04\/Erase_Programe-1-1568x1061.png 1568w, https:\/\/blogs.univ-jfc.fr\/cnctraining\/wp-content\/uploads\/sites\/132\/2024\/04\/Erase_Programe-1.png 1632w\" sizes=\"(max-width: 1024px) 100vw, 1024px\" \/><\/figure>\n\n\n\n<p class=\"has-large-font-size\">Pour l&#8217;emplacement X :&nbsp;<\/p>\n\n\n\n<p>Tapez la commande suivante : M6 TX (o\u00f9 TX est le num\u00e9ro de l&rsquo;outil et M6 l&rsquo;instruction de changement d&rsquo;outil).<\/p>\n\n\n\n<p>Dans mon exemple la commande est M6 T8 (M6 T1 si pas d&#8217;emplacement vide )<\/p>\n\n\n\n<figure class=\"wp-block-image size-large\"><img loading=\"lazy\" width=\"1024\" height=\"768\" src=\"https:\/\/blogs.univ-jfc.fr\/cnctraining\/wp-content\/uploads\/sites\/132\/2024\/04\/MDI_avec_instruction.png\" alt=\"\" class=\"wp-image-137\" srcset=\"https:\/\/blogs.univ-jfc.fr\/cnctraining\/wp-content\/uploads\/sites\/132\/2024\/04\/MDI_avec_instruction.png 1024w, https:\/\/blogs.univ-jfc.fr\/cnctraining\/wp-content\/uploads\/sites\/132\/2024\/04\/MDI_avec_instruction-300x225.png 300w, https:\/\/blogs.univ-jfc.fr\/cnctraining\/wp-content\/uploads\/sites\/132\/2024\/04\/MDI_avec_instruction-768x576.png 768w\" sizes=\"(max-width: 1024px) 100vw, 1024px\" \/><\/figure>\n\n\n\n<p>Valider la saisie en appuyant sur la touche \u00ab\u00a0ENTER\u00a0\u00bb.<\/p>\n\n\n\n<figure class=\"wp-block-image size-large\"><img loading=\"lazy\" width=\"1024\" height=\"693\" src=\"http:\/\/blogs.univ-jfc.fr\/cnctraining\/wp-content\/uploads\/sites\/132\/2024\/04\/Enter-1-1024x693.png\" alt=\"\" class=\"wp-image-288\" srcset=\"https:\/\/blogs.univ-jfc.fr\/cnctraining\/wp-content\/uploads\/sites\/132\/2024\/04\/Enter-1-1024x693.png 1024w, https:\/\/blogs.univ-jfc.fr\/cnctraining\/wp-content\/uploads\/sites\/132\/2024\/04\/Enter-1-300x203.png 300w, https:\/\/blogs.univ-jfc.fr\/cnctraining\/wp-content\/uploads\/sites\/132\/2024\/04\/Enter-1-768x520.png 768w, https:\/\/blogs.univ-jfc.fr\/cnctraining\/wp-content\/uploads\/sites\/132\/2024\/04\/Enter-1-1536x1039.png 1536w, https:\/\/blogs.univ-jfc.fr\/cnctraining\/wp-content\/uploads\/sites\/132\/2024\/04\/Enter-1-1568x1061.png 1568w, https:\/\/blogs.univ-jfc.fr\/cnctraining\/wp-content\/uploads\/sites\/132\/2024\/04\/Enter-1.png 1632w\" sizes=\"(max-width: 1024px) 100vw, 1024px\" \/><\/figure>\n\n\n\n<p>Appuyer sur le bouton \u00ab\u00a0D\u00c9PART CYCLE\u00a0\u00bb.<\/p>\n\n\n\n<figure class=\"wp-block-image size-large\"><img loading=\"lazy\" width=\"699\" height=\"1024\" src=\"http:\/\/blogs.univ-jfc.fr\/cnctraining\/wp-content\/uploads\/sites\/132\/2024\/04\/Start-1-699x1024.png\" alt=\"\" class=\"wp-image-280\" srcset=\"https:\/\/blogs.univ-jfc.fr\/cnctraining\/wp-content\/uploads\/sites\/132\/2024\/04\/Start-1-699x1024.png 699w, https:\/\/blogs.univ-jfc.fr\/cnctraining\/wp-content\/uploads\/sites\/132\/2024\/04\/Start-1-205x300.png 205w, https:\/\/blogs.univ-jfc.fr\/cnctraining\/wp-content\/uploads\/sites\/132\/2024\/04\/Start-1-768x1124.png 768w, https:\/\/blogs.univ-jfc.fr\/cnctraining\/wp-content\/uploads\/sites\/132\/2024\/04\/Start-1.png 879w\" sizes=\"(max-width: 699px) 100vw, 699px\" \/><\/figure>\n\n\n\n<p>Retirer l&rsquo;outil de la broche s&rsquo;il y en a un.<\/p>\n\n\n\n<figure class=\"wp-block-embed is-type-video is-provider-youtube wp-block-embed-youtube wp-embed-aspect-16-9 wp-has-aspect-ratio\"><div class=\"wp-block-embed__wrapper\">\n<iframe title=\"Retirer outil\" width=\"750\" height=\"422\" src=\"https:\/\/www.youtube.com\/embed\/rnzkbI95DrI?feature=oembed\" frameborder=\"0\" allow=\"accelerometer; autoplay; clipboard-write; encrypted-media; gyroscope; picture-in-picture; web-share\" referrerpolicy=\"strict-origin-when-cross-origin\" allowfullscreen><\/iframe>\n<\/div><\/figure>\n\n\n\n<p class=\"has-large-font-size\"><strong><span style=\"text-decoration: underline\">3. D\u00e9clencher l&rsquo;arr\u00eat d&rsquo;urgence<\/span><\/strong><\/p>\n\n\n\n<p>Appuyer sur le bouton d&rsquo;arr\u00eat d&rsquo;urgence.<\/p>\n\n\n\n<figure class=\"wp-block-image size-large\"><img loading=\"lazy\" width=\"699\" height=\"1024\" src=\"http:\/\/blogs.univ-jfc.fr\/cnctraining\/wp-content\/uploads\/sites\/132\/2024\/04\/ArretUrgence-699x1024.png\" alt=\"\" class=\"wp-image-276\" srcset=\"https:\/\/blogs.univ-jfc.fr\/cnctraining\/wp-content\/uploads\/sites\/132\/2024\/04\/ArretUrgence-699x1024.png 699w, https:\/\/blogs.univ-jfc.fr\/cnctraining\/wp-content\/uploads\/sites\/132\/2024\/04\/ArretUrgence-205x300.png 205w, https:\/\/blogs.univ-jfc.fr\/cnctraining\/wp-content\/uploads\/sites\/132\/2024\/04\/ArretUrgence-768x1124.png 768w, https:\/\/blogs.univ-jfc.fr\/cnctraining\/wp-content\/uploads\/sites\/132\/2024\/04\/ArretUrgence.png 879w\" sizes=\"(max-width: 699px) 100vw, 699px\" \/><\/figure>\n\n\n\n<p class=\"has-large-font-size\"><strong><span style=\"text-decoration: underline\">4. Mettre la machine hors tension<\/span><\/strong><\/p>\n\n\n\n<p>Appuyer sur le bouton \u00ab\u00a0POWER OFF\u00a0\u00bb.<\/p>\n\n\n\n<figure class=\"wp-block-image size-large\"><img loading=\"lazy\" width=\"699\" height=\"1024\" src=\"http:\/\/blogs.univ-jfc.fr\/cnctraining\/wp-content\/uploads\/sites\/132\/2024\/04\/Power_Off-1-699x1024.png\" alt=\"\" class=\"wp-image-278\" srcset=\"https:\/\/blogs.univ-jfc.fr\/cnctraining\/wp-content\/uploads\/sites\/132\/2024\/04\/Power_Off-1-699x1024.png 699w, https:\/\/blogs.univ-jfc.fr\/cnctraining\/wp-content\/uploads\/sites\/132\/2024\/04\/Power_Off-1-205x300.png 205w, https:\/\/blogs.univ-jfc.fr\/cnctraining\/wp-content\/uploads\/sites\/132\/2024\/04\/Power_Off-1-768x1124.png 768w, https:\/\/blogs.univ-jfc.fr\/cnctraining\/wp-content\/uploads\/sites\/132\/2024\/04\/Power_Off-1.png 879w\" sizes=\"(max-width: 699px) 100vw, 699px\" \/><\/figure>\n\n\n\n<p class=\"has-large-font-size\"><strong><span style=\"text-decoration: underline\">5. Co<\/span><span style=\"text-decoration: underline\">uper l&rsquo;alimentation \u00e9lectrique<\/span><\/strong><\/p>\n\n\n\n<p>Se rendre \u00e0 l&rsquo;arri\u00e8re de la machine.<br>Mettre le sectionneur en position \u00ab\u00a0OFF\u00a0\u00bb<\/p>\n\n\n\n<figure class=\"wp-block-image size-large\"><img loading=\"lazy\" width=\"1024\" height=\"768\" src=\"http:\/\/blogs.univ-jfc.fr\/cnctraining\/wp-content\/uploads\/sites\/132\/2024\/04\/SectioneurDenergie-1024x768.jpg\" alt=\"\" class=\"wp-image-43\" srcset=\"https:\/\/blogs.univ-jfc.fr\/cnctraining\/wp-content\/uploads\/sites\/132\/2024\/04\/SectioneurDenergie-1024x768.jpg 1024w, https:\/\/blogs.univ-jfc.fr\/cnctraining\/wp-content\/uploads\/sites\/132\/2024\/04\/SectioneurDenergie-300x225.jpg 300w, https:\/\/blogs.univ-jfc.fr\/cnctraining\/wp-content\/uploads\/sites\/132\/2024\/04\/SectioneurDenergie-768x576.jpg 768w, https:\/\/blogs.univ-jfc.fr\/cnctraining\/wp-content\/uploads\/sites\/132\/2024\/04\/SectioneurDenergie-1536x1151.jpg 1536w, https:\/\/blogs.univ-jfc.fr\/cnctraining\/wp-content\/uploads\/sites\/132\/2024\/04\/SectioneurDenergie-2048x1535.jpg 2048w, https:\/\/blogs.univ-jfc.fr\/cnctraining\/wp-content\/uploads\/sites\/132\/2024\/04\/SectioneurDenergie-1568x1175.jpg 1568w\" sizes=\"(max-width: 1024px) 100vw, 1024px\" \/><\/figure>\n\n\n\n<p class=\"has-extra-large-font-size\">Fin de l&rsquo;Arr\u00eat de la machine<\/p>\n\n\n\n<div class=\"wp-block-buttons\">\n<div class=\"wp-block-button is-style-outline\"><a class=\"wp-block-button__link has-black-color has-yellow-background-color has-text-color has-background\" href=\"https:\/\/blogs.univ-jfc.fr\/cnctraining\/enhancednctraining\/demarrage-et-arret-de-la-machine\/\" style=\"border-radius:25px\">D\u00e9marrage et Arr\u00eat de la machine<\/a><\/div>\n\n\n\n<div class=\"wp-block-button is-style-outline\"><a class=\"wp-block-button__link has-black-color has-orange-background-color has-text-color has-background\" href=\"https:\/\/blogs.univ-jfc.fr\/cnctraining\/\" style=\"border-radius:25px\">Menu principal<\/a><\/div>\n<\/div>\n\n\n\n<p><\/p>\n","protected":false},"excerpt":{"rendered":"<p>1. V\u00e9rifier la position des axes S&rsquo;assurer que les axes de la machine ne sont pas en but\u00e9e. 2. Broche vide chercher un emplacement vide dans le magasin si il y en a un faite les \u00e9tape suivante avec cette emplacement si non faite le avec l&#8217;emplacement 1 Appuyer sur la touche \u00ab\u00a0MDI\u00a0\u00bb. Appuyer sur&hellip; <a class=\"more-link\" href=\"https:\/\/blogs.univ-jfc.fr\/cnctraining\/enhancednctraining\/demarrage-et-arret-de-la-machine\/arret-de-la-machine\/\">Poursuivre la lecture <span class=\"screen-reader-text\">Arr\u00eat de la machine<\/span><\/a><\/p>\n","protected":false},"author":1487,"featured_media":0,"parent":18,"menu_order":3,"comment_status":"closed","ping_status":"closed","template":"","meta":[],"_links":{"self":[{"href":"https:\/\/blogs.univ-jfc.fr\/cnctraining\/wp-json\/wp\/v2\/pages\/61"}],"collection":[{"href":"https:\/\/blogs.univ-jfc.fr\/cnctraining\/wp-json\/wp\/v2\/pages"}],"about":[{"href":"https:\/\/blogs.univ-jfc.fr\/cnctraining\/wp-json\/wp\/v2\/types\/page"}],"author":[{"embeddable":true,"href":"https:\/\/blogs.univ-jfc.fr\/cnctraining\/wp-json\/wp\/v2\/users\/1487"}],"replies":[{"embeddable":true,"href":"https:\/\/blogs.univ-jfc.fr\/cnctraining\/wp-json\/wp\/v2\/comments?post=61"}],"version-history":[{"count":14,"href":"https:\/\/blogs.univ-jfc.fr\/cnctraining\/wp-json\/wp\/v2\/pages\/61\/revisions"}],"predecessor-version":[{"id":402,"href":"https:\/\/blogs.univ-jfc.fr\/cnctraining\/wp-json\/wp\/v2\/pages\/61\/revisions\/402"}],"up":[{"embeddable":true,"href":"https:\/\/blogs.univ-jfc.fr\/cnctraining\/wp-json\/wp\/v2\/pages\/18"}],"wp:attachment":[{"href":"https:\/\/blogs.univ-jfc.fr\/cnctraining\/wp-json\/wp\/v2\/media?parent=61"}],"curies":[{"name":"wp","href":"https:\/\/api.w.org\/{rel}","templated":true}]}}