{"id":12,"date":"2014-02-26T13:25:08","date_gmt":"2014-02-26T12:25:08","guid":{"rendered":"http:\/\/blogs.univ-jfc.fr\/diplobox\/?page_id=12"},"modified":"2017-09-02T11:14:42","modified_gmt":"2017-09-02T10:14:42","slug":"bienvenue-dans-la-diplobox-du-master-sci","status":"publish","type":"page","link":"https:\/\/blogs.univ-jfc.fr\/diplobox\/","title":{"rendered":"Bienvenue dans la Diplobox du master SCI"},"content":{"rendered":"<ul>\n<li style=\"text-align: justify\">La <strong>Diplobox<\/strong> <strong>du master SCI<\/strong> contient la liste officielle des \u00e9tudiants titulaires du master Etudes europ\u00e9ennes et internationales, sp\u00e9cialit\u00e9 Strat\u00e9gies culturelles internationales du CUFR Champollion (Campus d&rsquo;Albi).<\/li>\n<li style=\"text-align: justify\">Elle s&rsquo;adresse aux <strong>employeurs<\/strong> en recherche de sp\u00e9cialistes des relations culturelles et acad\u00e9miques internationales, qui veulent conna\u00eetre la liste officielle des dipl\u00f4m\u00e9s, les premi\u00e8res informations sur les titulaires du M1 et\/ou du M2 (dipl\u00f4mes, stages effectu\u00e9s pendant la formation). L&rsquo;Annuaire des Anciens peut accueillir les CV des \u00e9tudiants qui le souhaitent ou les liens vers les sites professionnels de r\u00e9f\u00e9rence.<\/li>\n<li>Elle s&rsquo;adresse <strong>aux dipl\u00f4m\u00e9s de la formation<\/strong> en jouant le r\u00f4le d&rsquo;annuaire des anciens.<\/li>\n<li style=\"text-align: justify\">Elle permet aux <strong>candidats \u00e0 l&rsquo;admission<\/strong> en master de prendre connaissance de l&rsquo;insertion professionnelle des dipl\u00f4m\u00e9s.<\/li>\n<li style=\"text-align: justify\">Elle permet <strong>aux \u00e9tudiants en cours de formation<\/strong> de s&rsquo;appuyer sur le r\u00e9seau des anciens dans leur recherche de stage et d&#8217;emploi.<\/li>\n<li style=\"text-align: justify\">Elle rend compte <strong>aux autorit\u00e9s de tutelle<\/strong> des r\u00e9sultats de la formation en mati\u00e8re d&rsquo;insertion professionnelle.<\/li>\n<\/ul>\n<p style=\"text-align: right\"><a href=\"https:\/\/www.univ-jfc.fr\/formations\/master-etudes-europeennes-internationales\" target=\"_blank\" rel=\"noopener noreferrer\"><strong>Se renseigner sur le master en pr\u00e9sentiel<\/strong> <\/a><\/p>\n<p style=\"text-align: right\"><strong><a href=\"https:\/\/www.univ-jfc.fr\/formation\/enseignement-distance\" target=\"_blank\" rel=\"noopener noreferrer\">Se renseigner sur le master \u00e0 distance<\/a><\/strong><\/p>\n<p style=\"text-align: left\"><strong>Les responsables du master SCI<\/strong> :<\/p>\n<p style=\"text-align: left\">Caroline Barrera : caroline.barrera@univ-jfc.fr et Bruno Vargas : bruno.vargas@univ-jfc.fr<\/p>\n","protected":false},"excerpt":{"rendered":"<p>La Diplobox du master SCI contient la liste officielle des \u00e9tudiants titulaires du master Etudes europ\u00e9ennes et internationales, sp\u00e9cialit\u00e9 Strat\u00e9gies culturelles internationales du CUFR Champollion (Campus d&rsquo;Albi). Elle s&rsquo;adresse aux employeurs en recherche de sp\u00e9cialistes des relations culturelles et acad\u00e9miques &hellip; <a href=\"https:\/\/blogs.univ-jfc.fr\/diplobox\/\">Lire la suite <span class=\"meta-nav\">&rarr;<\/span><\/a><\/p>\n","protected":false},"author":19,"featured_media":3,"parent":0,"menu_order":0,"comment_status":"closed","ping_status":"closed","template":"","meta":[],"_links":{"self":[{"href":"https:\/\/blogs.univ-jfc.fr\/diplobox\/wp-json\/wp\/v2\/pages\/12"}],"collection":[{"href":"https:\/\/blogs.univ-jfc.fr\/diplobox\/wp-json\/wp\/v2\/pages"}],"about":[{"href":"https:\/\/blogs.univ-jfc.fr\/diplobox\/wp-json\/wp\/v2\/types\/page"}],"author":[{"embeddable":true,"href":"https:\/\/blogs.univ-jfc.fr\/diplobox\/wp-json\/wp\/v2\/users\/19"}],"replies":[{"embeddable":true,"href":"https:\/\/blogs.univ-jfc.fr\/diplobox\/wp-json\/wp\/v2\/comments?post=12"}],"version-history":[{"count":9,"href":"https:\/\/blogs.univ-jfc.fr\/diplobox\/wp-json\/wp\/v2\/pages\/12\/revisions"}],"predecessor-version":[{"id":364,"href":"https:\/\/blogs.univ-jfc.fr\/diplobox\/wp-json\/wp\/v2\/pages\/12\/revisions\/364"}],"wp:featuredmedia":[{"embeddable":true,"href":"https:\/\/blogs.univ-jfc.fr\/diplobox\/wp-json\/wp\/v2\/media\/3"}],"wp:attachment":[{"href":"https:\/\/blogs.univ-jfc.fr\/diplobox\/wp-json\/wp\/v2\/media?parent=12"}],"curies":[{"name":"wp","href":"https:\/\/api.w.org\/{rel}","templated":true}]}}