{"id":139,"date":"2015-10-09T11:17:49","date_gmt":"2015-10-09T10:17:49","guid":{"rendered":"http:\/\/blogs.univ-jfc.fr\/diplobox\/?page_id=139"},"modified":"2018-07-04T15:31:53","modified_gmt":"2018-07-04T14:31:53","slug":"les-diplomes-2015","status":"publish","type":"page","link":"https:\/\/blogs.univ-jfc.fr\/diplobox\/les-diplomes\/les-diplomes-2015\/","title":{"rendered":"Dipl\u00f4mes 2015"},"content":{"rendered":"<h1>Les dipl\u00f4m\u00e9s de master 1 2015<\/h1>\n<ul>\n<li>BOISSIER MALAURY (Pr\u00e9sentiel)<\/li>\n<li>CADAR Elena (FOAD)<\/li>\n<li>CARO GUILLAUME (Pr\u00e9sentiel)<\/li>\n<li>CARRIERE Alexis (FOAD)<\/li>\n<li>GERAUD CLAIRE (Pr\u00e9sentiel)<\/li>\n<li>GILLES-PICK LAURA (Pr\u00e9sentiel)<\/li>\n<li>HAOURI WASSINE (Pr\u00e9sentiel)<\/li>\n<li>HINOJOSA CECILIA (Pr\u00e9sentiel)<\/li>\n<li>KHAMVONGSA THIPSATHIANE (FOAD)<\/li>\n<li>LAMBRIDINIS CHARLOTTE (Pr\u00e9sentiel)<\/li>\n<li>MAUGE-BAUFUME QUITTERIE (FOAD)<\/li>\n<li>MAIZY MARGOT (Pr\u00e9sentiel)<\/li>\n<li>MEDOUDA SARAH (Pr\u00e9sentiel)<\/li>\n<li>PANNETIER JACQUELINE (Pr\u00e9sentiel)<\/li>\n<li>SALAMAND AURORE (Pr\u00e9sentiel)<\/li>\n<li>SAMSON AMANDINE (Pr\u00e9sentiel)<\/li>\n<li>TOURNIS MATHILDE (Pr\u00e9sentiel)<\/li>\n<li>VENARD ALYYSIA (Pr\u00e9sentiel)<\/li>\n<\/ul>\n<h1>Les dipl\u00f4m\u00e9s de master 2 2015<a href=\"http:\/\/blogs.univ-jfc.fr\/diplobox\/wp-content\/uploads\/sites\/36\/2015\/02\/PROMO-CHAMPO-2015-11.jpg\"><img loading=\"lazy\" class=\"alignright size-medium wp-image-87\" src=\"http:\/\/blogs.univ-jfc.fr\/diplobox\/wp-content\/uploads\/sites\/36\/2015\/02\/PROMO-CHAMPO-2015-11-300x225.jpg\" alt=\"PROMO CHAMPO 2015 (1)\" width=\"300\" height=\"225\" srcset=\"https:\/\/blogs.univ-jfc.fr\/diplobox\/wp-content\/uploads\/sites\/36\/2015\/02\/PROMO-CHAMPO-2015-11-300x225.jpg 300w, https:\/\/blogs.univ-jfc.fr\/diplobox\/wp-content\/uploads\/sites\/36\/2015\/02\/PROMO-CHAMPO-2015-11-1024x768.jpg 1024w, https:\/\/blogs.univ-jfc.fr\/diplobox\/wp-content\/uploads\/sites\/36\/2015\/02\/PROMO-CHAMPO-2015-11-400x300.jpg 400w\" sizes=\"(max-width: 300px) 100vw, 300px\" \/><\/a><\/h1>\n<ul>\n<li>ALTAMAR PINILLOS MORGAN (Pr\u00e9sentiel)<\/li>\n<li>BERNADOU LAURENT (Pr\u00e9sentiel)<\/li>\n<li>BITTENDIEBEL Sandrine (Pr\u00e9sentiel)<\/li>\n<li>BUSQUIER CERDAN MARIA JOSEFA (FOAD)<\/li>\n<li>DE BONIS MACIA Solene (Pr\u00e9sentiel)<\/li>\n<li>DELPUECH EMELINE (Pr\u00e9sentiel)<\/li>\n<li>HORNERO ALICE<\/li>\n<li>KERGALL EMMANUEL (FOAD)<\/li>\n<li>MARQUETTE DAISY (FOAD)<\/li>\n<li>MASSON LAETITIA (Pr\u00e9sentiel)<\/li>\n<li>NICOLAIEFF ANANDA (Pr\u00e9sentiel)<\/li>\n<li>SCHUERMANN TANJA (Pr\u00e9sentiel)<\/li>\n<li>SZUTER MARGAUX (Pr\u00e9sentiel)<\/li>\n<li>VANNIER ESTELLE (Pr\u00e9sentiel)<\/li>\n<li>YAG\u00dcE SANCHO IRENE (Pr\u00e9sentiel)<\/li>\n<\/ul>\n","protected":false},"excerpt":{"rendered":"<p>Les dipl\u00f4m\u00e9s de master 1 2015 BOISSIER MALAURY (Pr\u00e9sentiel) CADAR Elena (FOAD) CARO GUILLAUME (Pr\u00e9sentiel) CARRIERE Alexis (FOAD) GERAUD CLAIRE (Pr\u00e9sentiel) GILLES-PICK LAURA (Pr\u00e9sentiel) HAOURI WASSINE (Pr\u00e9sentiel) HINOJOSA CECILIA (Pr\u00e9sentiel) KHAMVONGSA THIPSATHIANE (FOAD) LAMBRIDINIS CHARLOTTE (Pr\u00e9sentiel) MAUGE-BAUFUME QUITTERIE (FOAD) MAIZY &hellip; <a href=\"https:\/\/blogs.univ-jfc.fr\/diplobox\/les-diplomes\/les-diplomes-2015\/\">Lire la suite <span class=\"meta-nav\">&rarr;<\/span><\/a><\/p>\n","protected":false},"author":19,"featured_media":0,"parent":11,"menu_order":4,"comment_status":"closed","ping_status":"closed","template":"","meta":[],"_links":{"self":[{"href":"https:\/\/blogs.univ-jfc.fr\/diplobox\/wp-json\/wp\/v2\/pages\/139"}],"collection":[{"href":"https:\/\/blogs.univ-jfc.fr\/diplobox\/wp-json\/wp\/v2\/pages"}],"about":[{"href":"https:\/\/blogs.univ-jfc.fr\/diplobox\/wp-json\/wp\/v2\/types\/page"}],"author":[{"embeddable":true,"href":"https:\/\/blogs.univ-jfc.fr\/diplobox\/wp-json\/wp\/v2\/users\/19"}],"replies":[{"embeddable":true,"href":"https:\/\/blogs.univ-jfc.fr\/diplobox\/wp-json\/wp\/v2\/comments?post=139"}],"version-history":[{"count":7,"href":"https:\/\/blogs.univ-jfc.fr\/diplobox\/wp-json\/wp\/v2\/pages\/139\/revisions"}],"predecessor-version":[{"id":439,"href":"https:\/\/blogs.univ-jfc.fr\/diplobox\/wp-json\/wp\/v2\/pages\/139\/revisions\/439"}],"up":[{"embeddable":true,"href":"https:\/\/blogs.univ-jfc.fr\/diplobox\/wp-json\/wp\/v2\/pages\/11"}],"wp:attachment":[{"href":"https:\/\/blogs.univ-jfc.fr\/diplobox\/wp-json\/wp\/v2\/media?parent=139"}],"curies":[{"name":"wp","href":"https:\/\/api.w.org\/{rel}","templated":true}]}}