{"id":27,"date":"2014-02-26T14:15:34","date_gmt":"2014-02-26T13:15:34","guid":{"rendered":"http:\/\/blogs.univ-jfc.fr\/diplobox\/?page_id=27"},"modified":"2023-02-28T10:30:45","modified_gmt":"2023-02-28T09:30:45","slug":"diplomes-2013","status":"publish","type":"page","link":"https:\/\/blogs.univ-jfc.fr\/diplobox\/les-diplomes\/diplomes-2013\/","title":{"rendered":"Dipl\u00f4m\u00e9s 2013"},"content":{"rendered":"<h1>Les dipl\u00f4m\u00e9s 2013<\/h1>\n<h2>Les dipl\u00f4m\u00e9s en master 1<\/h2>\n<ul>\n<li>BORTOLUSSI, Claire (Pr\u00e9sentiel)<\/li>\n<li>CATELAIN, Alice (Pr\u00e9sentiel)<\/li>\n<li>COUTAUD, Margaux (Pr\u00e9sentiel)<\/li>\n<li>DE SAN BARTHOLOME, Nathana\u00ebl (Pr\u00e9sentiel)<\/li>\n<li>GAUDENZI, L\u00e9a (Pr\u00e9sentiel)<\/li>\n<li>HERMAND, Sarah (Pr\u00e9sentiel)<\/li>\n<li>JOYAU, Jessica (Pr\u00e9sentiel)<\/li>\n<li>LAGARRIGUE, L\u00e9o (Pr\u00e9sentiel)<\/li>\n<li>LEGENDRE, Myriam (Pr\u00e9sentiel)<\/li>\n<li>MAURIES, Serena (Pr\u00e9sentiel)<\/li>\n<li>PELISSIER, Simon (Pr\u00e9sentiel)<\/li>\n<li>PINARDON, Laura (Pr\u00e9sentiel)<\/li>\n<li>PINEAU, Armel (Pr\u00e9sentiel)<\/li>\n<li>QUINTIN, Marion (Pr\u00e9sentiel)<\/li>\n<li>RECALDE, H\u00e9l\u00e8ne (Pr\u00e9sentiel)<\/li>\n<li>RODRIGUEZ, Bastien (Pr\u00e9sentiel)<\/li>\n<li>SINELLE, Katia (Pr\u00e9sentiel)<\/li>\n<li>TUGULESCU, Thomas (Pr\u00e9sentiel)<\/li>\n<li>STOTT, Anne-Marie (Pr\u00e9sentiel)<\/li>\n<li>CHRISTOU, Fanny (Pr\u00e9sentiel)<\/li>\n<\/ul>\n<p style=\"text-align: left\"><strong>Les dipl\u00f4m\u00e9s de master 2 2013<\/strong><\/p>\n<ul>\n<li>BARTHE Marl\u00e8ne (Pr\u00e9sentiel)<\/li>\n<li>BOURDIN Audrey (Pr\u00e9sentiel)<\/li>\n<li>CAMBON Nicolas (Pr\u00e9sentiel)<\/li>\n<li>CAZETTE Saskia (Pr\u00e9sentiel)<\/li>\n<li>COPPOLA Pompeo (Pr\u00e9sentiel)<\/li>\n<li>DA SILVA TEIXEIRA Sandra (Pr\u00e9sentiel)<\/li>\n<li>DAVIZOU, Guihem (Pr\u00e9sentiel)<\/li>\n<li>LE BROC Adeline (Pr\u00e9sentiel)<\/li>\n<li>LE JANNOU Antoine (Pr\u00e9sentiel)<\/li>\n<li>LIARD Dominique (Pr\u00e9sentiel)<\/li>\n<li>MOUSSEAU Zaskia (Pr\u00e9sentiel)<\/li>\n<li>NANOU Samira (Pr\u00e9sentiel)<\/li>\n<li>RODRIGUEZ Ana\u00efs (Pr\u00e9sentiel)<\/li>\n<li>SANCHEZ Catherine (Pr\u00e9sentiel)<\/li>\n<li>SOLOMIAC H\u00e9l\u00e8ne (Pr\u00e9sentiel)<\/li>\n<li>ZINK Daphna (Pr\u00e9sentiel)<\/li>\n<\/ul>\n","protected":false},"excerpt":{"rendered":"<p>Les dipl\u00f4m\u00e9s 2013 Les dipl\u00f4m\u00e9s en master 1 BORTOLUSSI, Claire (Pr\u00e9sentiel) CATELAIN, Alice (Pr\u00e9sentiel) COUTAUD, Margaux (Pr\u00e9sentiel) DE SAN BARTHOLOME, Nathana\u00ebl (Pr\u00e9sentiel) GAUDENZI, L\u00e9a (Pr\u00e9sentiel) HERMAND, Sarah (Pr\u00e9sentiel) JOYAU, Jessica (Pr\u00e9sentiel) LAGARRIGUE, L\u00e9o (Pr\u00e9sentiel) LEGENDRE, Myriam (Pr\u00e9sentiel) MAURIES, Serena (Pr\u00e9sentiel) &hellip; <a href=\"https:\/\/blogs.univ-jfc.fr\/diplobox\/les-diplomes\/diplomes-2013\/\">Lire la suite <span class=\"meta-nav\">&rarr;<\/span><\/a><\/p>\n","protected":false},"author":19,"featured_media":35,"parent":11,"menu_order":6,"comment_status":"closed","ping_status":"closed","template":"","meta":[],"_links":{"self":[{"href":"https:\/\/blogs.univ-jfc.fr\/diplobox\/wp-json\/wp\/v2\/pages\/27"}],"collection":[{"href":"https:\/\/blogs.univ-jfc.fr\/diplobox\/wp-json\/wp\/v2\/pages"}],"about":[{"href":"https:\/\/blogs.univ-jfc.fr\/diplobox\/wp-json\/wp\/v2\/types\/page"}],"author":[{"embeddable":true,"href":"https:\/\/blogs.univ-jfc.fr\/diplobox\/wp-json\/wp\/v2\/users\/19"}],"replies":[{"embeddable":true,"href":"https:\/\/blogs.univ-jfc.fr\/diplobox\/wp-json\/wp\/v2\/comments?post=27"}],"version-history":[{"count":8,"href":"https:\/\/blogs.univ-jfc.fr\/diplobox\/wp-json\/wp\/v2\/pages\/27\/revisions"}],"predecessor-version":[{"id":909,"href":"https:\/\/blogs.univ-jfc.fr\/diplobox\/wp-json\/wp\/v2\/pages\/27\/revisions\/909"}],"up":[{"embeddable":true,"href":"https:\/\/blogs.univ-jfc.fr\/diplobox\/wp-json\/wp\/v2\/pages\/11"}],"wp:featuredmedia":[{"embeddable":true,"href":"https:\/\/blogs.univ-jfc.fr\/diplobox\/wp-json\/wp\/v2\/media\/35"}],"wp:attachment":[{"href":"https:\/\/blogs.univ-jfc.fr\/diplobox\/wp-json\/wp\/v2\/media?parent=27"}],"curies":[{"name":"wp","href":"https:\/\/api.w.org\/{rel}","templated":true}]}}