{"id":39,"date":"2014-02-26T14:30:52","date_gmt":"2014-02-26T13:30:52","guid":{"rendered":"http:\/\/blogs.univ-jfc.fr\/diplobox\/?page_id=39"},"modified":"2018-07-04T15:24:46","modified_gmt":"2018-07-04T14:24:46","slug":"diplomes-2014","status":"publish","type":"page","link":"https:\/\/blogs.univ-jfc.fr\/diplobox\/les-diplomes\/diplomes-2014\/","title":{"rendered":"Dipl\u00f4m\u00e9s 2014"},"content":{"rendered":"<h1><strong>Les dipl\u00f4m\u00e9s 2014<\/strong><\/h1>\n<h2><strong>Dipl\u00f4m\u00e9s du master 1<\/strong><\/h2>\n<ul>\n<li>\u00a0ALTAMAR PINILLOS, Morgan (Pr\u00e9sentiel)<\/li>\n<li>BERNADOU, Laurent (Pr\u00e9sentiel)<\/li>\n<li>DE SIMONE, Celia<\/li>\n<li>FLESCH EMILIE (FOAD)<\/li>\n<li>HORNERO, Alice (Pr\u00e9sentiel)<\/li>\n<li>LABESSE MELANIE (FOAD)<\/li>\n<li>MARGIES NINA (FOAD)<\/li>\n<li>NICOLAIEFF, Ananda (Pr\u00e9sentiel)<\/li>\n<li>ROTTIER, Sophie (Pr\u00e9sentiel)<\/li>\n<li>SCHUERMANN, Tanja (Pr\u00e9sentiel)<\/li>\n<li>SZUTER, Margaux (Pr\u00e9sentiel)<\/li>\n<li>VANNIER, Estelle (Pr\u00e9sentiel)<\/li>\n<li>YAG\u00dcE SANCHO, Irene (Pr\u00e9sentiel)<\/li>\n<\/ul>\n<h2>Dipl\u00f4m\u00e9s du master 2<\/h2>\n<ul>\n<li>BENARROCH LAURENCE (FOAD)<\/li>\n<li>BORTOLUSSI, Claire (Pr\u00e9sentiel)<\/li>\n<li>CATELAIN, Alice (Pr\u00e9sentiel)<\/li>\n<li>COUTAUD, Margaux (Pr\u00e9sentiel)<\/li>\n<li>DEDIEU, Christophe (FOAD)<\/li>\n<li>DE SAN BARTHOLOME, Nathana\u00ebl (Pr\u00e9sentiel)<\/li>\n<li>GAUDENZI, L\u00e9a (Pr\u00e9sentiel)<\/li>\n<li>KAMAKINE PAULINE (FOAD)<\/li>\n<li>HERMAND, Sarah (Pr\u00e9sentiel)<\/li>\n<li>JOYAU, Jessica (Pr\u00e9sentiel)<\/li>\n<li>LABESSE MELANIE (FOAD)<\/li>\n<li>LAGARRIGUE, L\u00e9o (Pr\u00e9sentiel)<\/li>\n<li>LEGENDRE, Myriam (Pr\u00e9sentiel)<\/li>\n<li>MAURIES, Serena (Pr\u00e9sentiel)<\/li>\n<li>MOYANO JESSICA (Pr\u00e9sentiel)<\/li>\n<li>PELISSIER, Simon (Pr\u00e9sentiel)<\/li>\n<li>PINARDON, Laura (Pr\u00e9sentiel)<\/li>\n<li>PINEAU, Armel (Pr\u00e9sentiel)<\/li>\n<li>QUINTIN, Marion (Pr\u00e9sentiel)<\/li>\n<li>RECALDE, H\u00e9l\u00e8ne (Pr\u00e9sentiel)<\/li>\n<li>RODRIGUEZ, Bastien (Pr\u00e9sentiel)<\/li>\n<li>SINELLE, Katia (Pr\u00e9sentiel)<\/li>\n<li>TISSIER, Manon. (Pr\u00e9sentiel)<\/li>\n<li>TUGULESCU, Thomas (Pr\u00e9sentiel)<\/li>\n<li>STOTT, Anne-Marie (Pr\u00e9sentiel)<\/li>\n<li>CHRISTOU, Fanny (Pr\u00e9sentiel)<\/li>\n<\/ul>\n<p>&nbsp;<\/p>\n","protected":false},"excerpt":{"rendered":"<p>Les dipl\u00f4m\u00e9s 2014 Dipl\u00f4m\u00e9s du master 1 \u00a0ALTAMAR PINILLOS, Morgan (Pr\u00e9sentiel) BERNADOU, Laurent (Pr\u00e9sentiel) DE SIMONE, Celia FLESCH EMILIE (FOAD) HORNERO, Alice (Pr\u00e9sentiel) LABESSE MELANIE (FOAD) MARGIES NINA (FOAD) NICOLAIEFF, Ananda (Pr\u00e9sentiel) ROTTIER, Sophie (Pr\u00e9sentiel) SCHUERMANN, Tanja (Pr\u00e9sentiel) SZUTER, Margaux &hellip; <a href=\"https:\/\/blogs.univ-jfc.fr\/diplobox\/les-diplomes\/diplomes-2014\/\">Lire la suite <span class=\"meta-nav\">&rarr;<\/span><\/a><\/p>\n","protected":false},"author":19,"featured_media":120,"parent":11,"menu_order":5,"comment_status":"closed","ping_status":"closed","template":"","meta":[],"_links":{"self":[{"href":"https:\/\/blogs.univ-jfc.fr\/diplobox\/wp-json\/wp\/v2\/pages\/39"}],"collection":[{"href":"https:\/\/blogs.univ-jfc.fr\/diplobox\/wp-json\/wp\/v2\/pages"}],"about":[{"href":"https:\/\/blogs.univ-jfc.fr\/diplobox\/wp-json\/wp\/v2\/types\/page"}],"author":[{"embeddable":true,"href":"https:\/\/blogs.univ-jfc.fr\/diplobox\/wp-json\/wp\/v2\/users\/19"}],"replies":[{"embeddable":true,"href":"https:\/\/blogs.univ-jfc.fr\/diplobox\/wp-json\/wp\/v2\/comments?post=39"}],"version-history":[{"count":9,"href":"https:\/\/blogs.univ-jfc.fr\/diplobox\/wp-json\/wp\/v2\/pages\/39\/revisions"}],"predecessor-version":[{"id":440,"href":"https:\/\/blogs.univ-jfc.fr\/diplobox\/wp-json\/wp\/v2\/pages\/39\/revisions\/440"}],"up":[{"embeddable":true,"href":"https:\/\/blogs.univ-jfc.fr\/diplobox\/wp-json\/wp\/v2\/pages\/11"}],"wp:featuredmedia":[{"embeddable":true,"href":"https:\/\/blogs.univ-jfc.fr\/diplobox\/wp-json\/wp\/v2\/media\/120"}],"wp:attachment":[{"href":"https:\/\/blogs.univ-jfc.fr\/diplobox\/wp-json\/wp\/v2\/media?parent=39"}],"curies":[{"name":"wp","href":"https:\/\/api.w.org\/{rel}","templated":true}]}}