{"id":421,"date":"2018-07-04T14:21:09","date_gmt":"2018-07-04T13:21:09","guid":{"rendered":"http:\/\/blogs.univ-jfc.fr\/diplobox\/?page_id=421"},"modified":"2018-09-13T14:57:51","modified_gmt":"2018-09-13T13:57:51","slug":"diplomes-2018","status":"publish","type":"page","link":"https:\/\/blogs.univ-jfc.fr\/diplobox\/les-diplomes\/diplomes-2018\/","title":{"rendered":"Dipl\u00f4m\u00e9s 2018"},"content":{"rendered":"<h1>MASTER 2<\/h1>\n<p>ARTIGES Marie (Pr\u00e9sentiel)<\/p>\n<p>BIOGET Laura (Pr\u00e9sentiel)<\/p>\n<p>BONEV Martin Dany (Pr\u00e9sentiel)<\/p>\n<p>BOYADJAN Alain (FOAD)<\/p>\n<p>BRECHT FERMANDES Mariana (Pr\u00e9sentiel)<\/p>\n<p>BRIOT Jean-Fran\u00e7ois (Pr\u00e9sentiel)<\/p>\n<p>BUCERO LANZI Carla (Pr\u00e9sentiel)<\/p>\n<p>CESBRON Perrine (Pr\u00e9sentiel)<\/p>\n<p>COGGINS Julia (Pr\u00e9sentiel)<\/p>\n<p>COLIN Th\u00e9ophile (Pr\u00e9sentiel)<\/p>\n<p>CUBELLS Mona (Pr\u00e9sentiel)<\/p>\n<p>DESGROPPES Solene (Pr\u00e9sentiel)<\/p>\n<p>HIRSCHY Flavia (Pr\u00e9sentiel)<\/p>\n<p>HOLLINGER Solene (Pr\u00e9sentiel)<\/p>\n<p>IZARD Laura (Pr\u00e9sentiel)<\/p>\n<p>KAVOY Ashley (FOAD)<\/p>\n<p>LECARDONNEL Marion (FOAD)<\/p>\n<p>MAZERAN Auriane (Pr\u00e9sentiel)<\/p>\n<p>MEIGNEN Camille (Pr\u00e9sentiel)<\/p>\n<p>NEHOUT Alexis (Pr\u00e9sentiel)<\/p>\n<p>NIAMBI Roselia (Pr\u00e9sentiel)<\/p>\n<p>PANZANARO Michele (Pr\u00e9sentiel)<\/p>\n<p>PENIA Myriame (Pr\u00e9sentiel)<\/p>\n<p>QUINTERO PATINO Heidy (FOAD)<\/p>\n<p>VASSAUX C\u00e9cile (FOAD)<\/p>\n<p>VIEL Ludivine (Pr\u00e9sentiel)<\/p>\n<p>ZARZYCKI Manon (Pr\u00e9sentiel)<\/p>\n<p>&nbsp;<\/p>\n<h1><\/h1>\n<h1>MASTER 1<\/h1>\n<p>AUTONES Marion (Pr\u00e9sentiel)<\/p>\n<p>BATUT Laura (Pr\u00e9sentiel)<\/p>\n<p>BEGEOT Lucile (Pr\u00e9sentiel)<\/p>\n<p>BOYADJAN Alain (FOAD)<\/p>\n<p>CAMBOULIVES Thibault (Pr\u00e9sentiel)<\/p>\n<p>CAMPISTRON Sarah (Pr\u00e9sentiel)<\/p>\n<p>COUDE DU FORESTO Justine (Pr\u00e9sentiel)<\/p>\n<p>DESMAZIERES Judith (FOAD)<\/p>\n<p>EL ATALLATI ABDESSELAM (Pr\u00e9sentiel)<\/p>\n<p>GNIMASSOU Pierre-Aymeric (FOAD)<\/p>\n<p>HAMITOUCH M\u00e9lissa (Pr\u00e9sentiel)<\/p>\n<p>LABRUNE Alexandra (Pr\u00e9sentiel)<\/p>\n<p>LANCON Christelle (Pr\u00e9sentiel)<\/p>\n<p>LARBRE Anne (Pr\u00e9sentiel)<\/p>\n<p>LECARDONNEL\u00a0 Marion (FOAD)<\/p>\n<p>LE SCOARNEC Sophie (FOAD)<\/p>\n<p>LUMBRERAS NIETO Blanca (FOAD)<\/p>\n<p>MENA GOMEZ Lilia (Pr\u00e9sentiel)<\/p>\n<p>MARCHAND Morgane (FOAD)<\/p>\n<p>NAVAUD Marilou (Pr\u00e9sentiel)<\/p>\n<p>SIRVAIN H\u00e9l\u00e8ne (FOAD)<\/p>\n<p>QUINTERO PATINO Heidy (FOAD)<\/p>\n<p>ROSE S\u00e9bastien (Pr\u00e9sentiel)<\/p>\n<p>VASSAUX C\u00e9cile (FOAD)<\/p>\n<p>&nbsp;<\/p>\n","protected":false},"excerpt":{"rendered":"<p>MASTER 2 ARTIGES Marie (Pr\u00e9sentiel) BIOGET Laura (Pr\u00e9sentiel) BONEV Martin Dany (Pr\u00e9sentiel) BOYADJAN Alain (FOAD) BRECHT FERMANDES Mariana (Pr\u00e9sentiel) BRIOT Jean-Fran\u00e7ois (Pr\u00e9sentiel) BUCERO LANZI Carla (Pr\u00e9sentiel) CESBRON Perrine (Pr\u00e9sentiel) COGGINS Julia (Pr\u00e9sentiel) COLIN Th\u00e9ophile (Pr\u00e9sentiel) CUBELLS Mona (Pr\u00e9sentiel) DESGROPPES Solene &hellip; <a href=\"https:\/\/blogs.univ-jfc.fr\/diplobox\/les-diplomes\/diplomes-2018\/\">Lire la suite <span class=\"meta-nav\">&rarr;<\/span><\/a><\/p>\n","protected":false},"author":19,"featured_media":0,"parent":11,"menu_order":1,"comment_status":"closed","ping_status":"closed","template":"","meta":[],"_links":{"self":[{"href":"https:\/\/blogs.univ-jfc.fr\/diplobox\/wp-json\/wp\/v2\/pages\/421"}],"collection":[{"href":"https:\/\/blogs.univ-jfc.fr\/diplobox\/wp-json\/wp\/v2\/pages"}],"about":[{"href":"https:\/\/blogs.univ-jfc.fr\/diplobox\/wp-json\/wp\/v2\/types\/page"}],"author":[{"embeddable":true,"href":"https:\/\/blogs.univ-jfc.fr\/diplobox\/wp-json\/wp\/v2\/users\/19"}],"replies":[{"embeddable":true,"href":"https:\/\/blogs.univ-jfc.fr\/diplobox\/wp-json\/wp\/v2\/comments?post=421"}],"version-history":[{"count":5,"href":"https:\/\/blogs.univ-jfc.fr\/diplobox\/wp-json\/wp\/v2\/pages\/421\/revisions"}],"predecessor-version":[{"id":491,"href":"https:\/\/blogs.univ-jfc.fr\/diplobox\/wp-json\/wp\/v2\/pages\/421\/revisions\/491"}],"up":[{"embeddable":true,"href":"https:\/\/blogs.univ-jfc.fr\/diplobox\/wp-json\/wp\/v2\/pages\/11"}],"wp:attachment":[{"href":"https:\/\/blogs.univ-jfc.fr\/diplobox\/wp-json\/wp\/v2\/media?parent=421"}],"curies":[{"name":"wp","href":"https:\/\/api.w.org\/{rel}","templated":true}]}}