{"id":92,"date":"2015-02-11T07:42:27","date_gmt":"2015-02-11T06:42:27","guid":{"rendered":"http:\/\/blogs.univ-jfc.fr\/diplobox\/?page_id=92"},"modified":"2022-01-29T10:59:52","modified_gmt":"2022-01-29T09:59:52","slug":"diplomes-2012","status":"publish","type":"page","link":"https:\/\/blogs.univ-jfc.fr\/diplobox\/les-diplomes\/diplomes-2012\/","title":{"rendered":"Dipl\u00f4m\u00e9s 2012"},"content":{"rendered":"<p><strong>Les dipl\u00f4m\u00e9s 2012 (Master 1)<\/strong><\/p>\n<p>BARTHE Marl\u00e8ne<\/p>\n<p>CAMBON, Nicolas<\/p>\n<p>CAZETTE Saskia<\/p>\n<p>DALLA-RIVA, Chlo\u00e9<\/p>\n<p>DA SILVA TEIXEIRA, Sandra<\/p>\n<p>GOMEZ, Malena<\/p>\n<p>LE BROC, Adeline<\/p>\n<p>LE JANNOU, Antoine<\/p>\n<p>LIARD, Dominique<\/p>\n<p>MOUSSEAU, Saskia<\/p>\n<p>NANOU, Samira<\/p>\n<p>RODRIGUEZ, Ana\u00efs<\/p>\n<p>SANCHEZ, Catherine<\/p>\n<p>SOLOMIAC H\u00e9l\u00e8ne<\/p>\n<p>ZINK, Daphna<\/p>\n","protected":false},"excerpt":{"rendered":"<p>Les dipl\u00f4m\u00e9s 2012 (Master 1) BARTHE Marl\u00e8ne CAMBON, Nicolas CAZETTE Saskia DALLA-RIVA, Chlo\u00e9 DA SILVA TEIXEIRA, Sandra GOMEZ, Malena LE BROC, Adeline LE JANNOU, Antoine LIARD, Dominique MOUSSEAU, Saskia NANOU, Samira RODRIGUEZ, Ana\u00efs SANCHEZ, Catherine SOLOMIAC H\u00e9l\u00e8ne ZINK, Daphna<\/p>\n","protected":false},"author":19,"featured_media":0,"parent":11,"menu_order":7,"comment_status":"closed","ping_status":"closed","template":"","meta":[],"_links":{"self":[{"href":"https:\/\/blogs.univ-jfc.fr\/diplobox\/wp-json\/wp\/v2\/pages\/92"}],"collection":[{"href":"https:\/\/blogs.univ-jfc.fr\/diplobox\/wp-json\/wp\/v2\/pages"}],"about":[{"href":"https:\/\/blogs.univ-jfc.fr\/diplobox\/wp-json\/wp\/v2\/types\/page"}],"author":[{"embeddable":true,"href":"https:\/\/blogs.univ-jfc.fr\/diplobox\/wp-json\/wp\/v2\/users\/19"}],"replies":[{"embeddable":true,"href":"https:\/\/blogs.univ-jfc.fr\/diplobox\/wp-json\/wp\/v2\/comments?post=92"}],"version-history":[{"count":4,"href":"https:\/\/blogs.univ-jfc.fr\/diplobox\/wp-json\/wp\/v2\/pages\/92\/revisions"}],"predecessor-version":[{"id":834,"href":"https:\/\/blogs.univ-jfc.fr\/diplobox\/wp-json\/wp\/v2\/pages\/92\/revisions\/834"}],"up":[{"embeddable":true,"href":"https:\/\/blogs.univ-jfc.fr\/diplobox\/wp-json\/wp\/v2\/pages\/11"}],"wp:attachment":[{"href":"https:\/\/blogs.univ-jfc.fr\/diplobox\/wp-json\/wp\/v2\/media?parent=92"}],"curies":[{"name":"wp","href":"https:\/\/api.w.org\/{rel}","templated":true}]}}